{"id":10284,"date":"2019-01-21T09:21:23","date_gmt":"2019-01-21T17:21:23","guid":{"rendered":"https:\/\/www.passy-muir.com\/?page_id=10284"},"modified":"2021-05-27T15:27:12","modified_gmt":"2021-05-27T22:27:12","slug":"talkmuir-6-1-perspective","status":"publish","type":"page","link":"http:\/\/142.11.238.239\/es\/talkmuir-6-1-perspective\/","title":{"rendered":"Physicians\u2019 Perspective on the Passy Muir\u00ae Speaking Valve"},"content":{"rendered":"<div class=\"l3-header-con no-banner\">\n<div class=\"l3-header-icon\">\n\t\t<img decoding=\"async\"  src=\"\/wp-content\/uploads\/2017\/05\/Clinicians_0.png\" alt=\"journal\" \/>\n\t<\/div>\n<div class=\"l3-header-text\">\n\t\t\tTalk Muir\n                         <\/div>\n<\/p><\/div>\n<div style=\"clear:both\"><\/div>\n\r\n<ul class=\"breadcrumb\">\r\n\t<li class=\"active\">Rinc\u00f3n del M\u00e9dico<\/li>\r\n\t<li class=\"dropdown\">\r\n\t\t<a href=\"#\" class=\"dropdown-toggle\" data-toggle=\"dropdown\">See All Articles <b class=\"caret\"><\/b><\/a>\r\n\t\t<ul class=\"dropdown-menu\">\r\n\r\n\t\t\t<li class=\"\"><a href=\"http:\/\/142.11.238.239\/es\/journal-2-1-ethical\/\"><a href=\"\/wp-content\/uploads\/2019\/01\/AH_2018_web_lr.pdf#page=4\">\nImpacto en el cuidado del paciente y consideraciones\n\u00e9ticas<\/a>\r\n<\/a><\/li>\r\n\r\n\t\t\t<li class=\"\"><a href=\"http:\/\/142.11.238.239\/es\/journal-2-1-management\/\">Understanding the Management of Patients Undergoing Prolonged Weaning...<\/a><\/li>\r\n\r\n\t\t\t<li class=\"\"><a href=\"http:\/\/142.11.238.239\/es\/journal-2-1-trach-tube-cuff\/\"><a href=\"\/wp-content\/uploads\/2019\/01\/AH_2018_web_lr.pdf#page=12\">Manguito para tubo de traqueostom\u00eda: Prop\u00f3sito y\npr\u00e1ctica a trav\u00e9s del manejo en equipo<\/a>\r\n<\/a><\/li>\r\n\r\n\t\t\t<li class=\"\"><a href=\"http:\/\/142.11.238.239\/es\/journal-2-1-complications-management\/\">Case Study: Management of Complications Following SCI and the Role of SLPs...<\/a><\/li>\r\n\r\n\t\t\t<li class=\" translation-block\"><a href=\"\/wp-content\/uploads\/2019\/01\/AH_2018_web_lr.pdf#page=20\">Terapia de ox\u00edgeno de alto flujo y la PMV<sup>\u00ae<\/sup><\/a><\/li>\r\n\r\n\t\t\t<li class=\"\"><a href=\"http:\/\/142.11.238.239\/es\/journal-2-1-international-research\/\">Articles Representing International Research on Tracheostomy...<\/a><\/li>\r\n\r\n\t\t\t<li class=\"\"><a href=\"http:\/\/142.11.238.239\/es\/journal-1-1-protocol\/\">Having a Protocol for Clinical and Research Use of the Passy Muir\u00ae...<\/a><\/li>\r\n\r\n\t\t\t<li class=\" translation-block\"><a href=\"\/wp-content\/uploads\/2016\/08\/Aerodigestive-Health_compressed.pdf#page=6\">\nConsideraciones para la Evaluaci\u00f3n de Candidatura a\nPMV<sup>\u00ae<\/sup> en la poblaci\u00f3n pedi\u00e1trica<\/a><\/li>\r\n\r\n\t\t\t<li class=\"\"><a href=\"http:\/\/142.11.238.239\/es\/journal-1-1-assessment\/\">Candidacy for Passy Muir\u00ae Valve Placement in Infants and Young Children...\r\n<\/a><\/li>\r\n\r\n\t\t\t<li class=\"\"><a href=\"http:\/\/142.11.238.239\/es\/journal-1-1-casestudy\/\"><a href=\"\/wp-content\/uploads\/2016\/08\/Aerodigestive-Health_compressed.pdf#page=14\">\nClaves para el \u00e9xito: Un caso de estudio de Terapia Respiratoria Pedi\u00e1trica<\/a><\/a><\/li>\r\n\r\n\t\t\t<li class=\" translation-block\">Perspectiva de los m\u00e9dicos sobre la v\u00e1lvula parlante <span class=\"pm_ws\">Passy Muir<\/span><\/span><sup>\u00ae<\/sup><\/li>\r\n\r\n\t\t\t<li class=\"\"><a href=\"http:\/\/142.11.238.239\/es\/talkmuir-6-1-evidence\/\">Evidence Based Support for Using a PMV\u00ae In-line...<\/a><\/li>\r\n\r\n\t\t\t<li class=\"\"><a href=\"http:\/\/142.11.238.239\/es\/talkmuir-6-1-effects\/\">Effects of PMV\u00ae In-line with Mechanical Ventilation...<\/a><\/li>\r\n\r\n\t\t\t<li class=\"\"><a href=\"http:\/\/142.11.238.239\/es\/talkmuir-6-1-mechanical-vent\/\">Speaking Valve Use During Mechanical Ventilation...<\/a><\/li>\r\n\r\n\t\t\t<li class=\"\"><a href=\"http:\/\/142.11.238.239\/es\/talkmuir-6-1-current-research\/\"><a href=\"\/wp-content\/uploads\/2019\/01\/pm-newsletter-v6i1.pdf#page=19\">\nInvestigaci\u00f3n actual relacionada con la ventilaci\u00f3n mec\u00e1nica y el uso de V\u00e1lvulas de Hablas<\/a><\/a><\/li>\r\n\r\n\t\t\t<li class=\"\"><a href=\"http:\/\/142.11.238.239\/es\/journal-3-1-dependence\/\">Infants and Children with Tracheostomy and Ventilator Dependence<\/a><\/li>\r\n\r\n\t\t\t<li class=\"\"><a href=\"http:\/\/142.11.238.239\/es\/journal-3-1-protocol-transitioning\/\"><a href=\"\/wp-content\/uploads\/2019\/11\/AH_2019.pdf#page=13\">De la ICU a la atenci\u00f3n domiciliaria: un protocolo para la transici\u00f3n<\/a><\/a><\/li>\r\n\r\n\t\t\t<li class=\"\"><a href=\"http:\/\/142.11.238.239\/es\/journal-3-1-complex-care\/\"><a href=\"\/wp-content\/uploads\/2019\/11\/AH_2019.pdf#page=15\">Brindar cuidados complejos para ni\u00f1os complejos: un enfoque multidisciplinario<\/a><\/a><\/li>\r\n\r\n\t\t\t<li class=\"\"><a href=\"http:\/\/142.11.238.239\/es\/journal-3-1-improving-communication\/\">Protocols Assist with Improving Communication for Patients...<\/a><\/li>\r\n\r\n\t\t\t<li class=\"\"><a href=\"http:\/\/142.11.238.239\/es\/journal-3-1-patient-outcomes\/\"><a href=\"\/wp-content\/uploads\/2019\/11\/AH_2019.pdf#page=21\">Tener protocolos de uso cl\u00ednico para mejorar los resultados de los pacientes<\/a><\/a><\/li>\r\n\r\n\t\t\t<li class=\" translation-block\"><a href=\"\/wp-content\/uploads\/2019\/11\/AH_2019.pdf#page=24\">Uso de la v\u00e1lvula <span class=\"pm_ws\"><span class=\"pm_ws\">Passy Muir<\/span><\/span><sup>\u00ae<\/sup> junto con la terapia de ox\u00edgeno de alto flujo<\/a><\/li>\r\n\r\n\t\t\t<li class=\" translation-block\"><a href=\"\/wp-content\/uploads\/2019\/11\/AH_2019.pdf#page=30\">El papel de las presiones en la degluci\u00f3n y Impacto de la V\u00e1lvula <span class=\"pm_ws\"><span class=\"pm_ws\">Passy Muir<\/span><\/span><sup>\u00ae<\/sup><\/a><\/li>\r\n\r\n\t\t\t<li class=\"\"><a href=\"http:\/\/142.11.238.239\/es\/journal-3-1-relevance\/\">Clinical Relevance of the Sensorimotor Pathways in Dysphagia...<\/a><\/li>\r\n\r\n\t\t<\/ul>\r\n\t<\/li>\r\n<\/ul>\r\n\n<h2 class=\"journal--title translation-block\">Perspectiva de los m\u00e9dicos sobre la v\u00e1lvula parlante <span class=\"pm_ws\">Passy Muir<\/span><\/span><sup>\u00ae<\/sup><\/h2>\n<p><\/a><\/p>\n<h3 class=\"journal--speaker\">David R. Nelson, MD, Medical Director, Barlow Respiratory Hospital<br \/>\nScott A. Sasse, MD, Pulmonary Medical Director, Barlow Respiratory Hospital<\/h3>\n<div class=\"about_author\">\n<strong>About the Authors<\/strong><br \/>\n \t \t<img decoding=\"async\" alt=\"David R Nelson, Scott A. Sasse\" class=\"small_speaker\" src=\"\/wp-content\/uploads\/2019\/01\/Barlow_Sasse_Nelson.jpg\"\/><\/p>\n<div class=\"about_text\">\nDavid R. Nelson, MD<br \/>\nMedical Director, Barlow Respiratory Hospital\n<\/div>\n<div style=\"clear:both;\"><\/div>\n<div id=\"content_spacer\"><\/div>\n<div class=\"about_text\">\nScott A. Sasse, MD<br \/>\nPulmonary Medical Director, Barlow Respiratory Hospital<\/p><\/div>\n<\/div>\n<p class=\" translation-block\">Barlow Respiratory Hospital es un lugar \u00fanico para\npracticar la medicina. El hospital es peque\u00f1o, solo tiene\n60 camas en el campus principal de Los \u00c1ngeles. El\nhospital fue fundado en 1902 como un sanatorio para la\ntuberculosis y permanece rodeado de naturaleza, a pesar\nde su ubicaci\u00f3n a solo unos kil\u00f3metros del centro. En\nBarlow Respiratory Hospital, nuestro personal\ninterdisciplinario est\u00e1 muy unido y trabaja en equipo.\nNuestros pacientes son transferidos principalmente a\nnosotros desde unidades de cuidados intensivos en otras\ninstalaciones en el \u00e1rea circundante. Hemos desarrollado\nuna metodolog\u00eda efectiva para el uso en linea de la V\u00e1lvula\n<span class=\"pm_ws\">Passy Muir<\/span><sup>\u00ae<\/sup> con pacientes ventilados mec\u00e1nicamente.<\/p>\n<p class=\" translation-block\">Desde nuestro punto de vista, la v\u00e1lvula <span class=\"pm_ws\">Passy Muir<\/span>\nofrece a los pacientes la sensaci\u00f3n de que pueden\ncontrolar su destino. Le da al paciente una sensaci\u00f3n de\nbienestar, la capacidad de participar en su atenci\u00f3n\nm\u00e9dica y restaura un sentido de independencia.<\/p>\n<p>Fisiol\u00f3gicamente, en el paciente adecuado, la v\u00e1lvula mejora la capacidad de toser y despejar las v\u00edas respiratorias. Reduce la posibilidad de aspiraci\u00f3n y proporciona protecci\u00f3n al disminuir la posibilidad de que las bacterias permanezcan sobre de la traqueostom\u00eda. <\/p>\n<p class=\" translation-block\">Igualmente importante es el impacto psicol\u00f3gico de poder\ncomunicarse. A los pacientes con ventiladores mec\u00e1nicos\nles resulta muy dif\u00edcil comunicarse. Intentan escribir, usar\ngestos, o balbucean palabras. Las opciones limitadas\npara la comunicaci\u00f3n conducen a una gran frustraci\u00f3n.\nTodo eso simplemente desaparece cuando pueden\nhablar, cuando tienen voz. Cuando la v\u00e1lvula <span class=\"pm_ws\">Passy Muir<\/span>\nse inserta para una intervenci\u00f3n temprana y se usa con\nventilaci\u00f3n mec\u00e1nica, hace feliz al paciente y hace que la\nfamilia est\u00e9 m\u00e1s contenta. En algunos casos, podemos\ninsertar la v\u00e1lvula en el circuito de ventilaci\u00f3n mec\u00e1nica\nen la ma\u00f1ana, y ese mismo d\u00eda, el paciente puede\nlevantar el tel\u00e9fono y hablar con un miembro de la familia\nque no ha escuchado su voz durante semanas, a veces\nincluso meses.<\/p>\n<p class=\" translation-block\">Cada uno de nosotros ha visto el beneficio de la v\u00e1lvula\n<span class=\"pm_ws\">Passy Muir<\/span>. Ser capaz de comunicar necesidades y sentimientos es muy beneficioso. Proporciona a los\npacientes una percepci\u00f3n diferente de sus m\u00e9dicos. Los\nm\u00e9dicos son vistos como \u00fatiles para su proceso de\ncuraci\u00f3n. Por lo general, cuando los pacientes ven venir a\nun m\u00e9dico, a veces se estremecen, esperando algo que\nles va a doler: otra aguja u otro tubo. Pero con la v\u00e1lvula\n<span class=\"pm_ws\">Passy Muir<\/span>, podemos ofrecer a nuestros pacientes algo\nde valor m\u00e9dico que tambi\u00e9n es indoloro y tiene el\nbeneficio de levantar el \u00e1nimo.<\/p>\n<p><em>La comunicaci\u00f3n no solo es buena para nuestros pacientes, tambi\u00e9n es buena para nosotros, como m\u00e9dicos. Los pacientes pueden decirnos lo que est\u00e1 pasando con ellos.<\/em><\/p>\n<p class=\" translation-block\">Ambos tenemos mucha experiencia en el uso de la\nv\u00e1lvula y en ver sus beneficios. Cada uno de nosotros\ntambi\u00e9n ha visto el beneficio del uso m\u00e1s agresivo de la\nv\u00e1lvula <span class=\"pm_ws\">Passy Muir<\/span><sup>\u00ae<\/sup> mediante intervenci\u00f3n temprana en\npacientes con ventilaci\u00f3n mec\u00e1nica. Durante muchos,\nmuchos a\u00f1os, hab\u00edamos usado la v\u00e1lvula <span class=\"pm_ws\">Passy Muir<\/span>\ncuando un paciente estaba cerca de finalizar el proceso\nde desconexi\u00f3n o estaba completamente desconectado\ndel ventilador. En el \u00faltimo a\u00f1o y medio, hemos\nintroducido un cambio en nuestro enfoque para introducir\nla v\u00e1lvula de habla.<\/p>\n<p class=\" translation-block\">Ahora, est\u00e1 en nuestro protocolo probarle al paciente la\nv\u00e1lvula mucho antes, mientras est\u00e1 en el ventilador.\nSomos muy afortunados de que nuestro equipo incluya\nterapeutas respiratorios con experiencia excepcional y\nterapeutas del habla. Son proactivos en la identificaci\u00f3n\nde pacientes que son buenos candidatos para la\nintroducci\u00f3n temprana de la v\u00e1lvula. En general, ambos\nestamos convencidos del impacto fisiol\u00f3gico y psicol\u00f3gico\npositivo de la v\u00e1lvula <span class=\"pm_ws\">Passy Muir<\/span> para nuestros pacientes.<\/p>\n<p class=\" translation-block\">Recientemente, tuvimos un paciente que hab\u00eda estado en\nel ventilador durante unas pocas semanas. En el hospital\nanterior, no hab\u00edan tratado de desconectarlo. Insertamos\nla v\u00e1lvula poco despu\u00e9s de que ella fue admitida, y\nestaba encantada. Es una alegr\u00eda ver la diferencia que\nesto hace para nuestros pacientes. Vemos la v\u00e1lvula\n<span class=\"pm_ws\">Passy Muir<\/span> como una oportunidad para abrazar la\nexcelencia en nuestra pr\u00e1ctica m\u00e9dica mientras\nreclamamos una peque\u00f1a medida de disfrute para\nnuestros pacientes.<\/p>\n<p class=\" translation-block\">Este art\u00edculo es del Volumen 6 N\u00famero 1 de Talk Muir Oto\u00f1o de 2016. Haga <a href=\"\/wp-content\/uploads\/2019\/01\/pm-newsletter-v6i1.pdf#page=4\">clic aqu\u00ed <\/a> para verlo Perspectiva de los m\u00e9dicos sobre la v\u00e1lvula parlante <span class=\"pm_ws\">Passy Muir<\/span><\/span><sup>\u00ae<\/sup>.<\/p>","protected":false},"excerpt":{"rendered":"Talk Muir Physicians\u2019 Perspective on the <span class=\"pm_ws\"><span class=\"pm_ws\">Passy Muir<\/span><\/span><sup>\u00ae<\/sup> Speaking Valve David R. Nelson, MD, Medical Director, Barlow Respiratory Hospital Scott A. Sasse, MD, Pulmonary Medical Director, Barlow Respiratory Hospital About the Authors David R. Nelson, MD Medical Director, Barlow Respiratory Hospital Scott A. Sasse, MD Pulmonary Medical Director, Barlow Respiratory Hospital Barlow Respiratory Hospital is [&hellip;]","protected":false},"author":7,"featured_media":12374,"parent":0,"menu_order":0,"comment_status":"closed","ping_status":"closed","template":"","meta":[],"yst_prominent_words":[1792,1789,1791,1788,1786,1790,1787,1785,1784,65,72,62,191,2113,2112,2111,1793,81],"_links":{"self":[{"href":"http:\/\/142.11.238.239\/es\/wp-json\/wp\/v2\/pages\/10284"}],"collection":[{"href":"http:\/\/142.11.238.239\/es\/wp-json\/wp\/v2\/pages"}],"about":[{"href":"http:\/\/142.11.238.239\/es\/wp-json\/wp\/v2\/types\/page"}],"author":[{"embeddable":true,"href":"http:\/\/142.11.238.239\/es\/wp-json\/wp\/v2\/users\/7"}],"replies":[{"embeddable":true,"href":"http:\/\/142.11.238.239\/es\/wp-json\/wp\/v2\/comments?post=10284"}],"version-history":[{"count":10,"href":"http:\/\/142.11.238.239\/es\/wp-json\/wp\/v2\/pages\/10284\/revisions"}],"predecessor-version":[{"id":16339,"href":"http:\/\/142.11.238.239\/es\/wp-json\/wp\/v2\/pages\/10284\/revisions\/16339"}],"wp:featuredmedia":[{"embeddable":true,"href":"http:\/\/142.11.238.239\/es\/wp-json\/wp\/v2\/media\/12374"}],"wp:attachment":[{"href":"http:\/\/142.11.238.239\/es\/wp-json\/wp\/v2\/media?parent=10284"}],"wp:term":[{"taxonomy":"yst_prominent_words","embeddable":true,"href":"http:\/\/142.11.238.239\/es\/wp-json\/wp\/v2\/yst_prominent_words?post=10284"}],"curies":[{"name":"wp","href":"https:\/\/api.w.org\/{rel}","templated":true}]}}