{"id":10298,"date":"2019-01-21T10:44:21","date_gmt":"2019-01-21T18:44:21","guid":{"rendered":"https:\/\/www.passy-muir.com\/?page_id=10298"},"modified":"2021-08-25T12:09:56","modified_gmt":"2021-08-25T19:09:56","slug":"seminarresources","status":"publish","type":"page","link":"http:\/\/142.11.238.239\/es\/seminarresources\/","title":{"rendered":"Recursos para seminarios"},"content":{"rendered":"<div class=\"l3-header-con no-banner\">\n<div class=\"l3-header-icon\">\n\t\t<img decoding=\"async\"  src=\"\/wp-content\/uploads\/2018\/01\/Seminars_0.png\" alt=\"seminar resources\" \/>\n\t<\/div>\n<div class=\"l3-header-text\">\n\t\t\t\tRecursos para seminarios\n                         <\/div>\n<\/p><\/div>\n<div style=\"clear:both\"><\/div>\n<div class=\"row\">\n<div class=\"col-sm-12\">\n<h2 class=\" translation-block\">V\u00e1lvulas <span class=\"pm_ws\">Passy Muir<\/span><sup>\u00ae<\/sup><\/h2>\n<\/div>\n<div class=\"col-md-2\">\n<div class=\"img_container\"><a href=\"http:\/\/142.11.238.239\/es\/valves_page\/\"><img decoding=\"async\" class=\"left_img row-top-padding\" src=\"\/wp-content\/uploads\/2018\/02\/PMV_Icon.png\" \/><\/a><\/div>\n<\/div>\n<div class=\"col-md-10\">\n<p class=\" translation-block\">Todas las V\u00e1lvulas Passy Muir\u00ae ofrecen los beneficios\ndel dise\u00f1o patentado de cierre positivo \"a prueba de\nfugas\". Las V\u00e1lvulas Passy Muir\u00ae se acoplan f\u00e1cilmente\nal tubo de traqueostom\u00eda est\u00e1ndar de 15mm. Todas las\nv\u00e1lvulas vienen empaquetadas en un kit integral de\natenci\u00f3n al paciente y son reembolsables por Medicare,\nMedicaid y MediCal.<\/p>\n<ul>\n<li class=\" translation-block\"><a href=\"\/es\/valves_page\">Tipos de V\u00e1lvulas <span class=\"pm_ws\"><span class=\"pm_ws\">Passy Muir<\/span><\/span><sup>\u00ae<\/sup><\/a><\/li>\n<li><a href=\"http:\/\/142.11.238.239\/es\/order\/\">C\u00f3mo ordenar<\/a><\/li>\n<li><a href=\"http:\/\/142.11.238.239\/es\/answers\/\"><a href=\"\/es\/answers\">C\u00f3mo limpiar<\/a><\/a><\/li>\n<\/ul>\n<div>\n<a href=\"http:\/\/142.11.238.239\/es\/valves_page\/\"><br \/>\n<span class=\"order-now-header-aqua\">M\u00e1s informaci\u00f3n<\/span><br \/>\n<\/a><\/div>\n<\/div>\n<\/div>\n<p><!-- Second One --><\/p>\n<div class=\"row\">\n<div class=\"col-sm-12\">\n<h2 class=\" translation-block\">Educaci\u00f3n Continua de Passy Muir<\/h2>\n<\/div>\n<div class=\"col-md-2\">\n<div class=\"img_container\"><a href=\"http:\/\/142.11.238.239\/es\/education\/\"><img decoding=\"async\" class=\"left_img row-top-padding\" src=\"\/wp-content\/uploads\/2017\/05\/Education_1.jpg\" \/><\/a><\/div>\n<\/div>\n<div class=\"col-md-10\">\n<p class=\" translation-block\">Passy-Muir, Inc. se compromete a mejorar la calidad de\nvida de los pacientes traqueostomizados y dependientes\ndel ventilador. La mayor\u00eda de la educaci\u00f3n que ofrece\nPassy Muir es gratuita y se puede ofrecer para cr\u00e9ditos\nde educaci\u00f3n continua. Passy-Muir, Inc. ha desarrollado\nuna variedad de m\u00e9todos para satisfacer mejor las\nnecesidades educativas de sus instalaciones.<\/p>\n<div>\n<a href=\"http:\/\/142.11.238.239\/es\/education\/\"><br \/>\n<span class=\"order-now-header\">M\u00e1s informaci\u00f3n<\/span><br \/>\n<\/a><\/div>\n<\/div>\n<\/div>\n<p><!-- Third One, CoE --><\/p>\n<div class=\"row\">\n<div class=\"col-sm-12\">\n<h2>Centros de Excelencia<br \/>\n<\/h2>\n<\/div>\n<div class=\"col-md-2\">\n<div class=\"img_container\"><a href=\"http:\/\/142.11.238.239\/es\/coe\/\"><img decoding=\"async\" class=\"left_img row-top-padding\" src=\"\/wp-content\/uploads\/2017\/05\/COE_1.jpg\" \/><\/a><\/div>\n<\/div>\n<div class=\"col-md-10\">\n<p class=\" translation-block\">El Programa de Centros de Excelencia de <span class=\"pm_ws\">Passy Muir<\/span>\nofrece la oportunidad de:<\/p>\n<ul>\n<li class=\" translation-block\">Reconocer y honrar las instalaciones que utilizan las\nV\u00e1lvulas <span class=\"pm_ws\">Passy Muir<\/span><sup>\u00ae<\/sup> como su est\u00e1ndar de cuidado.<\/li>\n<li>Conocerlos equipos y leeruna descripci\u00f3n de su filosof\u00eda de atenci\u00f3n.<\/li>\n<li>Revisar y descargar sus protocolos, procedimientos, investigaciones y publicaciones.<\/li>\n<li>Aprender de los videos de historias de \u00e9xito y pr\u00e1cticas a\nlo largo de la atenci\u00f3n continua<\/li>\n<\/ul>\n<div>\n<a href=\"http:\/\/142.11.238.239\/es\/coe\/\"><br \/>\n<span class=\"order-now-header-aqua\">M\u00e1s informaci\u00f3n<\/span><br \/>\n<\/a><\/div>\n<\/div>\n<\/div>\n<p><!-- Fourth one, Printed Materials --><\/p>\n<div class=\"row\">\n<div class=\"col-sm-12\">\n<h2>Recursos Basados en Evidencia<\/h2>\n<\/div>\n<div class=\"col-md-2\">\n<div class=\"img_container\"><a href=\"http:\/\/142.11.238.239\/es\/resources\/\"><img decoding=\"async\" class=\"left_img row-top-padding\" src=\"\/wp-content\/uploads\/2017\/06\/Research_Icon_2.jpg\" \/><\/a><\/div>\n<\/div>\n<div class=\"col-md-10\">\n<p>Los materiales descargables gratuitos incluyen:<\/p>\n<ul>\n<li>Pol\u00edticas y procedimientos de muestra.<\/li>\n<li>Investigaci\u00f3n<\/li>\n<li>Gu\u00eda de evaluaci\u00f3n y colocaci\u00f3n<\/li>\n<li>Gu\u00eda de conexiones, consejos r\u00e1pidos, beneficios y m\u00e1s<\/li>\n<li class=\" translation-block\">Talk-Muir, la Revista Cl\u00ednica de Passy Muir<\/li>\n<\/ul>\n<div>\n<a href=\"http:\/\/142.11.238.239\/es\/resources\/\"><br \/>\n<span class=\"order-now-header\">M\u00e1s informaci\u00f3n<\/span><br \/>\n<\/a><\/div>\n<\/div>\n<\/div>\n<p><!-- Fifth one, Toby Program --><\/p>\n<div class=\"row\">\n<div class=\"col-sm-12\">\n<h2>Toby Tracheasaurus<\/h2>\n<\/div>\n<div class=\"col-md-2\">\n<div class=\"img_container\"><a href=\"http:\/\/142.11.238.239\/es\/toby-tracheapuppet\/\"><img decoding=\"async\" class=\"left_img row-top-padding\" src=\"\/wp-content\/uploads\/2016\/08\/Toby_2.jpg\" \/><\/a><\/div>\n<\/div>\n<div class=\"col-md-10\">\n<p class=\" translation-block\">Para los terapeutas, el Toby Tracheapuppet viene equipado\ncon una v\u00e1lvula Passy Muir extra\u00edble junto con una Cinta\nde Sujeci\u00f3n PMV<sup>\u00ae<\/sup> Secure-It<sup>\u00ae<\/sup>. Esto le permite al terapeuta demostrarle al ni\u00f1o c\u00f3mo aplicar y desconectar\nla v\u00e1lvula de una manera divertida y f\u00e1cil. \u00a1No olvides\nhacer tu mejor voz de Toby para ayudar a promover la\nvocalizaci\u00f3n!<\/p>\n<div>\n<a href=\"http:\/\/142.11.238.239\/es\/toby-tracheapuppet\/\"><br \/>\n<span class=\"order-now-header-aqua\">M\u00e1s informaci\u00f3n<\/span><br \/>\n<\/a><\/div>\n<\/div>\n<\/div>\n<p><!-- Sixth one, FAQ --><\/p>\n<div class=\"row\">\n<div class=\"col-sm-12\">\n<h2>Preguntas frecuentes<\/h2>\n<\/div>\n<div class=\"col-md-2\">\n<div class=\"img_container\"><a href=\"http:\/\/142.11.238.239\/es\/answers\/\"><img decoding=\"async\" class=\"left_img row-top-padding\" src=\"\/wp-content\/uploads\/2018\/02\/FAQ_2.jpg\" \/><\/a><\/div>\n<\/div>\n<div class=\"col-md-10\">\n<p class=\" translation-block\">Si tiene preguntas sobre el uso de la V\u00e1lvula Passy Muir,\nvea nuestra secci\u00f3n de Preguntas Frecuentes. Aqu\u00ed\nhemos recopilado nuestras respuestas a las preguntas\nque m\u00e1s recibimos.<\/p>\n<div>\n<a href=\"http:\/\/142.11.238.239\/es\/answers\/\"><br \/>\n<span class=\"order-now-header\">M\u00e1s informaci\u00f3n<\/span><br \/>\n<\/a><\/div>\n<\/div>\n<\/div>\n<p><!-- 7th one, Contest --><br \/>\n<!--Taking this off the page while seminars are not taking place -DC 8-25-21\n\n\n<div class=\"row\">\n\n\n<div class=\"col-sm-12\">\n\n\n<h2>Pocket T.O.M. Giveaway<\/h2>\n\n\n<\/div>\n\n\n\n\n<div class=\"col-md-2\">\n\n\n<div class=\"img_container\"><a href=\"\/answers\"><img decoding=\"async\" class=\"left_img row-top-padding\" src=\"\/wp-content\/uploads\/2018\/01\/Pocket-TOM.jpg\" \/><\/a><\/div>\n\n\n<\/div>\n\n\n\n\n<div class=\"col-md-10\">\n\n\n<p>If you are currently attending a <span class=\"pm_ws\">Passy Muir<\/span> Seminar, click below to enter the Pocket T.O.M. giveaway. If you are not present at a <span class=\"pm_ws\">Passy Muir<\/span> Seminar and directed by one of our clinicians to enter this giveaway, you will not be eligible.<\/p>\n\n\n\n\n<div>\n<a href=\"\/giveaway\">\n<span class=\"order-now-header-aqua\">Learn More<\/span>\n<\/a><\/div>\n\n\n<\/div>\n\n\n<\/div>\n\n\n--><\/p>","protected":false},"excerpt":{"rendered":"Recursos para seminarios <span class=\"pm_ws\">Passy Muir<\/span>&reg; Valves All <span class=\"pm_ws\"><span class=\"pm_ws\">Passy Muir<\/span><\/span><sup>\u00ae<\/sup> Valves offer the benefits of the patented, closed position &#8220;No Leak&#8221; design. The <span class=\"pm_ws\"><span class=\"pm_ws\">Passy Muir<\/span><\/span><sup>\u00ae<\/sup> Valves easily attach to the standard 15mm tracheostomy tube hub. All valves come packaged in a comprehensive Patient Care Kit and are Medicare, Medicaid and MediCal reimbursable. Types of <span class=\"pm_ws\"><span class=\"pm_ws\">Passy Muir<\/span><\/span><sup>\u00ae<\/sup> Valves [&hellip;]","protected":false},"author":6,"featured_media":0,"parent":0,"menu_order":0,"comment_status":"closed","ping_status":"closed","template":"","meta":[],"yst_prominent_words":[219,290,415,194,56,1828,87,65,650,1827,72,62,198,1468,193,1269,1829,417,81,464],"_links":{"self":[{"href":"http:\/\/142.11.238.239\/es\/wp-json\/wp\/v2\/pages\/10298"}],"collection":[{"href":"http:\/\/142.11.238.239\/es\/wp-json\/wp\/v2\/pages"}],"about":[{"href":"http:\/\/142.11.238.239\/es\/wp-json\/wp\/v2\/types\/page"}],"author":[{"embeddable":true,"href":"http:\/\/142.11.238.239\/es\/wp-json\/wp\/v2\/users\/6"}],"replies":[{"embeddable":true,"href":"http:\/\/142.11.238.239\/es\/wp-json\/wp\/v2\/comments?post=10298"}],"version-history":[{"count":25,"href":"http:\/\/142.11.238.239\/es\/wp-json\/wp\/v2\/pages\/10298\/revisions"}],"predecessor-version":[{"id":16566,"href":"http:\/\/142.11.238.239\/es\/wp-json\/wp\/v2\/pages\/10298\/revisions\/16566"}],"wp:attachment":[{"href":"http:\/\/142.11.238.239\/es\/wp-json\/wp\/v2\/media?parent=10298"}],"wp:term":[{"taxonomy":"yst_prominent_words","embeddable":true,"href":"http:\/\/142.11.238.239\/es\/wp-json\/wp\/v2\/yst_prominent_words?post=10298"}],"curies":[{"name":"wp","href":"https:\/\/api.w.org\/{rel}","templated":true}]}}