{"id":1066,"date":"2017-05-23T15:47:33","date_gmt":"2017-05-23T22:47:33","guid":{"rendered":"http:\/\/localhost:8080\/mywordpress\/passy-muir-onsite-inservices\/"},"modified":"2023-07-17T11:19:16","modified_gmt":"2023-07-17T18:19:16","slug":"inservice","status":"publish","type":"page","link":"http:\/\/142.11.238.239\/es\/inservice\/","title":{"rendered":"Formaci\u00f3n"},"content":{"rendered":"<div class=\"l2-header-con no-banner\">\n<div class=\"l2-header-icon\"><img decoding=\"async\" src=\"\/wp-content\/uploads\/2019\/01\/Inservice_rev_100x100.png\" alt=\"in-services\"  \/><\/div>\n<div class=\"l2-header-text\">\n<h1 class=\"header_nobanner_nostyle\">Formaci\u00f3n<\/h1>\n<\/div>\n<\/div>\n<div style=\"clear: both;\"><\/div>\n<p><img decoding=\"async\" class=\"inservice_image\" src=\"\/wp-content\/uploads\/2019\/01\/NG5A5442_320x214.png\" alt=\"in-services\"  \/><\/p>\n<p class=\"page_paragraph\">A remote, live in-service (virtual) may be pre-scheduled for education for a variety of medical settings and professionals. In-service webinars are presented by a clinician experienced in the use of the <span class=\"pmv_ws\"><span class=\"pm_ws\"><span class=\"pm_ws\">Passy Muir<\/span><\/span> Valve<\/span> and provide information related to the physiologic changes that may occur following the placement of a tracheostomy tube. We offer a variety of webinar topics ranging from assessment (including upper airway assessment, transitioning from vent to non-vent use, and troubleshooting strategies) to ethics, Trachlore, dysphagia, and so much more. Some webinars include demonstrations and case studies to enhance learning. All presentations provide evidence-based benefits of using a bias-closed, no-leak speaking Valve, including the impacts on voicing, swallowing, secretion management, and decannulation.<\/p>\n<p class=\"page_paragraph\">For those clinicians and facilities who are interested in increasing <span class=\"pmv_ws\"><span class=\"pm_ws\"><span class=\"pm_ws\">Passy Muir<\/span><\/span> Valve<\/span> use with patients on mechanical ventilation or who want to develop a multi-disciplinary team, a webinar may be scheduled that includes discussion on ventilator adjustments to increase successful placement of the Valve and safe alarm practices or a webinar with clinical discussion on team development.<\/p>\n<div class=\"video_box\">\n<style>.embed-container { position: relative; padding-bottom: 56.25%; height: 0; overflow: hidden; max-width: 100%; } .embed-container iframe, .embed-container object, .embed-container embed { position: absolute; top: 0; left: 0; width: 100%; height: 100%; }<\/style>\n<div class=\"embed-container\"><iframe src=\"https:\/\/www.youtube.com\/embed\/TIhzXxPcc_s\" frameborder=\"0\" allowfullscreen=\"allowfullscreen\"><\/iframe><\/div>\n<\/div>\n<p>Here are a few comments from clinicians who have received education:<\/p>\n<blockquote><p><em>Sali\u00f3 extremadamente bien y los neum\u00f3logos se\nmostraron muy entusiastas con respecto a colocar la\nPMSV directamente con la ventilaci\u00f3n mec\u00e1nica m\u00e1s\ntemprano en nuestro entorno de cuidados intensivos.\nCreo que despertamos un gran inter\u00e9s en los m\u00e9dicos\npara mejorar la atenci\u00f3n que brindamos, lo cual es\nfant\u00e1stico.<\/em><\/p>\n<footer class=\"author\">Paula Diannitto MS, CCC-SLP, Tulane Medical Center, LA<\/footer>\n<\/blockquote>\n<blockquote><p><em>Estamos usando las v\u00e1lvulas extensivamente... y hemos\ntenido un gran \u00e9xito al usarlas directamente. De hecho, \u00a1una paciente acaba de hablar por primera vez en DOS\nA\u00d1OS! Cuando ella habl\u00f3 con \u00e9xito, la terapeuta del\nhabla y las enfermeras estaban de pie alrededor de la\npaciente llorando de alegr\u00eda. Es sorprendente c\u00f3mo poder\nhablar de nuevo puede hacer que un paciente se vuelva a\nsentir m\u00e1s como una persona y facilitar el proceso de\ndecanulaci\u00f3n.<\/em><\/p>\n<footer class=\"author\">Robert Boylan, RRT, Neuro Rehabilitation Center, MA<\/footer>\n<\/blockquote>\n<p class=\"page_paragraph\">Please contact a <span class=\"pm_ws\">Passy Muir<\/span> clinical specialist to discuss the specific needs of your facility or email <a href=\"mailto:education@passymuir.com\">education@passymuir.com.<\/a> to schedule education.<\/p>\n<div><a href=\"http:\/\/142.11.238.239\/es\/inservice-form\/\"><br \/>\n<span class=\"order-now-header\">Programar una Capacitaci\u00f3n<\/span><br \/>\n<\/a><\/div>","protected":false},"excerpt":{"rendered":"In-Services A remote, live in-service (virtual) may be pre-scheduled for education for a variety of medical settings and professionals. In-service webinars are presented by a clinician experienced in the use of the <span class=\"pmv_ws\"><span class=\"pm_ws\"><span class=\"pm_ws\">Passy Muir<\/span><\/span> Valve<\/span> and provide information related to the physiologic changes that may occur following the placement of a tracheostomy tube. We offer [&hellip;]","protected":false},"author":6,"featured_media":588,"parent":0,"menu_order":0,"comment_status":"closed","ping_status":"closed","template":"","meta":[],"yst_prominent_words":[793,467,56,791,649,87,65,86,72,62,385,792,471,289,81,813,494,595],"_links":{"self":[{"href":"http:\/\/142.11.238.239\/es\/wp-json\/wp\/v2\/pages\/1066"}],"collection":[{"href":"http:\/\/142.11.238.239\/es\/wp-json\/wp\/v2\/pages"}],"about":[{"href":"http:\/\/142.11.238.239\/es\/wp-json\/wp\/v2\/types\/page"}],"author":[{"embeddable":true,"href":"http:\/\/142.11.238.239\/es\/wp-json\/wp\/v2\/users\/6"}],"replies":[{"embeddable":true,"href":"http:\/\/142.11.238.239\/es\/wp-json\/wp\/v2\/comments?post=1066"}],"version-history":[{"count":13,"href":"http:\/\/142.11.238.239\/es\/wp-json\/wp\/v2\/pages\/1066\/revisions"}],"predecessor-version":[{"id":19100,"href":"http:\/\/142.11.238.239\/es\/wp-json\/wp\/v2\/pages\/1066\/revisions\/19100"}],"wp:featuredmedia":[{"embeddable":true,"href":"http:\/\/142.11.238.239\/es\/wp-json\/wp\/v2\/media\/588"}],"wp:attachment":[{"href":"http:\/\/142.11.238.239\/es\/wp-json\/wp\/v2\/media?parent=1066"}],"wp:term":[{"taxonomy":"yst_prominent_words","embeddable":true,"href":"http:\/\/142.11.238.239\/es\/wp-json\/wp\/v2\/yst_prominent_words?post=1066"}],"curies":[{"name":"wp","href":"https:\/\/api.w.org\/{rel}","templated":true}]}}