{"id":1071,"date":"2017-05-23T15:49:45","date_gmt":"2017-05-23T15:49:45","guid":{"rendered":"http:\/\/localhost:8080\/mywordpress\/patient-education-handouts\/"},"modified":"2021-05-18T15:45:35","modified_gmt":"2021-05-18T22:45:35","slug":"patient-education-handouts","status":"publish","type":"page","link":"http:\/\/142.11.238.239\/es\/patient-education-handouts\/","title":{"rendered":"Folletos Educativos Para El Paciente"},"content":{"rendered":"<div class=\"l3-header-con no-banner\">\n<div class=\"l3-header-icon\">\n\t\t<img decoding=\"async\" src=\"\/wp-content\/uploads\/2017\/06\/Education.jpg\" alt=\"products\" \/>\n\t<\/div>\n<div class=\"l3-header-text\">\n\t\tFolletos Educativos Para El Paciente\n\t<\/div>\n<\/div>\n<div style=\"clear:both\"><\/div>\n<div class=\"row\">\n<div class=\"col-sm-8\">\n<article class=\"edu_product-preface clearfix\">\n<figure class=\"product_image\">\n\t\t\t\t<img decoding=\"async\" class=\"edu_product_image\" src=\"\/wp-content\/uploads\/2018\/10\/PEH-square.jpg\" alt=\"Patient Education Handout\" title=\"Patient Education Handout\" \/><br \/>\n\t\t\t<\/figure>\n<p class=\" translation-block\">La p\u00e1gina principal de cada hoja desprendible ilustra la vista en secci\u00f3n transversal de la anatom\u00eda de la cabeza y el cuello con la colocaci\u00f3n de traqueostom\u00eda y el flujo de aire con y sin la V\u00e1lvula <span class=\"pm_ws\">Passy Muir<\/span><sup>\u00ae<\/sup>. Se proporcionan etiquetas espec\u00edficas para la laringe, la tr\u00e1quea y el es\u00f3fago. Ideal para ense\u00f1ar conceptos de traqueostom\u00eda y beneficios cl\u00ednicos de la V\u00e1lvula <span class=\"pm_ws\">Passy Muir<\/span><sup>\u00ae<\/sup>.<br \/>\nLa parte posterior contiene descripciones simples e im\u00e1genes a todo color para resaltar informaci\u00f3n cl\u00ednica importante e instrucciones sobre la V\u00e1lvula <span class=\"pm_ws\">Passy Muir<\/span><sup>\u00ae<\/sup>: c\u00f3mo funciona la v\u00e1lvula, beneficios cl\u00ednicos, aplicaci\u00f3n, soluci\u00f3n de problemas, cuidado y limpieza. Se proporciona espacio para notas e instrucciones especiales.<\/p>\n<\/article>\n<section class=\"peh_handout m-b\">\n<p><strong>FOLLETO EDUCATIVO PARA EL PACIENTE<\/strong><br \/><em>Cada tableta tiene 33 hojas, con 3 tabletas por paquete<\/em><\/p>\n<div class=\"store_button\"><a href=\"https:\/\/store.passy-muir.com\/store\/p7\/peh.html\"><span class=\"order-now-header-aqua\">Ordenar Ahora<\/span><\/a><\/div>\n<\/section>\n<section class=\"peh_sheets m-b\">\n<p><strong>HOJAS EDUCATIVAS PARA PACIENTES<\/strong><br \/><em>Cada tableta tiene 33 hojas<\/em><\/p>\n<div class=\"store_button\"><a href=\"https:\/\/store.passy-muir.com\/store\/p25\/peh-sheet.html\"><span class=\"order-now-header-aqua\">Ordenar Ahora<\/span><\/a><\/div>\n<\/section>\n<section class=\"peh_sheets_es m-b\">\n<p><strong>HOJAS DE EDUCACI\u00d3N PARA PACIENTES - ESPA\u00d1OL<\/strong><br \/><em>Cada tableta tiene 33 hojas<\/em><\/p>\n<div class=\"store_button\"><a href=\"https:\/\/store.passy-muir.com\/store\/p24\/peh-spanish.html\"><span class=\"order-now-header-aqua\">Ordenar Ahora<\/span><\/a><\/div>\n<\/section><\/div>\n<div class=\"col-sm-4\">\n<p>Incluye:<\/p>\n<ul>\n<li>Hojas de papel con gr\u00e1ficos coloridos e instrucciones\nf\u00e1ciles de leer<\/li>\n<li class=\" translation-block\">Ideal para ense\u00f1ar conceptos de traqueostom\u00eda y beneficios cl\u00ednicos de la v\u00e1lvula <span class=\"pm_ws\">Passy Muir<\/span><sup>\u00ae<\/sup><\/li>\n<li>Puede individualizarse para cada paciente y llevarse con\nellos donde sea que vayan<\/li>\n<li>Tama\u00f1o de 8.5 \"x 11\"<\/li>\n<\/ul><\/div>\n<\/div>","protected":false},"excerpt":{"rendered":"Patient Education Handouts The front page of each tear-off sheet illustrates the cross-section view of the head and neck anatomy with tracheostomy placement and airflow with and without the <span class=\"pm_ws\"><span class=\"pm_ws\">Passy Muir<\/span><\/span><sup>\u00ae<\/sup> Valve. Specific labels for larynx, trachea, and esophagus are provided. Ideal for teaching tracheostomy concepts and clinical benefits of the <span class=\"pm_ws\"><span class=\"pm_ws\">Passy Muir<\/span><\/span><sup>\u00ae<\/sup> Valve. The [&hellip;]","protected":false},"author":6,"featured_media":4869,"parent":0,"menu_order":0,"comment_status":"closed","ping_status":"closed","template":"","meta":[],"yst_prominent_words":[83,167,135,130,136,129,133,131,119,82,75,72,74,73,156,164,134,120,132,121],"_links":{"self":[{"href":"http:\/\/142.11.238.239\/es\/wp-json\/wp\/v2\/pages\/1071"}],"collection":[{"href":"http:\/\/142.11.238.239\/es\/wp-json\/wp\/v2\/pages"}],"about":[{"href":"http:\/\/142.11.238.239\/es\/wp-json\/wp\/v2\/types\/page"}],"author":[{"embeddable":true,"href":"http:\/\/142.11.238.239\/es\/wp-json\/wp\/v2\/users\/6"}],"replies":[{"embeddable":true,"href":"http:\/\/142.11.238.239\/es\/wp-json\/wp\/v2\/comments?post=1071"}],"version-history":[{"count":5,"href":"http:\/\/142.11.238.239\/es\/wp-json\/wp\/v2\/pages\/1071\/revisions"}],"predecessor-version":[{"id":16240,"href":"http:\/\/142.11.238.239\/es\/wp-json\/wp\/v2\/pages\/1071\/revisions\/16240"}],"wp:featuredmedia":[{"embeddable":true,"href":"http:\/\/142.11.238.239\/es\/wp-json\/wp\/v2\/media\/4869"}],"wp:attachment":[{"href":"http:\/\/142.11.238.239\/es\/wp-json\/wp\/v2\/media?parent=1071"}],"wp:term":[{"taxonomy":"yst_prominent_words","embeddable":true,"href":"http:\/\/142.11.238.239\/es\/wp-json\/wp\/v2\/yst_prominent_words?post=1071"}],"curies":[{"name":"wp","href":"https:\/\/api.w.org\/{rel}","templated":true}]}}