{"id":1087,"date":"2017-05-23T17:30:02","date_gmt":"2017-05-23T17:30:02","guid":{"rendered":"http:\/\/localhost:8080\/mywordpress\/physical-therapy\/"},"modified":"2020-07-29T14:43:39","modified_gmt":"2020-07-29T21:43:39","slug":"physical_therapy","status":"publish","type":"page","link":"http:\/\/142.11.238.239\/es\/physical_therapy\/","title":{"rendered":"Fisioterapia"},"content":{"rendered":"<div class=\"l2-header-con no-banner\">\n<div class=\"l2-header-icon\">\n\t\t<img decoding=\"async\"  src=\"\/wp-content\/uploads\/2017\/05\/Therapy.jpg\" alt=\"therapy\" \/>\n\t<\/div>\n<div class=\"l2-header-text\">\n\t\t\t\tFisioterapia\n                         <\/div>\n<\/p><\/div>\n<div style=\"clear:both\"><\/div>\n<div class=\"section_descl2\">\n<p class=\" translation-block\">La V\u00e1lvula <span class=\"pm_ws\">Passy Muir<\/span><sup>\u00ae<\/sup> desempe\u00f1a un papel\nfundamental en la rehabilitaci\u00f3n de pacientes de todas las\nedades con traqueostom\u00eda y ventilaci\u00f3n mec\u00e1nica en todo\nel proceso de atenci\u00f3n. Obtenga m\u00e1s informaci\u00f3n sobre\nlos muchos beneficios y usos de la rehabilitaci\u00f3n\npulmonar y f\u00edsica de la V\u00e1lvula <span class=\"pm_ws\">Passy Muir<\/span>.<\/p>\n<\/div>\n<div class=\"row\">\n<div class=\"col-sm-6\">\n<div style=\"max-width: 600px; margin-left: auto; margin-right: auto;\">\n<style>.codegena{position:relative;width:100%;height:0;padding-bottom:56.27198%;}.codegena iframe{position:absolute;top:0;left:0;width:100%;height:100%;}\/**\/<\/style>\n<div class=\"codegena\">\n<p><iframe loading=\"lazy\" src=\"\/\/www.youtube.com\/embed\/-1Vkld0xxek?rel=0\" width=\"320\" height=\"215\" frameborder=\"0\" allowfullscreen=\"allowfullscreen\">&nbsp;<br \/>\n<\/iframe><\/p>\n<\/div>\n<\/div>\n<\/div>\n<div class=\"col-sm-6\">\n<div style=\"max-width: 600px; margin-left: auto; margin-right: auto;\">\n<style>.codegena{position:relative;width:100%;height:0;padding-bottom:56.27198%;}.codegena iframe{position:absolute;top:0;left:0;width:100%;height:100%;}\/**\/<\/style>\n<div class=\"codegena\">\n<p><iframe loading=\"lazy\" src=\"\/\/www.youtube.com\/embed\/pqu6qprHlR0?rel=0\" width=\"320\" height=\"215\" frameborder=\"0\" allowfullscreen=\"allowfullscreen\"><br \/>\n<\/iframe><\/p>\n<\/div>\n<\/div>\n<\/div>\n<\/div>\n<p><\/p>\n<h3 class=\"normal benefits\">La rehabilitaci\u00f3n pulmonar comienza en la UCI<\/h3>\n<div class=\"section_descl2\">\n<p>Cuando se menciona el t\u00e9rmino \"rehabilitaci\u00f3n pulmonar\",\nla mayor\u00eda de los profesionales de la salud evocan\nim\u00e1genes de pacientes que realizan caminatas de seis\nminutos, se ejercitan sentados en un ciclo de brazos o\ncaminan por una pista conectada a un monitor de\nsaturaci\u00f3n de ox\u00edgeno y frecuencia card\u00edaca. Si bien\nestas descripciones no son inexactas, se aplican m\u00e1s de\ncerca a los pacientes que est\u00e1n m\u00e1s avanzados en su\nrecuperaci\u00f3n, incluso hasta el punto en que se les ha\ndado de alta y pueden viajar a un centro de rehabilitaci\u00f3n\npulmonar. Los pacientes estables con traqueostom\u00eda y\nventilaci\u00f3n mec\u00e1nica en el hospital o en la UCI tambi\u00e9n\npueden participar en la rehabilitaci\u00f3n pulmonar y la\nmovilizaci\u00f3n temprana. El paciente con una\ntraqueostom\u00eda con o sin ventilaci\u00f3n mec\u00e1nica puede\nlograr los mismos beneficios que cualquier otro paciente.\nSin embargo, hay algunas cosas a considerar, incluida la\ncoordinaci\u00f3n de terapias, especialmente entre el\nprofesional de la atenci\u00f3n respiratoria (PCR) y el pat\u00f3logo\ndel habla y lenguaje (SLP).<\/p>\n<\/div>","protected":false},"excerpt":{"rendered":"Physical Therapy The <span class=\"pm_ws\"><span class=\"pm_ws\">Passy Muir<\/span><\/span><sup>\u00ae<\/sup> Valve plays a critical role in the rehabilitation of patients of all ages with tracheostomy and mechanical ventilation across the continuum of care. Learn more about the many pulmonary and physical rehabilitation benefits and uses of the <span class=\"pmv_ws\"><span class=\"pm_ws\"><span class=\"pm_ws\">Passy Muir<\/span><\/span> Valve<\/span>. &nbsp; Pulmonary Rehabilitation Begins in the ICU When the term [&hellip;]","protected":false},"author":6,"featured_media":732,"parent":0,"menu_order":0,"comment_status":"closed","ping_status":"closed","template":"","meta":[],"yst_prominent_words":[290,593,591,444,87,86,72,385,209,269,286,590,382,50,445,442,81,592],"_links":{"self":[{"href":"http:\/\/142.11.238.239\/es\/wp-json\/wp\/v2\/pages\/1087"}],"collection":[{"href":"http:\/\/142.11.238.239\/es\/wp-json\/wp\/v2\/pages"}],"about":[{"href":"http:\/\/142.11.238.239\/es\/wp-json\/wp\/v2\/types\/page"}],"author":[{"embeddable":true,"href":"http:\/\/142.11.238.239\/es\/wp-json\/wp\/v2\/users\/6"}],"replies":[{"embeddable":true,"href":"http:\/\/142.11.238.239\/es\/wp-json\/wp\/v2\/comments?post=1087"}],"version-history":[{"count":10,"href":"http:\/\/142.11.238.239\/es\/wp-json\/wp\/v2\/pages\/1087\/revisions"}],"predecessor-version":[{"id":14825,"href":"http:\/\/142.11.238.239\/es\/wp-json\/wp\/v2\/pages\/1087\/revisions\/14825"}],"wp:featuredmedia":[{"embeddable":true,"href":"http:\/\/142.11.238.239\/es\/wp-json\/wp\/v2\/media\/732"}],"wp:attachment":[{"href":"http:\/\/142.11.238.239\/es\/wp-json\/wp\/v2\/media?parent=1087"}],"wp:term":[{"taxonomy":"yst_prominent_words","embeddable":true,"href":"http:\/\/142.11.238.239\/es\/wp-json\/wp\/v2\/yst_prominent_words?post=1087"}],"curies":[{"name":"wp","href":"https:\/\/api.w.org\/{rel}","templated":true}]}}