{"id":1123,"date":"2017-05-23T21:20:39","date_gmt":"2017-05-23T21:20:39","guid":{"rendered":"http:\/\/localhost:8080\/mywordpress\/group-webinars\/"},"modified":"2020-11-10T12:07:53","modified_gmt":"2020-11-10T20:07:53","slug":"group-webinars","status":"publish","type":"page","link":"http:\/\/142.11.238.239\/es\/group-webinars\/","title":{"rendered":"Seminarios Web Grupales"},"content":{"rendered":"<div class=\"small_spacer\"><\/div>\n<div class=\"l2-header-con no-banner\">\n<div class=\"l2-header-icon\">\n\t\t<img decoding=\"async\"  src=\"\/wp-content\/uploads\/2017\/08\/Group-Webinar.png\" alt=\"Group Webinars\" \/>\n\t<\/div>\n<div class=\"l2-header-text\">\n\t\t\t\tSeminarios Web Grupales\n                         <\/div>\n<\/p><\/div>\n<div style=\"clear:both\"><\/div>\n<div class=\"row\">\n<div class=\"col-sm-3\">\n<p><img decoding=\"async\"  src=\"\/wp-content\/uploads\/2020\/11\/Group_webinar_300x200.jpg\" alt=\"Group Webinars\" \/><\/p>\n<\/div>\n<div class=\"col-sm-9\">\n<p class=\" translation-block\">Organizado por un cl\u00ednico experto de <span class=\"pm_ws\"><span class=\"pm_ws\">Passy Muir<\/span><\/span><sup>\u00ae<\/sup>, un seminario web grupal personalizado se adapta a las necesidades y el horario espec\u00edficos de su centro. Nuestro especialista cl\u00ednico proporcionar\u00e1 informaci\u00f3n e instrucciones invaluables espec\u00edficas para los ventiladores, protocolos y requisitos de su instalaci\u00f3n. La oportunidad de interactuar en vivo con el especialista de <span class=\"pm_ws\"><span class=\"pm_ws\">Passy Muir<\/span><\/span> ofrece una experiencia educativa \u00fanica y personalizada que seguramente beneficiar\u00e1 a su equipo y a sus pacientes. Para programar un seminario web grupal para su instalaci\u00f3n, elija el bot\u00f3n p\u00farpura a continuaci\u00f3n.<\/p>\n<\/div>\n<\/div>\n<div><a href=\"http:\/\/142.11.238.239\/es\/group-webinar-form\/\"><br \/>\n\t\t\t\t\t<span class=\"order-now-header\">Programar Web Grupal<\/span><br \/>\n\t\t\t\t<\/a><\/div>","protected":false},"excerpt":{"rendered":"Group Webinars Hosted by a <span class=\"pm_ws\">Passy Muir<\/span> clinical expert, a personalized group webinar is tailored to your facility\u2019s specific needs and schedule. Our clinical specialist will provide invaluable information and instruction specific to your facility\u2019s ventilators, protocols and requirements. The opportunity for live interaction with the <span class=\"pm_ws\">Passy Muir<\/span> specialist offers a unique and personalized education [&hellip;]","protected":false},"author":6,"featured_media":1119,"parent":0,"menu_order":0,"comment_status":"closed","ping_status":"closed","template":"","meta":[],"yst_prominent_words":[217,1358,473,87,86,72,4812,1359,2824,494],"_links":{"self":[{"href":"http:\/\/142.11.238.239\/es\/wp-json\/wp\/v2\/pages\/1123"}],"collection":[{"href":"http:\/\/142.11.238.239\/es\/wp-json\/wp\/v2\/pages"}],"about":[{"href":"http:\/\/142.11.238.239\/es\/wp-json\/wp\/v2\/types\/page"}],"author":[{"embeddable":true,"href":"http:\/\/142.11.238.239\/es\/wp-json\/wp\/v2\/users\/6"}],"replies":[{"embeddable":true,"href":"http:\/\/142.11.238.239\/es\/wp-json\/wp\/v2\/comments?post=1123"}],"version-history":[{"count":4,"href":"http:\/\/142.11.238.239\/es\/wp-json\/wp\/v2\/pages\/1123\/revisions"}],"predecessor-version":[{"id":15519,"href":"http:\/\/142.11.238.239\/es\/wp-json\/wp\/v2\/pages\/1123\/revisions\/15519"}],"wp:featuredmedia":[{"embeddable":true,"href":"http:\/\/142.11.238.239\/es\/wp-json\/wp\/v2\/media\/1119"}],"wp:attachment":[{"href":"http:\/\/142.11.238.239\/es\/wp-json\/wp\/v2\/media?parent=1123"}],"wp:term":[{"taxonomy":"yst_prominent_words","embeddable":true,"href":"http:\/\/142.11.238.239\/es\/wp-json\/wp\/v2\/yst_prominent_words?post=1123"}],"curies":[{"name":"wp","href":"https:\/\/api.w.org\/{rel}","templated":true}]}}