{"id":1130,"date":"2021-05-18T16:09:48","date_gmt":"2021-05-18T23:09:48","guid":{"rendered":"http:\/\/localhost:8080\/mywordpress\/madonna-rehabilitation-hospital\/"},"modified":"2021-05-18T15:43:37","modified_gmt":"2021-05-18T22:43:37","slug":"madonna","status":"publish","type":"page","link":"http:\/\/142.11.238.239\/es\/madonna\/","title":{"rendered":"Madonna Rehabilitation Hospital"},"content":{"rendered":"<div class=\"l2-header-con  no-banner\">\n<div class=\"l3-header-icon\">\n\t\t<img decoding=\"async\"  src=\"\/wp-content\/uploads\/2017\/05\/COE_1.jpg\" alt=\"products\" \/>\n\t<\/div>\n<div class=\"l3-header-text\" >\n\t\t\tCentros de Excelencia\n                         <\/div>\n<\/p><\/div>\n<div style=\"clear:both\"><\/div>\n<h2>Madonna Rehabilitation Hospital<\/h2>\n<div style=\"clear:both\"><\/div>\n<p><img decoding=\"async\" class=\"image_float\" alt=\"Passy Muir Center of Excellence Madonna Rehabilitation Hospital\" src=\"\/wp-content\/uploads\/2017\/05\/madonna_group.JPG\"\/><\/p>\n<p class=\"page_paragraph translation-block\">El <a href=\"https:\/\/www.madonna.org\/\" target=\"_self\">Madonna Rehabilitation Hospital<\/a>, ubicado en\nLincoln, Nebraska, es una de las instalaciones\nm\u00e1s importantes del pa\u00eds para la rehabilitaci\u00f3n e\ninvestigaci\u00f3n m\u00e9dica. El Madonna es un l\u00edder\nnacional en programas especializados de\nrehabilitaci\u00f3n para lesiones cerebrales\ntraum\u00e1ticas, lesiones de la m\u00e9dula espinal,\nderrames cerebrales y afecciones pulmonares en\nadultos y ni\u00f1os de todas las edades. El Madonna\nes uno de los hospitales de rehabilitaci\u00f3n\nindependientes m\u00e1s grandes del pa\u00eds. Su equipo\nde fisiatras, terapeutas, enfermeras de\nrehabilitaci\u00f3n y m\u00e9dicos altamente especializados\ntrabajan con la tecnolog\u00eda y los equipos m\u00e1s\navanzados para ayudar a cada persona a\nalcanzar el m\u00e1s alto nivel de independencia.<\/p>\n<p class=\"page_paragraph translation-block\">Su modelo de equipo multidisciplinar incorpora el uso de\nla V\u00e1lvula Passy Muir\u00ae para facilitar la desconexi\u00f3n del\nventilador y la decanulaci\u00f3n traqueal. Cada paciente con\nventilador y tubo traqueal tiene \u00f3rdenes permanentes de\nadmisi\u00f3n para la coevaluaci\u00f3n de Patolog\u00eda del Habla y\nLenguaje y Terapia Respiratoria para la colocaci\u00f3n de la\nPMV. El equipo del Madonna contin\u00faa mejorando la tasa\nde desconexi\u00f3n de ventilaci\u00f3n mec\u00e1nica, decanulaciones\ny disminuyendo la tasa de VAP.<\/p>\n<h2 class=\"seminars_header\">Historias de \u00e9xito<\/h2>\n<div class=\"row\">\n<div class=\"col-sm-6\">\n<div style=\"max-width: 600px; margin-left: auto; margin-right: auto;\">\n<style>.codegena{position:relative;width:100%;height:0;padding-bottom:56.27198%;}.codegena iframe{position:absolute;top:0;left:0;width:100%;height:100%;}\/*Youtube Embed Code : Created with Codegena.com *\/<\/style>\n<div class=\"codegena\"><iframe loading=\"lazy\" src=\"https:\/\/www.youtube.com\/embed\/bYjLNYob6rs?rel=0\" width=\"320\" height=\"215\" frameborder=\"0\" allowfullscreen=\"allowfullscreen\"><\/iframe><\/div>\n<\/div>\n<\/div>\n<div class=\"col-sm-6\">\n<div style=\"max-width: 600px; margin-left: auto; margin-right: auto;\">\n<style>.codegena{position:relative;width:100%;height:0;padding-bottom:56.27198%;}.codegena iframe{position:absolute;top:0;left:0;width:100%;height:100%;}\/*Youtube Embed Code : Created with Codegena.com *\/<\/style>\n<div class=\"codegena\"><iframe loading=\"lazy\" src=\"https:\/\/www.youtube.com\/embed\/pT7uDdpc2cM?rel=0\" width=\"320\" height=\"215\" frameborder=\"0\" allowfullscreen=\"allowfullscreen\"><\/iframe><\/div>\n<\/div>\n<\/div>\n<\/div>\n<p>&nbsp;<\/p>\n<div class=\"row\">\n<div class=\"col-sm-6\">\n<div style=\"max-width: 600px; margin-left: auto; margin-right: auto;\">\n<style>.codegena{position:relative;width:100%;height:0;padding-bottom:56.27198%;}.codegena iframe{position:absolute;top:0;left:0;width:100%;height:100%;}\/*Youtube Embed Code : Created with Codegena.com *\/<\/style>\n<div class=\"codegena\"><iframe loading=\"lazy\" src=\"\/\/www.youtube.com\/embed\/-1Vkld0xxek?rel=0\" width=\"320\" height=\"215\" frameborder=\"0\" allowfullscreen=\"allowfullscreen\"><\/iframe><\/div>\n<\/div>\n<\/div>\n<div class=\"col-sm-6\">\n<div style=\"max-width: 600px; margin-left: auto; margin-right: auto;\">\n<style>.codegena{position:relative;width:100%;height:0;padding-bottom:56.27198%;}.codegena iframe{position:absolute;top:0;left:0;width:100%;height:100%;}\/*Youtube Embed Code : Created with Codegena.com *\/<\/style>\n<div class=\"codegena\"><iframe loading=\"lazy\" src=\"\/\/www.youtube.com\/embed\/d168L1E8tX0?rel=0\" width=\"320\" height=\"215\" frameborder=\"0\" allowfullscreen=\"allowfullscreen\"><\/iframe><\/div>\n<\/div>\n<\/div>\n<\/div>\n<p>&nbsp;<\/p>\n<h2 class=\"seminars_header\">Pol\u00edticas y Procedimientos<\/h2>\n<p class=\"page_paragraph translation-block\"><a href=\"\/wp-content\/uploads\/2018\/10\/placement_pmv_madonna.pdf\" target=\"_self\">Haga clic aqu\u00ed<\/a> para descargar Colocaci\u00f3n de la V\u00e1lvula <span class=\"pm_ws\">Passy Muir<\/span><sup>\u00ae<\/sup> del Madonna Rehabilitation Hospital.<\/p>\n<h2 class=\"seminars_header\">Publicaciones y Presentaciones<\/h2>\n<p class=\"font20\"><a href=\"\/wp-content\/uploads\/2019\/09\/AH_Adult-Trach-Decann.pdf\"> Click here<\/a> to download Madonna&#8217;s Decannulation protocol.<\/p>\n<p class=\"font20 translation-block\"><a href=\"\/wp-content\/uploads\/2018\/10\/trach_tube_weaning_madonna.pdf\" target=\"_self\">Haga clic aqu\u00ed para descargar el protocolo de\ndesconexi\u00f3n del tubo de traqueostom\u00eda del\nMadonna.<\/a><\/p>\n<p class=\"font20\"><a href=\"http:\/\/leader.pubs.asha.org\/article.aspx?articleid=2289674\">Pacientes que requieren traqueostom\u00eda y\nventilaci\u00f3n mec\u00e1nica: un modelo para la toma de\ndecisiones interdisciplinaria<\/a><\/p>\n<p class=\"page_paragraph\"><a href=\"http:\/\/passy-muir.com\/sites\/default\/files\/pdf\/pm-newsletter-fall-2010.pdf\">Madonna Rehabilitation Hospital-Un Centro para\nla Excelencia<\/a><\/p>\n<p class=\"font20\"><a href=\"http:\/\/respiratorytherapy.ca\/pdf\/RT-6-4-AS11-web.pdf\">Use of the <span class=\"pm_ws\">Passy Muir<\/span><sup>\u00ae<\/sup> Valve for Weaning in Long Term Acute Care Hospitals<\/a><\/p>\n<p class=\"font20\"><a href=\"\/wp-content\/uploads\/2018\/10\/nalth_summer_2012.pdf\"> NALTH Summer 2012 Member Spotlight<\/a><\/p>\n<p class=\"font20\"><a href=\"\/wp-content\/uploads\/2018\/10\/interthoracic-connection5.pdf\">The Inter-thoracic Connection: SLP Collaboration with RT and PT for Improving Breathing Mechanics <\/a><\/p>\n<p class=\"font20\"><a href=\"\/wp-content\/uploads\/2018\/10\/asha_2015_madonna_presentation.pdf\">The Inter-thoracic Connection<\/a><\/p>\n<h2 class=\" translation-block\">Presentadores invitados para Eventos Especiales de\nSeminarios Web de Passy Muir:<\/h2>\n<h3>Interdisciplinary Decision-Making with Patients Requiring Tracheostomy and Mechanical Ventilation.<\/h3>\n<p><img decoding=\"async\" alt=\"Clinician placing Passy Muir Valve on patient\" class=\"image_float\" src=\"\/wp-content\/uploads\/2017\/06\/butch_kiritsy-s.JPG\"\/><\/p>\n<p class=\" translation-block\">Los pacientes con insuficiencia y dificultad respiratoria\nahora sobreviven con la ayuda de avances m\u00e9dicos que\nincluyen tubos de traqueostom\u00eda y ventilaci\u00f3n mec\u00e1nica.\nEste curso brindar\u00e1 educaci\u00f3n cl\u00ednica sobre un modelo de\nun diagrama de flujo interdisciplinario que describe un\nprotocolo que proporciona criterios objetivos para la\ntolerancia del paciente a una V\u00e1lvula Passy Muir\u00ae\nunidireccional de cierre positivo, un paso cr\u00edtico en la\nevaluaci\u00f3n del habla, la voz y la degluci\u00f3n del paciente.\nPara ver el curso, <a href=\"https:\/\/ep.passy-muir.com\/educationportal\/webdashboard.php?mod_1=view&amp;course_id=16\" target=\"_blank\" rel=\"noopener noreferrer\">haga clic aqu\u00ed.<\/a><\/p>\n<div style=\"clear:both\"><\/div>\n<h3>The Role of the <span class=\"pm_ws\">Passy Muir<\/span><sup>\u00ae<\/sup> Valve in the Pulmonary Management of the Patient with a Spinal Cord Injury.<\/h3>\n<p><img decoding=\"async\" alt=\"Clinician feeding patient with spinal cord injury\" class=\"image_float\" src=\"\/wp-content\/uploads\/2017\/06\/carrie_marvin-s2.JPG\"\/><\/p>\n<p class=\" translation-block\">Seg\u00fan el Centro Nacional de Estad\u00edsticas de Lesiones de\nla M\u00e9dula Espinal, cada a\u00f1o se producen\naproximadamente 12.000 nuevas lesiones de la m\u00e9dula\nespinal (SCI) en los EE. UU. Independientemente del\nnivel de lesi\u00f3n, la funci\u00f3n respiratoria est\u00e1 comprometida.\nEste curso identificar\u00e1 las cuatro alteraciones pulmonares\nprimarias de una lesi\u00f3n de la m\u00e9dula espinal alta y\ndemostrar\u00e1 el papel de la V\u00e1lvula Passy Muir\u00ae en su\nprevenci\u00f3n y tratamiento. Vamos a examinar el uso de la\nV\u00e1lvula Passy Muir\u00ae en la desconexi\u00f3n exitosa de\npacientes con lesi\u00f3n de la m\u00e9dula espinal del ventilador y\nel tubo de traqueostom\u00eda. Para ver el curso, <a href=\"https:\/\/ep.passy-muir.com\/educationportal\/webdashboard.php?mod_1=view&amp;course_id=13\" target=\"_blank\" rel=\"noopener noreferrer\">haga clic aqu\u00ed.<\/a><\/p>","protected":false},"excerpt":{"rendered":"Centers of Excellence Madonna Rehabilitation Hospital Madonna Rehabilitation Hospital, located in Lincoln, Nebraska, is one of the nation\u2019s foremost facilities for medical rehabilitation and research. Madonna is a national leader in specialized rehabilitation programs for traumatic brain injury, spinal cord injury, stroke, and pulmonary conditions for adults and children of all ages. Madonna is one [&hellip;]","protected":false},"author":6,"featured_media":1127,"parent":0,"menu_order":0,"comment_status":"closed","ping_status":"closed","template":"","meta":[],"yst_prominent_words":[83,411,88,77,444,82,75,72,74,73,443,357,441,358,748,749,407,356,442,469],"_links":{"self":[{"href":"http:\/\/142.11.238.239\/es\/wp-json\/wp\/v2\/pages\/1130"}],"collection":[{"href":"http:\/\/142.11.238.239\/es\/wp-json\/wp\/v2\/pages"}],"about":[{"href":"http:\/\/142.11.238.239\/es\/wp-json\/wp\/v2\/types\/page"}],"author":[{"embeddable":true,"href":"http:\/\/142.11.238.239\/es\/wp-json\/wp\/v2\/users\/6"}],"replies":[{"embeddable":true,"href":"http:\/\/142.11.238.239\/es\/wp-json\/wp\/v2\/comments?post=1130"}],"version-history":[{"count":17,"href":"http:\/\/142.11.238.239\/es\/wp-json\/wp\/v2\/pages\/1130\/revisions"}],"predecessor-version":[{"id":16237,"href":"http:\/\/142.11.238.239\/es\/wp-json\/wp\/v2\/pages\/1130\/revisions\/16237"}],"wp:featuredmedia":[{"embeddable":true,"href":"http:\/\/142.11.238.239\/es\/wp-json\/wp\/v2\/media\/1127"}],"wp:attachment":[{"href":"http:\/\/142.11.238.239\/es\/wp-json\/wp\/v2\/media?parent=1130"}],"wp:term":[{"taxonomy":"yst_prominent_words","embeddable":true,"href":"http:\/\/142.11.238.239\/es\/wp-json\/wp\/v2\/yst_prominent_words?post=1130"}],"curies":[{"name":"wp","href":"https:\/\/api.w.org\/{rel}","templated":true}]}}