{"id":11338,"date":"2019-02-15T11:10:29","date_gmt":"2019-02-15T19:10:29","guid":{"rendered":"https:\/\/www.passy-muir.com\/?page_id=11338"},"modified":"2020-08-19T14:37:20","modified_gmt":"2020-08-19T21:37:20","slug":"order","status":"publish","type":"page","link":"http:\/\/142.11.238.239\/es\/order\/","title":{"rendered":"C\u00f3mo ordenar"},"content":{"rendered":"<div class=\"slideshowContainer\"><img decoding=\"async\" loading=\"lazy\" alt=\"passy muir branding bar\" style=\"vertical-align: bottom;\" src=\"\/wp-content\/uploads\/2017\/07\/branding_bar_top_new.jpg\" width=\"100%\" height=\"20px\" \/><\/div>\n<section id=\"block-block-92\" class=\"block block-block clearfix\"><\/section>\n<div class=\"l2-header-con banner\">\n<div class=\"l2-header-text\">\n<h1 class=\"header_nobanner_nostyle\">C\u00d3MO ORDENAR<\/h1>\n<\/div>\n<\/div>\n<div style=\"clear: both;\"><\/div>\n<div class=\"section_descl2\">\n<p class=\" translation-block\">Passy-Muir, Inc. se compromete a mejorar la calidad de\nvida de los pacientes con traqueostom\u00edas y dependencia\nal ventilador. <span class=\"pm_ws\">Passy Muir<\/span> acepta pedidos de hospitales,\ncompa\u00f1\u00edas de equipos m\u00e9dicos duraderos, consultorios\nm\u00e9dicos, hogares de ancianos y farmacias.<\/p>\n<div class=\"row\">\n<h2 class=\"col-sm-12\">Instalaciones y profesionales cl\u00ednicos.<\/h2>\n<\/div>\n<div class=\"row\">\n<div class=\"col-sm-3\"><a href=\"http:\/\/142.11.238.239\/es\/facilities-and-clinical-professionals\/\"><img decoding=\"async\" alt=\"facilities\" src=\"\/wp-content\/uploads\/2019\/02\/faciltlies.jpg\" \/><\/a><\/div>\n<div class=\"col-sm-9\">\n<p class=\" translation-block\">Si usted es un cliente o profesional m\u00e9dico interesado en\nrealizar un pedido de productos <span class=\"pm_ws\">Passy Muir<\/span>, por favor\nhaga clic aqu\u00ed para obtener m\u00e1s informaci\u00f3n.<\/p>\n<div><a href=\"http:\/\/142.11.238.239\/es\/facilities-and-clinical-professionals\/\"><br \/>\n<span class=\"order-now-header\">Learn More &#8211; Facilities<\/span><br \/>\n<\/a><\/div>\n<\/div>\n<\/div>\n<hr \/>\n<div class=\"row\">\n<h2 class=\"col-sm-12 margin\">Pacientes<\/h2>\n<\/div>\n<div class=\"row\">\n<div class=\"col-sm-3\"><a href=\"http:\/\/142.11.238.239\/es\/how-to-order-patients\/\"><img decoding=\"async\" alt=\"patients\" src=\"\/wp-content\/uploads\/2019\/02\/debra-sheridan.jpg\" \/><\/a><\/div>\n<div class=\"col-sm-9\">\n<p class=\" translation-block\">Para que un paciente realice un pedido directamente,\n<span class=\"pm_ws\">Passy Muir<\/span> requiere una receta del consultorio de un\nm\u00e9dico. Si usted es un paciente interesado realizar un\npedido de productos <span class=\"pm_ws\">Passy Muir<\/span>, por favor haga clic aqu\u00ed\npara obtener m\u00e1s informaci\u00f3n.<\/p>\n<div><a href=\"http:\/\/142.11.238.239\/es\/how-to-order-patients\/\"><br \/>\n<span class=\"order-now-header\">Learn More &#8211; Patients<\/span><br \/>\n<\/a><\/div>\n<\/div>\n<\/div>\n<hr \/>\n<div class=\"row\">\n<h2 class=\"col-sm-12\">Tienda de productos educativos<\/h2>\n<\/div>\n<div class=\"row\">\n<div class=\"col-sm-3\"><a href=\"https:\/\/store.passy-muir.com\/\"><img decoding=\"async\" alt=\"store\" src=\"\/wp-content\/uploads\/2019\/02\/Pam-Category.jpg\" \/><\/a><\/div>\n<div class=\"col-sm-9\">\n<p>Si usted es un cliente o profesional m\u00e9dico que est\u00e1\ninteresado en ordenar productos educativos, haga clic\naqu\u00ed para obtener m\u00e1s informaci\u00f3n.<\/p>\n<div><a href=\"https:\/\/store.passy-muir.com\/\"><br \/>\n<span class=\"order-now-header\">Learn More &#8211; Store<\/span><br \/>\n<\/a><\/div>\n<\/div>\n<\/div>\n<hr \/>","protected":false},"excerpt":{"rendered":"How To Order Passy-Muir, Inc. is committed to improving the quality of life of patients with tracheostomies and ventilator-dependence. <span class=\"pm_ws\">Passy Muir<\/span> accepts orders from hospitals, durable medical equipment companies, doctors\u2019 offices, nursing homes, and pharmacies. Facilities and Clinical Professionals If you are a customer or clinical professional who is interested in ordering <span class=\"pm_ws\">Passy Muir<\/span> products, [&hellip;]","protected":false},"author":7,"featured_media":0,"parent":0,"menu_order":0,"comment_status":"closed","ping_status":"closed","template":"","meta":[],"yst_prominent_words":[217,2621,2620,2619,2622,2616,2614,2612,1828,2617,87,673,2623,2618,2615,2613,86,72,664,209],"_links":{"self":[{"href":"http:\/\/142.11.238.239\/es\/wp-json\/wp\/v2\/pages\/11338"}],"collection":[{"href":"http:\/\/142.11.238.239\/es\/wp-json\/wp\/v2\/pages"}],"about":[{"href":"http:\/\/142.11.238.239\/es\/wp-json\/wp\/v2\/types\/page"}],"author":[{"embeddable":true,"href":"http:\/\/142.11.238.239\/es\/wp-json\/wp\/v2\/users\/7"}],"replies":[{"embeddable":true,"href":"http:\/\/142.11.238.239\/es\/wp-json\/wp\/v2\/comments?post=11338"}],"version-history":[{"count":35,"href":"http:\/\/142.11.238.239\/es\/wp-json\/wp\/v2\/pages\/11338\/revisions"}],"predecessor-version":[{"id":15033,"href":"http:\/\/142.11.238.239\/es\/wp-json\/wp\/v2\/pages\/11338\/revisions\/15033"}],"wp:attachment":[{"href":"http:\/\/142.11.238.239\/es\/wp-json\/wp\/v2\/media?parent=11338"}],"wp:term":[{"taxonomy":"yst_prominent_words","embeddable":true,"href":"http:\/\/142.11.238.239\/es\/wp-json\/wp\/v2\/yst_prominent_words?post=11338"}],"curies":[{"name":"wp","href":"https:\/\/api.w.org\/{rel}","templated":true}]}}