{"id":11365,"date":"2019-02-15T15:17:13","date_gmt":"2019-02-15T23:17:13","guid":{"rendered":"https:\/\/www.passy-muir.com\/?page_id=11365"},"modified":"2022-08-19T12:55:40","modified_gmt":"2022-08-19T19:55:40","slug":"facilities-and-clinical-professionals","status":"publish","type":"page","link":"http:\/\/142.11.238.239\/es\/facilities-and-clinical-professionals\/","title":{"rendered":"Instalaciones y profesionales cl\u00ednicos."},"content":{"rendered":"<div class=\"slideshowContainer\"><img decoding=\"async\" loading=\"lazy\" alt=\"branding bar\" style=\"vertical-align: bottom;\" src=\"\/wp-content\/uploads\/2017\/07\/branding_bar_top_new.jpg\" width=\"100%\" height=\"20px\" \/><\/div>\n<section id=\"block-block-92\" class=\"block block-block clearfix\"><\/section>\n<div class=\"l2-header-con banner\">\n<div class=\"l2-header-text\">Instalaciones y profesionales cl\u00ednicos.<\/div>\n<\/div>\n<div style=\"clear: both;\"><\/div>\n<p>Puede enviar su orden de compra por tel\u00e9fono, fax,\ncorreo o correo electr\u00f3nico.<\/p>\n<p>Phone: <a href=\"tel:9498338255\">(949) 833-8255<\/a><br \/>\nFax: (949) 833-8299<br \/>\nEmail: <a href=\"mailto:orders@passymuir.com\">orders@passymuir.com<\/a><br \/>\nMail: Passy-Muir Inc.,<br \/>\n&nbsp;&nbsp;&nbsp;&nbsp;&nbsp;&nbsp;&nbsp;&nbsp;PMB 273<br \/>\n&nbsp;&nbsp;&nbsp;&nbsp;&nbsp;&nbsp;&nbsp;&nbsp;4521 Campus Dr.<br \/>\n&nbsp;&nbsp;&nbsp;&nbsp;&nbsp;&nbsp;&nbsp;&nbsp;Irvine, CA 92612<\/p>\n<h2>Requisitos de Orden de Compra<\/h2>\n<p>Cada orden debe incluir la siguiente informaci\u00f3n:<\/p>\n<ol>\n<li>N\u00famero de identificaci\u00f3n del cliente, si se conoce<\/li>\n<li>Direcci\u00f3n de facturaci\u00f3n y n\u00famero de tel\u00e9fono.<\/li>\n<li>Direcci\u00f3n de env\u00edo (no residencial)<\/li>\n<li>N\u00famero de tel\u00e9fono y nombre de contacto<\/li>\n<li>N\u00famero de producto, precio y cantidad<\/li>\n<li>Requisitos de env\u00edo (Terrestre o Prioritario)<\/li>\n<\/ol>\n<p>* Si falta informaci\u00f3n o est\u00e1 incompleta, un Representante\nde Servicio al Cliente deber\u00e1 comunicarse con usted para\nfines de verificaci\u00f3n.<\/p>\n<h2>Pol\u00edtica de env\u00edos<\/h2>\n<p>Debido a que nuestros productos son dispositivos de\nprescripci\u00f3n, se nos proh\u00edbe enviar nuestros productos a\nla direcci\u00f3n del hogar de un paciente o a un apartado\npostal. Solo podemos enviar a un consultorio m\u00e9dico o\ncentro m\u00e9dico.<\/p>\n<h2>Pol\u00edtica de Reembolso<\/h2>\n<p class=\" translation-block\">Los Productos <span class=\"pm_ws\">Passy Muir<\/span>  son dispositivos prescritos; por\nlo tanto, nuestros productos no son retornables ni\nintercambiables.<\/p>\n<h2>Pagos<\/h2>\n<p>La facturaci\u00f3n se produce en el momento del env\u00edo. Se\nenviar\u00e1 una factura a su compa\u00f1\u00eda y el pago se realizar\u00e1\ndentro de 30 d\u00edas. El pago puede realizarse mediante\ncheque, tarjeta de cr\u00e9dito o transferencia ACH. <\/p>\n<p class=\" translation-block\">Para establecer cr\u00e9dito con <span class=\"pm_ws\">Passy Muir<\/span> , por favor env\u00ede por fax o correo electr\u00f3nico una solicitud de cr\u00e9dito completa. Por favor, haga <a href=\"\/wp-content\/uploads\/2019\/02\/Passy-Muir-Credit-Application.pdf\" target=\"_self\">clic aqu\u00ed<\/a> para descargar una solicitud de cr\u00e9dito.<\/p>\n<h2>Cobertura de seguro y reembolso<\/h2>\n<p class=\" translation-block\"><span class=\"pm_ws\">Passy Muir<\/span>  no acepta seguros m\u00e9dicos como forma de\npago. Sin embargo, proporcionamos C\u00f3digos Prost\u00e9ticos\nHCPCS para nuestros productos que puede enviar a su\nproveedor de seguros para un posible reembolso.<\/p>\n<ol>\n<li class=\" translation-block\">El c\u00f3digo prot\u00e9sico HCPC es <font color=\"purple\"><strong>L8501<\/strong><\/font> para V\u00e1lvulas<\/li>\n<li class=\" translation-block\">El c\u00f3digo prot\u00e9sico HCPC es <font color=\"purple\"><strong>E1399<\/strong><\/font> para Adaptadores y Cintas Secure-It<\/li>\n<\/ol>\n<h2>C\u00f3mo hacer un pedido a un distribuidor<\/h2>\n<p class=\" translation-block\"><span class=\"pm_ws\">Passy Muir<\/span>  Tiene distribuidores locales en todo Estados\nUnidos. Haga clic aqu\u00ed para informaci\u00f3n de contacto.\nEstas compa\u00f1\u00edas llevan todos nuestros productos y\npueden ayudarlo con su pedido.<\/p>","protected":false},"excerpt":{"rendered":"Facilities and Clinical Professionals You may submit your purchase order by phone, fax, mail, or email. Phone: (949) 833-8255 Fax: (949) 833-8299 Email: orders@passymuir.com Mail: Passy-Muir Inc., &nbsp;&nbsp;&nbsp;&nbsp;&nbsp;&nbsp;&nbsp;&nbsp;PMB 273 &nbsp;&nbsp;&nbsp;&nbsp;&nbsp;&nbsp;&nbsp;&nbsp;4521 Campus Dr. &nbsp;&nbsp;&nbsp;&nbsp;&nbsp;&nbsp;&nbsp;&nbsp;Irvine, CA 92612 Purchase Order Requirements Each order must include the following information: Customer ID number, if known Billing address and phone number [&hellip;]","protected":false},"author":7,"featured_media":0,"parent":0,"menu_order":0,"comment_status":"closed","ping_status":"closed","template":"","meta":[],"yst_prominent_words":[836,2647,2645,2169,2649,2460,2354,1134,87,2466,97,86,72,2639,2066,2059,505,2461,2642,2462],"_links":{"self":[{"href":"http:\/\/142.11.238.239\/es\/wp-json\/wp\/v2\/pages\/11365"}],"collection":[{"href":"http:\/\/142.11.238.239\/es\/wp-json\/wp\/v2\/pages"}],"about":[{"href":"http:\/\/142.11.238.239\/es\/wp-json\/wp\/v2\/types\/page"}],"author":[{"embeddable":true,"href":"http:\/\/142.11.238.239\/es\/wp-json\/wp\/v2\/users\/7"}],"replies":[{"embeddable":true,"href":"http:\/\/142.11.238.239\/es\/wp-json\/wp\/v2\/comments?post=11365"}],"version-history":[{"count":21,"href":"http:\/\/142.11.238.239\/es\/wp-json\/wp\/v2\/pages\/11365\/revisions"}],"predecessor-version":[{"id":17832,"href":"http:\/\/142.11.238.239\/es\/wp-json\/wp\/v2\/pages\/11365\/revisions\/17832"}],"wp:attachment":[{"href":"http:\/\/142.11.238.239\/es\/wp-json\/wp\/v2\/media?parent=11365"}],"wp:term":[{"taxonomy":"yst_prominent_words","embeddable":true,"href":"http:\/\/142.11.238.239\/es\/wp-json\/wp\/v2\/yst_prominent_words?post=11365"}],"curies":[{"name":"wp","href":"https:\/\/api.w.org\/{rel}","templated":true}]}}