{"id":1142,"date":"2021-05-19T13:00:16","date_gmt":"2021-05-19T20:00:16","guid":{"rendered":"http:\/\/localhost:8080\/mywordpress\/nationwide-childrens-hospital\/"},"modified":"2021-05-19T12:27:21","modified_gmt":"2021-05-19T19:27:21","slug":"nationwide","status":"publish","type":"page","link":"http:\/\/142.11.238.239\/es\/nationwide\/","title":{"rendered":"Nationwide Children&#8217;s Hospital"},"content":{"rendered":"<div class=\"l2-header-con  no-banner\">\n<div class=\"l3-header-icon\">\n\t\t<img decoding=\"async\"  src=\"\/wp-content\/uploads\/2017\/05\/COE_1.jpg\" alt=\"products\" \/>\n\t<\/div>\n<div class=\"l3-header-text\" >\n\t\t\tCentros de Excelencia\n                         <\/div>\n<\/p><\/div>\n<div style=\"clear:both\"><\/div>\n<h2>Nationwide Children&#8217;s Hospital<\/h2>\n<div style=\"clear:both\"><\/div>\n<p><img decoding=\"async\" alt=\"Nationwide team photo\" class=\"image_float\" src=\"\/wp-content\/uploads\/2017\/05\/nationwide_photo.jpg\" \/><\/p>\n<p class=\"page_paragraph\"><a href=\"https:\/\/www.nationwidechildrens.org\/\">Nationwide Children\u2019s Hospital<\/a> recognizes that their work is far too important for them not to be the very best at it. They are nationally recognized for doing so. Multiple times, Nationwide Children&#8217;s has been ranked in the U.S.News &amp; World Report\u2019s \u201cAmerica\u2019s Best Children\u2019s Hospitals.\u201d They were the first freestanding pediatric hospital in Ohio to achieve magnet status, designating them as a hospital that provides world-class patient care and innovation in nursing practice. The Research Institute is ranked in the top 10 for National Institutes of Health funding among free-standing children&#8217;s hospitals.<\/p>\n<p class=\"page_paragraph translation-block\">Para asegurarse de que siguen con su misi\u00f3n,\nestablecen un camino para su futuro. Nationwide\nChildren's se ha asociado con el Departamento\nde Pediatr\u00eda de la Facultad de Medicina de la\nUniversidad Estatal de Ohio para capacitar a la\npr\u00f3xima generaci\u00f3n de pediatras, especialistas en\npediatr\u00eda y cient\u00edficos. Al ver a casi 1 mill\u00f3n de\npacientes al a\u00f1o, son una de las redes de\natenci\u00f3n m\u00e9dica pedi\u00e1trica independientes sin\nfines de lucro m\u00e1s grandes del pa\u00eds. Su personal\nhospitalario de 7.500 empleados y el personal\nm\u00e9dico de 1.000 han estado brindando la mejor\natenci\u00f3n posible desde 1892. El equipo\nmultidisciplinario de Nationwide Children's\nincorpora el uso de la V\u00e1lvula <span class=\"pm_ws\">Passy Muir<\/span><sup>\u00ae<\/sup> para\nmejorar los resultados de desarrollo para\npacientes de todas las edades. La V\u00e1lvula Passy\nMuir se utiliza en la unidad de cuidados\nintensivos neonatales, la unidad de rehabilitaci\u00f3n\ny todos sus pisos de cuidados intensivos. Los\npacientes tambi\u00e9n pueden ser evaluados para el\nuso de la V\u00e1lvula <span class=\"pm_ws\">Passy Muir<\/span> como paciente\nambulatorio a trav\u00e9s de la Cl\u00ednica de O\u00eddo, Nariz\ny Garganta o Cl\u00ednica de V\u00edas A\u00e9reas.<\/p>\n<h2 class=\"seminars_header\">Historia de \u00c9xito<\/h2>\n<style>.embed-container { position: relative; padding-bottom: 56.25%; height: 0; overflow: hidden; max-width: 100%; } .embed-container iframe, .embed-container object, .embed-container embed { position: absolute; top: 0; left: 0; width: 100%; height: 100%; }<\/style>\n<div class='embed-container'><iframe src='https:\/\/www.youtube.com\/embed\/P-wXoY_zgMA?rel=0' frameborder='0' allowfullscreen><\/iframe><\/div>\n<h2 class=\"seminars_header\">Pol\u00edticas y Procedimientos<\/h2>\n<p class=\"page_paragraph translation-block\"><a href=\"\/wp-content\/uploads\/2018\/10\/nationwide_PMV_protocol.pdf\" target=\"_self\">Haga clic aqu\u00ed<\/a> para descargar \"Evaluaci\u00f3n de la\ndisponibilidad y uso de las v\u00e1lvulas Passy Muir<sup>\u00ae<\/sup>\"\nde Nationwide Children\u2019s.<\/p>\n<h2 class=\"seminars_header\">Publicaciones y Presentaciones<\/h2>\n<p class=\"page_paragraph translation-block\"><a href=\"http:\/\/www.nicmag.ca\/pdf\/NIC-24-7-ND-2011-web.pdf\" target=\"_self\">Uso de la V\u00e1lvula <span class=\"pm_ws\">Passy Muir<\/span><sup>\u00ae<\/sup> en la unidad de\ncuidados intensivos neonatales<\/a><\/p>\n<p class=\"page_paragraph translation-block\"><a href=\"\/wp-content\/uploads\/2018\/10\/nationwide-new.pdf\" target=\"_self\">Uso de la V\u00e1lvula <span class=\"pm_ws\">Passy Muir<\/span><sup>\u00ae<\/sup> en la UCIN<\/a><\/p>","protected":false},"excerpt":{"rendered":"Centers of Excellence Nationwide Children&#8217;s Hospital Nationwide Children\u2019s Hospital recognizes that their work is far too important for them not to be the very best at it. They are nationally recognized for doing so. Multiple times, Nationwide Children&#8217;s has been ranked in the U.S.News &amp; World Report\u2019s \u201cAmerica\u2019s Best Children\u2019s Hospitals.\u201d They were the first [&hellip;]","protected":false},"author":6,"featured_media":1141,"parent":0,"menu_order":0,"comment_status":"closed","ping_status":"closed","template":"","meta":[],"yst_prominent_words":[83,2257,3747,374,375,730,373,82,75,65,2258,2256,372,371,86,72,74,73,62],"_links":{"self":[{"href":"http:\/\/142.11.238.239\/es\/wp-json\/wp\/v2\/pages\/1142"}],"collection":[{"href":"http:\/\/142.11.238.239\/es\/wp-json\/wp\/v2\/pages"}],"about":[{"href":"http:\/\/142.11.238.239\/es\/wp-json\/wp\/v2\/types\/page"}],"author":[{"embeddable":true,"href":"http:\/\/142.11.238.239\/es\/wp-json\/wp\/v2\/users\/6"}],"replies":[{"embeddable":true,"href":"http:\/\/142.11.238.239\/es\/wp-json\/wp\/v2\/comments?post=1142"}],"version-history":[{"count":6,"href":"http:\/\/142.11.238.239\/es\/wp-json\/wp\/v2\/pages\/1142\/revisions"}],"predecessor-version":[{"id":16300,"href":"http:\/\/142.11.238.239\/es\/wp-json\/wp\/v2\/pages\/1142\/revisions\/16300"}],"wp:featuredmedia":[{"embeddable":true,"href":"http:\/\/142.11.238.239\/es\/wp-json\/wp\/v2\/media\/1141"}],"wp:attachment":[{"href":"http:\/\/142.11.238.239\/es\/wp-json\/wp\/v2\/media?parent=1142"}],"wp:term":[{"taxonomy":"yst_prominent_words","embeddable":true,"href":"http:\/\/142.11.238.239\/es\/wp-json\/wp\/v2\/yst_prominent_words?post=1142"}],"curies":[{"name":"wp","href":"https:\/\/api.w.org\/{rel}","templated":true}]}}