{"id":1146,"date":"2021-05-27T16:13:05","date_gmt":"2021-05-27T23:13:05","guid":{"rendered":"http:\/\/localhost:8080\/mywordpress\/barlow-respiratory-hospital\/"},"modified":"2021-06-09T15:05:01","modified_gmt":"2021-06-09T22:05:01","slug":"barlow","status":"publish","type":"page","link":"http:\/\/142.11.238.239\/es\/barlow\/","title":{"rendered":"Barlow Respiratory Hospital"},"content":{"rendered":"<div class=\"l2-header-con  no-banner\">\n<div class=\"l3-header-icon\">\n\t\t<img decoding=\"async\"  src=\"\/wp-content\/uploads\/2017\/05\/COE_1.jpg\" alt=\"products\" \/>\n\t<\/div>\n<div class=\"l3-header-text\" >\n\t\t\tCentros de Excelencia\n                         <\/div>\n<\/p><\/div>\n<div style=\"clear:both\"><\/div>\n<h2>Barlow Respiratory Hospital  <\/h2>\n<div style=\"clear:both\"><\/div>\n<p><img decoding=\"async\" class=\"image_float\" alt=\"Barlow Respiratory Hospital team\" src=\"\/wp-content\/uploads\/2017\/05\/group_shot2.jpg\"\/><\/p>\n<p class=\"page_paragraph translation-block\">Especializado en la desconexi\u00f3n del ventilador, la\nrehabilitaci\u00f3n pulmonar y el cuidado de pacientes\nm\u00e9dicamente complejos, el Barlow Respiratory\nHospital en Los \u00c1ngeles, California, cumple su\nmisi\u00f3n de ayudar a los pacientes a respirar mejor.\nComo un hospital de cuidados agudos a largo\nplazo (LTAC, por sus siglas en ingl\u00e9s), el Barlow\ngoza de amplia confianza en la atenci\u00f3n\nespecializada que ofrecemos a pacientes\ncr\u00f3nicos y cr\u00edticos en el entorno posterior a la\nUCI.<\/p>\n<p class=\"page_paragraph\">The physician-led interdisciplinary team includes nurses, respiratory therapists, social workers, physical and occupational therapists, speech-language pathologists, case managers, and dietitians. The \u201crehabilitative\u201d model of care has long been embraced in the management of the nearly 800 patients admitted each year, 300 of which, on average, are admitted with a tracheostomy. The Barlow Respiratory Hospital incorporates the use of the <span class=\"pm_ws\">Passy Muir<\/span><sup>\u00ae<\/sup> Valve at every opportunity, to enhance the ventilator weaning experience and improve decannulation outcomes. Every tracheostomy and ventilator patient is assessed within 72 hours of admission for the opportunity to use the <span class=\"pmv_ws\"><span class=\"pm_ws\"><span class=\"pm_ws\">Passy Muir<\/span><\/span> Valve<\/span>.<\/p>\n<p class=\"page_paragraph translation-block\">El Barlow Respiratory Hospital and Research\nCenter fue el primero en desarrollar y publicar un\nprotocolo espec\u00edficamente para pacientes de\ndesconexi\u00f3n de la ventilaci\u00f3n mec\u00e1nica\nprolongada. El protocolo espec\u00edfico para el\npaciente implementado por el terapeuta (TIPS<sup>\u00a9<\/sup>),\ndesarrollado por los neum\u00f3logos de Barlow y\nbasado en a\u00f1os de pr\u00e1ctica especializada, ha\nsido reconocido a nivel nacional y ampliamente\nadoptado por otros hospitales. La introducci\u00f3n de\nla V\u00e1lvula Passy Muir durante el proceso de\ndesconexi\u00f3n es un est\u00e1ndar de pr\u00e1ctica en\nBarlow. Cuando se trata de brindar atenci\u00f3n de\nclase mundial, as\u00ed como reg\u00edmenes de\ntratamiento intensivo e individualizado para\nenfermedades respiratorias y complejas, Barlow\ntiene la reputaci\u00f3n de ser uno de los mejores.<\/p>\n<h2 class=\"seminars_header\">Historias de \u00e9xito<\/h2>\n<div class=\"row\">\n<div class=\"col-sm-6\">\n<div style=\"max-width: 600px; margin-left: auto; margin-right: auto;\">\n<style>.codegena{position:relative;width:100%;height:0;padding-bottom:56.27198%;}.codegena iframe{position:absolute;top:0;left:0;width:100%;height:100%;}\/*Youtube Embed Code : Created with Codegena.com *\/<\/style>\n<div class=\"codegena\"><iframe loading=\"lazy\" src=\"https:\/\/www.youtube.com\/embed\/BbUMbq6DcSI?rel=0\" width=\"320\" height=\"215\" frameborder=\"0\" allowfullscreen=\"allowfullscreen\"><\/iframe><\/div>\n<\/div>\n<\/div>\n<div class=\"col-sm-6\">\n<div style=\"max-width: 600px; margin-left: auto; margin-right: auto;\">\n<style>.codegena{position:relative;width:100%;height:0;padding-bottom:56.27198%;}.codegena iframe{position:absolute;top:0;left:0;width:100%;height:100%;}\/*Youtube Embed Code : Created with Codegena.com *\/<\/style>\n<div class=\"codegena\"><iframe loading=\"lazy\" src=\"https:\/\/www.youtube.com\/embed\/lz21bjtamwU?rel=0\" width=\"320\" height=\"215\" frameborder=\"0\" allowfullscreen=\"allowfullscreen\"><\/iframe><\/div>\n<\/div>\n<\/div>\n<\/div>\n<p>&nbsp;<\/p>\n<h2 class=\"seminars_header\">Publicaciones y Presentaciones<\/h2>\n<p class=\"page_paragraph\"><a href=\"\/wp-content\/uploads\/2018\/10\/barlow_publications.pdf\">Barlow Respiratory Research Center Publications<\/a><\/p>\n<p class=\"page_paragraph\"><a href=\"\/wp-content\/uploads\/2018\/10\/nalth_fall_2010.pdf\">NALTH Fall 2010 Member Spotlight<\/a><\/p>\n<h2 class=\"seminars_header\">Pol\u00edticas y Procedimientos<\/h2>\n<p class=\"page_paragraph\"><a href=\"\/wp-content\/uploads\/2018\/10\/barlow_p_and_p.pdf\">Haga clic aqu\u00ed para descargar las pol\u00edticas y\nprocedimientos del Barlow Respiratory <\/a><\/p>","protected":false},"excerpt":{"rendered":"Centers of Excellence Barlow Respiratory Hospital Specializing in ventilator weaning, pulmonary rehabilitation, and care of medically complex patients, Barlow Respiratory Hospital in Los Angeles, California, delivers on its mission to help patients breathe easier. As a long-term acute care (LTAC) hospital, Barlow is widely trusted for the specialized care we offer to chronically, critically ill [&hellip;]","protected":false},"author":6,"featured_media":1145,"parent":0,"menu_order":0,"comment_status":"closed","ping_status":"closed","template":"","meta":[],"yst_prominent_words":[1792,1789,290,1993,350,87,65,86,72,62,209,1203,1992,1300,1793,1994,81,312,1991,310],"_links":{"self":[{"href":"http:\/\/142.11.238.239\/es\/wp-json\/wp\/v2\/pages\/1146"}],"collection":[{"href":"http:\/\/142.11.238.239\/es\/wp-json\/wp\/v2\/pages"}],"about":[{"href":"http:\/\/142.11.238.239\/es\/wp-json\/wp\/v2\/types\/page"}],"author":[{"embeddable":true,"href":"http:\/\/142.11.238.239\/es\/wp-json\/wp\/v2\/users\/6"}],"replies":[{"embeddable":true,"href":"http:\/\/142.11.238.239\/es\/wp-json\/wp\/v2\/comments?post=1146"}],"version-history":[{"count":5,"href":"http:\/\/142.11.238.239\/es\/wp-json\/wp\/v2\/pages\/1146\/revisions"}],"predecessor-version":[{"id":16384,"href":"http:\/\/142.11.238.239\/es\/wp-json\/wp\/v2\/pages\/1146\/revisions\/16384"}],"wp:featuredmedia":[{"embeddable":true,"href":"http:\/\/142.11.238.239\/es\/wp-json\/wp\/v2\/media\/1145"}],"wp:attachment":[{"href":"http:\/\/142.11.238.239\/es\/wp-json\/wp\/v2\/media?parent=1146"}],"wp:term":[{"taxonomy":"yst_prominent_words","embeddable":true,"href":"http:\/\/142.11.238.239\/es\/wp-json\/wp\/v2\/yst_prominent_words?post=1146"}],"curies":[{"name":"wp","href":"https:\/\/api.w.org\/{rel}","templated":true}]}}