{"id":1165,"date":"2021-05-27T09:00:57","date_gmt":"2021-05-27T16:00:57","guid":{"rendered":"http:\/\/localhost:8080\/mywordpress\/silvercrest-center-for-nursing-and-rehabilitation\/"},"modified":"2021-05-27T08:23:31","modified_gmt":"2021-05-27T15:23:31","slug":"silvercrest","status":"publish","type":"page","link":"http:\/\/142.11.238.239\/es\/silvercrest\/","title":{"rendered":"Silvercrest Center for Nursing and Rehabilitation"},"content":{"rendered":"<div class=\"l2-header-con  no-banner\">\n<div class=\"l3-header-icon\">\n\t\t<img decoding=\"async\"  src=\"\/wp-content\/uploads\/2017\/05\/COE_1.jpg\" alt=\"products\" \/>\n\t<\/div>\n<div class=\"l3-header-text\" >\n\t\t\tCentros de Excelencia\n                         <\/div>\n<\/p><\/div>\n<div style=\"clear:both\"><\/div>\n<h2>Silvercrest Center for Nursing and Rehabilitation<\/h2>\n<div style=\"clear:both\"><\/div>\n<p><img decoding=\"async\" class=\"image_float\" alt=\"Silvercrest Center team\" src=\"\/wp-content\/uploads\/2017\/05\/group_silvercrest.JPG\"\/><\/p>\n<p class=\"page_paragraph translation-block\"><a href=\"https:\/\/silvercrest.org\/\" target=\"_self\">El Centro Silvercrest de Enfermer\u00eda y\nRehabilitaci\u00f3n<\/a> (SCNR) es un centro de cuidados\na largo plazo y subagudos con 320 camas. El\nSCNR tiene el mayor programa de desconexi\u00f3n\nde traqueostom\u00eda y de pacientes dependientes de\nventilador en el estado de Nueva York. Han\nestablecido los est\u00e1ndares para el cuidado del\nventilador en el estado de Nueva York, ya que su\nmodelo de equipo interdisciplinario garantiza una\natenci\u00f3n integral y coordinada. El \"Equipo de\nventilaci\u00f3n\" se re\u00fane regularmente para discutir\nlos objetivos espec\u00edficos del paciente para los\ncandidatos de rehabilitaci\u00f3n y para maximizar la\ncalidad de vida de cada persona. Los pacientes\nson evaluados por la tolerancia al desinflado del\nmanguito y el flujo de la v\u00eda a\u00e9rea superior para\nfacilitar la comunicaci\u00f3n verbal y la protecci\u00f3n de\nla v\u00eda a\u00e9rea durante la degluci\u00f3n.<\/p>\n<p><img decoding=\"async\" class=\"image_float_right\" alt=\"patient using speech recognition software\" src=\"\/wp-content\/uploads\/2017\/05\/IMG_7341-dragon.jpg\"\/><\/p>\n<p class=\"page_paragraph translation-block\">La V\u00e1lvula <span class=\"pm_ws\">Passy Muir<\/span><sup>\u00ae<\/sup> se utiliza como un paso\nen el proceso de desconexi\u00f3n y decanulaci\u00f3n\ncuando el paciente comienza a restaurar un\n\"sistema cerrado\" mientras mejora la funci\u00f3n de\ndegluci\u00f3n. Los pat\u00f3logos del habla a tiempo\ncompleto y el personal de terapia respiratoria de\n24 horas trabajan en estrecha colaboraci\u00f3n con el\nequipo m\u00e9dico para permitir opciones de\ncomunicaci\u00f3n verbal para aquellos que pueden\nbeneficiarse. Los pacientes dependientes de\nventilador participan en la terapia de rehabilitaci\u00f3n\ncon las terapias f\u00edsica, ocupacional, del habla y de\nrecreaci\u00f3n, mientras est\u00e1n conectados a sus\nventiladores port\u00e1tiles. A pesar de las complejas\ncondiciones m\u00e9dicas que est\u00e1n presentes en la\nunidad de ventilaci\u00f3n, muchos pacientes\nmaximizan su calidad de vida al comunicar\nverbalmente sus intenciones y necesidades. No\nes raro ver a un paciente conectado a un\nventilador mientras baila y canta en la pista de\nbaile durante un evento especial en Silvercrest.<\/p>\n<h2 class=\"seminars_header\">Historia de \u00c9xito<\/h2>\n<style>.embed-container { position: relative; padding-bottom: 56.25%; height: 0; overflow: hidden; max-width: 100%; } .embed-container iframe, .embed-container object, .embed-container embed { position: absolute; top: 0; left: 0; width: 100%; height: 100%; }<\/style>\n<div class='embed-container'><iframe src='https:\/\/www.youtube.com\/embed\/QoiPKF-4tnA?rel=0' frameborder='0' allowfullscreen><\/iframe><\/div>\n<h2 class=\"seminars_header\">Pol\u00edticas y Procedimientos<\/h2>\n<p class=\"page_paragraph translation-block\"><a href=\"\/wp-content\/uploads\/2018\/10\/silvercrest_pp.pdf\" target=\"_self\">Haga clic aqu\u00ed<\/a> para descargar la Pol\u00edtica y Procedimiento de <span class=\"pm_ws\">Passy Muir<\/span> de Silvercrest<\/p>\n<h2 class=\"seminars_header\">Publicaciones y Presentaciones<\/h2>\n<p class=\"page_paragraph\"><a href=\"\/wp-content\/uploads\/2018\/10\/upgrading_respiratory_services.pdf\">Long Term Living: For the Continuing Care Professional &#8211; Upgrading Respiratory Services<\/a><\/p>\n<p class=\"page_paragraph\"><a href=\"http:\/\/sig13perspectives.pubs.asha.org\/article.aspx?articleid=1783522\">Concepts in Ventilator Weaning: Challenges for the Patient with Dysphagia<\/a><\/p>\n<p class=\"page_paragraph\"><a href=\"http:\/\/sig13perspectives.pubs.asha.org\/article.aspx?articleid=1773246\">The Interaction of Pulmonary Physiology and Swallowing: A Juggling Act for the Physician and Speech-Language Pathologist<\/a><\/p>","protected":false},"excerpt":{"rendered":"Centers of Excellence Silvercrest Center for Nursing and Rehabilitation Silvercrest Center for Nursing and Rehabilitation (SCNR) is a 320 bed subacute and long-term care facility. SCNR has the largest tracheostomy and ventilator-dependent weaning program in New York State. They have set the standards for ventilator care in NYS as their interdisciplinary team model ensures comprehensive, [&hellip;]","protected":false},"author":6,"featured_media":1163,"parent":0,"menu_order":0,"comment_status":"closed","ping_status":"closed","template":"","meta":[],"yst_prominent_words":[290,308,378,376,386,379,72,385,209,80,382,1304,383,380,377,384,289,312,381,310],"_links":{"self":[{"href":"http:\/\/142.11.238.239\/es\/wp-json\/wp\/v2\/pages\/1165"}],"collection":[{"href":"http:\/\/142.11.238.239\/es\/wp-json\/wp\/v2\/pages"}],"about":[{"href":"http:\/\/142.11.238.239\/es\/wp-json\/wp\/v2\/types\/page"}],"author":[{"embeddable":true,"href":"http:\/\/142.11.238.239\/es\/wp-json\/wp\/v2\/users\/6"}],"replies":[{"embeddable":true,"href":"http:\/\/142.11.238.239\/es\/wp-json\/wp\/v2\/comments?post=1165"}],"version-history":[{"count":7,"href":"http:\/\/142.11.238.239\/es\/wp-json\/wp\/v2\/pages\/1165\/revisions"}],"predecessor-version":[{"id":16334,"href":"http:\/\/142.11.238.239\/es\/wp-json\/wp\/v2\/pages\/1165\/revisions\/16334"}],"wp:featuredmedia":[{"embeddable":true,"href":"http:\/\/142.11.238.239\/es\/wp-json\/wp\/v2\/media\/1163"}],"wp:attachment":[{"href":"http:\/\/142.11.238.239\/es\/wp-json\/wp\/v2\/media?parent=1165"}],"wp:term":[{"taxonomy":"yst_prominent_words","embeddable":true,"href":"http:\/\/142.11.238.239\/es\/wp-json\/wp\/v2\/yst_prominent_words?post=1165"}],"curies":[{"name":"wp","href":"https:\/\/api.w.org\/{rel}","templated":true}]}}