{"id":1180,"date":"2021-05-19T13:00:06","date_gmt":"2021-05-19T20:00:06","guid":{"rendered":"http:\/\/localhost:8080\/mywordpress\/ambassador-health\/"},"modified":"2021-05-19T12:15:41","modified_gmt":"2021-05-19T19:15:41","slug":"ambassador","status":"publish","type":"page","link":"http:\/\/142.11.238.239\/es\/ambassador\/","title":{"rendered":"Ambassador Health"},"content":{"rendered":"<div class=\"l3-header-con  no-banner\">\n<div class=\"l3-header-icon\">\n\t\t<img decoding=\"async\"  src=\"\/wp-content\/uploads\/2017\/05\/COE_1.jpg\" alt=\"products\" \/>\n\t<\/div>\n<div class=\"l3-header-text no-banner\" >\n\t\t\tCentros de Excelencia\n                         <\/div>\n<\/p><\/div>\n<div style=\"clear:both\"><\/div>\n<h2>Ambassador Health<\/h2>\n<p><img decoding=\"async\" alt=\"Ambassador team photo\" class=\"image_float\" src=\"\/wp-content\/uploads\/2017\/05\/ambassador-tao.jpg\" \/><\/p>\n<p class=\"page_paragraph\">With decades of experience, <a href=\"https:\/\/www.ambassadorhealth.com\">Ambassador Health<\/a> continues to be a regional leader in post-acute health care. A family-owned organization, Ambassador Health operates several skilled nursing and rehabilitation centers in Nebraska and Iowa. Of the locations, Ambassador Health of Lincoln and Ambassador Health of Omaha specialize in caring for patients with pulmonary diseases. Utilizing the latest respiratory equipment and cutting-edge treatments like the <span class=\"pm_ws\">Passy Muir<\/span><sup>\u00ae<\/sup> Valve, Ambassador Health specializes in ventilator and tracheotomy care for the treatment of conditions ranging from brain injuries to neuromuscular disease processes.<\/p>\n<p class=\"page_paragraph\">En promedio, Ambassador Health of Lincoln y\nAmbassador Health of Omaha brindan atenci\u00f3n\npulmonar especializada para pacientes adultos\ncon ventilaci\u00f3n mec\u00e1nica y para pacientes\npedi\u00e1tricos con traqueostom\u00eda\/ventilaci\u00f3n\nmec\u00e1nica. Bajo el liderazgo de un m\u00e9dico\npulmonar certificado por el consejo, el\nexperimentado equipo de enfermer\u00eda y terapia\nrespiratoria de Ambassador Health brinda\natenci\u00f3n de 24 horas para satisfacer las\nnecesidades altamente individualizadas de sus\npacientes pulmonares. Los terapeutas\nrespiratorios registrados y autorizados est\u00e1n en\nservicio las 24 horas del d\u00eda, los 7 d\u00edas de la\nsemana.<\/p>\n<p><img decoding=\"async\" alt=\"Ambassador team photo\" class=\"image_float_right\" src=\"\/wp-content\/uploads\/2017\/05\/tal.jpg\" \/><\/p>\n<p class=\"page_paragraph\">On average, 60-70% of Ambassador Health&#8217;s pulmonary patients use the <span class=\"pmv_ws\"><span class=\"pm_ws\"><span class=\"pm_ws\">Passy Muir<\/span><\/span> Valve<\/span> on a regular basis. Within the last several years, every patient weaning from the ventilator has utilized the <span class=\"pmv_ws\"><span class=\"pm_ws\"><span class=\"pm_ws\">Passy Muir<\/span><\/span> Valve<\/span> to aid in the weaning process. Respiratory therapists and speech pathologists collaborate for implementation of <span class=\"pmv_ws\"><span class=\"pm_ws\"><span class=\"pm_ws\">Passy Muir<\/span><\/span> Valve<\/span> trials to support swallowing assessment and treatment with the goal for patients to return to oral feeding.<\/p>\n<p class=\"page_paragraph translation-block\">La v\u00e1lvula tambi\u00e9n aumenta la capacidad de\nmanejar las secreciones, ayuda en el proceso de\nfortalecimiento y permite a los pacientes obtener\no mantener su independencia al poder\ncomunicarse. Dicha comunicaci\u00f3n es invaluable\nya que los pacientes trabajan con el personal\npara su cuidado diario e interact\u00faan con\nfamiliares y amigos durante todo el d\u00eda. Los\npacientes y el personal est\u00e1n muy agradecidos de\nque la V\u00e1lvula Passy Muir sea una opci\u00f3n, y est\u00e9\ndisponible para mejorar el tratamiento y la calidad\nde vida en sus instalaciones.<\/p>\n<h2 class=\"seminars_header\">Historia de \u00c9xito<\/h2>\n<style>.embed-container { position: relative; padding-bottom: 56.25%; height: 0; overflow: hidden; max-width: 100%; } .embed-container iframe, .embed-container object, .embed-container embed { position: absolute; top: 0; left: 0; width: 100%; height: 100%; }<\/style>\n<div class='embed-container'><iframe src='https:\/\/www.youtube.com\/embed\/pqu6qprHlR0?rel=0' frameborder='0' allowfullscreen><\/iframe><\/div>\n<h2 class=\"seminars_header\">Pol\u00edticas y Procedimientos<\/h2>\n<p class=\"page_paragraph translation-block\"><a href=\"http:\/\/passy-muir.com\/sites\/default\/files\/policy_and_procedure2.pdf\" target=\"_self\">Haga clic aqu\u00ed para descargar la Pol\u00edtica y Procedimiento de la V\u00e1lvula <span class=\"pm_ws\">Passy Muir<\/span><sup>\u00ae<\/sup> de Ambassador<\/a><\/p>","protected":false},"excerpt":{"rendered":"Centers of Excellence Ambassador Health With decades of experience, Ambassador Health continues to be a regional leader in post-acute health care. A family-owned organization, Ambassador Health operates several skilled nursing and rehabilitation centers in Nebraska and Iowa. Of the locations, Ambassador Health of Lincoln and Ambassador Health of Omaha specialize in caring for patients with [&hellip;]","protected":false},"author":6,"featured_media":1178,"parent":0,"menu_order":0,"comment_status":"closed","ping_status":"closed","template":"","meta":[],"yst_prominent_words":[83,295,297,299,303,300,296,302,301,298,82,75,65,72,74,73,62,209,281,3203],"_links":{"self":[{"href":"http:\/\/142.11.238.239\/es\/wp-json\/wp\/v2\/pages\/1180"}],"collection":[{"href":"http:\/\/142.11.238.239\/es\/wp-json\/wp\/v2\/pages"}],"about":[{"href":"http:\/\/142.11.238.239\/es\/wp-json\/wp\/v2\/types\/page"}],"author":[{"embeddable":true,"href":"http:\/\/142.11.238.239\/es\/wp-json\/wp\/v2\/users\/6"}],"replies":[{"embeddable":true,"href":"http:\/\/142.11.238.239\/es\/wp-json\/wp\/v2\/comments?post=1180"}],"version-history":[{"count":9,"href":"http:\/\/142.11.238.239\/es\/wp-json\/wp\/v2\/pages\/1180\/revisions"}],"predecessor-version":[{"id":16292,"href":"http:\/\/142.11.238.239\/es\/wp-json\/wp\/v2\/pages\/1180\/revisions\/16292"}],"wp:featuredmedia":[{"embeddable":true,"href":"http:\/\/142.11.238.239\/es\/wp-json\/wp\/v2\/media\/1178"}],"wp:attachment":[{"href":"http:\/\/142.11.238.239\/es\/wp-json\/wp\/v2\/media?parent=1180"}],"wp:term":[{"taxonomy":"yst_prominent_words","embeddable":true,"href":"http:\/\/142.11.238.239\/es\/wp-json\/wp\/v2\/yst_prominent_words?post=1180"}],"curies":[{"name":"wp","href":"https:\/\/api.w.org\/{rel}","templated":true}]}}