{"id":1191,"date":"2021-05-17T16:00:16","date_gmt":"2021-05-17T23:00:16","guid":{"rendered":"http:\/\/localhost:8080\/mywordpress\/swiss-paraplegic-centre\/"},"modified":"2021-05-17T15:36:00","modified_gmt":"2021-05-17T22:36:00","slug":"swiss_paraplegic","status":"publish","type":"page","link":"http:\/\/142.11.238.239\/es\/swiss_paraplegic\/","title":{"rendered":"Swiss Paraplegic Centre"},"content":{"rendered":"<div class=\"l2-header-con  no-banner\">\n<div class=\"l3-header-icon\">\n\t\t<img decoding=\"async\"  src=\"\/wp-content\/uploads\/2017\/05\/COE_1.jpg\" alt=\"products\" \/>\n\t<\/div>\n<div class=\"l3-header-text\" >\n\t\t\tCentros de Excelencia\n                         <\/div>\n<\/p><\/div>\n<div style=\"clear:both\"><\/div>\n<h2>Swiss Paraplegic Centre<\/h2>\n<div style=\"clear:both\"><\/div>\n<p><img decoding=\"async\" class=\"image_float\" alt=\"Swiss Paraglegic Centre, a Passy Muir Center of Excellence\" src=\"\/wp-content\/uploads\/2017\/05\/swiss_paraplegic.jpg\"\/><\/p>\n<p class=\"page_paragraph translation-block\">El <a href=\"https:\/\/www.paraplegie.ch\/spz\/en\" target=\"_self\">Swiss Paraplegic Centre<\/a> (SPC) en Nottwil,\nSuiza, brinda atenci\u00f3n de por vida a personas con\nlesiones de la m\u00e9dula espinal y enfermedades\nneurol\u00f3gicas similares. El equipo interdisciplinario\nque se requiere para administrar medicina integral\nrepresenta una ventaja considerable para su\nespecialidad, la \u201cParaplegiolog\u00eda\u201d. La\nrehabilitaci\u00f3n integral de una persona con lesi\u00f3n\nde la m\u00e9dula espinal comienza el d\u00eda del\naccidente. El tratamiento m\u00e9dico necesario para\nla paraplejia o la tetraplejia se administra por un\nlado, mientras que, por el otro, su objetivo es\nrestaurar la estructura de las personalidades y las\nvidas de los pacientes tanto como sea posible. Se\ntrata de aspectos psicol\u00f3gicos, som\u00e1ticos y\nsociales, incluidos el trabajo y la vida familiar.<\/p>\n<p class=\"page_paragraph\">El Swiss Paraplegic Centre, que es propiedad de\nuna fundaci\u00f3n, se especializa en la atenci\u00f3n\nprimaria y la rehabilitaci\u00f3n de pacientes con\nlesiones de la m\u00e9dula espinal. Adem\u00e1s de los\nservicios m\u00e9dicos y terap\u00e9uticos, tambi\u00e9n ofrece\ndiversos servicios de asesoramiento y est\u00e1\nconectado a un centro de investigaci\u00f3n en el\ncampo de la lesi\u00f3n de la m\u00e9dula espinal. El\nhospital cuenta con 150 camas que incluyen una\nUCI con 10 camas. El SPC ofrece terapia y\ncapacitaci\u00f3n tanto para pacientes hospitalizados\ncomo ambulatorios.<\/p>\n<p class=\"page_paragraph translation-block\">El SPC se enorgullece de tener un \"Equipo de\ntraqueostom\u00eda\" interdisciplinario, que garantiza\nque se satisfagan las complejas necesidades de\nlos pacientes. El equipo interdisciplinario incluye\ndoctores en medicina, como intensivistas y\nparaplegi\u00f3logos, el equipo de atenci\u00f3n\nrespiratoria, pat\u00f3logos del habla y lenguaje y\nenfermeras. El SPC tambi\u00e9n incluye el Centro de\ndesconexi\u00f3n suizo para pacientes con una\ndesconexi\u00f3n fallida o prolongada del ventilador. El\nequipo fomenta el uso temprano de la V\u00e1lvula\n<span class=\"pm_ws\">Passy Muir<\/span><sup>\u00ae<\/sup> en el proceso de convalecencia.<\/p>\n<p class=\"page_paragraph translation-block\">Muchos pacientes pueden aumentar su calidad\nde vida con la V\u00e1lvula <span class=\"pm_ws\">Passy Muir<\/span> ya que son\ncapaces de comunicarse verbalmente y mejorar\nsu funci\u00f3n de degluci\u00f3n gracias a un tracto aerodigestivo\nrestaurado. La V\u00e1lvula Passy Muir ayuda a desconectar a los pacientes del\nventilador y acelera el proceso de decanulaci\u00f3n.\nLa V\u00e1lvula <span class=\"pm_ws\">Passy Muir<\/span><sup>\u00ae<\/sup> 007 (Aqua Color\u2122) se ha\nutilizado en individuos con ventilaci\u00f3n mec\u00e1nica\ndesde 1999.<\/p>\n<h2 class=\"seminars_header\">Historias de \u00e9xito<\/h2>\n<div class=\"row\">\n<div class=\"col-sm-6 centered\">\n<style>.embed-container { position: relative; padding-bottom: 56.25%; height: 0; overflow: hidden; max-width: 100%; } .embed-container iframe, .embed-container object, .embed-container embed { position: absolute; top: 0; left: 0; width: 100%; height: 100%; }<\/style>\n<div class='embed-container'><iframe src='https:\/\/www.youtube.com\/embed\/PMY0aBLdsO4?rel=0' frameborder='0' allowfullscreen><\/iframe><\/div>\n<\/p><\/div>\n<div class=\"col-sm-6 centered\">\n<style>.embed-container { position: relative; padding-bottom: 56.25%; height: 0; overflow: hidden; max-width: 100%; } .embed-container iframe, .embed-container object, .embed-container embed { position: absolute; top: 0; left: 0; width: 100%; height: 100%; }<\/style>\n<div class='embed-container'><iframe src='https:\/\/www.youtube.com\/embed\/BVjvOxWzbS4?rel=0' frameborder='0' allowfullscreen><\/iframe><\/div>\n<h4><center>Video in German<\/center><\/h4>\n<\/p><\/div>\n<section id=\"block-block-103\" class=\"block block-block clearfix\">\n<h2 class=\"seminars_header\">Pol\u00edticas y Procedimientos<\/h2>\n<p class=\"page_paragraph translation-block\"><a href=\"\/wp-content\/uploads\/2018\/10\/handhabung_sprechventil.pdf\" target=\"_blank\" rel=\"noopener noreferrer\">Haga clic aqu\u00ed<\/a> para descargar Handhabung Sprechventil del Swiss Paraplegic Centre (Alem\u00e1n)<\/p>\n<p class=\"page_paragraph translation-block\"><a href=\"\/wp-content\/uploads\/2018\/10\/swiss_paraplegic_policy_english.pdf\" target=\"_blank\" rel=\"noopener noreferrer\">Haga clic aqu\u00ed<\/a> para descargar las Instrucciones \/ Procedimiento del Swiss Paraplegic Centre para el Uso de la V\u00e1lvula de Habla (Ingl\u00e9s)<\/p>\n<h2 class=\"seminars_header\">Presentaciones y Publicaciones.<\/h2>\n<p class=\"page_paragraph\"><a href=\"https:\/\/www.booklooker.de\/app\/detail.php?setMediaType=0&#038;id=A028AWtx0000101ZZq\" target=\"_blank\" rel=\"noopener noreferrer\">Trachealkan\u00fclen Management &#8211; Dekan\u00fclierung beginnt auf der Intensivstation <strong>(Alem\u00e1n: este libro de texto para profesionales est\u00e1 en alem\u00e1n. No hay una versi\u00f3n en ingl\u00e9s disponible.)<\/strong><\/a><\/p>\n<p>\n<a href=\"\/wp-content\/uploads\/2018\/12\/AH_2018_web_lr3.pdf#page=14\"><a href=\"\/wp-content\/uploads\/2019\/01\/AH_2018_web_lr.pdf#page=14\">Caso de Estudio: Manejo de complicaciones despu\u00e9s de\nSCI y el rol de los pat\u00f3logos del habla-lenguaje en un\nequipo multidisciplinario<\/a> <strong>(English)<\/strong><br \/>\n<\/a><\/p>","protected":false},"excerpt":{"rendered":"Centers of Excellence Swiss Paraplegic Centre The Swiss Paraplegic Centre (SPC) in Nottwil, Switzerland provides lifelong care for people with spinal cord injuries and similar neurological diseases. The interdisciplinary team that is required for administering integral medicine represents a considerable advantage for their specialty, &#8220;Paraplegiology.&#8221; The comprehensive rehabilitation of a person with spinal cord injury [&hellip;]","protected":false},"author":6,"featured_media":1190,"parent":0,"menu_order":0,"comment_status":"closed","ping_status":"closed","template":"","meta":[],"yst_prominent_words":[83,409,411,412,406,410,82,75,65,408,72,74,73,62,407,405,356,413,404,403],"_links":{"self":[{"href":"http:\/\/142.11.238.239\/es\/wp-json\/wp\/v2\/pages\/1191"}],"collection":[{"href":"http:\/\/142.11.238.239\/es\/wp-json\/wp\/v2\/pages"}],"about":[{"href":"http:\/\/142.11.238.239\/es\/wp-json\/wp\/v2\/types\/page"}],"author":[{"embeddable":true,"href":"http:\/\/142.11.238.239\/es\/wp-json\/wp\/v2\/users\/6"}],"replies":[{"embeddable":true,"href":"http:\/\/142.11.238.239\/es\/wp-json\/wp\/v2\/comments?post=1191"}],"version-history":[{"count":19,"href":"http:\/\/142.11.238.239\/es\/wp-json\/wp\/v2\/pages\/1191\/revisions"}],"predecessor-version":[{"id":16220,"href":"http:\/\/142.11.238.239\/es\/wp-json\/wp\/v2\/pages\/1191\/revisions\/16220"}],"wp:featuredmedia":[{"embeddable":true,"href":"http:\/\/142.11.238.239\/es\/wp-json\/wp\/v2\/media\/1190"}],"wp:attachment":[{"href":"http:\/\/142.11.238.239\/es\/wp-json\/wp\/v2\/media?parent=1191"}],"wp:term":[{"taxonomy":"yst_prominent_words","embeddable":true,"href":"http:\/\/142.11.238.239\/es\/wp-json\/wp\/v2\/yst_prominent_words?post=1191"}],"curies":[{"name":"wp","href":"https:\/\/api.w.org\/{rel}","templated":true}]}}