{"id":11973,"date":"2019-04-01T11:53:11","date_gmt":"2019-04-01T18:53:11","guid":{"rendered":"https:\/\/www.passy-muir.com\/?page_id=11973"},"modified":"2023-05-04T13:06:10","modified_gmt":"2023-05-04T20:06:10","slug":"resources","status":"publish","type":"page","link":"http:\/\/142.11.238.239\/es\/resources\/","title":{"rendered":"RECURSOS BASADOS EN EVIDENCIA"},"content":{"rendered":"<div class=\"slideshowContainer\"><img decoding=\"async\" loading=\"lazy\" style=\"vertical-align: bottom;\" src=\"\/wp-content\/uploads\/2017\/07\/branding_bar_top_new.jpg\" alt=\"passy muir branding bar\" width=\"100%\" height=\"20px\" \/><\/div>\n<div class=\"l2-header-con banner\">\n<div class=\"l2-header-icon\"><img decoding=\"async\" title=\"RECURSOS BASADOS EN EVIDENCIA\" src=\"\/wp-content\/uploads\/2019\/01\/Research_Icon_2_100x100.jpg\" alt=\"Passy Muir's Research Icon\" \/><\/div>\n<div class=\"l2-header-text test no-banner\">\n<h1 class=\"header_nobanner_nostyle\">RECURSOS BASADOS EN EVIDENCIA<\/h1>\n<\/div>\n<\/div>\n<div style=\"clear: both;\"><\/div>\n\r\n<ul class=\"breadcrumb\">\r\n\t<li class=\"active\">RECURSOS BASADOS EN EVIDENCIA<\/li>\r\n\t<li class=\"dropdown\">\r\n\t\t<a href=\"#\" class=\"dropdown-toggle\" data-toggle=\"dropdown\">Introducci\u00f3n <b class=\"caret\"><\/b><\/a>\r\n\t\t<ul class=\"dropdown-menu\">\r\n\r\n\t\t\t<li class=\"\"><a href=\"http:\/\/142.11.238.239\/es\/evidence-based-practice\/\">Pr\u00e1ctica Basada En Evidencia<\/a><\/li>\r\n\r\n\t\t\t<li class=\"\"><a href=\"http:\/\/142.11.238.239\/es\/research-bibliographies\/\">Bibliograf\u00edas de Investigaci\u00f3n<\/a><\/li>\r\n\r\n\t\t\t<li class=\"\"><a href=\"http:\/\/142.11.238.239\/es\/passy-muir-publications\/\">Publicaciones de Passy Muir<\/a><\/li>\r\n\r\n\t\t\t<li class=\"\"><a href=\"http:\/\/142.11.238.239\/es\/product-information\/\">Informaci\u00f3n Sobre El Producto<\/a><\/li>\r\n\r\n\t\t\t<li class=\"\"><a href=\"http:\/\/142.11.238.239\/es\/clinical-resources\/\">Recursos Cl\u00ednicos<\/a><\/li>\r\n\r\n\t\t<\/ul>\r\n\t<\/li>\r\n<\/ul>\r\n\n<div class=\"section_descl2\">\n<p class=\" translation-block\">Aqu\u00ed encontrar\u00e1 acceso a art\u00edculos de revistas que\npueden ayudarle a comprender los beneficios cl\u00ednicos de\nincorporar el uso de la V\u00e1lvula <span class=\"pm_ws\">Passy Muir<\/span><sup>\u00ae<\/sup> en el\ntratamiento del paciente. Los art\u00edculos seleccionados\nenfatizan la investigaci\u00f3n basada en la evidencia, as\u00ed\ncomo un enfoque multidisciplinario para el cuidado de\npacientes con traqueostom\u00eda.<\/p>\n<\/div>\n<hr \/>\n<div class=\"row\">\n<h2 class=\"col-sm-12\">Recursos Cl\u00ednicos<\/h2>\n<\/div>\n<div class=\"row\">\n<div class=\"col-sm-3\"><a href=\"http:\/\/142.11.238.239\/es\/clinical-resources\/\"><img decoding=\"async\" title=\"Recursos Cl\u00ednicos\" src=\"\/wp-content\/uploads\/2019\/04\/Clinical_resources_4.jpg\" alt=\"Holding a sign Clinical Resources\" \/><\/a><\/div>\n<div class=\"col-sm-9\">\n<p class=\" translation-block\">Esta p\u00e1gina contiene informaci\u00f3n que ayudar\u00e1 a los m\u00e9dicos que trabajan con pacientes que utilizan V\u00e1lvulas <span class=\"pm_ws\">Passy Muir<\/span>.  Aqu\u00ed podr\u00e1 descargar gu\u00edas y art\u00edculos imprimibles, o solicitar m\u00e1s informaci\u00f3n.<\/p>\n<div><a href=\"http:\/\/142.11.238.239\/es\/clinical-resources\/\"><span class=\"order-now-header\">Aprende M\u00e1s \u2013 Recursos Cl\u00ednicos<\/span><\/a><\/div>\n<\/div>\n<\/div>\n<hr \/>\n<div class=\"row\">\n<h2 class=\"col-sm-12\">Pr\u00e1ctica Basada En Evidencia<\/h2>\n<\/div>\n<div class=\"row\">\n<div class=\"col-sm-3\"><a href=\"http:\/\/142.11.238.239\/es\/evidence-based-practice\/\"><img decoding=\"async\" title=\"Pr\u00e1ctica basada en evidencia\" src=\"\/wp-content\/uploads\/2019\/04\/Evidence_based_practice.jpg\" alt=\"Purple Stethoscope on Clipboard\" \/><\/a><\/div>\n<div class=\"col-sm-9\">\n<p class=\" translation-block\">Cuando se coloca en un tubo de traqueostom\u00eda o directo con el circuito del ventilador, la V\u00e1lvula <span class=\"pm_ws\">Passy Muir<\/span> redirige el flujo de aire a trav\u00e9s de los pliegues vocales, la boca y la nariz, permitiendo la producci\u00f3n de la voz y la comunicaci\u00f3n mejorada. A\u00f1os de investigaci\u00f3n basada en evidencia han demostrado que la V\u00e1lvula <span class=\"pm_ws\">Passy Muir<\/span>\nofrece a los pacientes numerosos beneficios cl\u00ednicos m\u00e1s all\u00e1 de la comunicaci\u00f3n, incluida la mejora de la degluci\u00f3n y el manejo de las secreciones.<\/p>\n<div><a href=\"http:\/\/142.11.238.239\/es\/evidence-based-practice\/\"><span class=\"order-now-header\">Aprende M\u00e1s \u2013 Pr\u00e1ctica Basada En Evidencia<\/span><\/a><\/div>\n<\/div>\n<\/div>\n<hr \/>\n<div class=\"row\">\n<h2 class=\"col-sm-12\">Bibliograf\u00edas de Investigaci\u00f3n<\/h2>\n<\/div>\n<div class=\"row\">\n<div class=\"col-sm-3\"><a href=\"http:\/\/142.11.238.239\/es\/research-bibliographies\/\"><img decoding=\"async\" title=\"Passy Muir Research Bibliographies\" src=\"\/wp-content\/uploads\/2019\/04\/Bibliographies2.jpg\" alt=\"Two Research Bibliographies Stacked\" \/><\/a><\/div>\n<div class=\"col-sm-9\">\n<p class=\" translation-block\">Una colecci\u00f3n de referencias recopiladas de materiales publicados sobre la traqueostom\u00eda y la V\u00e1lvula <span class=\"pm_ws\">Passy Muir<\/span>.<\/p>\n<div><a href=\"http:\/\/142.11.238.239\/es\/research-bibliographies\/\"><span class=\"order-now-header\">Aprende M\u00e1s \u2013 Bibliograf\u00edas de Investigaci\u00f3n<\/span><\/a><\/div>\n<\/div>\n<\/div>\n<hr \/>\n<div class=\"row\">\n<h2 class=\"col-sm-12\"><span class=\"pm_ws\">Passy Muir<\/span> Publications<\/h2>\n<\/div>\n<div class=\"row\">\n<div class=\"col-sm-3\"><a href=\"http:\/\/142.11.238.239\/es\/publications\/\"><img decoding=\"async\" title=\"Publicaciones de Passy Muir\" src=\"\/wp-content\/uploads\/2019\/04\/PM_Publicationse.jpg\" alt=\"Passy Muir Publications\" \/><\/a><\/div>\n<div class=\"col-sm-9\">\n<p class=\" translation-block\"><span class=\"pm_ws\">Passy Muir<\/span> presenta regularmente art\u00edculos en sus\npublicaciones sobre terapias de vanguardia y la pr\u00e1ctica cl\u00ednica basada en la evidencia obtenida de los esfuerzos\nde colaboraci\u00f3n del Equipo Cl\u00ednico de <span class=\"pm_ws\">Passy Muir<\/span> e investigadores expertos y cl\u00ednicos de diferentes\ndisciplinas y entornos. Est\u00e1n destinadas a inspirar la\ndiscusi\u00f3n sobre la V\u00e1lvula <span class=\"pm_ws\">Passy Muir<\/span><sup>\u00ae<\/sup> y avance en\ntemas relacionados con el cuidado y manejo de pacientes\ncon traqueostom\u00eda y ventilaci\u00f3n mec\u00e1nica.<\/p>\n<div><a href=\"http:\/\/142.11.238.239\/es\/publications\/\"><span class=\"order-now-header\">Aprende M\u00e1s \u2013 la V\u00e1lvula Passy Muir Publications<\/span><\/a><\/div>\n<\/div>\n<\/div>\n<hr \/>\n<div class=\"row\">\n<h2 class=\"col-sm-12\">Informaci\u00f3n Sobre El Producto<\/h2>\n<\/div>\n<div class=\"row\">\n<div class=\"col-sm-3\"><a href=\"http:\/\/142.11.238.239\/es\/product-information\/\"><img decoding=\"async\" title=\"Informaci\u00f3n Sobre El Producto\" src=\"\/wp-content\/uploads\/2019\/04\/PMV2001product.jpg\" alt=\"Passy Muir Valve PMV2001\" \/><\/a><\/div>\n<div class=\"col-sm-9\">\n<p>Instructional booklets with translations in English, Deutsch, Espa\u00f1ol, Fran\u00e7ais, Italiano, Danish, Estonian, Dutch, Portuguese, Swedish, and Turkish.<\/p>\n<div><a href=\"http:\/\/142.11.238.239\/es\/product-information\/\"><span class=\"order-now-header\">Aprende M\u00e1s \u2013  nformaci\u00f3n Sobre El Producto<\/span><\/a><\/div>\n<\/div>\n<\/div>\n<hr \/>\n<div class=\"row\">\n<h2 class=\"col-sm-12\">Recommended Publications<\/h2>\n<\/div>\n<div class=\"row\">\n<div class=\"col-sm-3\"><a href=\"http:\/\/142.11.238.239\/es\/recommended-publications\/\"><img decoding=\"async\" title=\"Recommended Publications\" src=\"\/wp-content\/uploads\/2023\/05\/stack-of-books-263x263-1.png\" alt=\"Recommended Publications\" \/><\/a><\/div>\n<div class=\"col-sm-9\">\n<p>A collection of recommended publications regarding tracheostomy and the <span class=\"pmv_ws\"><span class=\"pm_ws\"><span class=\"pm_ws\">Passy Muir<\/span><\/span> Valve<\/span>.<\/p>\n<div><a href=\"http:\/\/142.11.238.239\/es\/recommended-publications\/\"><span class=\"order-now-header\">Learn More &#8211; Recommended Publications<\/span><\/a><\/div>\n<\/div>\n<\/div>","protected":false},"excerpt":{"rendered":"Evidence-Based Resources Here you will find access to journal articles which may assist you in understanding the clinical benefits of incorporating the use of the <span class=\"pm_ws\"><span class=\"pm_ws\">Passy Muir<\/span><\/span><sup>\u00ae<\/sup> Valve into patient treatment. Articles selected emphasize evidence-based research as well as a multi-disciplinary approach to the care of patients with tracheostomy. Clinical Resources This page contains information [&hellip;]","protected":false},"author":7,"featured_media":0,"parent":0,"menu_order":0,"comment_status":"closed","ping_status":"closed","template":"","meta":[],"yst_prominent_words":[2853,217,136,4718,2852,4719,2884,1828,65,62,450,4720,2312,50,476,474,81],"_links":{"self":[{"href":"http:\/\/142.11.238.239\/es\/wp-json\/wp\/v2\/pages\/11973"}],"collection":[{"href":"http:\/\/142.11.238.239\/es\/wp-json\/wp\/v2\/pages"}],"about":[{"href":"http:\/\/142.11.238.239\/es\/wp-json\/wp\/v2\/types\/page"}],"author":[{"embeddable":true,"href":"http:\/\/142.11.238.239\/es\/wp-json\/wp\/v2\/users\/7"}],"replies":[{"embeddable":true,"href":"http:\/\/142.11.238.239\/es\/wp-json\/wp\/v2\/comments?post=11973"}],"version-history":[{"count":41,"href":"http:\/\/142.11.238.239\/es\/wp-json\/wp\/v2\/pages\/11973\/revisions"}],"predecessor-version":[{"id":18718,"href":"http:\/\/142.11.238.239\/es\/wp-json\/wp\/v2\/pages\/11973\/revisions\/18718"}],"wp:attachment":[{"href":"http:\/\/142.11.238.239\/es\/wp-json\/wp\/v2\/media?parent=11973"}],"wp:term":[{"taxonomy":"yst_prominent_words","embeddable":true,"href":"http:\/\/142.11.238.239\/es\/wp-json\/wp\/v2\/yst_prominent_words?post=11973"}],"curies":[{"name":"wp","href":"https:\/\/api.w.org\/{rel}","templated":true}]}}