{"id":1199,"date":"2021-05-19T13:00:50","date_gmt":"2021-05-19T20:00:50","guid":{"rendered":"http:\/\/localhost:8080\/mywordpress\/the-brian-center\/"},"modified":"2021-05-19T12:20:33","modified_gmt":"2021-05-19T19:20:33","slug":"brian_center","status":"publish","type":"page","link":"http:\/\/142.11.238.239\/es\/brian_center\/","title":{"rendered":"The Brian Center"},"content":{"rendered":"<div class=\"l2-header-con  no-banner\">\n<div class=\"l3-header-icon\">\n\t\t<img decoding=\"async\"  src=\"\/wp-content\/uploads\/2017\/05\/COE_1.jpg\" alt=\"products\" \/>\n\t<\/div>\n<div class=\"l3-header-text\" >\n\t\t\tCentros de Excelencia\n                         <\/div>\n<\/p><\/div>\n<div style=\"clear:both\"><\/div>\n<h2>The Brian Center<\/h2>\n<div style=\"clear:both\"><\/div>\n<p><img decoding=\"async\" alt=\"Brian Center team\" class=\"image_float\" src=\"\/wp-content\/uploads\/2017\/05\/brian_center_group.jpg\"><\/p>\n<p class=\"page_paragraph translation-block\"><a href=\"http:\/\/www.kissitopostacutealleghany.org\/\" target=\"_self\">The Brian Center<\/a>, ubicado en Virginia, es una\nunidad de ventilaci\u00f3n a largo plazo con \u00e9nfasis en\nla desconexi\u00f3n y la decanulaci\u00f3n. Al ser la \u00fanica\ninstalaci\u00f3n en el sudoeste de Virginia que acepta\npacientes con ventilador exclusivamente, The\nBrian Center tiene pacientes de Virginia, Virginia\nOccidental y Carolina del Norte y del Sur.\nAproximadamente el 45% de los pacientes en\nThe Brian Center est\u00e1n siendo desconectados\nactivamente del ventilador. La V\u00e1lvula <span class=\"pm_ws\">Passy\nMuir<\/span><sup>\u00ae<\/sup> es utilizada por la mayor\u00eda de estos\npacientes ya que es esencial para el proceso de\ndesconexi\u00f3n y para hacer que los pacientes se\nacostumbren a respirar por la boca y la nariz\nnuevamente.<\/p>\n<p class=\"page_paragraph\">Patients that initially do not tolerate cuff deflation do much better with cuff deflation once the <span class=\"pmv_ws\"><span class=\"pm_ws\"><span class=\"pm_ws\">Passy Muir<\/span><\/span> Valve<\/span> is placed.  Because patients can communicate with staff and gain a sense of control and confidence, weaning trials are tolerated more successfully with the Valve in-line. The respiratory therapists work closely with the speech-language pathologists on the treatment of swallowing and returning the patients to oral feeding.  With the use of the Valve, which restores subglottic air pressure, the therapists have seen a decrease in aspiration. The patients also notice an increase in appetite when their sense of smell and taste is restored. The clinicians at The Brian Center take great pride in offering a facility dedicated to the ventilated population and attribute much of the success of their program to their collaborative team effort and the use of the <span class=\"pmv_ws\"><span class=\"pm_ws\"><span class=\"pm_ws\">Passy Muir<\/span><\/span> Valve<\/span>.<\/p>\n<h2 class=\"seminars_header\">Historia de \u00c9xito<\/h2>\n<style>.embed-container { position: relative; padding-bottom: 56.25%; height: 0; overflow: hidden; max-width: 100%; } .embed-container iframe, .embed-container object, .embed-container embed { position: absolute; top: 0; left: 0; width: 100%; height: 100%; }<\/style>\n<div class='embed-container'><iframe src='\/\/fast.wistia.net\/embed\/iframe\/3b56brunwg' frameborder='0' allowfullscreen><\/iframe><\/div>\n<h2 class=\"seminars_header\">Pol\u00edticas y Procedimientos<\/h2>\n<p class=\"page_paragraph translation-block\"><a href=\"\/wp-content\/uploads\/2018\/10\/brian_center_pmv_policy.pdf\" target=\"_self\">Haga clic aqu\u00ed para descargar el Protocolo de la V\u00e1lvula <span class=\"pm_ws\">Passy Muir<\/span><sup>\u00ae<\/sup> de The Brian Center<\/a><\/p>","protected":false},"excerpt":{"rendered":"Centers of Excellence The Brian Center The Brian Center, located in Virginia, is a long-term ventilator unit with an emphasis on weaning and decannulation. Being the only facility in southwest Virginia that accepts ventilator patients exclusively, The Brian Center has patients from Virginia, West Virginia, and North and South Carolina. Approximately 45% of the patients [&hellip;]","protected":false},"author":6,"featured_media":1198,"parent":0,"menu_order":0,"comment_status":"closed","ping_status":"closed","template":"","meta":[],"yst_prominent_words":[83,307,305,308,315,306,314,87,82,75,65,86,72,74,73,62,81,312,309,310],"_links":{"self":[{"href":"http:\/\/142.11.238.239\/es\/wp-json\/wp\/v2\/pages\/1199"}],"collection":[{"href":"http:\/\/142.11.238.239\/es\/wp-json\/wp\/v2\/pages"}],"about":[{"href":"http:\/\/142.11.238.239\/es\/wp-json\/wp\/v2\/types\/page"}],"author":[{"embeddable":true,"href":"http:\/\/142.11.238.239\/es\/wp-json\/wp\/v2\/users\/6"}],"replies":[{"embeddable":true,"href":"http:\/\/142.11.238.239\/es\/wp-json\/wp\/v2\/comments?post=1199"}],"version-history":[{"count":7,"href":"http:\/\/142.11.238.239\/es\/wp-json\/wp\/v2\/pages\/1199\/revisions"}],"predecessor-version":[{"id":16293,"href":"http:\/\/142.11.238.239\/es\/wp-json\/wp\/v2\/pages\/1199\/revisions\/16293"}],"wp:featuredmedia":[{"embeddable":true,"href":"http:\/\/142.11.238.239\/es\/wp-json\/wp\/v2\/media\/1198"}],"wp:attachment":[{"href":"http:\/\/142.11.238.239\/es\/wp-json\/wp\/v2\/media?parent=1199"}],"wp:term":[{"taxonomy":"yst_prominent_words","embeddable":true,"href":"http:\/\/142.11.238.239\/es\/wp-json\/wp\/v2\/yst_prominent_words?post=1199"}],"curies":[{"name":"wp","href":"https:\/\/api.w.org\/{rel}","templated":true}]}}