{"id":11995,"date":"2019-04-01T12:19:37","date_gmt":"2019-04-01T19:19:37","guid":{"rendered":"https:\/\/www.passy-muir.com\/?page_id=11995"},"modified":"2020-05-06T12:51:07","modified_gmt":"2020-05-06T19:51:07","slug":"evidence-based-practice","status":"publish","type":"page","link":"http:\/\/142.11.238.239\/es\/evidence-based-practice\/","title":{"rendered":"Pr\u00e1ctica Basada En Evidencia"},"content":{"rendered":"<div class=\"l2-header-con no-banner\">\n<div class=\"l2-header-icon\"><img decoding=\"async\" src=\"\/wp-content\/uploads\/2019\/01\/Research_Icon_2_100x100.jpg\" alt=\"products\" \/><\/div>\n<div class=\"l2-header-text test no-banner\">\n<h1 class=\"header_nobanner_nostyle\">Pr\u00e1ctica Basada En Evidencia<\/h1>\n<\/div>\n<\/div>\n<div style=\"clear: both;\"><\/div>\n<div class=\"section_descl2\">\n<\/div>\n\r\n<ul class=\"breadcrumb\">\r\n\t<li class=\"active\">RECURSOS BASADOS EN EVIDENCIA<\/li>\r\n\t<li class=\"dropdown\">\r\n\t\t<a href=\"#\" class=\"dropdown-toggle\" data-toggle=\"dropdown\">Introducci\u00f3n <b class=\"caret\"><\/b><\/a>\r\n\t\t<ul class=\"dropdown-menu\">\r\n\r\n\t\t\t<li class=\"\"><a href=\"http:\/\/142.11.238.239\/es\/evidence-based-practice\/\">Pr\u00e1ctica Basada En Evidencia<\/a><\/li>\r\n\r\n\t\t\t<li class=\"\"><a href=\"http:\/\/142.11.238.239\/es\/research-bibliographies\/\">Bibliograf\u00edas de Investigaci\u00f3n<\/a><\/li>\r\n\r\n\t\t\t<li class=\"\"><a href=\"http:\/\/142.11.238.239\/es\/passy-muir-publications\/\">Publicaciones de Passy Muir<\/a><\/li>\r\n\r\n\t\t\t<li class=\"\"><a href=\"http:\/\/142.11.238.239\/es\/product-information\/\">Informaci\u00f3n Sobre El Producto<\/a><\/li>\r\n\r\n\t\t\t<li class=\"\"><a href=\"http:\/\/142.11.238.239\/es\/clinical-resources\/\">Recursos Cl\u00ednicos<\/a><\/li>\r\n\r\n\t\t<\/ul>\r\n\t<\/li>\r\n<\/ul>\r\n\n<p class=\" translation-block\">Todas las v\u00e1lvulas de traqueotom\u00eda y respirador para traqueostom\u00eda y habla (PMV\u00ae) <span class=\"pm_ws\"><span class=\"pm_ws\">Passy Muir<\/span><\/span><sup>\u00ae<\/sup> ofrecen a los pacientes numerosos beneficios cl\u00ednicos. Adem\u00e1s de la producci\u00f3n de voz y habla, las v\u00e1lvulas Passy Muir mejoran la funci\u00f3n de degluci\u00f3n, la gesti\u00f3n de las secreciones y el sentido del olfato y el gusto. Las v\u00e1lvulas pueden reducir la aspiraci\u00f3n y ayudar con el control de infecciones, el destete del ventilador y la decanulaci\u00f3n. Muchos usuarios de PMV han informado que la v\u00e1lvula <span class=\"pm_ws\"><span class=\"pm_ws\">Passy Muir<\/span><\/span><sup>\u00ae<\/sup> ha tenido un impacto positivo significativo en su calidad de vida. Las v\u00e1lvulas <span class=\"pm_ws\"><span class=\"pm_ws\">Passy Muir<\/span><\/span><sup>\u00ae<\/sup> se pueden utilizar en pacientes pedi\u00e1tricos y adultos y se conectan f\u00e1cilmente a un conector de tubo de traqueotom\u00eda est\u00e1ndar. Todas las v\u00e1lvulas <span class=\"pm_ws\"><span class=\"pm_ws\">Passy Muir<\/span><\/span><sup>\u00ae<\/sup> se fabrican con orgullo en los Estados Unidos.<\/p>\n<hr>\n<h3 class=\" translation-block\">Beneficios cl\u00ednicos de la v\u00e1lvula Passy Muir\u00ae<\/h3>\n<\/article>\n<ul>\n<li><a href=\"\/wp-content\/uploads\/2018\/10\/impact_of_inability_to_communicate.pdf\">Psychological Impact of Being Unable to Communicate 2006<\/a><\/li>\n<li><a href=\"\/wp-content\/uploads\/2018\/10\/communication_and_pmv.pdf\">Communication and the <span class=\"pm_ws\">Passy Muir<\/span><sup>\u00ae<\/sup> Valve 1994<\/a><\/li>\n<li><a href=\"\/wp-content\/uploads\/2018\/10\/effects_of_tracheostomy_tube_on_swallowing.pdf\">Effects of Tracheostomy Tube on Swallowing 1973<\/a><\/li>\n<li><a href=\"\/wp-content\/uploads\/2018\/10\/does_cuff_deflation_matter.pdf\">Does Cuff Deflation Matter? 2012<\/a><\/li>\n<li><a href=\"\/wp-content\/uploads\/2018\/10\/swallowing_benefits.pdf\"><span class=\"pm_ws\">Passy Muir<\/span><sup>\u00ae<\/sup> Valve and Swallowing Benefits 2012<\/a><\/li>\n<li><a href=\"\/wp-content\/uploads\/2018\/10\/breathing_and_swallowing_interaction.pdf\">Breathing and Swallowing Interaction 2007<\/a><\/li>\n<li><a href=\"\/wp-content\/uploads\/2018\/10\/weaning_and_decannulation.pdf\">Weaning and Decannulation 2009<\/a><\/li>\n<li><a href=\"\/wp-content\/uploads\/2018\/10\/secretion_management.pdf\">Secretion Management 1995<\/a><\/li>\n<li><a href=\"\/wp-content\/uploads\/2018\/10\/olfaction.pdf\">Olfaction 1995<\/a><\/li>\n<li><a href=\"\/wp-content\/uploads\/2018\/10\/oxygenation.pdf\">Oxygenation 1995<\/a><\/li>\n<li><a href=\"\/wp-content\/uploads\/2018\/11\/pediatrics.pdf\">Pediatric Use of the <span class=\"pm_ws\"><span class=\"pm_ws\">Passy Muir<\/span><\/span><sup>\u00ae<\/sup> Valve 2008<\/a><\/li>\n<li><a href=\"\/sites\/default\/files\/pdf\/textbooks.pdf\">Textbooks <\/a><\/li>\n<\/ul>\n<h3 id=\"patient-rights\">Derechos del paciente y seguridad del paciente<\/h3>\n<ul>\n<li><a href=\"\/wp-content\/uploads\/2018\/10\/safer_care_for_patients_with_tracheostomies.pdf\">Joint Commission Perspectives on Patient Safety 2010<\/a><\/li>\n<li><a href=\"\/wp-content\/uploads\/2018\/10\/road_map.pdf\">Joint Commission 2010 Advancing Effective Communication, Cultural Competence, and Patient and Family-Centered Care: A Roadmap for Hospitals 2010<\/a><\/li>\n<li><a href=\"\/wp-content\/uploads\/2018\/10\/discrimination.pdf\">Disability Discrimination: Quad on Ventilator Could Not Communicate With His Caregivers. Legal Eye Newsletter for the Nursing Profession. October 2007<\/a><\/li>\n<\/ul>\n<h3 id=\"tracheostomy\">\u00c1reas relacionadas<\/h3>\n<ul>\n<li><a href=\"\/wp-content\/uploads\/2018\/10\/costs_related_to_tracheostomy.pdf\">Costs Related to Care of Tracheostomy and Ventilator Patients 2009\/2012<\/a><\/li>\n<li><a href=\"\/wp-content\/uploads\/2018\/10\/benefits_of_trach_team.pdf\">The Benefits of Tracheostomy Teams 2008<\/a><\/li>\n<li><a href=\"\/wp-content\/uploads\/2018\/10\/transtracheal_pressure_manometry.pdf\">Transtracheal Pressure Manometry as Method for Assessment 2009<\/a><\/li>\n<\/ul>","protected":false},"excerpt":{"rendered":"Evidence-Based Practice All <span class=\"pm_ws\">Passy Muir<\/span> Tracheostomy &#038; Ventilator Swallowing and Speaking Valves (<span class=\"\">PMV<\/span><sup>\u00ae<\/sup>Muir ofrecen a los pacientes numerosos beneficios cl\u00ednicos. Adem\u00e1s de la producci\u00f3n de voz y habla, <span class=\"pmv_ws\"><span class=\"pm_ws\"><span class=\"pm_ws\">Passy Muir<\/span><\/span> Valves<\/span> improve swallow function, secretion management, and the sense of smell and taste. The Valves may reduce aspiration and assist with infection control, ventilator weaning, and decannulation. Many [&hellip;]","protected":false},"author":7,"featured_media":0,"parent":0,"menu_order":0,"comment_status":"closed","ping_status":"closed","template":"","meta":[],"yst_prominent_words":[83,219,136,569,82,75,261,74,73,71,385,568,203,384,50,89,81,464,312,2800],"_links":{"self":[{"href":"http:\/\/142.11.238.239\/es\/wp-json\/wp\/v2\/pages\/11995"}],"collection":[{"href":"http:\/\/142.11.238.239\/es\/wp-json\/wp\/v2\/pages"}],"about":[{"href":"http:\/\/142.11.238.239\/es\/wp-json\/wp\/v2\/types\/page"}],"author":[{"embeddable":true,"href":"http:\/\/142.11.238.239\/es\/wp-json\/wp\/v2\/users\/7"}],"replies":[{"embeddable":true,"href":"http:\/\/142.11.238.239\/es\/wp-json\/wp\/v2\/comments?post=11995"}],"version-history":[{"count":12,"href":"http:\/\/142.11.238.239\/es\/wp-json\/wp\/v2\/pages\/11995\/revisions"}],"predecessor-version":[{"id":14455,"href":"http:\/\/142.11.238.239\/es\/wp-json\/wp\/v2\/pages\/11995\/revisions\/14455"}],"wp:attachment":[{"href":"http:\/\/142.11.238.239\/es\/wp-json\/wp\/v2\/media?parent=11995"}],"wp:term":[{"taxonomy":"yst_prominent_words","embeddable":true,"href":"http:\/\/142.11.238.239\/es\/wp-json\/wp\/v2\/yst_prominent_words?post=11995"}],"curies":[{"name":"wp","href":"https:\/\/api.w.org\/{rel}","templated":true}]}}