{"id":11997,"date":"2019-04-01T12:13:49","date_gmt":"2019-04-01T19:13:49","guid":{"rendered":"https:\/\/www.passy-muir.com\/?page_id=11997"},"modified":"2020-08-20T10:44:06","modified_gmt":"2020-08-20T17:44:06","slug":"passy-muir-publications","status":"publish","type":"page","link":"http:\/\/142.11.238.239\/es\/passy-muir-publications\/","title":{"rendered":"Publicaciones de Passy Muir"},"content":{"rendered":"<div class=\"l2-header-con no-banner\">\n<div class=\"l2-header-icon\"><img decoding=\"async\" src=\"\/wp-content\/uploads\/2019\/01\/Research_Icon_2_100x100.jpg\" alt=\"products\" \/><\/div>\n<div class=\"l2-header-text test no-banner\">\n<h1 class=\"header_nobanner_nostyle\"><span class=\"pm_ws\">Passy Muir<\/span> Publications<\/h1>\n<\/div>\n<\/div>\n<div style=\"clear: both;\"><\/div>\n<p class=\" translation-block\"><span class=\"pm_ws\">Passy Muir<\/span> presenta regularmente art\u00edculos en sus\npublicaciones sobre terapias de vanguardia y la pr\u00e1ctica cl\u00ednica basada en la evidencia obtenida de los esfuerzos\nde colaboraci\u00f3n del Equipo Cl\u00ednico de <span class=\"pm_ws\">Passy Muir<\/span> e investigadores expertos y cl\u00ednicos de diferentes\ndisciplinas y entornos. Est\u00e1n destinadas a inspirar la\ndiscusi\u00f3n sobre la V\u00e1lvula <span class=\"pm_ws\">Passy Muir<\/span><sup>\u00ae<\/sup> y avance en\ntemas relacionados con el cuidado y manejo de pacientes\ncon traqueostom\u00eda y ventilaci\u00f3n mec\u00e1nica.<\/p>\n\r\n<ul class=\"breadcrumb\">\r\n\t<li class=\"active\">RECURSOS BASADOS EN EVIDENCIA<\/li>\r\n\t<li class=\"dropdown\">\r\n\t\t<a href=\"#\" class=\"dropdown-toggle\" data-toggle=\"dropdown\">Introducci\u00f3n <b class=\"caret\"><\/b><\/a>\r\n\t\t<ul class=\"dropdown-menu\">\r\n\r\n\t\t\t<li class=\"\"><a href=\"http:\/\/142.11.238.239\/es\/evidence-based-practice\/\">Pr\u00e1ctica Basada En Evidencia<\/a><\/li>\r\n\r\n\t\t\t<li class=\"\"><a href=\"http:\/\/142.11.238.239\/es\/research-bibliographies\/\">Bibliograf\u00edas de Investigaci\u00f3n<\/a><\/li>\r\n\r\n\t\t\t<li class=\"\"><a href=\"http:\/\/142.11.238.239\/es\/passy-muir-publications\/\">Publicaciones de Passy Muir<\/a><\/li>\r\n\r\n\t\t\t<li class=\"\"><a href=\"http:\/\/142.11.238.239\/es\/product-information\/\">Informaci\u00f3n Sobre El Producto<\/a><\/li>\r\n\r\n\t\t\t<li class=\"\"><a href=\"http:\/\/142.11.238.239\/es\/clinical-resources\/\">Recursos Cl\u00ednicos<\/a><\/li>\r\n\r\n\t\t<\/ul>\r\n\t<\/li>\r\n<\/ul>\r\n\n<hr>\n<div class=\"clear:both;\"><\/div>\n<div class=\"row\">\n<div class=\"col-md-3\"><img decoding=\"async\" alt=\"aerodigestive health\" class=\"shadow left_journal\" src=\"\/wp-content\/uploads\/2019\/11\/AH2019_website.jpg\" \/><\/div>\n<div class=\"col-md-9\">\n<h3>Aerodigestive Health: Fall 2019 Protocol Issue<\/h3>\n<ul>\n<li><a href=\"http:\/\/142.11.238.239\/es\/journal-3-1-dependence\/\"><a href=\"\/wp-content\/uploads\/2019\/11\/AH_2019.pdf#page=4\">\nInfantes y ni\u00f1os con traqueostom\u00eda y dependencia del ventilador en las unidades de cuidados intensivos: Candidatura e intervenci\u00f3n temprana con una v\u00e1lvula de habla sin fugas y con sesgo cerrado<\/a><\/a><\/li>\n<li><a href=\"http:\/\/142.11.238.239\/es\/journal-3-1-protocol-transitioning\/\"><a href=\"\/wp-content\/uploads\/2019\/11\/AH_2019.pdf#page=13\">De la ICU a la atenci\u00f3n domiciliaria: un protocolo para la transici\u00f3n<\/a><\/a><\/li>\n<li><a href=\"http:\/\/142.11.238.239\/es\/journal-3-1-complex-care\/\"><a href=\"\/wp-content\/uploads\/2019\/11\/AH_2019.pdf#page=15\">Brindar cuidados complejos para ni\u00f1os complejos: un enfoque multidisciplinario<\/a><\/a><\/li>\n<li><a href=\"http:\/\/142.11.238.239\/es\/journal-3-1-improving-communication\/\"><a href=\"\/wp-content\/uploads\/2019\/11\/AH_2019.pdf#page=18\">\nLos protocolos ayudan a mejorar la comunicaci\u00f3n de los pacientes con traqueotom\u00eda y dependencia del ventilador<\/a><\/a><\/li>\n<li><a href=\"http:\/\/142.11.238.239\/es\/journal-3-1-patient-outcomes\/\"><a href=\"\/wp-content\/uploads\/2019\/11\/AH_2019.pdf#page=21\">Tener protocolos de uso cl\u00ednico para mejorar los resultados de los pacientes<\/a><\/a><\/li>\n<li class=\" translation-block\"><a href=\"\/wp-content\/uploads\/2019\/11\/AH_2019.pdf#page=24\">Uso de la v\u00e1lvula <span class=\"pm_ws\"><span class=\"pm_ws\">Passy Muir<\/span><\/span><sup>\u00ae<\/sup> junto con la terapia de ox\u00edgeno de alto flujo<\/a><\/li>\n<li class=\" translation-block\"><a href=\"\/wp-content\/uploads\/2019\/11\/AH_2019.pdf#page=30\">El papel de las presiones en la degluci\u00f3n y Impacto de la V\u00e1lvula <span class=\"pm_ws\"><span class=\"pm_ws\">Passy Muir<\/span><\/span><sup>\u00ae<\/sup><\/a><\/li>\n<li class=\" translation-block\"><a href=\"\/wp-content\/uploads\/2019\/11\/AH_2019.pdf#page=34\">Relevancia cl\u00ednica de las v\u00edas sensitivomotoras en el tratamiento de la disfagia despu\u00e9s de la traqueostom\u00eda<\/a><\/li>\n<\/ul>\n<div><a href=\"\/wp-content\/uploads\/2019\/11\/AH_2019.pdf\"><br \/>\n<span class=\"order-now-header\">View<\/span><br \/>\n<\/a><\/div>\n<\/div>\n<\/div>\n<p><\/p>\n<div class=\"row\">\n<div class=\"col-md-3\"><img decoding=\"async\" alt=\"aerodigestive health 2018\" class=\"shadow left_journal\" src=\"\/wp-content\/uploads\/2019\/01\/AH_2018_215x278.jpg\" \/><\/div>\n<div class=\"col-md-9\">\n<h3>Salud aerodigestiva: Oto\u00f1o 2018 Edici\u00f3n internacional<\/h3>\n<ul>\n<li><a href=\"http:\/\/142.11.238.239\/es\/journal-2-1-ethical\/\"><a href=\"\/wp-content\/uploads\/2019\/01\/AH_2018_web_lr.pdf#page=4\">\nImpacto en el cuidado del paciente y consideraciones\n\u00e9ticas<\/a><\/a><\/li>\n<li><a href=\"http:\/\/142.11.238.239\/es\/journal-2-1-management\/\">Comprensi\u00f3n del manejo de los pacientes que\nexperimentan una desconexi\u00f3n prolongada de la\nventilaci\u00f3n mec\u00e1nica<\/a><\/li>\n<li><a href=\"http:\/\/142.11.238.239\/es\/journal-2-1-trach-tube-cuff\/\"><a href=\"\/wp-content\/uploads\/2019\/01\/AH_2018_web_lr.pdf#page=12\">Manguito para tubo de traqueostom\u00eda: Prop\u00f3sito y\npr\u00e1ctica a trav\u00e9s del manejo en equipo<\/a><\/a><\/li>\n<li><a href=\"http:\/\/142.11.238.239\/es\/journal-2-1-complications-management\/\">Manejo de complicaciones despu\u00e9s de SCI y el rol de los pat\u00f3logos del habla-lenguaje en un equipo multidisciplinario<\/a><\/li>\n<li class=\" translation-block\"><a href=\"\/wp-content\/uploads\/2019\/01\/AH_2018_web_lr.pdf#page=20\">Terapia de ox\u00edgeno de alto flujo y la PMV<sup>\u00ae<\/sup><\/a><\/li>\n<li class=\" translation-block\"><a href=\"\/wp-content\/uploads\/2019\/01\/AH_2018_web_lr.pdf#page=22\">Art\u00edculos que representan investigaciones internacionales\nsobre traqueostom\u00eda, ventilaci\u00f3n mec\u00e1nica y V\u00e1lvulas <span class=\"pm_ws\">Passy Muir<\/span><sup>\u00ae<\/span><\/a><\/li>\n<li>Bibliography of Related Articles in the Past Five Years<\/li>\n<\/ul>\n<div><a href=\"\/wp-content\/uploads\/2019\/01\/AH_2018_web_lr.pdf\"><br \/>\n<span class=\"order-now-header\">View<\/span><br \/>\n<\/a><\/div>\n<\/div>\n<\/div>\n<p><!-- Ends row --><\/p>\n<div class=\"clear:both;\"><\/div>\n<div class=\"row\">\n<div class=\"col-md-3\"><img decoding=\"async\" alt=\"aerodigestive health\" class=\"shadow left_journal\" src=\"\/wp-content\/uploads\/2019\/01\/Aerodigestive-Health_2017_215x278.jpg\" \/><\/div>\n<div class=\"col-md-9\">\n<h3>Aerodigestive Health: Fall 2017 Pediatric Issue<\/h3>\n<ul>\n<li>Physicians\u2019 Corner<\/li>\n<li class=\" translation-block\"><a href=\"\/wp-content\/uploads\/2016\/08\/Aerodigestive-Health_compressed.pdf#page=6\">\nConsideraciones para la Evaluaci\u00f3n de Candidatura a\nPMV<sup>\u00ae<\/sup> en la poblaci\u00f3n pedi\u00e1trica<\/a><\/li>\n<li><a href=\"http:\/\/142.11.238.239\/es\/journal-1-1-casestudy\/\"><a href=\"\/wp-content\/uploads\/2016\/08\/Aerodigestive-Health_compressed.pdf#page=14\">\nClaves para el \u00e9xito: Un caso de estudio de Terapia Respiratoria Pedi\u00e1trica<\/a><\/a><\/li>\n<li>Hot Topic Box: Movilidad y estabilidad postural<\/a><\/li>\n<li><a href=\"http:\/\/142.11.238.239\/es\/talkmuir-6-1-current-research\/\">Investigaciones actuales relacionadas con el uso de la v\u00e1lvula de habla en la poblaci\u00f3n pedi\u00e1trica<\/a><\/li>\n<\/ul>\n<div><a href=\"\/wp-content\/uploads\/2016\/08\/Aerodigestive-Health_compressed.pdf\"><br \/>\n<span class=\"order-now-header\">View<\/span><br \/>\n<\/a><\/div>\n<\/div>\n<\/div>\n<p><!-- Ends row --><\/p>\n<div class=\"clear:both;\"><\/div>\n<div class=\"row\">\n<div class=\"col-md-3\"><img decoding=\"async\" alt=\"talk muir fall 2016\" class=\"shadow left_journal\" src=\"\/wp-content\/uploads\/2019\/01\/TalkMuir_Fall_2016_215x278.jpg\" \/><\/div>\n<div class=\"col-md-9\">\n<h3>Talk-Muir: Fall 2016 Mechanical Ventilation Issue<\/h3>\n<ul>\n<li>Physicians\u2019 Corner<\/li>\n<li>Clinician Perspectives<\/li>\n<li>Peer-Reviewed Published Research Studies<\/li>\n<li>Research Bibliography<\/li>\n<li>Clinical Take-Home Boxes<\/li>\n<li>Hot Topic Box<\/li>\n<\/ul>\n<div><a href=\"\/wp-content\/uploads\/2019\/01\/pm-newsletter-v6i1.pdf\"><br \/>\n<span class=\"order-now-header\">View<\/span><br \/>\n<\/a><\/div>\n<\/div>\n<\/div>\n<p><!-- Ends row --><\/p>","protected":false},"excerpt":{"rendered":"<span class=\"pm_ws\">Passy Muir<\/span> Publications <span class=\"pm_ws\">Passy Muir<\/span> regularly features articles in its publications on cutting-edge therapies and evidence-based clinical practice drawn from the collaborative efforts of the\u00a0<span class=\"pm_ws\">Passy Muir<\/span>\u00a0Clinical Team and expert researchers and clinicians from different disciplines and settings. They are intended to inspire discussion about the\u00a0<span class=\"pm_ws\"><span class=\"pm_ws\">Passy Muir<\/span><\/span><sup>\u00ae<\/sup>\u00a0Valve and advancement in issues related to the care and [&hellip;]","protected":false},"author":7,"featured_media":0,"parent":0,"menu_order":0,"comment_status":"closed","ping_status":"closed","template":"","meta":[],"yst_prominent_words":[722,447,1508,1506,723,1507,1505,449,451,444,199,1509,72,198,191,450,1483,1646,202,3575],"_links":{"self":[{"href":"http:\/\/142.11.238.239\/es\/wp-json\/wp\/v2\/pages\/11997"}],"collection":[{"href":"http:\/\/142.11.238.239\/es\/wp-json\/wp\/v2\/pages"}],"about":[{"href":"http:\/\/142.11.238.239\/es\/wp-json\/wp\/v2\/types\/page"}],"author":[{"embeddable":true,"href":"http:\/\/142.11.238.239\/es\/wp-json\/wp\/v2\/users\/7"}],"replies":[{"embeddable":true,"href":"http:\/\/142.11.238.239\/es\/wp-json\/wp\/v2\/comments?post=11997"}],"version-history":[{"count":21,"href":"http:\/\/142.11.238.239\/es\/wp-json\/wp\/v2\/pages\/11997\/revisions"}],"predecessor-version":[{"id":12990,"href":"http:\/\/142.11.238.239\/es\/wp-json\/wp\/v2\/pages\/11997\/revisions\/12990"}],"wp:attachment":[{"href":"http:\/\/142.11.238.239\/es\/wp-json\/wp\/v2\/media?parent=11997"}],"wp:term":[{"taxonomy":"yst_prominent_words","embeddable":true,"href":"http:\/\/142.11.238.239\/es\/wp-json\/wp\/v2\/yst_prominent_words?post=11997"}],"curies":[{"name":"wp","href":"https:\/\/api.w.org\/{rel}","templated":true}]}}