{"id":11999,"date":"2019-04-01T12:14:14","date_gmt":"2019-04-01T19:14:14","guid":{"rendered":"https:\/\/www.passy-muir.com\/?page_id=11999"},"modified":"2023-04-11T11:49:07","modified_gmt":"2023-04-11T18:49:07","slug":"clinical-resources","status":"publish","type":"page","link":"http:\/\/142.11.238.239\/es\/clinical-resources\/","title":{"rendered":"Recursos Cl\u00ednicos"},"content":{"rendered":"<div class=\"l2-header-con no-banner\">\n<div class=\"l2-header-icon\"><img decoding=\"async\" src=\"\/wp-content\/uploads\/2019\/01\/Research_Icon_2_100x100.jpg\" alt=\"products\" \/><\/div>\n<div class=\"l2-header-text test no-banner\">Recursos Cl\u00ednicos<\/div>\n<\/div>\n<div style=\"clear: both;\"><\/div>\n<div class=\"section_descl2\">\n\r\n<ul class=\"breadcrumb\">\r\n\t<li class=\"active\">RECURSOS BASADOS EN EVIDENCIA<\/li>\r\n\t<li class=\"dropdown\">\r\n\t\t<a href=\"#\" class=\"dropdown-toggle\" data-toggle=\"dropdown\">Introducci\u00f3n <b class=\"caret\"><\/b><\/a>\r\n\t\t<ul class=\"dropdown-menu\">\r\n\r\n\t\t\t<li class=\"\"><a href=\"http:\/\/142.11.238.239\/es\/evidence-based-practice\/\">Pr\u00e1ctica Basada En Evidencia<\/a><\/li>\r\n\r\n\t\t\t<li class=\"\"><a href=\"http:\/\/142.11.238.239\/es\/research-bibliographies\/\">Bibliograf\u00edas de Investigaci\u00f3n<\/a><\/li>\r\n\r\n\t\t\t<li class=\"\"><a href=\"http:\/\/142.11.238.239\/es\/passy-muir-publications\/\">Publicaciones de Passy Muir<\/a><\/li>\r\n\r\n\t\t\t<li class=\"\"><a href=\"http:\/\/142.11.238.239\/es\/product-information\/\">Informaci\u00f3n Sobre El Producto<\/a><\/li>\r\n\r\n\t\t\t<li class=\"\"><a href=\"http:\/\/142.11.238.239\/es\/clinical-resources\/\">Recursos Cl\u00ednicos<\/a><\/li>\r\n\r\n\t\t<\/ul>\r\n\t<\/li>\r\n<\/ul>\r\n\n<p class=\" translation-block\">Esta p\u00e1gina contiene informaci\u00f3n que ayudar\u00e1 a los\nm\u00e9dicos que trabajan con pacientes que utilizan V\u00e1lvulas\n<span class=\"pm_ws\">Passy Muir<\/span>. Aqu\u00ed podr\u00e1 descargar gu\u00edas y art\u00edculos\nimprimibles, o solicitar m\u00e1s informaci\u00f3n. Si desea solicitar\ninformaci\u00f3n adicional, env\u00ede un Formulario de solicitud de\nmaterial educativo a continuaci\u00f3n.<\/p>\n<div class=\"store_button\"><a href=\"http:\/\/142.11.238.239\/es\/education-materials-request\/\"><span class=\"order-now-header\">Solicitar Materiales<\/span><\/a><\/div>\n<hr \/>\n<\/div>\n<div class=\"clear:both;\"><\/div>\n<div class=\"row\">\n<div class=\"col-md-3\"><a href=\"\/wp-content\/uploads\/2023\/03\/Pocket-Guide-2023_web.pdf\"><img decoding=\"async\" class=\"shadow left_journal\" src=\"\/wp-content\/uploads\/2019\/04\/Assessment-and-placement-guide.png\" alt=\"pocket guide\" \/><\/a><\/div>\n<div class=\"col-md-9\">\n<h3 class=\" translation-block\">Gu\u00eda de Bolsillo de <span class=\"pm_ws\">Passy Muir<\/span><\/h3>\n<p class=\" translation-block\">La Gu\u00eda de Bolsillo de <span class=\"pm_ws\">Passy Muir<\/span> es la gu\u00eda de referencia\nde tama\u00f1o perfecto para que los m\u00e9dicos puedan llevarla\nen el bolsillo, para consultarla cuando trabajen con\npacientes con V\u00e1lvulas <span class=\"pm_ws\">Passy Muir<\/span>.<\/p>\n<\/div>\n<div style=\"clear: both;\"><\/div>\n<div class=\"col-md-3\"><a href=\"\/wp-content\/uploads\/2023\/04\/PH-R0322_comp_single-pages.pdf\"><img decoding=\"async\" class=\"shadow left_journal\" src=\"\/wp-content\/uploads\/2019\/05\/PH-domesticc.png\" alt=\"patient handbook domestic\" \/><\/a><\/div>\n<div class=\"col-md-9\">\n<h3>Manual del paciente de PMV<\/h3>\n<p class=\" translation-block\">El Manual del paciente de PMV se empaqueta y se entrega con todas y cada una de las V\u00e1lvulas <span class=\"pm_ws\">Passy Muir<\/span>. Si no ha recibido un Manual del paciente con su v\u00e1lvula, no dude en descargar una copia gratuita aqu\u00ed.<\/p>\n<\/div>\n<\/div>\n<div class=\"clear:both;\"><\/div>\n<div class=\"row\">\n<div class=\"col-md-3\"><a href=\"\/wp-content\/uploads\/2023\/04\/IB-R0323_comp_single-pages.pdf\"><img decoding=\"async\" class=\"shadow left_journal\" src=\"\/wp-content\/uploads\/2019\/05\/IB-domestic.png\" alt=\"instruction booklet PMV\" \/><\/a><\/div>\n<div class=\"col-md-9\">\n<h3>Manual de instrucciones para PMV 005, 007, 2000 y 2001<\/h3>\n<p>This is a PDF version of the printed Instruction Booklet that accompanies the following products: PMV\u2122 005 (white), PMV 007 (Aqua Color\u2122), PMV 2000 (clear), or PMV 2001 (Purple Color\u2122). It includes Benefits, Contraindications, Ventilator Application, Non-Ventilator Application, Troubleshooting, and more.<\/p>\n<\/div>\n<div style=\"clear: both;\"><\/div>\n<div class=\"col-md-3\"><a href=\"\/wp-content\/uploads\/2023\/04\/IB-2020-R0323_comp_single-pages.pdf\"><img decoding=\"async\" class=\"shadow left_journal\" src=\"\/wp-content\/uploads\/2019\/05\/IB-PMV-2020.png\" alt=\"instruction booklet PMV 2020\" \/><\/a><\/div>\n<div class=\"col-md-9\">\n<h3>Manual de instrucciones para PMV 2020<\/h3>\n<p>Esta es una versi\u00f3n en PDF del manual de instrucciones\nimpreso que acompa\u00f1a a PMV\u2122 2020. Incluye\nbeneficios, contraindicaciones, aplicaci\u00f3n con ventilador,\naplicaci\u00f3n sin ventilador, soluci\u00f3n de problemas y m\u00e1s.<\/p>\n<\/div>\n<\/div>\n<div style=\"clear: both;\"><\/div>\n<div class=\"row\">\n<div class=\"col-md-3\"><a href=\"\/wp-content\/uploads\/2019\/08\/ibo2-R0317.pdf\"><img decoding=\"async\" class=\"shadow left_journal\" src=\"\/wp-content\/uploads\/2019\/05\/pma2000.png\" alt=\"instruction booklet PMV 2000\" \/><\/a><\/div>\n<div class=\"col-md-9\">\n<h3>Manual de instrucciones para PMA 2000<\/h3>\n<p>Esta es una versi\u00f3n en PDF del manual de instrucciones\nimpreso que acompa\u00f1a a PMA\u2122 2000. Incluye\nbeneficios, contraindicaciones, aplicaci\u00f3n con ventilador,\naplicaci\u00f3n sin ventilador, soluci\u00f3n de problemas y m\u00e1s.<\/p>\n<\/div>\n<\/div>\n<div class=\"clear:both;\"><\/div>\n<div class=\"row\">\n<div class=\"col-md-3\"><a href=\"\/wp-content\/uploads\/2022\/08\/Connections-Guide_2022.pdf\"><img decoding=\"async\" class=\"shadow left_journal\" src=\"\/wp-content\/uploads\/2022\/08\/Connections-Guide22.png\" alt=\"accessories and connections guide\" \/><\/a><\/div>\n<div class=\"col-md-9\">\n<h3>Gu\u00eda de accesorios y conexiones<\/h3>\n<p class=\" translation-block\">\u00bfEst\u00e1 tratando de conectar laV\u00e1lvula <span class=\"pm_ws\">Passy Muir<\/span> al tubo de traqueostom\u00eda o aplicarla directo con un ventilador? Vea este PDF de dos p\u00e1ginas para guiarle a trav\u00e9s del proceso de conexi\u00f3n.<\/p>\n<\/div>\n<div style=\"clear: both;\"><\/div>\n<div class=\"col-md-3\"><a href=\"\/wp-content\/uploads\/2022\/08\/PM-Products_2022.pdf\"><img decoding=\"async\" class=\"shadow left_journal\" src=\"\/wp-content\/uploads\/2022\/08\/Products-Guide-01.png\" alt=\"products guide\" \/><\/a><\/div>\n<div class=\"col-md-9\">\n<h3>Products Guide<\/h3>\n<p>Looking for information on <span class=\"pm_ws\"><span class=\"pm_ws\">Passy Muir<\/span><\/span><sup>\u00ae<\/sup> Products? This two-page PDF includes information on <span class=\"pm_ws\"><span class=\"pm_ws\">Passy Muir<\/span><\/span><sup>\u00ae<\/sup> Valves, Adapters, and Educational Products.<\/p>\n<\/div>\n<div style=\"clear: both;\"><\/div>\n<div class=\"col-md-3\"><a href=\"\/wp-content\/uploads\/2018\/11\/quick_tips2.pdf\"><img decoding=\"async\" class=\"shadow left_journal\" src=\"\/wp-content\/uploads\/2019\/04\/Application-of-the-PMV.png\" alt=\"quick tips for applications\" \/><\/a><\/div>\n<div class=\"col-md-9\">\n<h3>Consejos r\u00e1pidos para la aplicaci\u00f3n<\/h3>\n<p class=\" translation-block\">\u00bfNecesita algunos consejos r\u00e1pidos para la aplicaci\u00f3n de la V\u00e1lvula <span class=\"pm_ws\">Passy Muir<\/span>? Consulte esta breve gu\u00eda para revisar las complicaciones cl\u00ednicas de la traqueostom\u00eda, los beneficios de la V\u00e1lvula <span class=\"pm_ws\">Passy Muir<\/span>, mejores pr\u00e1cticas de evaluaci\u00f3n y tratamiento, t\u00e9cnicas de terapia, as\u00ed como recursos de educaci\u00f3n y apoyo cl\u00ednico.<\/p>\n<\/div>\n<div style=\"clear: both;\"><\/div>\n<div class=\"col-md-3\"><a href=\"\/wp-content\/uploads\/2022\/10\/PMV-Use-Visual-Guide.pdf\"><img decoding=\"async\" class=\"shadow left_journal\" src=\"\/wp-content\/uploads\/2022\/10\/PMV-Visual-Guide-263x263-1.png\" alt=\"Passy Muir Valve Use Visual Guide\" \/><\/a><\/div>\n<div class=\"col-md-9\">\n<h3><span class=\"pmv_ws\"><span class=\"pm_ws\"><span class=\"pm_ws\">Passy Muir<\/span><\/span> Valve<\/span> Use Visual Guide<\/h3>\n<p>Visual guide for <span class=\"pmv_ws\"><span class=\"pm_ws\"><span class=\"pm_ws\">Passy Muir<\/span><\/span> Valve<\/span> Placement &#038; Use and Cleaning and Care of the <span class=\"pmv_ws\"><span class=\"pm_ws\"><span class=\"pm_ws\">Passy Muir<\/span><\/span> Valve<\/span><\/p>\n<\/div>\n<\/div>\n<p>&nbsp;<\/p>\n<ul>\n<li><a href=\"http:\/\/142.11.238.239\/es\/tbi_acs\/\">How Early in Recovery from Traumatic Brain Injury Can a <span class=\"pmv_ws\"><span class=\"pm_ws\"><span class=\"pm_ws\">Passy Muir<\/span><\/span> Valve<\/span> Be Used?<\/a><\/li>\n<li><a href=\"http:\/\/142.11.238.239\/es\/bayada-3\/\">Simulation Labs Promote Confidence and Competence in Nurses and Family Members<\/a><\/li>\n<li><a href=\"http:\/\/142.11.238.239\/es\/disordered_swallow\/\">The Effect of the <span class=\"pmv_ws\"><span class=\"pm_ws\"><span class=\"pm_ws\">Passy Muir<\/span><\/span> Valve<\/span> on Disordered Swallowing<\/a><\/li>\n<\/ul>","protected":false},"excerpt":{"rendered":"Clinical Resources This page contains information that will help clinicians working with patients using the <span class=\"pmv_ws\"><span class=\"pm_ws\"><span class=\"pm_ws\">Passy Muir<\/span><\/span> Valve<\/span>. Here you will be able to download printable guides and articles, or request more information. If you would like to request additional information, please submit an Educational Material Request Form below. Request Materials <span class=\"pm_ws\">Passy Muir<\/span> Pocket Guide [&hellip;]","protected":false},"author":7,"featured_media":0,"parent":0,"menu_order":0,"comment_status":"closed","ping_status":"closed","template":"","meta":[],"yst_prominent_words":[2994,3000,2960,2951,3198,2992,2952,2999,2959,2950,2997,65,2961,62,2995,2998,2954,2993,2953,2996],"_links":{"self":[{"href":"http:\/\/142.11.238.239\/es\/wp-json\/wp\/v2\/pages\/11999"}],"collection":[{"href":"http:\/\/142.11.238.239\/es\/wp-json\/wp\/v2\/pages"}],"about":[{"href":"http:\/\/142.11.238.239\/es\/wp-json\/wp\/v2\/types\/page"}],"author":[{"embeddable":true,"href":"http:\/\/142.11.238.239\/es\/wp-json\/wp\/v2\/users\/7"}],"replies":[{"embeddable":true,"href":"http:\/\/142.11.238.239\/es\/wp-json\/wp\/v2\/comments?post=11999"}],"version-history":[{"count":31,"href":"http:\/\/142.11.238.239\/es\/wp-json\/wp\/v2\/pages\/11999\/revisions"}],"predecessor-version":[{"id":18601,"href":"http:\/\/142.11.238.239\/es\/wp-json\/wp\/v2\/pages\/11999\/revisions\/18601"}],"wp:attachment":[{"href":"http:\/\/142.11.238.239\/es\/wp-json\/wp\/v2\/media?parent=11999"}],"wp:term":[{"taxonomy":"yst_prominent_words","embeddable":true,"href":"http:\/\/142.11.238.239\/es\/wp-json\/wp\/v2\/yst_prominent_words?post=11999"}],"curies":[{"name":"wp","href":"https:\/\/api.w.org\/{rel}","templated":true}]}}