{"id":1204,"date":"2021-05-19T13:00:04","date_gmt":"2021-05-19T20:00:04","guid":{"rendered":"http:\/\/localhost:8080\/mywordpress\/pediatric-home-service\/"},"modified":"2021-05-19T12:31:08","modified_gmt":"2021-05-19T19:31:08","slug":"phs","status":"publish","type":"page","link":"http:\/\/142.11.238.239\/es\/phs\/","title":{"rendered":"Pediatric Home Service"},"content":{"rendered":"<div class=\"l2-header-con  no-banner\">\n<div class=\"l3-header-icon\">\n\t\t<img decoding=\"async\"  src=\"\/wp-content\/uploads\/2017\/05\/COE_1.jpg\" alt=\"products\" \/>\n\t<\/div>\n<div class=\"l3-header-text\" >\n\t\t\tCentros de Excelencia\n                         <\/div>\n<\/p><\/div>\n<div style=\"clear:both\"><\/div>\n<h2>Pediatric Home Service<\/h2>\n<div style=\"clear:both\"><\/div>\n<p><img decoding=\"async\" alt=\"PHS team\" class=\"image_float\" src=\"\/wp-content\/uploads\/2017\/05\/phs_group2.jpg\"\/><\/p>\n<p class=\"page_paragraph\">Based in Roseville, Minnesota, <a href=\"https:\/\/www.pediatrichomeservice.com\">Pediatric Home Service<\/a> (PHS) is an independent home health care company specializing in children. They are driven by the belief that even if a child\u2019s legs are wheels or her lungs are controlled by a machine, that child wants to be a &#8220;kid.&#8221; That child wants to do all the typical kid things, whether it&#8217;s going to school, playing with the dog, or talking, laughing, and bickering with a sibling \u2013 and they want to do it at home. The support, resources, and technology provided by PHS, including complex respiratory and infusion therapies and use of the <span class=\"pm_ws\">Passy Muir<\/span><sup>\u00ae<\/sup> Valve, makes this possible.<\/p>\n<p class=\"page_paragraph\">PHS asigna un terapeuta respiratorio primario\npara coordinar el equipo y los servicios para cada\nni\u00f1o con necesidades de alta tecnolog\u00eda. El apoyo\nm\u00e9dico de los terapeutas respiratorios de PHS\nest\u00e1 disponible las 24 horas al d\u00eda, todos los d\u00edas\ndel a\u00f1o. El terapeuta respiratorio primario de un\nni\u00f1o tambi\u00e9n trabaja para asegurar una\ncomunicaci\u00f3n clara entre la familia del ni\u00f1o y el\nequipo m\u00e9dico del ni\u00f1o. Todos en PHS, incluidos\nlos terapeutas respiratorios, enfermeras de\ninfusi\u00f3n y servicios privados, farmac\u00e9uticos,\ndietistas, trabajadores sociales cl\u00ednicos,\neducadores y personal de apoyo, comprenden las\ndiferentes necesidades de los beb\u00e9s, ni\u00f1os y\nadolescentes y est\u00e1n totalmente dedicados a su\ncuidado y comodidad.<\/p>\n<p class=\"page_paragraph translation-block\">Reconocido como l\u00edder de la industria, PHS ha\nsido acreditado desde 1994 por The Joint\nCommission, el organismo l\u00edder de la naci\u00f3n para\nestablecer los est\u00e1ndares m\u00e1s altos de calidad y\nseguridad de la atenci\u00f3n m\u00e9dica. Hacen\nseguimiento y ponen a disposici\u00f3n los datos de\nresultados para demostrar que los ni\u00f1os de PHS\nrealmente prosperan. PHS tiene casi 250\npacientes con traqueostom\u00eda en el hogar y m\u00e1s\nde 140 en ventilaci\u00f3n mec\u00e1nica. En promedio,\n30% de estos pacientes est\u00e1n usando\nactivamente la V\u00e1lvula <span class=\"pm_ws\">Passy Muir<\/span>. La gran\nmayor\u00eda de sus ni\u00f1os no neurol\u00f3gicos se\ndesconectan con \u00e9xito de sus ventiladores. Los\nterapeutas y m\u00e9dicos de PHS han sido testigos\nde muchos beneficios de la V\u00e1lvula <span class=\"pm_ws\">Passy Muir<\/span> para estos ni\u00f1os. Los han visto aprender a\nvocalizar y desarrollar el habla y el lenguaje.<\/p>\n<p class=\"page_paragraph\">Han disfrutado viendo a sus pacientes\ncomunicarse m\u00e1s efectivamente con sus familias\ny seres queridos. \u00a1Cuando los ni\u00f1os escuchan su\npropia voz, les levanta el \u00e1nimo! Los ni\u00f1os que\nusan la V\u00e1lvula tambi\u00e9n tienen un mejor control\nde su glotis, lo que resulta en una mejor degluci\u00f3n\ny \u00e9xito al superar los problemas de aversi\u00f3n oral\ne iniciar la ingesta oral. La v\u00e1lvula aumenta la\ncapacidad del ni\u00f1o para generar una tos m\u00e1s\nfuerte y manejar las secreciones traqueales, lo\nque resulta en una menor necesidad de succi\u00f3n\npor parte de sus cuidadores.<\/p>\n<p class=\"page_paragraph translation-block\">PHS tiene un extenso programa educativo\ndise\u00f1ado espec\u00edficamente para capacitar al\npersonal de enfermer\u00eda en el hogar en el uso de\nla V\u00e1lvula <span class=\"pm_ws\">Passy Muir<\/span>, tubos traqueales,\nventiladores, equipo auxiliar, t\u00e9cnicas de terapia\nde infusi\u00f3n, equipo y soporte nutricional. Las\nenfermeras privadas de PHS reci\u00e9n contratadas\npasan por un m\u00ednimo de 50 horas de capacitaci\u00f3n\nANTES de una asignaci\u00f3n domiciliaria. Luego, un\npreceptor en el hogar pasar\u00e1 tiempo adicional con\ncada nuevo empleado para asegurarse de que\ncada uno haya dominado el nivel de habilidad\nnecesario para cuidar con seguridad al ni\u00f1o muy\ndependiente t\u00e9cnicamente del hogar.<\/p>\n<h2 class=\"seminars_header\">Pol\u00edticas y Procedimientos<\/h2>\n<p class=\"page_paragraph translation-block\"><a href=\"\/wp-content\/uploads\/2018\/10\/phs-pandp.pdf\" target=\"_self\">Haga clic aqu\u00ed para descargar el protocolo de\nprueba de la v\u00e1lvula <span class=\"pm_ws\">Passy Muir<\/span> del Servicio\nPedi\u00e1trico a Domicilio<\/a><\/p>\n<p class=\"page_paragraph translation-block\"><a href=\"\/wp-content\/uploads\/2018\/10\/phs-workinstructions.pdf\" target=\"_self\">Haga clic aqu\u00ed para descargar la Hoja de Registro\nde Ensayos de V\u00e1lvulas <span class=\"pm_ws\">Passy Muir<\/span> del Servicio\nPedi\u00e1trico a Domicilio<\/a><\/p>\n<p class=\"page_paragraph translation-block\"><a href=\"\/wp-content\/uploads\/2018\/10\/phs-logsheet.pdf\" target=\"_self\">Haga clic aqu\u00ed para descargar las instrucciones\nde trabajo de <span class=\"pm_ws\">Passy Muir<\/span> del Servicio Pedi\u00e1trico a\nDomicilio<\/a><\/p>","protected":false},"excerpt":{"rendered":"Centers of Excellence Pediatric Home Service Based in Roseville, Minnesota, Pediatric Home Service (PHS) is an independent home health care company specializing in children. They are driven by the belief that even if a child\u2019s legs are wheels or her lungs are controlled by a machine, that child wants to be a &#8220;kid.&#8221; That child [&hellip;]","protected":false},"author":6,"featured_media":1203,"parent":0,"menu_order":0,"comment_status":"closed","ping_status":"closed","template":"","meta":[],"yst_prominent_words":[324,317,292,326,318,311,313,65,72,62,320,321,294,293,327,322,323,325,319,316],"_links":{"self":[{"href":"http:\/\/142.11.238.239\/es\/wp-json\/wp\/v2\/pages\/1204"}],"collection":[{"href":"http:\/\/142.11.238.239\/es\/wp-json\/wp\/v2\/pages"}],"about":[{"href":"http:\/\/142.11.238.239\/es\/wp-json\/wp\/v2\/types\/page"}],"author":[{"embeddable":true,"href":"http:\/\/142.11.238.239\/es\/wp-json\/wp\/v2\/users\/6"}],"replies":[{"embeddable":true,"href":"http:\/\/142.11.238.239\/es\/wp-json\/wp\/v2\/comments?post=1204"}],"version-history":[{"count":8,"href":"http:\/\/142.11.238.239\/es\/wp-json\/wp\/v2\/pages\/1204\/revisions"}],"predecessor-version":[{"id":16303,"href":"http:\/\/142.11.238.239\/es\/wp-json\/wp\/v2\/pages\/1204\/revisions\/16303"}],"wp:featuredmedia":[{"embeddable":true,"href":"http:\/\/142.11.238.239\/es\/wp-json\/wp\/v2\/media\/1203"}],"wp:attachment":[{"href":"http:\/\/142.11.238.239\/es\/wp-json\/wp\/v2\/media?parent=1204"}],"wp:term":[{"taxonomy":"yst_prominent_words","embeddable":true,"href":"http:\/\/142.11.238.239\/es\/wp-json\/wp\/v2\/yst_prominent_words?post=1204"}],"curies":[{"name":"wp","href":"https:\/\/api.w.org\/{rel}","templated":true}]}}