{"id":1208,"date":"2021-05-19T13:00:02","date_gmt":"2021-05-19T20:00:02","guid":{"rendered":"http:\/\/localhost:8080\/mywordpress\/silver-lake-specialized-care-center\/"},"modified":"2021-05-19T12:32:09","modified_gmt":"2021-05-19T19:32:09","slug":"silverlake","status":"publish","type":"page","link":"http:\/\/142.11.238.239\/es\/silverlake\/","title":{"rendered":"Silver Lake Specialized Care Center"},"content":{"rendered":"<div class=\"l2-header-con  no-banner\">\n<div class=\"l3-header-icon\">\n\t\t<img decoding=\"async\"  src=\"\/wp-content\/uploads\/2017\/05\/COE_1.jpg\" alt=\"products\" \/>\n\t<\/div>\n<div class=\"l3-header-text\" >\n\t\t\tCentros de Excelencia\n                         <\/div>\n<\/p><\/div>\n<div style=\"clear:both\"><\/div>\n<h2>Silver Lake Specialized Care Center<\/h2>\n<div style=\"clear:both\"><\/div>\n<p><img decoding=\"async\" alt=\"Silver Lake team\" class=\"image_float\" src=\"\/wp-content\/uploads\/2017\/05\/silverlake_staff.jpg\"\/><\/p>\n<p class=\"page_paragraph\">In 1991, <a href=\"https:\/\/silverlakesc.com\">Silver Lake Specialized Care Center<\/a> worked hand in hand with New York State Department of Health to develop the first ventilator unit that provided care for patients in a skilled nursing facility in the State of New York. It began on November 8, 1991 and continues to be a leader and resource for new and current ventilator residents.  Silver Lake&#8217;s commitment and goal is to rehabilitate each patient to their maximum potential.  They have determined through years of experience that the <span class=\"pm_ws\">Passy Muir<\/span><sup>&reg;<\/sup> Valve has been a conduit in facilitation of weaning, swallowing, and improvement of quality of life.  They utilize the team approach with emphasis on a natural way of rehabilitation.<\/p>\n<p class=\"page_paragraph\">El equipo de rehabilitaci\u00f3n incluye terapia\nrespiratoria, terapia del habla, terapia f\u00edsica,\nterapia ocupacional, trabajo social, apoyo\nnutricional y medicina pulmonar. El equipo de\nSilver Lake cree que el residente debe tener una\nbase s\u00f3lida antes del comienzo de la desconexi\u00f3n\n\/ decanulaci\u00f3n. El equipo de rehabilitaci\u00f3n\ndesarroll\u00f3 un r\u00e9gimen de objetivos establecidos\nen las \u00e1reas de nutrici\u00f3n, habla, terapia f\u00edsica y\nocupacional, servicios psicol\u00f3gicos y recreaci\u00f3n.\nUna vez que se logran los objetivos establecidos,\ncomienza la desconexi\u00f3n. Su alto nivel de\ncomunicaci\u00f3n entre los miembros del personal les\npermite alcanzar con \u00e9xito estos objetivos.<\/p>\n<p class=\"page_paragraph translation-block\">El primer residente de Silver Lake utiliz\u00f3 la\nV\u00e1lvula <span class=\"pm_ws\">Passy Muir<\/span> en diciembre del 1993. Este\nhombre hab\u00eda estado hospitalizado durante seis\nmeses antes y no pod\u00eda verbalizar. \u00a1Qu\u00e9 sorpresa\ncuando llam\u00f3 a su esposa por tel\u00e9fono! Ella no\nreconoci\u00f3 su voz ya que no la hab\u00eda escuchado\ndurante seis meses. Colg\u00f3 el tel\u00e9fono pensando\nque era una broma. El terapeuta del habla la\nllam\u00f3 para decirle que era su marido. Estaba\nabrumada de alegr\u00eda. Finalmente, el residente fue\ndesconectado del ventilador y se fue a su casa.\nEn ese punto, sab\u00edan que la V\u00e1lvula <span class=\"pm_ws\">Passy Muir<\/span>\nera una herramienta valiosa para facilitar hablar,\ntragar, respirar y desconectar del ventilador.\nTambi\u00e9n se dieron cuenta de que la V\u00e1lvula\n<span class=\"pm_ws\">Passy Muir<\/span> era la herramienta para mejorar su calidad de vida. Silver Lake ha aprendido a lo\nlargo de los a\u00f1os que la V\u00e1lvula <span class=\"pm_ws\">Passy Muir<\/span> es\nuna herramienta integral para determinar si una\npersona puede comenzar con la desconexi\u00f3n o\nno. Los m\u00e9dicos de Silver Lake apoyan\nfirmemente el uso de esta v\u00e1lvula. Esperan que a\ntrav\u00e9s de la educaci\u00f3n, otras instalaciones utilicen\nla V\u00e1lvula <span class=\"pm_ws\">Passy Muir<\/span> para obtener los mismos\nresultados positivos que han visto.<\/p>\n<h2 class=\"seminars_header\">Historia de \u00c9xito<\/h2>\n<style>.embed-container { position: relative; padding-bottom: 56.25%; height: 0; overflow: hidden; max-width: 100%; } .embed-container iframe, .embed-container object, .embed-container embed { position: absolute; top: 0; left: 0; width: 100%; height: 100%; }<\/style>\n<div class='embed-container'><iframe src='https:\/\/fast.wistia.net\/embed\/iframe\/1265c979bf?seo=false&#038;videoFoam=true' frameborder='0' allowfullscreen><\/iframe><\/div>\n<h2>Pol\u00edtica y procedimientos<\/h2>\n<p class=\" translation-block\"><a href=\"\/wp-content\/uploads\/2018\/12\/PP_Silver-Lake-Specialized-Care-Center_10-6-14.pdf\" target=\"_self\">Haga clic aqu\u00ed<\/a> para descargar el Manual de Pol\u00edticas y Procedimientos de Silver Lake.<\/p>","protected":false},"excerpt":{"rendered":"Centers of Excellence Silver Lake Specialized Care Center In 1991, Silver Lake Specialized Care Center worked hand in hand with New York State Department of Health to develop the first ventilator unit that provided care for patients in a skilled nursing facility in the State of New York. It began on November 8, 1991 and [&hellip;]","protected":false},"author":6,"featured_media":1207,"parent":0,"menu_order":0,"comment_status":"closed","ping_status":"closed","template":"","meta":[],"yst_prominent_words":[83,396,394,392,389,82,75,65,397,72,74,73,62,80,390,391,388,272,395,393],"_links":{"self":[{"href":"http:\/\/142.11.238.239\/es\/wp-json\/wp\/v2\/pages\/1208"}],"collection":[{"href":"http:\/\/142.11.238.239\/es\/wp-json\/wp\/v2\/pages"}],"about":[{"href":"http:\/\/142.11.238.239\/es\/wp-json\/wp\/v2\/types\/page"}],"author":[{"embeddable":true,"href":"http:\/\/142.11.238.239\/es\/wp-json\/wp\/v2\/users\/6"}],"replies":[{"embeddable":true,"href":"http:\/\/142.11.238.239\/es\/wp-json\/wp\/v2\/comments?post=1208"}],"version-history":[{"count":13,"href":"http:\/\/142.11.238.239\/es\/wp-json\/wp\/v2\/pages\/1208\/revisions"}],"predecessor-version":[{"id":16304,"href":"http:\/\/142.11.238.239\/es\/wp-json\/wp\/v2\/pages\/1208\/revisions\/16304"}],"wp:featuredmedia":[{"embeddable":true,"href":"http:\/\/142.11.238.239\/es\/wp-json\/wp\/v2\/media\/1207"}],"wp:attachment":[{"href":"http:\/\/142.11.238.239\/es\/wp-json\/wp\/v2\/media?parent=1208"}],"wp:term":[{"taxonomy":"yst_prominent_words","embeddable":true,"href":"http:\/\/142.11.238.239\/es\/wp-json\/wp\/v2\/yst_prominent_words?post=1208"}],"curies":[{"name":"wp","href":"https:\/\/api.w.org\/{rel}","templated":true}]}}