{"id":12220,"date":"2019-04-03T14:55:50","date_gmt":"2019-04-03T21:55:50","guid":{"rendered":"https:\/\/www.passy-muir.com\/?page_id=12220"},"modified":"2023-07-21T13:23:46","modified_gmt":"2023-07-21T20:23:46","slug":"publications","status":"publish","type":"page","link":"http:\/\/142.11.238.239\/es\/publications\/","title":{"rendered":"Publicaciones de Passy Muir"},"content":{"rendered":"<div class=\"l2-header-con no-banner\">\n<div class=\"l2-header-icon\"><img decoding=\"async\" src=\"\/wp-content\/uploads\/2019\/01\/Research_Icon_2_100x100.jpg\" alt=\"products\" \/><\/div>\n<div class=\"l2-header-text test no-banner\"><span class=\"pm_ws\">Passy Muir<\/span> Publications<\/div>\n<\/div>\n<div style=\"clear: both;\"><\/div>\n<div class=\"page_intro\">\n<p class=\" translation-block\"><span class=\"pm_ws\">Passy Muir<\/span> presenta regularmente art\u00edculos en\nsus publicaciones sobre terapias de vanguardia y\nla pr\u00e1ctica cl\u00ednica basada en evidencia obtenida\nde los esfuerzos de colaboraci\u00f3n del Equipo\nM\u00e9dico de <span class=\"pm_ws\">Passy Muir<\/span> e investigadores expertos y\nm\u00e9dicos de diferentes disciplinas y entornos.\nEst\u00e1n destinadas a inspirar la discusi\u00f3n sobre la\nV\u00e1lvula <span class=\"pm_ws\">Passy Muir<\/span><sup>\u00ae<\/sup> y el avance en temas\nrelacionados con el cuidado y manejo de\npacientes con traqueostom\u00eda y ventilaci\u00f3n\nmec\u00e1nica.<\/p>\n<\/div>\n\r\n<ul class=\"breadcrumb\">\r\n\t<li class=\"active\">RECURSOS BASADOS EN EVIDENCIA<\/li>\r\n\t<li class=\"dropdown\">\r\n\t\t<a href=\"#\" class=\"dropdown-toggle\" data-toggle=\"dropdown\">Introducci\u00f3n <b class=\"caret\"><\/b><\/a>\r\n\t\t<ul class=\"dropdown-menu\">\r\n\r\n\t\t\t<li class=\"\"><a href=\"http:\/\/142.11.238.239\/es\/evidence-based-practice\/\">Pr\u00e1ctica Basada En Evidencia<\/a><\/li>\r\n\r\n\t\t\t<li class=\"\"><a href=\"http:\/\/142.11.238.239\/es\/research-bibliographies\/\">Bibliograf\u00edas de Investigaci\u00f3n<\/a><\/li>\r\n\r\n\t\t\t<li class=\"\"><a href=\"http:\/\/142.11.238.239\/es\/passy-muir-publications\/\">Publicaciones de Passy Muir<\/a><\/li>\r\n\r\n\t\t\t<li class=\"\"><a href=\"http:\/\/142.11.238.239\/es\/product-information\/\">Informaci\u00f3n Sobre El Producto<\/a><\/li>\r\n\r\n\t\t\t<li class=\"\"><a href=\"http:\/\/142.11.238.239\/es\/clinical-resources\/\">Recursos Cl\u00ednicos<\/a><\/li>\r\n\r\n\t\t<\/ul>\r\n\t<\/li>\r\n<\/ul>\r\n\n<hr \/>\n<div class=\"row newsletter_display\">\n<div class=\"col-md-6 col-sm-6\">\n<h3 id=\"issue-1\" class=\"issue-holder active\">Salud Aerodigestiva<br \/>\n<a class=\"zoom-in\" href=\"\/wp-content\/uploads\/2023\/07\/AH_vol6_issue1.pdf\"><img decoding=\"async\" class=\"shadow\" src=\"\/wp-content\/uploads\/2023\/07\/AH_vol6_issue1.jpg\" alt=\"Dysphagia Issue 2023\" \/><\/a><br \/>\nVolume 6, Issue 1<br \/>\nDysphagia Issue 2023<\/h3>\n<\/div>\n<div class=\"col-md-6 col-sm-6\">\n<h3 id=\"issue-1\" class=\"issue-holder active\">Salud Aerodigestiva<br \/>\n<a class=\"zoom-in\" href=\"\/wp-content\/uploads\/2022\/10\/AH_vol5_issue2.pdf\"><img decoding=\"async\" class=\"shadow\" src=\"\/wp-content\/uploads\/2022\/10\/AH_vol5_issue2_cover.jpg\" alt=\"Special Edition: Collection of Key Articles2\" \/><\/a><br \/>\nVolume 5, Issue 2<br \/>\nSpecial Edition: Collection of Key Articles Issue<\/h3>\n<\/div>\n<\/div>\n<div class=\"row newsletter_display\">\n<div class=\"col-md-6 col-sm-6\">\n<h3 id=\"issue-1\" class=\"issue-holder active\">Salud Aerodigestiva<br \/>\n<a class=\"zoom-in\" href=\"\/wp-content\/uploads\/2022\/03\/AH_vol5_issue1b.pdf\"><img decoding=\"async\" class=\"shadow\" src=\"\/wp-content\/uploads\/2022\/03\/Cover_website.jpg\" alt=\"Treatment Intervention Issue 2022\" \/><\/a><br \/>\nVolume 5, Issue 1<br \/>\nTreatment Intervention Issue 2022<\/h3>\n<\/div>\n<div class=\"col-md-6 col-sm-6\">\n<h3 id=\"issue-1\" class=\"issue-holder active\">Salud Aerodigestiva<br \/>\n<a class=\"zoom-in\" href=\"\/wp-content\/uploads\/2021\/05\/AH_vol4_issue1-1.pdf\"><img decoding=\"async\" class=\"shadow\" src=\"\/wp-content\/uploads\/2021\/06\/AH_cover_website_2.png\" alt=\"Passy Muir Aerodigestive Health Fall 2019\" \/><\/a><br \/>\nVolume 4, Issue 1<br \/>\nCOVID-19 Ethical Considerations<\/h3>\n<\/div>\n<\/div>\n<div class=\"row newsletter_display\">\n<div class=\"col-md-6 col-sm-6\">\n<h3 id=\"issue-1\" class=\"issue-holder active\">Salud Aerodigestiva<br \/>\n<a class=\"zoom-in\" href=\"\/wp-content\/uploads\/2019\/11\/AH_2019.pdf\"><img decoding=\"async\" class=\"shadow\" src=\"\/wp-content\/uploads\/2019\/11\/AH2019_website.jpg\" alt=\"Passy Muir Aerodigestive Health Fall 2019\" \/><\/a><br \/>\nVolume 3, Issue 1<br \/>\nProtocol Issue<\/h3>\n<\/div>\n<div class=\"col-md-6 col-sm-6\">\n<h3 id=\"issue-1\" class=\"issue-holder active\">Salud Aerodigestiva<br \/>\n<a class=\"zoom-in\" href=\"\/wp-content\/uploads\/2019\/01\/AH_2018_web_lr.pdf\"><img decoding=\"async\" class=\"shadow\" src=\"\/wp-content\/uploads\/2019\/01\/AH_2018_215x278.jpg\" alt=\"Passy Muir Aerodigestive Health Fall 2018\" \/><\/a><br \/>\nVolume 2, Issue 1<br \/>\nEdici\u00f3n internacional<\/h3>\n<\/div>\n<\/div>\n<div class=\"row newsletter_display\">\n<div class=\"col-md-6 col-sm-6\">\n<h3 id=\"issue-2\" class=\"issue-holder\">Salud Aerodigestiva<br \/>\n<a class=\"zoom-in\" href=\"\/wp-content\/uploads\/2016\/08\/Aerodigestive-Health_compressed.pdf\"><img decoding=\"async\" class=\"shadow\" src=\"\/wp-content\/uploads\/2019\/01\/Aerodigestive-Health_2017_215x278.jpg\" alt=\"Passy Muir Aerodigestive Health Fall 2017\" \/><\/a><br \/>\nVolume 1, Issue 1<br \/>\nEdici\u00f3n pedi\u00e1trica<\/h3>\n<\/div>\n<div class=\"col-md-6 col-sm-6\">\n<h3 id=\"issue-3\" class=\"issue-holder\">Talk Muir<br \/>\n<a class=\"zoom-in\" href=\"\/wp-content\/uploads\/2021\/10\/Talk-Muir-Vol-10-Issue-1_web.pdf\"><img decoding=\"async\" class=\"shadow\" src=\"\/wp-content\/uploads\/2021\/10\/Talk-Muir_Fall_2021.jpg\" alt=\"Passy Muir Fall 2016\" \/><\/a><br \/>\nVolume 10, Issue 1<br \/>\nEdici\u00f3n sobre ventilaci\u00f3n<\/h3>\n<\/div>\n<\/div>\n<div class=\"row newsletter_display\">\n<div class=\"col-md-6 col-sm-6\">\n<h3 id=\"issue-3\" class=\"issue-holder\">Talk Muir<br \/>\n<a class=\"zoom-in\" href=\"\/wp-content\/uploads\/2019\/01\/pm-newsletter-v6i1.pdf\"><img decoding=\"async\" class=\"shadow\" src=\"\/wp-content\/uploads\/2019\/01\/TalkMuir_Fall_2016_215x278.jpg\" alt=\"Passy Muir Fall 2016\" \/><\/a><br \/>\nVolume 6, Issue 1<br \/>\nEdici\u00f3n sobre ventilaci\u00f3n<\/h3>\n<\/div>\n<div class=\"col-md-6 col-sm-6\">\n<h3 id=\"issue-3\" class=\"issue-holder\">Talk Muir<br \/>\n<a class=\"zoom-in\" href=\"\/wp-content\/uploads\/2019\/08\/pm-newsletter-v9i1.pdf\"><img decoding=\"async\" class=\"shadow\" src=\"\/wp-content\/uploads\/2019\/07\/talkmuir_2019_web2.jpg\" alt=\"Passy Muir Talk Muir 2019\" \/><\/a><br \/>\nVolume 9, Issue 1<\/h3>\n<\/div>\n<\/div>\n<div class=\"clear:both;\"><\/div>\n<hr \/>\n<h2>Research Articles<\/h2>\n<p><a href=\"http:\/\/142.11.238.239\/es\/journal-2-1-ethical\/\"><a href=\"\/wp-content\/uploads\/2019\/01\/AH_2018_web_lr.pdf#page=4\">\nImpacto en el cuidado del paciente y consideraciones\n\u00e9ticas<\/a><\/a><\/p>\n<p><a href=\"http:\/\/142.11.238.239\/es\/journal-2-1-management\/\">Comprensi\u00f3n del manejo de los pacientes que\nexperimentan una desconexi\u00f3n prolongada de la\nventilaci\u00f3n mec\u00e1nica<\/a><\/p>\n<p><a href=\"http:\/\/142.11.238.239\/es\/journal-2-1-trach-tube-cuff\/\"><a href=\"\/wp-content\/uploads\/2019\/01\/AH_2018_web_lr.pdf#page=12\">Manguito para tubo de traqueostom\u00eda: Prop\u00f3sito y\npr\u00e1ctica a trav\u00e9s del manejo en equipo<\/a><\/a><\/p>\n<p><a href=\"http:\/\/142.11.238.239\/es\/journal-2-1-complications-management\/\">Manejo de complicaciones despu\u00e9s de SCI y el rol de los pat\u00f3logos del habla-lenguaje en un equipo multidisciplinario<\/a><\/p>\n<p class=\" translation-block\"><a href=\"\/wp-content\/uploads\/2019\/01\/AH_2018_web_lr.pdf#page=20\">Terapia de ox\u00edgeno de alto flujo y la PMV<sup>\u00ae<\/sup><\/a><\/p>\n<p><a href=\"http:\/\/142.11.238.239\/es\/journal-2-1-international-research\/\">Articles Representing International Research on Tracheostomy, Mechanical Ventilation and <span class=\"pm_ws\">Passy Muir<\/span><sup>\u00ae<\/sup><\/a><\/p>\n<p><a href=\"http:\/\/142.11.238.239\/es\/journal-1-1-protocol\/\">Physicians\u2019 Corner: Having a Protocol for Clinical and Research Use of the <span class=\"pm_ws\">Passy Muir<\/span><sup>\u00ae<\/sup> Speaking Valve<\/a><\/p>\n<p class=\" translation-block\"><a href=\"\/wp-content\/uploads\/2016\/08\/Aerodigestive-Health_compressed.pdf#page=6\">\nConsideraciones para la Evaluaci\u00f3n de Candidatura a\nPMV<sup>\u00ae<\/sup> en la poblaci\u00f3n pedi\u00e1trica<\/a><\/p>\n<p class=\" translation-block\"><a href=\"\/wp-content\/uploads\/2016\/08\/Aerodigestive-Health_compressed.pdf#page=12\">\nCandidatura para Colocaci\u00f3n de V\u00e1lvula <span class=\"pm_ws\">Passy Muir<\/span><sup>\u00ae<\/sup> en Infantes y Ni\u00f1os Peque\u00f1os: Evaluaci\u00f3n de la V\u00eda A\u00e9rea<\/a><\/p>\n<p><a href=\"http:\/\/142.11.238.239\/es\/journal-1-1-casestudy\/\"><a href=\"\/wp-content\/uploads\/2016\/08\/Aerodigestive-Health_compressed.pdf#page=14\">\nClaves para el \u00e9xito: Un caso de estudio de Terapia Respiratoria Pedi\u00e1trica<\/a><\/a><\/p>\n<p><a href=\"http:\/\/142.11.238.239\/es\/journal-1-1-hot-topic\/\">Hot Topic Box: Movilidad y estabilidad postural<\/a><\/p>\n<p><a href=\"http:\/\/142.11.238.239\/es\/talkmuir-6-1-current-research\/\">Investigaciones actuales relacionadas con el uso de la v\u00e1lvula de habla en la poblaci\u00f3n pedi\u00e1trica<\/a><\/p>\n<p class=\" translation-block\">Perspectiva de los m\u00e9dicos sobre la v\u00e1lvula parlante <span class=\"pm_ws\">Passy Muir<\/span><\/span><sup>\u00ae<\/sup><\/p>\n<p class=\" translation-block\">Soporte basado en evidencia para el uso directo de una\nPMV<sup>\u00ae<\/sup> con ventilaci\u00f3n mec\u00e1nica<\/p>\n<p class=\" translation-block\"><a href=\"\/wp-content\/uploads\/2019\/01\/pm-newsletter-v6i1.pdf#page=10\">\nEfectos de la PMV<sup>\u00ae<\/sup> con la ventilaci\u00f3n mec\u00e1nica en la\ncomunicaci\u00f3n y la degluci\u00f3n.<\/a><\/p>\n<p><a href=\"http:\/\/142.11.238.239\/es\/talkmuir-6-1-mechanical-vent\/\">Uso de la v\u00e1lvula de habla durante la ventilaci\u00f3n mec\u00e1nica: m\u00e1s que solo para la comunicaci\u00f3n y la degluci\u00f3n<\/a><\/p>\n<p><a href=\"http:\/\/142.11.238.239\/es\/talkmuir-6-1-current-research\/\"><a href=\"\/wp-content\/uploads\/2019\/01\/pm-newsletter-v6i1.pdf#page=19\">\nInvestigaci\u00f3n actual relacionada con la ventilaci\u00f3n mec\u00e1nica y el uso de V\u00e1lvulas de Hablas<\/a><\/a><\/p>","protected":false},"excerpt":{"rendered":"<span class=\"pm_ws\">Passy Muir<\/span> Publications <span class=\"pm_ws\">Passy Muir<\/span> regularly features articles in its publications on cutting-edge therapies and evidence-based clinical practice drawn from the collaborative efforts of the <span class=\"pm_ws\">Passy Muir<\/span> Clinical Team and expert researchers and clinicians from different disciplines and settings. They are intended to inspire discussion about the <span class=\"pm_ws\"><span class=\"pm_ws\">Passy Muir<\/span><\/span><sup>\u00ae<\/sup> Valve and advancement in issues related [&hellip;]","protected":false},"author":3,"featured_media":0,"parent":0,"menu_order":0,"comment_status":"closed","ping_status":"closed","template":"","meta":[],"yst_prominent_words":[3566,3108,722,1542,444,3554,3083,3081,72,74,3080,3079,3107,202],"_links":{"self":[{"href":"http:\/\/142.11.238.239\/es\/wp-json\/wp\/v2\/pages\/12220"}],"collection":[{"href":"http:\/\/142.11.238.239\/es\/wp-json\/wp\/v2\/pages"}],"about":[{"href":"http:\/\/142.11.238.239\/es\/wp-json\/wp\/v2\/types\/page"}],"author":[{"embeddable":true,"href":"http:\/\/142.11.238.239\/es\/wp-json\/wp\/v2\/users\/3"}],"replies":[{"embeddable":true,"href":"http:\/\/142.11.238.239\/es\/wp-json\/wp\/v2\/comments?post=12220"}],"version-history":[{"count":45,"href":"http:\/\/142.11.238.239\/es\/wp-json\/wp\/v2\/pages\/12220\/revisions"}],"predecessor-version":[{"id":19188,"href":"http:\/\/142.11.238.239\/es\/wp-json\/wp\/v2\/pages\/12220\/revisions\/19188"}],"wp:attachment":[{"href":"http:\/\/142.11.238.239\/es\/wp-json\/wp\/v2\/media?parent=12220"}],"wp:term":[{"taxonomy":"yst_prominent_words","embeddable":true,"href":"http:\/\/142.11.238.239\/es\/wp-json\/wp\/v2\/yst_prominent_words?post=12220"}],"curies":[{"name":"wp","href":"https:\/\/api.w.org\/{rel}","templated":true}]}}