{"id":1293,"date":"2021-05-17T16:00:48","date_gmt":"2021-05-17T23:00:48","guid":{"rendered":"http:\/\/localhost:8080\/mywordpress\/trachtools-app\/"},"modified":"2021-05-17T15:53:05","modified_gmt":"2021-05-17T22:53:05","slug":"app","status":"publish","type":"page","link":"http:\/\/142.11.238.239\/es\/app\/","title":{"rendered":"Aplicaci\u00f3n Trachtools\u2122"},"content":{"rendered":"<div class=\"l3-header-con no-banner\">\n<div class=\"l3-header-icon\"><img decoding=\"async\" src=\"\/wp-content\/uploads\/2017\/07\/TRACHTOOLS_0.jpg\" alt=\"pocket t.o.m.\" \/><\/div>\n<div class=\"l3-header-text\">Aplicaci\u00f3n Trachtools\u2122<\/div>\n<\/div>\n<div class=\"section_descl2\">\n<p class=\" translation-block\">Esta aplicaci\u00f3n de traqueotom\u00eda que es f\u00e1cil de usar permite la comunicaci\u00f3n con solo tocar un bot\u00f3n. Con un men\u00fa intuitivo, con opciones de voz definidas por el usuario, frases pregrabadas, una opci\u00f3n de grabaci\u00f3n de frases personalizada, videos del paciente y acceso f\u00e1cil a los recursos. TRACHTOOLS est\u00e1 dise\u00f1ado para facilitar la comunicaci\u00f3n, proporcionar informaci\u00f3n \u00fatil sobre traqueotom\u00eda y fomentar la participaci\u00f3n del paciente. La versi\u00f3n redise\u00f1ada de Apple de la aplicaci\u00f3n tambi\u00e9n permite a los pacientes y m\u00e9dicos cruzar las barreras del idioma con la nueva funci\u00f3n de frases pregrabadas en ingl\u00e9s o espa\u00f1ol. La aplicaci\u00f3n es perfecta para pacientes, familias y cuidadores. Ahora disponible de forma gratuita en App Store o Google Play. Compatible con iOS 11.\nEn <span class=\"pm_ws\"><span class=\"pm_ws\">Passy Muir<\/span><\/span>, una mejor comunicaci\u00f3n significa una mejor atenci\u00f3n.<\/p>\n<h2>\u00bfQu\u00e9 hay de nuevo?<\/h2>\n<p>Spanish and English language options. Pre-recorded phrases translation feature. Increased output volume.<br \/>Compatible with iOS 11.<\/p>\n<\/div>\n<p><img decoding=\"async\" class=\"text-center\" src=\"\/wp-content\/uploads\/2018\/10\/TRACHTOOLS_composite_2018-1-e1544734582314.jpg\" alt=\"Trachtools App on Mulitple Devices\" title=\"Trachtools App on Mulitple Devices\" \/><\/p>\n<div class=\"row\">\n<div class=\"col-sm-6 text-center\"><a data-toggle=\"modal\" data-target=\"#download_trachtools\" rel=\"noopener noreferrer\"><img decoding=\"async\" alt=\"Apple store Trachtools link\" class=\"\" src=\"\/wp-content\/uploads\/2017\/07\/imgres.png\" width=\"220\" \/><\/a><\/div>\n<div class=\"col-sm-6 text-center\"><a data-toggle=\"modal\" data-target=\"#download_trachtools2\" rel=\"noopener noreferrer\"><img decoding=\"async\" alt=\"Android store Trachtools\" class=\"\" src=\"\/wp-content\/uploads\/2017\/07\/google-play-badge-s.png\" width=\"220\" \/><\/a><\/div>\n<\/div>\n<div class=\"col-sm-12\">\n<style>.embed-container { position: relative; padding-bottom: 56.25%; height: 0; overflow: hidden; max-width: 100%; } .embed-container iframe, .embed-container object, .embed-container embed { position: absolute; top: 0; left: 0; width: 100%; height: 100%; }<\/style>\n<div class=\"embed-container m-t-xxl\"><iframe src=\"https:\/\/www.youtube.com\/embed\/\/7PIzmN8GRHg?autoplay=1&amp;rel=0\" frameborder=\"0\" allowfullscreen=\"allowfullscreen\"><\/iframe><\/div>\n<\/div>\n<div id=\"download_trachtools\" class=\"modal fade\" role=\"dialog\">\n<div class=\"popup_modal modal-dialog\">\n<div class=\"modal-content\">\n<div class=\"modal-header\">\n\t\t\t\t<button class=\"close\" type=\"button\" data-dismiss=\"modal\">\u00d7<\/button><\/p>\n<div class=\"download_message\">Please enter in your information to download the free TRACHTOOLS\u2122 App!<\/div>\n<\/p><\/div>\n<div class=\"modal-body\">\n\t\t\t\t<div class=\"wpforms-container wpforms-container-full\" id=\"wpforms-9611\"><form id=\"wpforms-form-9611\" class=\"wpforms-validate wpforms-form\" data-formid=\"9611\" method=\"post\" enctype=\"multipart\/form-data\" action=\"\/es\/wp-json\/wp\/v2\/pages\/1293\" data-token=\"6d707410dd49e3bb0ef7564ec9efae6a\" data-trp-original-action=\"\/es\/wp-json\/wp\/v2\/pages\/1293\"><noscript class=\"wpforms-error-noscript\">Por favor, activa JavaScript en tu navegador para completar este formulario.<\/noscript><div class=\"wpforms-field-container\"><div id=\"wpforms-9611-field_0-container\" class=\"wpforms-field wpforms-field-name\" data-field-id=\"0\"><label class=\"wpforms-field-label\" for=\"wpforms-9611-field_0\">Nombre <span class=\"wpforms-required-label\">*<\/span><\/label><div class=\"wpforms-field-row wpforms-field-medium\"><div class=\"wpforms-field-row-block wpforms-first wpforms-one-half\"><input type=\"text\" id=\"wpforms-9611-field_0\" class=\"wpforms-field-name-first wpforms-field-required\" name=\"wpforms[fields][0][first]\" required><label for=\"wpforms-9611-field_0\" class=\"wpforms-field-sublabel after\">Nombre<\/label><\/div><div class=\"wpforms-field-row-block wpforms-one-half\"><input type=\"text\" id=\"wpforms-9611-field_0-last\" class=\"wpforms-field-name-last wpforms-field-required\" name=\"wpforms[fields][0][last]\" required><label for=\"wpforms-9611-field_0-last\" class=\"wpforms-field-sublabel after\">Apellidos<\/label><\/div><\/div><\/div><div id=\"wpforms-9611-field_1-container\" class=\"wpforms-field wpforms-field-email\" data-field-id=\"1\"><label class=\"wpforms-field-label\" for=\"wpforms-9611-field_1\">Correo electr\u00f3nico <span class=\"wpforms-required-label\">*<\/span><\/label><input type=\"email\" id=\"wpforms-9611-field_1\" class=\"wpforms-field-medium wpforms-field-required\" name=\"wpforms[fields][1]\" spellcheck=\"false\" required><\/div><\/div><!-- .wpforms-field-container --><div class=\"wpforms-field wpforms-field-hp\"><label for=\"wpforms-9611-field-hp\" class=\"wpforms-field-label\">Message<\/label><input type=\"text\" name=\"wpforms[hp]\" id=\"wpforms-9611-field-hp\" class=\"wpforms-field-medium\"><\/div><div class=\"wpforms-submit-container\" ><input type=\"hidden\" name=\"wpforms[id]\" value=\"9611\"><input type=\"hidden\" name=\"wpforms[author]\" value=\"6\"><button type=\"submit\" name=\"wpforms[submit]\" id=\"wpforms-submit-9611\" class=\"wpforms-submit\" data-alt-text=\"Sending...\" data-submit-text=\"Submit\" aria-live=\"assertive\" value=\"wpforms-submit\">Enviar<\/button><\/div><input type=\"hidden\" name=\"trp-form-language\" value=\"es\"\/><\/form><\/div>  <!-- .wpforms-container --><\/p>\n<div class=\"download_info hide\">\n<div class=\"download_info__name\"><span class=\"download_info__name_header\">Thank you <\/span><span class=\"download_info__name_end\">, you can download the free TRACHTOOLS\u2122 App here:<\/span><\/div>\n<div class=\"download_info__link\"><a href=\"\/wp-content\/uploads\/2018\/06\/tobybook_web.pdf\" target=\"_blank\" rel=\"noopener noreferrer\"><button class=\"btn purple\" name=\"button\" type=\"button\"> Descargar gratis <\/button><\/a><\/div>\n<\/p><\/div>\n<\/p><\/div>\n<p>\t\t\t<!-- \/modal-body -->\n\t\t<\/div>\n<p>\t\t<!-- \/modal-content -->\n\t<\/div>\n<p>\t<!-- \/modal-dialog -->\n<\/div>\n<p><!-- \/modal #download_trachtools --><\/p>\n<div id=\"download_trachtools2\" class=\"modal fade\" role=\"dialog\">\n<div class=\"popup_modal modal-dialog\">\n<div class=\"modal-content\">\n<div class=\"modal-header\">\n\t\t\t\t<button class=\"close\" type=\"button\" data-dismiss=\"modal\">\u00d7<\/button><\/p>\n<div class=\"download_message\">Please enter in your information to download the free TRACHTOOLS\u2122 App!<\/div>\n<\/p><\/div>\n<div class=\"modal-body\">\n\t\t\t\t<div class=\"wpforms-container wpforms-container-full\" id=\"wpforms-9614\"><form id=\"wpforms-form-9614\" class=\"wpforms-validate wpforms-form\" data-formid=\"9614\" method=\"post\" enctype=\"multipart\/form-data\" action=\"\/es\/wp-json\/wp\/v2\/pages\/1293\" data-token=\"20e33427444a1f08e0231d9bc36c0433\" data-trp-original-action=\"\/es\/wp-json\/wp\/v2\/pages\/1293\"><noscript class=\"wpforms-error-noscript\">Por favor, activa JavaScript en tu navegador para completar este formulario.<\/noscript><div class=\"wpforms-field-container\"><div id=\"wpforms-9614-field_0-container\" class=\"wpforms-field wpforms-field-name\" data-field-id=\"0\"><label class=\"wpforms-field-label\" for=\"wpforms-9614-field_0\">Nombre <span class=\"wpforms-required-label\">*<\/span><\/label><div class=\"wpforms-field-row wpforms-field-medium\"><div class=\"wpforms-field-row-block wpforms-first wpforms-one-half\"><input type=\"text\" id=\"wpforms-9614-field_0\" class=\"wpforms-field-name-first wpforms-field-required\" name=\"wpforms[fields][0][first]\" required><label for=\"wpforms-9614-field_0\" class=\"wpforms-field-sublabel after\">Nombre<\/label><\/div><div class=\"wpforms-field-row-block wpforms-one-half\"><input type=\"text\" id=\"wpforms-9614-field_0-last\" class=\"wpforms-field-name-last wpforms-field-required\" name=\"wpforms[fields][0][last]\" required><label for=\"wpforms-9614-field_0-last\" class=\"wpforms-field-sublabel after\">Apellidos<\/label><\/div><\/div><\/div><div id=\"wpforms-9614-field_1-container\" class=\"wpforms-field wpforms-field-email\" data-field-id=\"1\"><label class=\"wpforms-field-label\" for=\"wpforms-9614-field_1\">Correo electr\u00f3nico <span class=\"wpforms-required-label\">*<\/span><\/label><input type=\"email\" id=\"wpforms-9614-field_1\" class=\"wpforms-field-medium wpforms-field-required\" name=\"wpforms[fields][1]\" spellcheck=\"false\" required><\/div><\/div><!-- .wpforms-field-container --><div class=\"wpforms-field wpforms-field-hp\"><label for=\"wpforms-9614-field-hp\" class=\"wpforms-field-label\">Website<\/label><input type=\"text\" name=\"wpforms[hp]\" id=\"wpforms-9614-field-hp\" class=\"wpforms-field-medium\"><\/div><div class=\"wpforms-submit-container\" ><input type=\"hidden\" name=\"wpforms[id]\" value=\"9614\"><input type=\"hidden\" name=\"wpforms[author]\" value=\"6\"><button type=\"submit\" name=\"wpforms[submit]\" id=\"wpforms-submit-9614\" class=\"wpforms-submit\" data-alt-text=\"Sending...\" data-submit-text=\"Submit\" aria-live=\"assertive\" value=\"wpforms-submit\">Enviar<\/button><\/div><input type=\"hidden\" name=\"trp-form-language\" value=\"es\"\/><\/form><\/div>  <!-- .wpforms-container --><\/p>\n<div class=\"download_info hide\">\n<div class=\"download_info__name\"><span class=\"download_info__name_header\">Thank you <\/span><span class=\"download_info__name_end\">, you can download the free TRACHTOOLS\u2122 App here:<\/span><\/div>\n<div class=\"download_info__link\"><a href=\"\/wp-content\/uploads\/2018\/06\/tobybook_web.pdf\" target=\"_blank\" rel=\"noopener noreferrer\"><button class=\"btn purple\" name=\"button\" type=\"button\"> Descargar gratis <\/button><\/a><\/div>\n<\/p><\/div>\n<\/p><\/div>\n<p>\t\t\t<!-- \/modal-body -->\n\t\t<\/div>\n<p>\t\t<!-- \/modal-content -->\n\t<\/div>\n<p>\t<!-- \/modal-dialog -->\n<\/div>\n<p><!-- \/modal #download_trachtools2 --><\/p>","protected":false},"excerpt":{"rendered":"TRACHTOOLS\u2122 App This tracheostomy patient-friendly app enables communication at the touch of a button. Featuring an intuitive menu, user-defined voice options, pre-recorded phrases, a custom phrase record option, patient videos, and easy access to resources, TRACHTOOLS is designed to facilitate communication, provide useful tracheostomy information, and foster patient participation. The redesigned Apple version of the [&hellip;]","protected":false},"author":6,"featured_media":1287,"parent":0,"menu_order":0,"comment_status":"closed","ping_status":"closed","template":"","meta":[],"yst_prominent_words":[635,622,618,617,627,633,626,619,629,621,628,623],"_links":{"self":[{"href":"http:\/\/142.11.238.239\/es\/wp-json\/wp\/v2\/pages\/1293"}],"collection":[{"href":"http:\/\/142.11.238.239\/es\/wp-json\/wp\/v2\/pages"}],"about":[{"href":"http:\/\/142.11.238.239\/es\/wp-json\/wp\/v2\/types\/page"}],"author":[{"embeddable":true,"href":"http:\/\/142.11.238.239\/es\/wp-json\/wp\/v2\/users\/6"}],"replies":[{"embeddable":true,"href":"http:\/\/142.11.238.239\/es\/wp-json\/wp\/v2\/comments?post=1293"}],"version-history":[{"count":13,"href":"http:\/\/142.11.238.239\/es\/wp-json\/wp\/v2\/pages\/1293\/revisions"}],"predecessor-version":[{"id":16232,"href":"http:\/\/142.11.238.239\/es\/wp-json\/wp\/v2\/pages\/1293\/revisions\/16232"}],"wp:featuredmedia":[{"embeddable":true,"href":"http:\/\/142.11.238.239\/es\/wp-json\/wp\/v2\/media\/1287"}],"wp:attachment":[{"href":"http:\/\/142.11.238.239\/es\/wp-json\/wp\/v2\/media?parent=1293"}],"wp:term":[{"taxonomy":"yst_prominent_words","embeddable":true,"href":"http:\/\/142.11.238.239\/es\/wp-json\/wp\/v2\/yst_prominent_words?post=1293"}],"curies":[{"name":"wp","href":"https:\/\/api.w.org\/{rel}","templated":true}]}}