{"id":1404,"date":"2018-02-28T17:47:18","date_gmt":"2018-02-28T17:47:18","guid":{"rendered":"http:\/\/localhost:8080\/mywordpress\/accessories\/"},"modified":"2022-08-05T10:05:12","modified_gmt":"2022-08-05T17:05:12","slug":"pmv_accessories","status":"publish","type":"page","link":"http:\/\/142.11.238.239\/es\/pmv_accessories\/","title":{"rendered":"Accesorios"},"content":{"rendered":"<div class=\"slideshowContainer\"><img decoding=\"async\" loading=\"lazy\" alt=\"passy muir branding bar\" style=\"vertical-align: bottom;\" src=\"\/wp-content\/uploads\/2017\/07\/branding_bar_top_new.jpg\" width=\"100%\" height=\"20px\" \/><\/div>\n<div class=\"l2-header-con banner\">\n<div class=\"l2-header-icon\"><img decoding=\"async\" src=\"\/wp-content\/uploads\/2019\/01\/PMV_Icon_100x100.png\" alt=\"accessories\" \/><\/div>\n<div class=\"l2-header-text\">\n<h1 class=\"header_nobanner_nostyle\">Accesorios<\/h1>\n<\/div>\n<\/div>\n<div style=\"clear: both;\"><\/div>\n<p class=\"section_descl2\"><span class=\"translation-block intro-block\">Passy-Muir\u00ae ofrece una variedad de accesorios para facilitar el uso de la v\u00e1lvula Passy-Muir en una variedad de aplicaciones. \u00bfNo est\u00e1 seguro de qu\u00e9 accesorio se adapta mejor a su v\u00e1lvula o ventilador? Consult\u00e9 nuestra Gu\u00eda de accesorios y conexiones, presion\u00e9 aqu\u00ed. V\u00e1lvula Passy-Muir es un dispositivo recetado y requiere una orden de un m\u00e9dico. Para obtener m\u00e1s informaci\u00f3n sobre c\u00f3mo realizar un pedido, presion\u00e9 aqu\u00ed.<\/span><\/p>\n<div class=\"row\">\n<div class=\"col-sm-12\">\n<h3 class=\"products_name\">PMA<sup>\u00ae<\/sup> 2000 O<sub>2<\/sub> Adapter<\/h3>\n<\/div>\n<div class=\"col-sm-3\">\n<div class=\"img_container\"><a href=\"http:\/\/142.11.238.239\/es\/pma2000\/\"><img decoding=\"async\" alt=\"PMA 2000 Oxygen Adapter\" class=\"left_img row-top-padding\" src=\"\/wp-content\/uploads\/2016\/07\/pma2000-e1543941962462.png\" \/><\/a><\/div>\n<\/div>\n<div class=\"col-sm-9\">\n<div class=\"accessory_desc translation-block\">El adaptador de ox\u00edgeno PMA 2000 es un adaptador peque\u00f1o y liviano dise\u00f1ado para suministrar ox\u00edgeno de bajo flujo (hasta 6L \/ min) a la cara anterior de la V\u00e1lvula <span class=\"pm_ws\">Passy Muir<\/span>. Se ajusta f\u00e1cilmente a la PMV 2000 y PMV 2001, lo que proporciona un m\u00e9todo port\u00e1til y c\u00f3modo para suministrar ox\u00edgeno de bajo flujo a los pacientes con traqueostom\u00eda. Sin l\u00e1tex. Hecho en los Estados Unidos.<\/div>\n<div><a href=\"http:\/\/142.11.238.239\/es\/pma2000\/\"><br \/>\n<span class=\"order-now-header\">Aprende M\u00e1s \u2013 PMA 2000<\/span><br \/>\n<\/a><\/div>\n<\/div>\n<\/div>\n<hr \/>\n<div class=\"row\">\n<div class=\"col-sm-12\">\n<h3 class=\"products_name\">PMA<sup>\u00ae<\/sup> 2020-S Adapter<\/h3>\n<\/div>\n<div class=\"col-sm-3\">\n<div class=\"img_container\"><a href=\"http:\/\/142.11.238.239\/es\/pma2020\/\"><img decoding=\"async\" alt=\"Passy Muir PMA 2020-S Adapter\" class=\"left_img row-top-padding\" src=\"\/wp-content\/uploads\/2016\/07\/pma2020-e1543941575993.png\" \/><\/a><\/div>\n<\/div>\n<div class=\"col-sm-9\">\n<div class=\"accessory_desc translation-block\">Se requiere el adaptador PMA 2020-S para conectar la\nPMV<sup>\u00ae<\/sup> 2020 a un tubo de traqueostom\u00eda Jackson mejorado\nde metal. Este paquete de 3 adaptadores proporciona\nadaptadores adicionales en caso de da\u00f1o o p\u00e9rdida del\nadaptador original incluido con la PMV 2020. Sin l\u00e1tex.\nHecho en los Estados Unidos.<\/div>\n<div><a href=\"http:\/\/142.11.238.239\/es\/pma2020\/\"><br \/>\n<span class=\"order-now-header\">Aprende M\u00e1s \u2013 PMA 2020-S<\/span><br \/>\n<\/a><\/div>\n<\/div>\n<\/div>\n<hr \/>\n<p><a id=\"pmvsi\" class=\"offset_anchor\" name=\"pmvsi\"><\/a><\/p>\n<div class=\"row\">\n<div class=\"col-sm-12\">\n<h3 class=\"products_name translation-block\">PMV<sup>\u00ae<\/sup> Secure-It<sup>\u00ae<\/sup><\/h3>\n<\/div>\n<div class=\"col-sm-3\">\n<div class=\"img_container\"><a href=\"http:\/\/142.11.238.239\/es\/pmvsi\/\"><img decoding=\"async\" alt=\"Passy Muir PMV Secure-It\" class=\"left_img row-top-padding\" src=\"\/wp-content\/uploads\/2016\/07\/pmvsi-e1543941233857.png\" \/><\/a><\/div>\n<\/div>\n<div class=\"col-sm-9\">\n<div class=\"accessory_desc\">La Secure-It<sup>\u00ae<\/sup> de PMV conectan la PMV 2000, la PMV 2001 y la PMV 2020 a un lazo de traqueostom\u00eda para ayudar a prevenir el extrav\u00edo de la v\u00e1lvula. Viene en un paquete que contiene 5 unidades de Secure-It de reemplazo. Sin l\u00e1tex. Hecho en los Estados Unidos.<\/div>\n<div><a href=\"http:\/\/142.11.238.239\/es\/pmvsi\/\"><br \/>\n<span class=\"order-now-header\">Aprende M\u00e1s \u2013 PMV SI<\/span><br \/>\n<\/a><\/div>\n<\/div>\n<\/div>\n<hr \/>\n<p><a id=\"pm1522\" class=\"offset_anchor\" name=\"pm1522\"><\/a><\/p>\n<div class=\"row\">\n<div class=\"col-sm-12\">\n<h3 class=\"products_name\">PMV<sup>\u00ae<\/sup> AD1522 Step-down Adapter<\/h3>\n<\/div>\n<div class=\"col-sm-3\">\n<div class=\"img_container\"><a href=\"http:\/\/142.11.238.239\/es\/pmv-ad1522\/\"><img decoding=\"async\" alt=\"Passy Muir PMV AD15-22 Step-Down Adapter\" class=\"left_img row-top-padding\" src=\"\/wp-content\/uploads\/2019\/01\/pm-15-22mm_222X145.png\" \/><\/a><\/div>\n<\/div>\n<div class=\"col-sm-9\">\n<div class=\"accessory_desc translation-block\">El Adaptador Reductor PMV AD1522 (22mm ID, 15mm OD) de <span class=\"pm_ws\">Passy Muir<\/span> proporciona a los m\u00e9dicos una forma de conectar f\u00e1cilmente la V\u00e1lvula <span class=\"pm_ws\">Passy Muir<\/span> directamente mientras el paciente usa un ventilador mec\u00e1nico. Con un c\u00f3digo de color para usarse con la PMV<sup>\u00ae<\/sup> 007 (Aqua Color\u2122), el adaptador proporciona una conexi\u00f3n segura entre la V\u00e1lvula <span class=\"pm_ws\">Passy Muir<\/span> y los tubos de respiraci\u00f3n, sistemas de succi\u00f3n cerrados u otros adaptadores. Viene en un paquete resellable de 5 unidades. Se ajusta a la norma ISO 5356-1. Sin l\u00e1tex. Hecho en los Estados Unidos.<\/div>\n<div><a href=\"http:\/\/142.11.238.239\/es\/pmv-ad1522\/\"><br \/>\n<span class=\"order-now-header\">Aprende M\u00e1s \u2013 PMV AD1522<\/span><br \/>\n<\/a><\/div>\n<\/div>\n<\/div>\n<hr \/>\n<p><a id=\"pm22mm\" class=\"offset_anchor\" name=\"pm22mm\"><\/a><\/p>\n<div class=\"row\">\n<div class=\"col-sm-12\">\n<h3 class=\"products_name\">PMV<sup>\u00ae<\/sup>AD22 Flexible Silicone Adapter<\/h3>\n<\/div>\n<div class=\"col-sm-3\">\n<div class=\"img_container\"><a href=\"http:\/\/142.11.238.239\/es\/pmv-ad22\/\"><img decoding=\"async\" alt=\"Passy Muir PMV AD22 Flexible Silicone Adapter\" class=\"left_img row-top-padding\" src=\"\/wp-content\/uploads\/2019\/01\/pm-22mm_adapter_222x168.png\" \/><\/a><\/div>\n<\/div>\n<div class=\"col-sm-9\">\n<div class=\"accessory_desc translation-block\">El adaptador flexible de silicona PMV AD22 de <span class=\"pm_ws\">Passy Muir<\/span> est\u00e1 dise\u00f1ado para una variedad de usos dentro de un circuito de ventilador. Codificados por colores para usarse con la PMV 2001 (Purple Color\u2122). Tambi\u00e9n se puede utilizar con la PMV 2000 y la PMV 005<sup>\u00ae<\/sup>. El adaptador proporciona una conexi\u00f3n segura entre una V\u00e1lvula <span class=\"pm_ws\">Passy Muir<\/span> y tubos de respiraci\u00f3n, sistemas de succi\u00f3n cerrados u otros adaptadores. Se estira para ajustarse a 22mm. Viene en un paquete resellable de 3 unidades. Sin l\u00e1tex. Hecho en los Estados Unidos.<\/div>\n<div><a href=\"http:\/\/142.11.238.239\/es\/pmv-ad22\/\"><br \/>\n<span class=\"order-now-header\">Aprende M\u00e1s \u2013 PMV AD22<\/span><br \/>\n<\/a><\/div>\n<\/div>\n<\/div>\n<hr \/>\n<div class=\"row\">\n<div class=\"col-sm-12\">\n<h3 class=\"products_name\">15mm DigiSil<sup>\u2122<\/sup> Digital (Finger) Occlusion Adapter <\/h3>\n<\/div>\n<div class=\"col-sm-3\">\n<div class=\"img_container\"><a href=\"http:\/\/142.11.238.239\/es\/digisil\/\"><img decoding=\"async\" alt=\"15mm DigiSil\u2122 Digital (Finger) Occlusion Adapter \" class=\"left_img row-top-padding\" src=\"\/wp-content\/uploads\/2022\/08\/DigiSil_view-s2r.jpg\" \/><\/a><\/div>\n<\/div>\n<div class=\"col-sm-9\">\n<div class=\"accessory_desc\">\nThe 15mm DigiSil<sup>TM<\/sup> Digital (Finger) Occlusion Adapter is a lightweight, stretch-to-fit adapter for placement on the 15mm hub of a tracheostomy tube with a duckbill inner cannula. It facilitates easy finger occlusion and comes with a Secure-It<sup>\u00ae<\/sup> to prevent loss.<\/p>\n<\/div>\n<div><a href=\"http:\/\/142.11.238.239\/es\/digisil\/\"><br \/>\n<span class=\"order-now-header\">Learn More &#8211; 15mm DigiSil<\/span><br \/>\n<\/a><\/div>\n<\/div>\n<\/div>\n<hr \/>\n<div class=\"row\">\n<div class=\"col-sm-12\">\n<h3 class=\"products_name\">PM-DB15<sup>\u2122<\/sup> Adapter <\/h3>\n<\/div>\n<div class=\"col-sm-3\">\n<div class=\"img_container\"><a href=\"http:\/\/142.11.238.239\/es\/pm-db15\/\"><img decoding=\"async\" alt=\"PM-DB15\u2122 Adapter\" class=\"left_img row-top-padding\" src=\"\/wp-content\/uploads\/2022\/08\/DB15-s2.jpg\" \/><\/a><\/div>\n<\/div>\n<div class=\"col-sm-9\">\n<div class=\"accessory_desc\">The PM-DB15\u2122 Adapter is a non-sterile, lightweight, single patient use, low-profile adapter for placement on the 15mm hub of a tracheostomy tube with a duckbill designed inner cannula to allow finger occlusion or placement of a <span class=\"pmv_ws\"><span class=\"pm_ws\"><span class=\"pm_ws\">Passy Muir<\/span><\/span> Valve<\/span>, models <span class=\"\">PMV<\/span><sup>\u00ae<\/sup>2000 or PMV2001.<\/p>\n<\/div>\n<div><a href=\"http:\/\/142.11.238.239\/es\/pm-db15\/\"><br \/>\n<span class=\"order-now-header\">Learn More &#8211; PM-DB15<\/span><br \/>\n<\/a><\/div>\n<\/div>\n<\/div>\n<div class=\"row\">\n<div class=\"col-sm-9\">\n<hr>\n<h2 class=\" translation-block\">\u00bfQu\u00e9 es un V\u00e1lvula <span class=\"pm_ws\">Passy Muir<\/span>?<\/h2>\n<p class=\"product_title translation-block\">Inventada por un paciente llamado David Muir, la V\u00e1lvula\n<span class=\"pm_ws\">Passy Muir<\/span> es un dispositivo m\u00e9dico simple utilizado por\nlos pacientes con traqueostom\u00eda y ventilador. Cuando se\ncoloca en un tubo de traqueostom\u00eda o directamente con el\ncircuito del ventilador, la V\u00e1lvula <span class=\"pm_ws\">Passy Muir<\/span> redirige el\nflujo de aire a trav\u00e9s de los pliegues vocales, la boca y la\nnariz, permitiendo la voz y la comunicaci\u00f3n mejorada.\nA\u00f1os de investigaci\u00f3n basada en la evidencia han\ndemostrado que la V\u00e1lvula <span class=\"pm_ws\">Passy Muir<\/span> ofrece a los\npacientes numerosos beneficios cl\u00ednicos m\u00e1s all\u00e1 de la\ncomunicaci\u00f3n, incluida la mejora de la degluci\u00f3n y el\nmanejo de secreciones.<\/p>\n<\/div>\n<div class=\"col-sm-3\"><center><img decoding=\"async\" style=\"width: 250px; height: 250x; float: right; padding: 15px;\" alt=\"Passy Muir PMV 007 Speaking Valve\" src=\"\/wp-content\/uploads\/2016\/07\/pmv007.png\" \/><\/center><\/div>\n<\/div>\n<div class=\"col-sm-12 no_leak\">\n<p><strong><span style=\"font-size: x-large;\">Dise\u00f1o \u201ca prueba de fugas\u201d<\/span><\/strong><\/p>\n<p class=\"product_title translation-block\">El dise\u00f1o patentado \u201ca prueba de fugas\u201d de la V\u00e1lvula\n<span class=\"pm_ws\">Passy Muir<\/span> significa que la v\u00e1lvula est\u00e1 siempre en una\nposici\u00f3n cerrada hasta que el paciente inhala. La v\u00e1lvula\nse abre f\u00e1cilmente con presiones inspiratorias menos que\nlo normal y se cierra autom\u00e1ticamente al final del ciclo\ninspiratorio \u201ca prueba de fugas\u201d de aire y sin esfuerzo\nespiratorio del paciente.<\/p>\n<\/div>\n<div class=\"col-sm-12 closed_system\">\n<p><strong><span style=\"font-size: x-large;\">Sistema cerrado<\/span><\/strong><\/p>\n<p class=\"product_title translation-block\">A diferencia de las v\u00e1lvulas de posici\u00f3n abierta, la V\u00e1lvula\nCerrada <span class=\"pm_ws\">Passy Muir<\/span> permite al paciente crear una presi\u00f3n\npositiva en las v\u00edas respiratorias y restaura al paciente a\nun sistema respiratorio cerrado m\u00e1s normal. El sistema\ncerrado tambi\u00e9n crea una columna protectora de aire en\nel tubo de traqueostom\u00eda que resiste las secreciones que\nse mueven hacia arriba del tubo y ocluyen la v\u00e1lvula. En\ncambio, las secreciones se pueden toser alrededor del\ntubo y expectorarse o succionarse por la boca.<\/p>\n<\/div>\n<div class=\"row\">\n<div class=\"col-sm-4\">\n<p><img decoding=\"async\" class=\"img_center\" alt=\"Exhalation with the Passy Muir Speaking Valve\" src=\"\/wp-content\/uploads\/2018\/11\/pmv_breathing.jpg\" \/><\/p>\n<p class=\"product_title translation-block\">Todas las V\u00e1lvulas <span class=\"pm_ws\">Passy Muir<\/span> tienen una posici\u00f3n de\ndise\u00f1o cerrado \u201ca prueba de fugas\u201d que restaura un\nsistema respiratorio cerrado.<\/p>\n<\/div>\n<div class=\"col-sm-4\">\n<p><img decoding=\"async\" class=\"img_center\" alt=\"Passy Muir No-Leak Design\" src=\"\/wp-content\/uploads\/2016\/07\/column2.jpg\" \/><\/p>\n<p class=\"product_title\">El dise\u00f1o \u201ca prueba de fugas\u201d mantiene una columna de\naire en el tubo de traqueostom\u00eda y redirige el flujo de aire\ny las secreciones hacia la tr\u00e1quea.<\/p>\n<\/div>\n<div class=\"col-sm-4\">\n<p><img decoding=\"async\" class=\"img_center\" alt=\"open position speaking valves\" src=\"\/wp-content\/uploads\/2016\/07\/column3.jpg\" \/><\/p>\n<p class=\"product_title\">Todas las dem\u00e1s v\u00e1lvulas de habla tienen un dise\u00f1o de\nposici\u00f3n abierta que causa fugas de aire durante la\nespiraci\u00f3n.<\/p>\n<\/div>\n<\/div>\n<div class=\"product_section_title\"><center>Animaciones educativas<\/center><\/div>\n<div class=\"container\">\n<div class=\"row\">\n<div class=\"col-sm-3\"><\/div>\n<div class=\"col-sm-6\">\n<div class=\"youtube-player\" style=\"width: 100%; display: block; position: relative; cursor: pointer; max-height: 270px; height: 100%; overflow: hidden; padding-bottom: 56.25%; margin: 0 auto;\" data-id=\"MKjlhyQjcwg\" data-related=\"0\" data-control=\"1\" data-info=\"1\" data-fullscreen=\"1\">\n<p><img decoding=\"async\" alt=\"video benefits\" style=\"bottom: -100%; display: block; left: 0; margin: auto; max-width: 100%; width: 100%; height: auto; position: absolute; right: 0; top: -100%;\" src=\"\/\/i.ytimg.com\/vi\/7KTZzvF-Jfc\/hqdefault.jpg\" \/><\/p>\n<div style=\"height: 72px; width: 72px; left: 50%; top: 50%; margin-left: -36px; margin-top: -36px; position: absolute; background: url('\/\/i.imgur.com\/TxzC70f.png') no-repeat;\"><\/div>\n<\/div>\n<\/div>\n<div class=\"col-sm-3\"><\/div>\n<\/div>\n<\/div>\n<p>&nbsp;<\/p>\n<div class=\"product_section_title\"><center>Estudios de Degluci\u00f3n<center><\/center><\/center><\/div>\n<div class=\"row\">\n<div class=\"col-sm-6 centered\">\n<div class=\"youtube-player\" style=\"width: 100%; display: block; position: relative; cursor: pointer; max-height: 270px; height: 100%; overflow: hidden; padding-bottom: 56.25%; margin: 0 auto;\" data-id=\"pD1sjTeSfSY\" data-related=\"0\" data-control=\"1\" data-info=\"1\" data-fullscreen=\"1\">\n<p><img decoding=\"async\" alt=\"videofluoroscopy\" style=\"bottom: -100%; display: block; left: 0; margin: auto; max-width: 100%; width: 100%; height: auto; position: absolute; right: 0; top: -100%;\" src=\"\/\/i.ytimg.com\/vi\/pD1sjTeSfSY\/hqdefault.jpg\" \/><\/p>\n<div style=\"height: 72px; width: 72px; left: 50%; top: 50%; margin-left: -36px; margin-top: -36px; position: absolute; background: url('\/\/i.imgur.com\/TxzC70f.png') no-repeat;\"><\/div>\n<\/div>\n<p class=\"product_video_title\">Videofluoroscopia con y sin PMV<\/p>\n<p>Degluciones l\u00edquidas finas de muestra de\nVideofuoroscopia que demuestran el efecto del uso de la\nPMV. A la izquierda se ve la degluci\u00f3n del paciente sin\nuna v\u00e1lvula, y la derecha es luego de la colocaci\u00f3n de la\nv\u00e1lvula.<\/p>\n<\/div>\n<div class=\"col-sm-6 centered\">\n<div class=\"youtube-player\" style=\"width: 100%; display: block; position: relative; cursor: pointer; max-height: 270px; height: 100%; overflow: hidden; padding-bottom: 56.25%; margin: 0 auto;\" data-id=\"iyczrjLlmgo\" data-related=\"0\" data-control=\"1\" data-info=\"1\" data-fullscreen=\"1\">\n<p><img decoding=\"async\" alt=\"FEES\" style=\"bottom: -100%; display: block; left: 0; margin: auto; max-width: 100%; width: 100%; height: auto; position: absolute; right: 0; top: -100%;\" src=\"\/\/i.ytimg.com\/vi\/iyczrjLlmgo\/hqdefault.jpg\" \/><\/p>\n<div style=\"height: 72px; width: 72px; left: 50%; top: 50%; margin-left: -36px; margin-top: -36px; position: absolute; background: url('\/\/i.imgur.com\/TxzC70f.png') no-repeat;\"><\/div>\n<\/div>\n<p class=\"product_video_title\">Estudio FEES por Liza Blumenfeld, MS, CCC-SLP<\/p>\n<p>Muestra de un estudio FEES realizado por Liza\nBlumenfeld, MS, CCC-SLP que muestra el estudio de\nreferencia de un paciente y luego el cambio al d\u00eda cuatro,\ndespu\u00e9s del tratamiento de disfagia mientras se usa la\nPMV.<\/p>\n<\/div>\n<\/div>\n<section id=\"block-block-103\" class=\"block block-block clearfix\">\n<div class=\"product_section_title translation-block\">Beneficios de la V\u00e1lvula Passy Muir<\/div>\n<h3>Restaura la presi\u00f3n positiva de la v\u00eda a\u00e9rea<\/h3>\n<p><span class=\"translation-block\"> La posici\u00f3n cerrada, el dise\u00f1o \u201ca prueba de fugas\u201d de la V\u00e1lvula <span class=\"pm_ws\">Passy Muir<\/span> restaura un sistema respiratorio cerrado m\u00e1s normal, lo que permite al paciente crear una presi\u00f3n positiva en las v\u00edas respiratorias sin la necesidad de una oclusi\u00f3n manual del tubo de traqueostom\u00eda. Esto promueve una voz m\u00e1s alta, una mejor degluci\u00f3n, una tos m\u00e1s fuerte y puede aumentar la oxigenaci\u00f3n.<\/span><\/p>\n<h3>Producci\u00f3n Superior de Voz\/Habla<\/h3>\n<p><span class=\"translation-block\">Los pacientes traqueotomizados y dependientes del\nventilador pueden producir voces m\u00e1s claras con una\nexpresi\u00f3n m\u00e1s normal, mejor calidad vocal y mayor\nvolumen porque todo el flujo de aire exhalado se redirige\nm\u00e1s all\u00e1 de las cuerdas vocales.<\/span><\/p>\n<h3>Mejora la Degluci\u00f3n y Puede Reducir la aspiraci\u00f3n<\/h3>\n<p class=\" translation-block\">La posici\u00f3n cerrada, el dise\u00f1o \u201ca prueba de fugas\u201d de la\nV\u00e1lvula Passy Muir puede mejorar la seguridad y\neficiencia de la degluci\u00f3n y puede reducir la aspiraci\u00f3n.\nLa v\u00e1lvula en posici\u00f3n cerrada mantiene al paciente en un\nsistema cerrado m\u00e1s normal que facilita el aumento de la\nsensaci\u00f3n far\u00edngea y lar\u00edngea y restaura la presi\u00f3n de aire\nsubgl\u00f3tica positiva.<\/p>\n<h3>Restaura la presi\u00f3n subgl\u00f3tica<\/h3>\n<p><span class=\"translation-block\">S\u00f3lo la posici\u00f3n cerrada, el dise\u00f1o \u201ca prueba de fugas\u201d de\nla V\u00e1lvula <span class=\"pm_ws\">Passy Muir<\/span> restablece un sistema respiratorio\ncerrado y restaura la presi\u00f3n subgl\u00f3tica, lo que mejora la\ndegluci\u00f3n y puede reducir la aspiraci\u00f3n.<\/span><\/p>\n<h3>Uso de Ventilador en Linea<\/h3>\n<p class=\" translation-block\">Los pacientes adultos, pedi\u00e1tricos y neonatales con\nventilador pueden utilizar la V\u00e1lvula <span class=\"pm_ws\">Passy Muir<\/span> durante la\nventilaci\u00f3n mec\u00e1nica. Todas las V\u00e1lvulas <span class=\"pm_ws\">Passy Muir<\/span> son\nintercambiables (excepto la PMV 2020) y se pueden usar\ntanto con o sin los ventiladores port\u00e1tiles y de cuidado\nagudo.<\/p>\n<h3>Agiliza la desconexi\u00f3n del Ventilador<\/h3>\n<p class=\" translation-block\">Las V\u00e1lvulas <span class=\"pm_ws\">Passy Muir<\/span> se utilizan como una\nherramienta aumentativa para la desconexi\u00f3n del\nventilador en pacientes ya que restablece la Presi\u00f3n\nPositiva al Final de la Espiraci\u00f3n fisiol\u00f3gica, que a su vez\npuede mejorar la oxigenaci\u00f3n. A medida que el paciente\nse acostumbra a exhalar a trav\u00e9s de la v\u00eda a\u00e9rea superior,\nse mejora la confianza del paciente y se facilita el\nreentrenamiento de los m\u00fasculos respiratorios.<\/p>\n<h3>Reduce el tiempo de decanulaci\u00f3n<\/h3>\n<p class=\" translation-block\">Las V\u00e1lvulas <span class=\"pm_ws\">Passy Muir<\/span> se pueden usar como un paso\nprovisional en el proceso de decanulaci\u00f3n al permitir que\nel paciente comience a ajustarse a un patr\u00f3n de\nrespiraci\u00f3n m\u00e1s normal a trav\u00e9s de la v\u00eda a\u00e9rea superior\nen la exhalaci\u00f3n. Esto permite que el paciente gane\nconfianza y que el m\u00e9dico eval\u00fae la permeabilidad de la\nv\u00eda a\u00e9rea y puede acortar significativamente el proceso\nde decanulaci\u00f3n.<\/p>\n<h3>Puede mejorar la oxigenaci\u00f3n<\/h3>\n<p class=\" translation-block\">La posici\u00f3n cerrada, el dise\u00f1o \u201ca prueba de fugas\u201d de las\nV\u00e1lvulas <span class=\"pm_ws\">Passy Muir<\/span> restaura un sistema respiratorio\ncerrado m\u00e1s normal. Como resultado, se restablece la\nPresi\u00f3n Positiva al Final de la Espiraci\u00f3n (PEEP), lo que\npuede facilitar una mejor oxigenaci\u00f3n.<\/p>\n<h3>Mejora el olfato<\/h3>\n<p class=\" translation-block\">Las V\u00e1lvulas Passy Muir mejoran el sentido del olfato restableciendo el flujo de aire a trav\u00e9s de las cavidades oral y nasal durante la espiraci\u00f3n. Este mejor sentido del olfato puede llevar a un aumento en el sentido del gusto, el apetito y la ingesta de calor\u00edas, que son importantes en\nel proceso de recuperaci\u00f3n.<\/p>\n<h3>Facilita el manejo de las secreciones<\/h3>\n<p class=\" translation-block\">La posici\u00f3n cerrada, el dise\u00f1o \u201ca prueba de fugas\u201d de la V\u00e1lvula <span class=\"pm_ws\">Passy Muir<\/span> facilita el manejo de las secreciones mientras restablece un sistema cerrado que permite al paciente producir una tos m\u00e1s fuerte y efectiva y mejora la degluci\u00f3n debido a la presi\u00f3n subgl\u00f3tica positiva restaurada. Tambi\u00e9n facilita la evaporaci\u00f3n de las secreciones debido a la redirecci\u00f3n del aire a trav\u00e9s de la v\u00eda a\u00e9rea superior durante la exhalaci\u00f3n. Como resultado, las necesidades de succi\u00f3n pueden reducirse.<\/p>\n<h3>Facilita el Control de Infecciones<\/h3>\n<p class=\" translation-block\">La V\u00e1lvula Passy Muir elimina la necesidad de oclusi\u00f3n\ncon los dedos del tubo de traqueostom\u00eda, que puede\nayudar a prevenir una infecci\u00f3n y ofrece protecci\u00f3n contra\nlas part\u00edculas que ingresan a la tr\u00e1quea. La V\u00e1lvula <span class=\"pm_ws\">Passy Muir<\/span> redirige las secreciones a trav\u00e9s de la v\u00eda a\u00e9rea\nsuperior, lo que permite la expectoraci\u00f3n oral y reduce la\ncontaminaci\u00f3n del entorno inmediato del paciente.\nIntercambiabilidad entre el uso de Traqueostom\u00eda y\nVentilador.<\/p>\n<h3>Intercambiabilidad entre el uso de Traqueostom\u00eda y\nVentilador<\/h3>\n<p class=\" translation-block\">Todas las V\u00e1lvulas <span class=\"pm_ws\">Passy Muir<\/span>, excepto la PMV 2020, se\npueden usar tanto con o sin el ventilador con pacientes\ntanto pedi\u00e1tricos como adultos. Esto incluye a los\npacientes que solo tienen una traqueostom\u00eda, los\npacientes que se est\u00e1n desconectando del ventilador y\nlos pacientes que dependen del mismo. Las V\u00e1lvulas\n<span class=\"pm_ws\">Passy Muir<\/span> se pueden colocar directamente con el\nventilador utilizando tubos desechables (solo con PMV\n007) o con el adaptador flexible de silicona PMV-AD22\n(con PMV 005, PMV 007, PMV 2000 y PMV 2001).<\/p>","protected":false},"excerpt":{"rendered":"Accesorios <span class=\"pm_ws\">Passy Muir<\/span> offers an assortment of accessories to facilitate the use of the <span class=\"pm_ws\"><span class=\"pm_ws\">Passy Muir<\/span><\/span><sup>\u00ae<\/sup> Valve in a variety of applications. Not sure which accessory best fits your Valve or ventilator? See our Accessories and Connections Guide, click here. The <span class=\"\">PMV<\/span><sup>\u00ae<\/sup> is a prescription device and requires an order from a medical doctor. For [&hellip;]","protected":false},"author":6,"featured_media":1405,"parent":0,"menu_order":0,"comment_status":"closed","ping_status":"closed","template":"","meta":[],"yst_prominent_words":[368,367,260,259,361,608,360,65,261,366,359,72,62,369,71,51,48,362,89],"_links":{"self":[{"href":"http:\/\/142.11.238.239\/es\/wp-json\/wp\/v2\/pages\/1404"}],"collection":[{"href":"http:\/\/142.11.238.239\/es\/wp-json\/wp\/v2\/pages"}],"about":[{"href":"http:\/\/142.11.238.239\/es\/wp-json\/wp\/v2\/types\/page"}],"author":[{"embeddable":true,"href":"http:\/\/142.11.238.239\/es\/wp-json\/wp\/v2\/users\/6"}],"replies":[{"embeddable":true,"href":"http:\/\/142.11.238.239\/es\/wp-json\/wp\/v2\/comments?post=1404"}],"version-history":[{"count":38,"href":"http:\/\/142.11.238.239\/es\/wp-json\/wp\/v2\/pages\/1404\/revisions"}],"predecessor-version":[{"id":17801,"href":"http:\/\/142.11.238.239\/es\/wp-json\/wp\/v2\/pages\/1404\/revisions\/17801"}],"wp:featuredmedia":[{"embeddable":true,"href":"http:\/\/142.11.238.239\/es\/wp-json\/wp\/v2\/media\/1405"}],"wp:attachment":[{"href":"http:\/\/142.11.238.239\/es\/wp-json\/wp\/v2\/media?parent=1404"}],"wp:term":[{"taxonomy":"yst_prominent_words","embeddable":true,"href":"http:\/\/142.11.238.239\/es\/wp-json\/wp\/v2\/yst_prominent_words?post=1404"}],"curies":[{"name":"wp","href":"https:\/\/api.w.org\/{rel}","templated":true}]}}