{"id":1410,"date":"2018-03-02T18:10:38","date_gmt":"2018-03-02T18:10:38","guid":{"rendered":"http:\/\/localhost:8080\/mywordpress\/educational-products\/"},"modified":"2023-03-06T09:52:33","modified_gmt":"2023-03-06T17:52:33","slug":"products_edu","status":"publish","type":"page","link":"http:\/\/142.11.238.239\/es\/products_edu\/","title":{"rendered":"Productos educativos"},"content":{"rendered":"<div class=\"slideshowContainer\"><img decoding=\"async\" loading=\"lazy\" alt=\"passy muir branding bar\" style=\"vertical-align: bottom;\" src=\"\/wp-content\/uploads\/2017\/07\/branding_bar_top_new.jpg\" width=\"100%\" height=\"20px\" \/><\/div>\n<section id=\"block-block-100\" class=\"block block-block clearfix\">\n<div class=\"l2-header-con banner\">\n<div class=\"l2-header-icon\"><img decoding=\"async\" class=\"alignnone\" src=\"\/wp-content\/uploads\/2019\/09\/Edcuational-products.png\" alt=\"educational products\"\/><\/div>\n<div class=\"l2-header-text\">\n<h1 class=\"header_nobanner_nostyle\">Productos educativos<\/h1>\n<\/div>\n<\/div>\n<div style=\"clear: both;\"><\/div>\n<div class=\"section_descl2\">\n<p class=\" translation-block\"><span class=\"pm_ws\">Passy Muir<\/span> se compromete a mejorar la calidad de vida\nde los pacientes con traqueostom\u00eda y dependencia al\nventilador. Ofrecemos una variedad de herramientas\ndise\u00f1adas y desarrolladas para satisfacer mejor las\nnecesidades educativas de los profesionales y las\ninstalaciones m\u00e9dicas. Nuestro conjunto de modelos\nanat\u00f3micos de ense\u00f1anza, t\u00edteres de mano terap\u00e9uticos y\nhojas de informaci\u00f3n para el paciente son herramientas\nefectivas que se pueden usar para educar a los pacientes\ny sus familias acerca de las traqueostom\u00edas y el uso\nadecuado de la V\u00e1lvula <span class=\"pm_ws\">Passy Muir<\/span><sup>\u00ae<\/sup>.<\/p>\n<\/div>\n<div class=\"row\">\n<div class=\"col-sm-12\">\n<h3 class=\"products_name\">Tracheostomy T.O.M. <sup>\u00ae<\/sup><\/h3>\n<\/div>\n<div class=\"col-sm-3\">\n<div class=\"img_container\"><a href=\"https:\/\/store.passy-muir.com\/store\/p8\/tracheostomy-tom.html\"><img decoding=\"async\" class=\"left_img row-top-padding\" src=\"\/wp-content\/uploads\/2019\/01\/TOM-WEBSITE-1_240x240.jpg\" alt=\"tracheostomy tom Tracheostomy Observation Model\"\/><\/a><\/div>\n<\/div>\n<div class=\"col-sm-9\">\n<div class=\"accessory_desc\">Tracheostomy T.O.M. is a portable, durable polyurethane elastomer model mounted on an acrylic platform that depicts a midsagittal view of the nasal cavity with nare, oral cavity, pharynx, trachea, and upper esophagus of a tracheostomized adult. A &#8220;stoma&#8221; is provided in the lower neck area to allow for demonstration of the effect of various aspects of tracheostomy care, and tracheostomy placement issues. The nare is open, allowing insertion and placement of a suction catheter or nasogastric tube. The flexible tracheoesophageal wall allows for demonstration of the effects of an overinflated tracheostomy tube cuff on the esophagus.<br \/>\n<a href=\"http:\/\/142.11.238.239\/es\/educational-product-videos\/\"><strong>How to use Tracheostomy T.O.M.<\/strong><\/a>\n<\/div>\n<div class=\"store_buttons_con\">\n<p><!--\n\n\n<div class=\"store_buttons\"><a href=\"\/?page_id=1313\">\n<span class=\"order-now-header\">Learn More <\/span>\n<\/a><\/div>\n\n\n--><\/p>\n<div class=\"store_button\"><a href=\"https:\/\/store.passy-muir.com\/store\/p8\/tracheostomy-tom.html\"><br \/>\n<span class=\"order-now-header-aqua\">Ordene Ahorita \u2013 T.O.M. de Traqueostom\u00eda<\/span><br \/>\n<\/a><\/div>\n<\/div>\n<\/div>\n<\/div>\n<hr \/>\n<div class=\"row\">\n<div class=\"col-sm-12\">\n<h3 class=\"products_name\">Pocket T.O.M.<sup>\u00ae<\/sup><\/h3>\n<\/div>\n<div class=\"col-sm-3\">\n<div class=\"img_container\"><a href=\"https:\/\/store.passy-muir.com\/store\/p1\/pocket-tom.html\"><img decoding=\"async\" class=\"left_img row-top-padding\" src=\"\/wp-content\/uploads\/2019\/01\/Pocket-TOM-1-of-1_240x240.jpg\" alt=\"pocket tom Tracheostomy Observation Model\" \/><\/a><\/div>\n<\/div>\n<div class=\"col-sm-9\">\n<div class=\"accessory_desc\">\n<p>El T.O.M. de Bolsillo es una versi\u00f3n m\u00e1s port\u00e1til de\nnuestro modelo est\u00e1ndar de T.O.M. de Traqueostom\u00eda.\nEs lo suficientemente peque\u00f1o como para caber en el\nbolsillo de la bata de laboratorio, pero lo suficientemente\ngrande para demostrar la colocaci\u00f3n de la traqueostom\u00eda\ny las posibles complicaciones.<\/p>\n<div class=\"accessory_desc\">\n<blockquote><p>\u201c\u00a1He pasado mucho tiempo con el T.O.M. de Bolsillo!\nRealmente es una herramienta maravillosa para educar.\nMe lo llev\u00e9 conmigo para educar a una mujer de 32 con\nexacerbaci\u00f3n de miastenia que necesitaba una\ntraqueostom\u00eda. Se sent\u00eda abrumada y nerviosa por la\ntraqueostom\u00eda, la degluci\u00f3n, la PMV, etc. Se sinti\u00f3 mucho\nmejor despu\u00e9s de la sesi\u00f3n de educaci\u00f3n con nuestro\namigo T.O.M.\"<\/p>\n<footer>Carmin Bartow, MA, CCC-SLP, Vanderbilt University Medical Center<\/footer>\n<\/blockquote>\n<\/div>\n<\/div>\n<div class=\"store_buttons_con\">\n<p><!--\n\n\n<div class=\"store_buttons\"><a href=\"\/?page_id=1330\">\n<span class=\"order-now-header\">Learn More<\/span>\n<\/a><\/div>\n\n\n--><\/p>\n<div class=\"store_buttons\"><a href=\"https:\/\/store.passy-muir.com\/store\/p1\/pocket-tom.html\"><br \/>\n<span class=\"order-now-header-aqua\">Ordene Ahorita \u2013  T.O.M. de Bolsillo<\/span><br \/>\n<\/a><\/div>\n<\/div>\n<\/div>\n<\/div>\n<hr \/>\n<div class=\"row\">\n<div class=\"col-sm-12\">\n<h3 class=\"products_name\">Tracheostomy P.A.M.<sup>\u00ae<\/sup> (Pediatric Airway Model)<\/h3>\n<\/div>\n<div class=\"col-sm-3\">\n<div class=\"img_container\"><a href=\"https:\/\/store.passy-muir.com\/store\/p2\/tracheostomy-pam.html\"><img decoding=\"async\" class=\"left_img row-top-padding\" src=\"\/wp-content\/uploads\/2019\/01\/PAM-Website_240x240.jpg\" alt=\"Passy Muir tracheostomy pam Pediatric Airway Model\"\/><\/a><\/div>\n<\/div>\n<div class=\"col-sm-9\">\n<div class=\"accessory_desc\">El P.A.M. de Traqueostom\u00eda (modelo de v\u00eda a\u00e9rea\npedi\u00e1trica) est\u00e1 dise\u00f1ado para que lo usen los\nprofesionales de la salud para educar a los estudiantes,\nfamiliares, pacientes y m\u00e9dicos sobre una traqueostom\u00eda\nen la v\u00eda a\u00e9rea pedi\u00e1trica y la aplicaci\u00f3n adecuada de la\nV\u00e1lvula <span class=\"pm_ws\">Passy Muir<\/span>. P.A.M. est\u00e1 empaquetado con\naccesorios educativos \u00fatiles para permitir que los m\u00e9dicos\nbrinden una amplia variedad de educaci\u00f3n relacionada\ncon la traqueostom\u00eda. El kit incluye tres V\u00e1lvulas <span class=\"pm_ws\">Passy Muir<\/span> de demostraci\u00f3n, un tubo de traqueostom\u00eda con\nmanguito y una jeringa para educaci\u00f3n y pr\u00e1ctica\nrelacionada con el uso de la v\u00e1lvula. Se proporciona una\nsonda nasog\u00e1strica para la visualizaci\u00f3n de la intubaci\u00f3n\nnasog\u00e1strica. Se proporciona un paquete personalizado\ndel producto P.A.M. de traqueostom\u00eda para un f\u00e1cil\nalmacenamiento y transporte de todo el kit de P.A.M. <span class=\"pmv_ws\"><span class=\"pm_ws\"><span class=\"pm_ws\">Passy Muir<\/span><\/span> Valve<\/span>. P.A.M. is packaged with helpful educational accessories to enable clinicians to provide a wide variety of education related to tracheostomy. The kit includes three demonstration <span class=\"pmv_ws\"><span class=\"pm_ws\"><span class=\"pm_ws\">Passy Muir<\/span><\/span> Valves<\/span>, a cuffed tracheostomy tube, and syringe for education and practice related to use of speaking valves with and without a ventilator. A nasogastric tube is provided for the display of nasogastric intubation. A customized Tracheostomy P.A.M. product package is provided for easy storage and transport of the entire P.A.M. kit.<br \/>\n<a href=\"http:\/\/142.11.238.239\/es\/educational-product-videos\/\"><strong>How to Use Tracheostomy P.A.M.<\/strong><\/a>\n<\/div>\n<div class=\"store_buttons_con\">\n<p><!--\n\n\n<div class=\"store_buttons\">\n<a href=\"\/?page_id=1324\">\n<span class=\"order-now-header\">Learn More<\/span><\/a><\/div>\n\n\n--><\/p>\n<div class=\"store_buttons\"><a href=\"https:\/\/store.passy-muir.com\/store\/p2\/tracheostomy-pam.html\"><br \/>\n<span class=\"order-now-header-aqua\">Ordene Ahorita \u2013 Tracheostomy P.A.M.<\/span><br \/>\n<\/a><\/div>\n<\/div>\n<\/div>\n<\/div>\n<hr \/>\n<div class=\"row\">\n<div class=\"col-sm-12\">\n<h3 class=\"products_header\">Toby Tracheapuppet<sup>\u2122<\/sup><\/h3>\n<\/div>\n<div class=\"col-sm-3\">\n<div class=\"img_container\"><a href=\"http:\/\/142.11.238.239\/es\/toby-tracheapuppet\/\"><img decoding=\"async\" class=\"left_img row-top-padding\" src=\"\/wp-content\/uploads\/2019\/01\/Toby-website_240x240.jpg\" alt=\"toby tracheapuppet\"\/><\/a><\/div>\n<\/div>\n<div class=\"col-sm-9\">\n<p class=\" translation-block\">Una gran herramienta de terapeuta y el mejor amigo de un ni\u00f1o. Con un tubo de traqueostom\u00eda pedi\u00e1trica y la V\u00e1lvula <span class=\"pm_ws\"><span class=\"pm_ws\">Passy Muir<\/span><\/span> para la demostraci\u00f3n y educaci\u00f3n, el nuevo juguete de terapia de felpa Toby Tracheapuppet es ideal para la interacci\u00f3n con pacientes j\u00f3venes, facilitando la vocalizaci\u00f3n y el juego terap\u00e9utico.<\/p>\n<p><strong><i>On Sale For A Limited Time Only $39!<\/strong><\/i><\/p>\n<div class=\"store_buttons_con\">\n<p><!--\n\n\n<div class=\"store_button\"><a href=\"\/toby-tracheapuppet\">\n<span class=\"order-now-header\">Learn More - Toby Tracheapuppet<\/span>\n<\/a><\/div>\n\n\n--><\/p>\n<div><a href=\"http:\/\/142.11.238.239\/es\/toby-tracheapuppet\/\"><br \/>\n<span class=\"order-now-header\">Aprende M\u00e1s \u2013 Toby Tracheapuppet<\/span><br \/>\n<\/a><\/div>\n<\/div>\n<\/div>\n<\/div>\n<hr \/>\n<div class=\"row\">\n<div class=\"col-sm-12\">\n<h3 class=\"products_header\">Folletos Educativos Para El Paciente<\/h3>\n<\/div>\n<div class=\"col-sm-3\">\n<div class=\"img_container\"><a href=\"http:\/\/142.11.238.239\/es\/patient-education-handouts\/\"><img decoding=\"async\" class=\"left_img row-top-padding\" src=\"\/wp-content\/uploads\/2019\/01\/PEH-square_240x240.png\" alt=\"patient education handouts\"\/><\/a><\/div>\n<\/div>\n<div class=\"col-sm-9\">\n<div class=\"accessory_desc translation-block\">El lado frontal de cada hoja desprendible ilustra la vista en\nsecci\u00f3n transversal de la anatom\u00eda de la cabeza y el\ncuello con la colocaci\u00f3n de la traqueostom\u00eda y la direcci\u00f3n\ndel flujo de aire con y sin la V\u00e1lvula <span class=\"pm_ws\">Passy Muir<\/span>. Se\nproporcionan etiquetas espec\u00edficas para la laringe, la\ntr\u00e1quea y el es\u00f3fago. Ideal para ense\u00f1ar conceptos de\ntraqueostom\u00eda y beneficios cl\u00ednicos de la V\u00e1lvula <span class=\"pm_ws\">Passy Muir<\/span>. La parte posterior contiene descripciones simples e\nim\u00e1genes a todo color para resaltar informaci\u00f3n cl\u00ednica\nimportante e instrucciones sobre la V\u00e1lvula <span class=\"pm_ws\">Passy Muir<\/span>:\nc\u00f3mo funciona la v\u00e1lvula, beneficios cl\u00ednicos, aplicaci\u00f3n y\nsoluci\u00f3n de problemas, cuidado y limpieza. Se\nproporciona espacio para notas e instrucciones\nespeciales.<\/div>\n<div class=\"store_buttons_con\">\n<div class=\"store_button\"><a href=\"http:\/\/142.11.238.239\/es\/patient-education-handouts\/\"><br \/>\n<span class=\"order-now-header\">Aprende M\u00e1s \u2013 PEH<\/span><br \/>\n<\/a><\/div>\n<\/div>\n<\/div>\n<\/div>\n<hr \/>\n<p><a id=\"trachtools\" class=\"offset_anchor\" name=\"trachtools\"><\/a><\/p>\n<div class=\"row\">\n<div class=\"col-sm-12\">\n<h3 class=\"products_name\">TRACHTOOLS<sup>\u2122<\/sup> App<\/h3>\n<\/div>\n<div class=\"col-sm-3\">\n<div class=\"img_container\"><a href=\"http:\/\/142.11.238.239\/es\/app\/\"><img decoding=\"async\" class=\"left_img row-top-padding\" src=\"\/wp-content\/uploads\/2017\/07\/trachtools_0.png\" alt=\"Passy Muir Trachtools app\"\/><\/a><\/div>\n<\/div>\n<div class=\"col-sm-9\">\n<div class=\"accessory_desc\">\n<p>Esta aplicaci\u00f3n de traqueotom\u00eda que es f\u00e1cil de usar permite la comunicaci\u00f3n con solo tocar un bot\u00f3n. Con un men\u00fa intuitivo, con opciones de voz definidas por el usuario, frases pregrabadas, una opci\u00f3n de grabaci\u00f3n de frases personalizada, videos del paciente y acceso f\u00e1cil a los recursos. TRACHTOOLS est\u00e1 dise\u00f1ado para facilitar la comunicaci\u00f3n, proporcionar informaci\u00f3n \u00fatil sobre traqueotom\u00eda y fomentar la participaci\u00f3n del paciente. La versi\u00f3n redise\u00f1ada de Apple de la aplicaci\u00f3n tambi\u00e9n permite a los pacientes y m\u00e9dicos cruzar las barreras del idioma con la nueva funci\u00f3n de frases pregrabadas en ingl\u00e9s o espa\u00f1ol. La aplicaci\u00f3n es perfecta para pacientes, familias y cuidadores. Ahora disponible de forma gratuita en App Store o Google Play. Compatible con iOS 11.<\/p>\n<p class=\" translation-block\"><em>En <span class=\"pm_ws\">Passy Muir<\/span>, una mejor comunicaci\u00f3n significa un mejor cuidado.<\/em><\/p>\n<\/div>\n<div id=\"grid-edu-more\">\n<div><a href=\"http:\/\/142.11.238.239\/es\/app\/\"><br \/>\n<span class=\"order-now-header\">Aprende M\u00e1s \u2013 TRACHTOOLS<\/span><br \/>\n<\/a><\/div>\n<\/div>\n<\/div>\n<\/div>\n<hr \/>\n<div class=\"row\">\n<div class=\"col-sm-12\">\n<h3 class=\"products_name\">Toby Tracheasaurus<sup>\u2122<\/sup> Coloring &amp; Activity Book<\/h3>\n<\/div>\n<div class=\"col-sm-3\">\n<div class=\"img_container\"><img decoding=\"async\" class=\"left_img row-top-padding\" src=\"\/wp-content\/uploads\/2019\/01\/tobybook2_0_240x307.jpg\" alt=\"Passy Muir Toby Tracheasaurus coloring activity book\"\/><\/div>\n<\/div>\n<div class=\"col-sm-9\">\n<div class=\"accessory_desc\">El libro para Colorear y de Actividades de Toby\nTracheasaurus contiene una variedad de actividades,\ncomo laberintos de Toby, une los puntos de dinosaurios y\nejercicios de vocalizaci\u00f3n. Junto con estas divertidas\nactividades de ense\u00f1anza, el libro de 28 p\u00e1ginas tambi\u00e9n\nincluye p\u00e1ginas para colorear de Toby y sus amigos.\nObtenga el Libro para Colorear y de Actividades de Toby\nTracheasaurus por $6.00 o descargue la versi\u00f3n gratuita\nen PDF.<\/div>\n<p>&nbsp;<\/p>\n<div><a data-toggle=\"modal\" data-target=\"#download_book\" rel=\"noopener noreferrer\"><span class=\"order-now-header\">Descargar gratis<\/span><\/a><\/div>\n<div><a href=\"https:\/\/store.passy-muir.com\/store\/p30\/toby_coloring_book.html\"><span class=\"order-now-header-aqua\">Ordenar Versi\u00f3n de Tapa Blanda<\/span><\/a><\/div>\n<\/div>\n<\/div>\n<div id=\"download_book\" class=\"modal fade\" role=\"dialog\">\n<div class=\"popup_modal modal-dialog\">\n<div class=\"modal-content\">\n<div class=\"modal-header\">\n<p><button class=\"close\" type=\"button\" data-dismiss=\"modal\">\u00d7<\/button><\/p>\n<div class=\"download_message\">Ingrese su informaci\u00f3n para descargar su libro de actividades y dibujos de Toby Tracheasaurus gratis.<\/div>\n<\/div>\n<div class=\"modal-body\">\n<div class=\"wpforms-container wpforms-container-full\" id=\"wpforms-8912\"><form id=\"wpforms-form-8912\" class=\"wpforms-validate wpforms-form\" data-formid=\"8912\" method=\"post\" enctype=\"multipart\/form-data\" action=\"\/es\/wp-json\/wp\/v2\/pages\/1410\" data-token=\"4c7d566c62d43ed3e63130626eb707f0\" data-trp-original-action=\"\/es\/wp-json\/wp\/v2\/pages\/1410\"><noscript class=\"wpforms-error-noscript\">Por favor, activa JavaScript en tu navegador para completar este formulario.<\/noscript><div class=\"wpforms-field-container\"><div id=\"wpforms-8912-field_0-container\" class=\"wpforms-field wpforms-field-name\" data-field-id=\"0\"><label class=\"wpforms-field-label\" for=\"wpforms-8912-field_0\">Nombre <span class=\"wpforms-required-label\">*<\/span><\/label><div class=\"wpforms-field-row wpforms-field-medium\"><div class=\"wpforms-field-row-block wpforms-first wpforms-one-half\"><input type=\"text\" id=\"wpforms-8912-field_0\" class=\"wpforms-field-name-first wpforms-field-required\" name=\"wpforms[fields][0][first]\" required><label for=\"wpforms-8912-field_0\" class=\"wpforms-field-sublabel after\">Nombre<\/label><\/div><div class=\"wpforms-field-row-block wpforms-one-half\"><input type=\"text\" id=\"wpforms-8912-field_0-last\" class=\"wpforms-field-name-last wpforms-field-required\" name=\"wpforms[fields][0][last]\" required><label for=\"wpforms-8912-field_0-last\" class=\"wpforms-field-sublabel after\">Apellidos<\/label><\/div><\/div><\/div><div id=\"wpforms-8912-field_1-container\" class=\"wpforms-field wpforms-field-email\" data-field-id=\"1\"><label class=\"wpforms-field-label\" for=\"wpforms-8912-field_1\">Correo electr\u00f3nico <span class=\"wpforms-required-label\">*<\/span><\/label><input type=\"email\" id=\"wpforms-8912-field_1\" class=\"wpforms-field-medium wpforms-field-required\" name=\"wpforms[fields][1]\" spellcheck=\"false\" required><\/div><\/div><!-- .wpforms-field-container --><div class=\"wpforms-field wpforms-field-hp\"><label for=\"wpforms-8912-field-hp\" class=\"wpforms-field-label\">Correo electr\u00f3nico<\/label><input type=\"text\" name=\"wpforms[hp]\" id=\"wpforms-8912-field-hp\" class=\"wpforms-field-medium\"><\/div><div class=\"wpforms-submit-container\" ><input type=\"hidden\" name=\"wpforms[id]\" value=\"8912\"><input type=\"hidden\" name=\"wpforms[author]\" value=\"6\"><button type=\"submit\" name=\"wpforms[submit]\" id=\"wpforms-submit-8912\" class=\"wpforms-submit\" data-alt-text=\"Sending...\" data-submit-text=\"Submit\" aria-live=\"assertive\" value=\"wpforms-submit\">Enviar<\/button><\/div><input type=\"hidden\" name=\"trp-form-language\" value=\"es\"\/><\/form><\/div>  <!-- .wpforms-container -->\n<div class=\"download_info hide\">\n<div class=\"download_info__name\"><span class=\"download_info__name_header\">Thank you <\/span><span class=\"download_info__name_end\">, you can download your free Toby coloring book here:<\/span><\/div>\n<div class=\"download_info__link\"><a href=\"\/wp-content\/uploads\/2018\/06\/tobybook_web.pdf\" target=\"_blank\" rel=\"noopener noreferrer\"><button class=\"btn purple\" name=\"button\" type=\"button\"> Descargar gratis <\/button><\/a><\/div>\n<\/div>\n<\/div>\n<p><!-- \/modal-body --><\/p>\n<\/div>\n<p><!-- \/modal-content --><\/p>\n<\/div>\n<p><!-- \/modal-dialog --><\/p>\n<\/div>\n<p><!-- \/modal #download_book --><\/p>\n<\/section>","protected":false},"excerpt":{"rendered":"Productos educativos <span class=\"pm_ws\">Passy Muir<\/span> is committed to improving the quality of life for patients with tracheostomy and ventilator dependence. We offer an array of tools designed and developed to best meet the educational needs of medical professionals and facilities. Our suite of anatomical teaching models, plush therapy hand puppet, and patient education sheets are effective [&hellip;]","protected":false},"author":6,"featured_media":10529,"parent":0,"menu_order":0,"comment_status":"closed","ping_status":"closed","template":"","meta":[],"yst_prominent_words":[402,177,178,65,72,62,180,179,175,49,176,257,181,399,398,401,400,50,458,185],"_links":{"self":[{"href":"http:\/\/142.11.238.239\/es\/wp-json\/wp\/v2\/pages\/1410"}],"collection":[{"href":"http:\/\/142.11.238.239\/es\/wp-json\/wp\/v2\/pages"}],"about":[{"href":"http:\/\/142.11.238.239\/es\/wp-json\/wp\/v2\/types\/page"}],"author":[{"embeddable":true,"href":"http:\/\/142.11.238.239\/es\/wp-json\/wp\/v2\/users\/6"}],"replies":[{"embeddable":true,"href":"http:\/\/142.11.238.239\/es\/wp-json\/wp\/v2\/comments?post=1410"}],"version-history":[{"count":31,"href":"http:\/\/142.11.238.239\/es\/wp-json\/wp\/v2\/pages\/1410\/revisions"}],"predecessor-version":[{"id":18502,"href":"http:\/\/142.11.238.239\/es\/wp-json\/wp\/v2\/pages\/1410\/revisions\/18502"}],"wp:featuredmedia":[{"embeddable":true,"href":"http:\/\/142.11.238.239\/es\/wp-json\/wp\/v2\/media\/10529"}],"wp:attachment":[{"href":"http:\/\/142.11.238.239\/es\/wp-json\/wp\/v2\/media?parent=1410"}],"wp:term":[{"taxonomy":"yst_prominent_words","embeddable":true,"href":"http:\/\/142.11.238.239\/es\/wp-json\/wp\/v2\/yst_prominent_words?post=1410"}],"curies":[{"name":"wp","href":"https:\/\/api.w.org\/{rel}","templated":true}]}}