{"id":1419,"date":"2018-03-13T18:04:30","date_gmt":"2018-03-13T18:04:30","guid":{"rendered":"http:\/\/localhost:8080\/mywordpress\/legal-statement\/"},"modified":"2019-01-17T12:25:29","modified_gmt":"2019-01-17T20:25:29","slug":"legal","status":"publish","type":"page","link":"http:\/\/142.11.238.239\/es\/legal\/","title":{"rendered":"Declaraci\u00f3n legal"},"content":{"rendered":"<div class=\"l3-header-con no-banner\">\n<div class=\"l3-header-icon\">\n\t\t<img decoding=\"async\"  src=\"\/wp-content\/uploads\/2018\/12\/Legal-Statement-Icon.png\" alt=\"contact us\" \/>\n\t<\/div>\n<div class=\"l3-header-text\">\n\t\t\tDeclaraci\u00f3n legal\n                         <\/div>\n<\/p><\/div>\n<div style=\"clear:both\"><\/div>\n<h2 class=\"h2_header\">Marcas \/ Derechos de Propiedad<\/h2>\n<p class=\"font20-TopMargin translation-block\">Este sitio web y su contenido son propiedad de Passy-\nMuir, Inc. y est\u00e1n protegidos por derechos de autor. Este\nsitio web, o cualquier parte del mismo, no puede ser\nduplicado, modificado, reproducido, descargado o\nmodificado de ninguna manera, sin el consentimiento por\nescrito de Passy Muir.<\/p>\n<h2 class=\"h2_header\">T\u00e9rminos de uso<\/h2>\n<p class=\"font20-TopMargin translation-block\">Las im\u00e1genes, logotipos, gr\u00e1ficos y otro contenido que se\nmuestra en este sitio son propiedad de Passy Muir o\nusado con permiso de Passy Muir. El uso de estos\nelementos por usted est\u00e1 prohibido a menos que est\u00e9\nespec\u00edficamente permitido por estos T\u00e9rminos de uso\ncomo se autoriza a continuaci\u00f3n.<\/p>\n<p class=\"font20-TopMargin translation-block\">Puede navegar libremente por el sitio web y acceder,\ndescargar o usar la informaci\u00f3n para su propio uso no\ncomercial. No puede duplicar, distribuir, modificar, volver\na publicar o usar la informaci\u00f3n con fines comerciales sin\nel permiso por escrito de Passy Muir. Cualquier uso no\nautorizado de im\u00e1genes, elementos gr\u00e1ficos, informaci\u00f3n\no contenido puede violar las leyes de propiedad\nintelectual, marcas registradas y derechos de autor.<\/p>\n<p class=\"font20-TopMargin translation-block\">Los materiales contenidos en este sitio est\u00e1n protegidos\npor las leyes aplicables de derechos de autor y marcas\nregistradas. Todo el contenido de este sitio es propiedad\nde Passy Muir. El uso de im\u00e1genes, logotipos,\ndeclaraciones u otro contenido protegido con marca\nregistrada est\u00e1 estrictamente prohibido.<\/p>\n<p class=\"font20-TopMargin translation-block\">Passy Muir no ha revisado ninguno o todos los sitios que\npueden estar vinculados a este sitio y no es responsable\ndel contenido y \/ o las pol\u00edticas de privacidad de las\np\u00e1ginas externas o los enlaces al sitio. El uso de estos\nenlaces o la visita a p\u00e1ginas externas se realiza bajo su\npropio riesgo. Passy Muir no asume ninguna\nresponsabilidad por el contenido de dichos sitios y no es\nresponsable por los da\u00f1os o lesiones resultantes de ese\ncontenido. Cualquier enlace a otros sitios se proporciona\nsimplemente como una conveniencia para los usuarios de\neste sitio de Internet.<\/p>\n<p class=\"font20-TopMargin\">Al acceder a este sitio, usted acepta, sin limitaci\u00f3n o\ncalificaci\u00f3n, estos t\u00e9rminos y condiciones, y acepta\ncumplir con los t\u00e9rminos establecidos en esta declaraci\u00f3n.\nSi NO est\u00e1 de acuerdo con todos estos t\u00e9rminos, no debe\nusar este sitio web.<\/p>\n<p class=\"font20-TopMargin translation-block\">Passy Muir puede, en cualquier momento, revisar estos\nT\u00e9rminos de uso actualizando esta publicaci\u00f3n, y al visitar\nel sitio usted est\u00e1 sujeto a dichas revisiones. Debe visitar\nperi\u00f3dicamente esta p\u00e1gina para revisar los T\u00e9rminos de\nuso actuales a los que est\u00e1 sujeto.<\/p>\n<h2 class=\"h2_header\">Contenido<\/h2>\n<p class=\"font20-TopMargin translation-block\">Passy Muir se reserva el derecho de cambiar o actualizar\nel contenido de este sitio web en cualquier momento sin\nprevio aviso. Este derecho tambi\u00e9n se aplica a los\ncambios y \/ o mejoras a los productos descritos en el sitio,\ny a cualquier informaci\u00f3n contenida en el sitio.<\/p>\n<h2 class=\"h2_header\">Limitaciones de Responsabilidad<\/h2>\n<p class=\"font20-TopMargin\">La informaci\u00f3n contenida en este sitio se proporciona\n\"TAL CUAL\" solo con fines informativos, sin ninguna\nrepresentaci\u00f3n de la garant\u00eda, exactitud o integridad de la\ninformaci\u00f3n, u otra garant\u00eda de cualquier tipo, expresa o\nimpl\u00edcita.<\/p>\n<p class=\"font20-TopMargin\">La informaci\u00f3n proporcionada en este sitio no pretende ni\nimplica ser un sustituto del asesoramiento m\u00e9dico\nprofesional. Siempre busque la opini\u00f3n de su m\u00e9dico u\notros proveedores de atenci\u00f3n m\u00e9dica calificados antes\nde comenzar un nuevo tratamiento o uso del producto, o\nsi tiene alguna pregunta sobre una condici\u00f3n m\u00e9dica.<\/p>\n<p class=\"font20-TopMargin\">Todas las transacciones legales que resulten de y en el\ncontexto del uso de este sitio web est\u00e1n sujetas a las\nleyes aplicables.<\/p>\n<p class=\"font20-TopMargin\">\u00a9 Passy-Muir, Inc. Todos los derechos reservados.<\/p>\n<p class=\"font20-TopMargin\">Estos t\u00e9rminos y condiciones se revisaron por \u00faltima vez\nel 2 de enero de 2019.<\/p>","protected":false},"excerpt":{"rendered":"Legal Statement Trademarks \/ Proprietary Rights This website and its content are the property of Passy-Muir, Inc. and are protected by copyright. This website, or any portion thereof may not be duplicated, modified, reproduced, downloaded, or changed in any way, without the written consent of <span class=\"pm_ws\">Passy Muir<\/span>. Terms of Use Images, logos, graphics, and other [&hellip;]","protected":false},"author":6,"featured_media":9156,"parent":0,"menu_order":0,"comment_status":"closed","ping_status":"closed","template":"","meta":[],"yst_prominent_words":[1130,1137,1138,1131,1134,1139,1142,1141,87,1132,86,72,193,1135,1136,1128,1140,1133,1129,579],"_links":{"self":[{"href":"http:\/\/142.11.238.239\/es\/wp-json\/wp\/v2\/pages\/1419"}],"collection":[{"href":"http:\/\/142.11.238.239\/es\/wp-json\/wp\/v2\/pages"}],"about":[{"href":"http:\/\/142.11.238.239\/es\/wp-json\/wp\/v2\/types\/page"}],"author":[{"embeddable":true,"href":"http:\/\/142.11.238.239\/es\/wp-json\/wp\/v2\/users\/6"}],"replies":[{"embeddable":true,"href":"http:\/\/142.11.238.239\/es\/wp-json\/wp\/v2\/comments?post=1419"}],"version-history":[{"count":2,"href":"http:\/\/142.11.238.239\/es\/wp-json\/wp\/v2\/pages\/1419\/revisions"}],"predecessor-version":[{"id":9981,"href":"http:\/\/142.11.238.239\/es\/wp-json\/wp\/v2\/pages\/1419\/revisions\/9981"}],"wp:featuredmedia":[{"embeddable":true,"href":"http:\/\/142.11.238.239\/es\/wp-json\/wp\/v2\/media\/9156"}],"wp:attachment":[{"href":"http:\/\/142.11.238.239\/es\/wp-json\/wp\/v2\/media?parent=1419"}],"wp:term":[{"taxonomy":"yst_prominent_words","embeddable":true,"href":"http:\/\/142.11.238.239\/es\/wp-json\/wp\/v2\/yst_prominent_words?post=1419"}],"curies":[{"name":"wp","href":"https:\/\/api.w.org\/{rel}","templated":true}]}}