{"id":1420,"date":"2018-03-13T18:08:50","date_gmt":"2018-03-13T18:08:50","guid":{"rendered":"http:\/\/localhost:8080\/mywordpress\/iso-13485\/"},"modified":"2022-01-27T08:41:12","modified_gmt":"2022-01-27T16:41:12","slug":"iso","status":"publish","type":"page","link":"http:\/\/142.11.238.239\/es\/iso\/","title":{"rendered":"ISO 13485"},"content":{"rendered":"<div class=\"l3-header-con no-banner\">\n<div class=\"l3-header-text\">\n\t\t\tISO 13485:2016 certification\n                         <\/div>\n<\/p><\/div>\n<div style=\"clear:both\"><\/div>\n<h3 class=\"benefits\">Compromiso con la calidad<\/h3>\n<p class=\"education_description translation-block\">Un s\u00f3lido compromiso con la calidad es el sello distintivo\nde la filosof\u00eda de Passy Muir que continuamente se\nintegra en nuestros productos y servicios. \"Passy Perfect\"\nes el mandato de nuestra fundadora, Patricia Passy, que\nhonramos cada d\u00eda al proporcionar productos altamente\nconfiables y de calidad que aseguran al paciente la mejor\noportunidad para un habla clara e ininterrumpida y los\nbeneficios cl\u00ednicos adicionales de un dise\u00f1o de cierre\npositivo y \"a prueba de fugas\". Cada v\u00e1lvula est\u00e1\nfabricada y probada para superar los m\u00e1s altos\nest\u00e1ndares de la industria. S\u00f3lo las v\u00e1lvulas de mejor\ncalidad llevan la marca comercial de Passy Muir<sup>\u00ae<\/sup>.<\/p>\n<p class=\" translation-block\">Hemos dedicado importantes recursos al desarrollo\ncontinuo de equipos de diagn\u00f3stico espec\u00edficamente\ndise\u00f1ados para evaluar el rendimiento de las v\u00e1lvulas de\nhabla. Podemos utilizar esta tecnolog\u00eda de vanguardia\npara evaluar, probar y mejorar continuamente los dise\u00f1os\nde V\u00e1lvulas Passy Muir<sup>\u00ae<\/sup> y para comprender mejor las\nnecesidades de esta poblaci\u00f3n de pacientes\nespecializados.<\/p>\n<h3 class=\"benefits\">Pruebas de calidad y est\u00e1ndares<\/h3>\n<p class=\"education_description\">Todas <span class=\"pm_ws\">Passy Muir<\/span> products are produced in a cleanroom facility, using only certified medical grade, non-latex materials. They are tested by an independent biomedical laboratory for tissue compatibility and analyzed to ensure material compliance. Every valve undergoes visual and microscopic inspection at the time of manufacture and must pass our exacting proprietary testing systems before leaving production. <\/p>\n<h3 class=\"benefits\">Marca ISO y CE<\/h3>\n<p class=\"education_description\">As part of our quality commitment, <span class=\"pm_ws\">Passy Muir<\/span> maintains the CE Marking of Conformance and ISO 13485:2016 certification. Meeting the requirements of these internationally recognized standards ensures that our quality management system has proven to be effective, up-to-date and robust.<\/p>\n<p>In achieving compliance with the ISO 13485:2016 certification standard requirements we chose NSAI, a global leader in testing, inspection and certification. NSAI delivers high quality services to help companies meet the growing challenges of quality, safety, environmental protection and social responsibility. NSAI reviews our management system and provides certification to the standard as an independent third-party specialist. This provides our customers with independent assurance that our commitment to quality permeates everything we do, and can truly be \u201cPassy Perfect\u201d in honor of our founders David Muir and Patricia Passy.<\/p>","protected":false},"excerpt":{"rendered":"As part of our quality commitment, <span class=\"pm_ws\">Passy Muir<\/span> maintains the CE Marking of Conformance and ISO Certification (NSAI) to ISO 13485:2016. Meeting the requirements of these internationally recognized standards ensures that our quality management system has proven to be effective, up-to-date and robust.","protected":false},"author":6,"featured_media":0,"parent":0,"menu_order":0,"comment_status":"closed","ping_status":"closed","template":"","meta":[],"yst_prominent_words":[2302,2298,531,2297,2296,2142,87,82,86,72,74,2295,533,505,470,1549,81],"_links":{"self":[{"href":"http:\/\/142.11.238.239\/es\/wp-json\/wp\/v2\/pages\/1420"}],"collection":[{"href":"http:\/\/142.11.238.239\/es\/wp-json\/wp\/v2\/pages"}],"about":[{"href":"http:\/\/142.11.238.239\/es\/wp-json\/wp\/v2\/types\/page"}],"author":[{"embeddable":true,"href":"http:\/\/142.11.238.239\/es\/wp-json\/wp\/v2\/users\/6"}],"replies":[{"embeddable":true,"href":"http:\/\/142.11.238.239\/es\/wp-json\/wp\/v2\/comments?post=1420"}],"version-history":[{"count":5,"href":"http:\/\/142.11.238.239\/es\/wp-json\/wp\/v2\/pages\/1420\/revisions"}],"predecessor-version":[{"id":18321,"href":"http:\/\/142.11.238.239\/es\/wp-json\/wp\/v2\/pages\/1420\/revisions\/18321"}],"wp:attachment":[{"href":"http:\/\/142.11.238.239\/es\/wp-json\/wp\/v2\/media?parent=1420"}],"wp:term":[{"taxonomy":"yst_prominent_words","embeddable":true,"href":"http:\/\/142.11.238.239\/es\/wp-json\/wp\/v2\/yst_prominent_words?post=1420"}],"curies":[{"name":"wp","href":"https:\/\/api.w.org\/{rel}","templated":true}]}}