{"id":1430,"date":"2018-04-05T21:45:27","date_gmt":"2018-04-05T21:45:27","guid":{"rendered":"http:\/\/localhost:8080\/mywordpress\/ventilator-alarms\/"},"modified":"2020-09-18T15:01:17","modified_gmt":"2020-09-18T22:01:17","slug":"vent_adjust","status":"publish","type":"page","link":"http:\/\/142.11.238.239\/es\/vent_adjust\/","title":{"rendered":"Alarmas de Ventilaci\u00f3n mec\u00e1nica"},"content":{"rendered":"<div class=\"l3-header-con no-banner\">\n<div class=\"l3-header-icon\">\n\t\t<img decoding=\"async\"  src=\"\/wp-content\/uploads\/2018\/12\/Vent-Icon.png\" alt=\"keys\" \/>\n\t<\/div>\n<div class=\"l3-header-text no-banner\">\nAlarmas de Ventilaci\u00f3n mec\u00e1nica                         <\/div>\n<\/p><\/div>\n<div style=\"clear:both\"><\/div>\n\r\n<ul class=\"breadcrumb\">\r\n\t<li class=\"active\">Claves Del \u00c9xito<\/li>\r\n\t<li class=\"dropdown\">\r\n\t\t<a href=\"#\" class=\"dropdown-toggle\" data-toggle=\"dropdown\">See All Articles <b class=\"caret\"><\/b><\/a>\r\n\t\t<ul class=\"dropdown-menu\">\r\n\r\n\t\t\t<li class=\"\"><a href=\"http:\/\/142.11.238.239\/es\/cuff_aspiration\/\">Desinflado del manguito<\/a><\/li>\r\n\r\n\t\t\t<li class=\"\"><a href=\"http:\/\/142.11.238.239\/es\/secretions\/\">Manejo de la Secreciones<\/a><\/li>\r\n\r\n\t\t\t<li class=\"\"><a href=\"http:\/\/142.11.238.239\/es\/size\/\">Tama\u00f1o del tubo de traqueostom\u00eda<\/a><\/li>\r\n\r\n\t\t\t<li class=\"\"><a href=\"http:\/\/142.11.238.239\/es\/vent_weaning\/\">Ventilaci\u00f3n mec\u00e1nica<\/a><\/li>\r\n\r\n\t\t\t<li class=\"\"><a href=\"http:\/\/142.11.238.239\/es\/vent_adjust\/\">Alarmas de Ventilaci\u00f3n mec\u00e1nica<\/a><\/li>\r\n\r\n\t\t<\/ul>\r\n\t<\/li>\r\n<\/ul>\r\n\n<p class=\"page_paragraph\">Los m\u00e9dicos a menudo no est\u00e1n seguros de c\u00f3mo\nrealizar los ajustes adecuados del ventilador para el\ndesinflado del manguito y la colocaci\u00f3n de la v\u00e1lvula\ndirectamente.<\/p>\n<ul>\n<li>\n<p class=\"page_paragraph\">Un manguito inflado se usa t\u00edpicamente durante la\nventilaci\u00f3n mec\u00e1nica para garantizar que todo el aire se\ndistribuya a los pulmones a trav\u00e9s del tubo de\ntraqueostom\u00eda y luego se devuelva al ventilador para que\nse controle y mida.<\/p>\n<\/li>\n<li>\n<p class=\"page_paragraph translation-block\">Para la colocaci\u00f3n de la V\u00e1lvula Passy Muir<sup>\u00ae<\/sup>\ndirectamente, el manguito debe estar completamente\ndesinflado para permitir el flujo de aire a trav\u00e9s de la v\u00eda\na\u00e9rea superior durante la exhalaci\u00f3n.<\/p>\n<\/li>\n<li>\n<p class=\"page_paragraph translation-block\">Los estudios han demostrado que a\u00fan se puede lograr\nuna ventilaci\u00f3n adecuada con el manguito de tubo de\ntraqueostom\u00eda desinflado.<sup>1<\/sup> En un estudio adicional, el\ndesinflado del manguito durante la presi\u00f3n positiva\ncontinua en las v\u00edas respiratorias se asoci\u00f3 con\npar\u00e1metros respiratorios estables y permiti\u00f3 que los\npacientes vocalizaran y tragaran.<sup>2,3<\/sup><\/p>\n<\/li>\n<li>\n<p class=\"page_paragraph translation-block\">En un estudio de banco probando el rendimiento de\nvarias marcas de ventiladores con la V\u00e1lvula Passy Muir\ndirectamente, todos los ventiladores en el estudio se\nenfocaron satisfactoriamente con restricciones en ciertos\nmodos y configuraciones de alarma.<\/p>\n<\/li>\n<li>\n<p class=\"page_paragraph\">Los equipos multidisciplinarios que incorporan la v\u00e1lvula\ncomo una estrategia de rutina en la desconexi\u00f3n del\nventilador han mejorado los resultados.<sup>4-7<\/sup><\/p>\n<\/li>\n<\/ul>\n<h3 class=\"seminars_header translation-block\">Cuando se utiliza la V\u00e1lvula Passy Muir durante la\nventilaci\u00f3n mec\u00e1nica, los terapeutas respiratorios pueden\nrealizar algunos ajustes bajo la direcci\u00f3n del m\u00e9dico para\nmejorar la comodidad y seguridad del paciente. Los\najustes simples comunes incluyen:<\/h3>\n<ul>\n<li>\n<p class=\"page_paragraph\"><strong>Reducir o eliminar la PEEP: <\/strong>El establecimiento de un\nsistema respiratorio cerrado y la exhalaci\u00f3n a trav\u00e9s de la\noronasofaringe, crea la PEEP fisiol\u00f3gica. Esto permite al\nm\u00e9dico reducir\/eliminar la PEEP mec\u00e1nica establecida.\nEste ajuste tambi\u00e9n puede eliminar cualquier flujo de aire\ncontinuo innecesario dentro del circuito. El flujo continuo\nen el circuito puede dificultar que el paciente cierre las\ncuerdas vocales y puede estimular la tos continua y el\nautociclado del ventilador.<\/p>\n<\/li>\n<li>\n<p class=\"page_paragraph\"><strong>Compensaci\u00f3n de volumen: <\/strong>Para los pacientes con\np\u00e9rdida de volumen inspiratorio, despu\u00e9s del desinflado\ndel manguito, se puede agregar un volumen espiratorio\nadicional hasta que se pueda escuchar la voz adecuada,\nse observe una buena expansi\u00f3n del t\u00f3rax o se alcance la\npresi\u00f3n inspiratoria m\u00e1xima de referencia. Esto asegura\nuna ventilaci\u00f3n alveolar adecuada con el manguito\ndesinflado. Un aumento en el volumen espiratorio\nadministrado puede ser un ajuste temporal hasta que se recupere la fuerza de los m\u00fasculos far\u00edngeos y lar\u00edngeos.\nNOTA: 400cc es el volumen adicional m\u00e1ximo\nrecomendado.<\/li>\n<\/p>\n<li>\n<p class=\"page_paragraph\"><strong>Ajustes de alarma: <\/strong>Todas las alarmas en el ventilador\ndeben ser reevaluadas para los ajustes apropiados antes,\ndurante y despu\u00e9s del uso de la v\u00e1lvula. Dado que los\nvol\u00famenes exhalados no se devuelven al ventilador,\nalgunas alarmas pueden ajustarse o silenciarse para\ndetener la alarma innecesaria. Las alarmas de presi\u00f3n\nalta y baja deben permanecer intactas y ajustadas de\nmanera apropiada para detectar y alertar a los cuidadores\nsobre desconexiones, fatiga del paciente o cambios en\nlas presiones m\u00e1ximas de las v\u00edas respiratorias.<\/li>\n<\/p>\n<\/ul>\n<hr>\n<h2>Videos Relacionados<\/h2>\n<div class=\"row\">\n<div class=\"col-sm-3\">\n<div style=\"max-width:600px; margin-left:auto; margin-right:auto;\">\n<style>.codegena{position:relative;width:100%;height:0;padding-bottom:56.27198%;}.codegena iframe{position:absolute;top:0;left:0;width:100%;height:100%;}\/*Youtube Embed Code : Created with Codegena.com *\/<\/style>\n<div class=\"codegena\"><iframe loading=\"lazy\" width=\"320\" height=\"215\" src=\"https:\/\/www.youtube.com\/embed\/BbUMbq6DcSI\" frameborder=\"0\" allow=\"autoplay; encrypted-media\" allowfullscreen><\/iframe><\/div>\n<\/div>\n<p>      <center><strong><font size=\"4\"><\/font><\/strong><\/center>\n  <\/div>\n<div class=\"col-sm-3\">\n<div style=\"max-width:600px; margin-left:auto; margin-right:auto;\">\n<style>.codegena{position:relative;width:100%;height:0;padding-bottom:56.27198%;}.codegena iframe{position:absolute;top:0;left:0;width:100%;height:100%;}\/*Youtube Embed Code : Created with Codegena.com *\/<\/style>\n<div class=\"codegena\"><iframe loading=\"lazy\" width=\"320\" height=\"215\" src=\"https:\/\/www.youtube.com\/embed\/3tfKov4SWEs\" frameborder=\"0\" allow=\"autoplay; encrypted-media\" allowfullscreen><\/iframe><\/div>\n<\/div>\n<p>      <center><strong><font size=\"4\"><\/font><\/strong><\/center>\n  <\/div>\n<div class=\"col-sm-3\">\n<div style=\"max-width:600px; margin-left:auto; margin-right:auto;\">\n<style>.codegena{position:relative;width:100%;height:0;padding-bottom:56.27198%;}.codegena iframe{position:absolute;top:0;left:0;width:100%;height:100%;}\/*Youtube Embed Code : Created with Codegena.com *\/<\/style>\n<div class=\"codegena\"><iframe loading=\"lazy\" width=\"320\" height=\"215\" src=\"https:\/\/www.youtube.com\/embed\/NlEXSq3FUZc\" frameborder=\"0\" allow=\"autoplay; encrypted-media\" allowfullscreen><\/iframe><\/div>\n<\/div>\n<p>     <center><strong><font size=\"4\"><\/font><\/strong><\/center>\n  <\/div>\n<div class=\"col-sm-3\">\n<div style=\"max-width:600px; margin-left:auto; margin-right:auto;\">\n<style>.codegena{position:relative;width:100%;height:0;padding-bottom:56.27198%;}.codegena iframe{position:absolute;top:0;left:0;width:100%;height:100%;}\/*Youtube Embed Code : Created with Codegena.com *\/<\/style>\n<div class=\"codegena\"><iframe loading=\"lazy\" width=\"320\" height=\"215\" src=\"https:\/\/www.youtube.com\/embed\/lz21bjtamwU\" frameborder=\"0\" allow=\"autoplay; encrypted-media\" allowfullscreen><\/iframe><\/div>\n<\/div>\n<p>     <center><strong><font size=\"4\"><\/font><\/strong><\/center>\n  <\/div>\n<\/div>\n<hr>\n<h3 class=\"benefits\">Fuentes: <\/h3>\n<ol>\n<li>Bach, J. &#038; Alba, J. (1990). Tracheostomy Ventilation: A study of efficacy with deflated cuffs and cuffless tubes. Chest, 97: 679-83.<\/li>\n<li>Conway, D. &#038; Mackie, C. (2004). The effects of tracheostomy cuff deflation during continuous positive airway pressure. Anaesthesia, 59: 652-657.<\/li>\n<li>Grilliot, K. et al (2012, November). Ventilator function and effect of alarms during speaking valve use in a critical care setting: A bench study. Poster presented at the 58th International Congress of the Association of Respiratory Care. New Orleans, LA.<\/li>\n<li>Stevens, M., et al. (2011). Use of the <span class=\"pm_ws\"><span class=\"pm_ws\">Passy Muir<\/span><\/span><sup>\u00ae<\/sup> Valve in the neonatal intensive care unit. Neonatal Intensive Care, 24 (7): 22-23.<\/li>\n<li>Windhorst, C., et al (2009). Patients requiring tracheostomy and mechanical ventilation: a model for interdisciplinary decision making. The ASHA Leader, 14 (1), 10-13. Black, C. et al. (2012). A Multidisciplinary team approach to weaning from prolonged mechanical ventilation. British Journal of Hospital Medicine. Aug;, 73(8): 462-466.<\/li>\n<li>Atito-Narh, E. et al (2008). Slow ventilator weaning after cervical spinal cord injury. British Journal of Intensive Care. 95-102.<\/li>\n<li>Kobak, J. &#038; Dean, L. (2011). Use of the <span class=\"pm_ws\"><span class=\"pm_ws\">Passy Muir<\/span><\/span><sup>\u00ae<\/sup> Valve for weaning in long term acute care hospital. Respiratory Therapy. 6 (4):44, 57.<\/li>\n<li>Gurnari, D. &#038; Martin, C. (October, 2011). Early collaboration of respiratory and rehabilitation department improves ventilator weaning rates. Poster presented at the Conference of the National Association of Long Term Hospitals, New Orleans, LA.<\/li>\n<\/ol>","protected":false},"excerpt":{"rendered":"Ventilator Alarms Clinicians are often uncertain of how to make appropriate ventilator adjustments for cuff deflation and placement of the Valve in-line. An inflated cuff is typically used during mechanical ventilation to ensure that all air is delivered through the tracheostomy tube, to the lungs, and then returned to the ventilator to be monitored and [&hellip;]","protected":false},"author":6,"featured_media":5636,"parent":0,"menu_order":0,"comment_status":"closed","ping_status":"closed","template":"","meta":[],"yst_prominent_words":[2277,2276,2275,2842,306,724,730,444,372,431,72,62,191,1237,2896,89,81,1808,312,1991],"_links":{"self":[{"href":"http:\/\/142.11.238.239\/es\/wp-json\/wp\/v2\/pages\/1430"}],"collection":[{"href":"http:\/\/142.11.238.239\/es\/wp-json\/wp\/v2\/pages"}],"about":[{"href":"http:\/\/142.11.238.239\/es\/wp-json\/wp\/v2\/types\/page"}],"author":[{"embeddable":true,"href":"http:\/\/142.11.238.239\/es\/wp-json\/wp\/v2\/users\/6"}],"replies":[{"embeddable":true,"href":"http:\/\/142.11.238.239\/es\/wp-json\/wp\/v2\/comments?post=1430"}],"version-history":[{"count":2,"href":"http:\/\/142.11.238.239\/es\/wp-json\/wp\/v2\/pages\/1430\/revisions"}],"predecessor-version":[{"id":15335,"href":"http:\/\/142.11.238.239\/es\/wp-json\/wp\/v2\/pages\/1430\/revisions\/15335"}],"wp:featuredmedia":[{"embeddable":true,"href":"http:\/\/142.11.238.239\/es\/wp-json\/wp\/v2\/media\/5636"}],"wp:attachment":[{"href":"http:\/\/142.11.238.239\/es\/wp-json\/wp\/v2\/media?parent=1430"}],"wp:term":[{"taxonomy":"yst_prominent_words","embeddable":true,"href":"http:\/\/142.11.238.239\/es\/wp-json\/wp\/v2\/yst_prominent_words?post=1430"}],"curies":[{"name":"wp","href":"https:\/\/api.w.org\/{rel}","templated":true}]}}