{"id":14660,"date":"2020-07-08T11:58:53","date_gmt":"2020-07-08T18:58:53","guid":{"rendered":"https:\/\/www.passy-muir.com\/?page_id=14660"},"modified":"2022-04-01T11:55:52","modified_gmt":"2022-04-01T18:55:52","slug":"trinitas","status":"publish","type":"page","link":"http:\/\/142.11.238.239\/es\/trinitas\/","title":{"rendered":"CareOne Long Term Acute Care Hospital at Trinitas Regional Medical Center"},"content":{"rendered":"<div class=\"l2-header-con  no-banner\">\n<div class=\"l3-header-icon\">\n\t\t<img decoding=\"async\"  src=\"\/wp-content\/uploads\/2017\/05\/COE_1.jpg\" alt=\"products\" \/>\n\t<\/div>\n<div class=\"l3-header-text\" >\n\t\t\tCentros de Excelencia\n                         <\/div>\n<\/p><\/div>\n<div style=\"clear:both\"><\/div>\n<h2>CareOne Long Term Acute Care Hospital at Trinitas Regional Medical Center <\/h2>\n<div style=\"clear:both\"><\/div>\n<p><img decoding=\"async\" alt=\"Trinitas team\" class=\"image_float\" src=\"\/wp-content\/uploads\/2021\/01\/Trinitas-Team-resized20.jpg\"\/><\/p>\n<p class=\"page_paragraph\">CareOne Long Term Acute Care Hospital at Trinitas Regional Medical Center en Nueva Jersey, orgullosos de ser parte de una empresa familiar que ha demostrado ser un nombre confiable en el cuidado de la salud. Ofrecen servicios que abordan cuidados agudos y a largo plazo, para personas mayores, rehabilitaci\u00f3n y cuidados paliativos, esforz\u00e1ndose por lograr la excelencia en el servicio, para todos los pacientes, sus familias y comunidades a las que tienen el privilegio de servir.<\/p>\n<p>El LTACH, es una divisi\u00f3n hospitalaria de cuidados agudos en una unidad especializada que es centrada principalmente en la medicina pulmonar. \nCada instalaci\u00f3n de LTACH est\u00e1 ubicada dentro de un hospital de cuidados agudos en pleno funcionamiento, lo que garantiza es que se puedan obtener servicios inmediatos para cualquier prop\u00f3sito que se considere necesario. Esta accesibilidad es imprescindible para garantizar la excelencia en los cuidados. La tecnolog\u00eda de punta de CareOne y los profesionales altamente capacitados est\u00e1n espec\u00edficamente para atender a pacientes acomplejados, que requieren terapias avanzadas. Sus programas de destete pulmonar y de ventilaci\u00f3n est\u00e1n dirigidos por neum\u00f3logos respetados y certificados que trabajan mano a mano con el personal compasivo y experimentado.<\/p>\n<p class=\" translation-block\">En CareOne, enfatizan el enfoque de equipo para trabajar hacia una salud \u00f3ptima, y esto es especialmente cierto cuando se trabaja para retirar a un paciente del ventilador. Su personal colabora con el paciente para evaluar y encontrar el mejor plan de tratamiento. Su objetivo es mejorar la calidad de vida de cada uno de sus pacientes, brind\u00e1ndoles todas las oportunidades para volver a la vida que valoran. Reconocen la importancia y los beneficios de incluir la V\u00e1lvula <span class=\"pm_ws\"><span class=\"pm_ws\">Passy Muir<\/span><\/span><sup>\u00ae<\/sup> como un paso en el proceso de destete. Trabajando juntos, se enorgullecen de ofrecer los mejores resultados de destete del ventilador del \u00e1rea de tres estados y m\u00e1s all\u00e1.<\/p>\n<h2 class=\"seminars_header\">Historias de \u00e9xito<\/h2>\n<div class=\"row\">\n<div style=\"padding-bottom:10px;\" class=\"col-sm-4\">\n<style>.embed-container { position: relative; padding-bottom: 56.25%; height: 0; overflow: hidden; max-width: 100%; } .embed-container iframe, .embed-container object, .embed-container embed { position: absolute; top: 0; left: 0; width: 100%; height: 100%; }<\/style>\n<div class='embed-container'><iframe src='https:\/\/www.youtube.com\/embed\/\/eCM6pdnhmUg' frameborder='0' allowfullscreen><\/iframe><\/div>\n<\/div>\n<div style=\"padding-bottom:10px;\" class=\"col-sm-4\">\n<style>.embed-container { position: relative; padding-bottom: 56.25%; height: 0; overflow: hidden; max-width: 100%; } .embed-container iframe, .embed-container object, .embed-container embed { position: absolute; top: 0; left: 0; width: 100%; height: 100%; }<\/style>\n<div class='embed-container'><iframe src='https:\/\/www.youtube.com\/embed\/\/QyWaTyllz0w' frameborder='0' allowfullscreen><\/iframe><\/div>\n<\/div>\n<div style=\"padding-bottom:10px;\" class=\"col-sm-4\">\n<style>.embed-container { position: relative; padding-bottom: 56.25%; height: 0; overflow: hidden; max-width: 100%; } .embed-container iframe, .embed-container object, .embed-container embed { position: absolute; top: 0; left: 0; width: 100%; height: 100%; }<\/style>\n<div class='embed-container'><iframe src='https:\/\/www.youtube.com\/embed\/\/4bBg8RjpVBA' frameborder='0' allowfullscreen><\/iframe><\/div>\n<\/div>\n<\/div>\n<p>&nbsp;<\/p>\n<p><!--\n\n\n<h2 class=\"seminars_header\">Publications and Presentations<\/h2>\n\n\n\n\n<p class=\"page_paragraph\"><a href=\"\/wp-content\/uploads\/2020\/07\/CareOne-LTACH-at-Trinitas-Regional-Medical-Center_EMST-Study_5.2020.pdf\">CareOne LTACH at Trinitas Regional Medical Center EMST Study<\/a><\/p>\n\n\n\n--><\/p>\n<h2 class=\"seminars_header\">Pol\u00edticas y Procedimientos<\/h2>\n<p class=\"page_paragraph\"><a href=\"\/wp-content\/uploads\/2021\/01\/PMV-policies-and-proceduresVENT-1.pdf\">CareOne LTACH at Trinitas Regional Medical Center Policies and Procedures for Vent-Dependent Patients<\/a><\/p>\n<p class=\"page_paragraph\"><a href=\"\/wp-content\/uploads\/2021\/01\/PMV-policies-and-procedures-non-vent-2.pdf\">CareOne LTACH at Trinitas Regional Medical Center Policies and Procedures for Non-Vent Patients<\/a><\/p>\n<h2 class=\"seminars_header\">Additional Documents<\/h2>\n<p class=\"page_paragraph\"><a href=\"\/wp-content\/uploads\/2020\/07\/CareOne_pmv-checklist_7.2020.pdf\">CareOne LTACH at Trinitas Regional Medical Center PMV Checklist<\/a><\/p>\n<p class=\"page_paragraph\"><a href=\"\/wp-content\/uploads\/2020\/07\/CareOne-PMV-Clinical-Competency-Checklist.pdf\">CareOne LTACH at Trinitas Regional Medical Center PMV Clinical Competency Checklist<\/a><\/p>\n<p class=\"page_paragraph\"><a href=\"\/wp-content\/uploads\/2020\/07\/CareOne_PMV-Troubleshooting_7.2020.pdf\">CareOne LTACH at Trinitas Regional Medical Center PMV Troubleshooting Guide<\/a><\/p>","protected":false},"excerpt":{"rendered":"Centers of Excellence CareOne Long Term Acute Care Hospital at Trinitas Regional Medical Center The CareOne Long Term Acute Care Hospital at Trinitas Regional Medical Center in New Jersey, a proud part of a family-owned and run company, has long proven to be a trusted name in healthcare. They offer services addressing acute, long-term, senior [&hellip;]","protected":false},"author":85,"featured_media":0,"parent":0,"menu_order":0,"comment_status":"closed","ping_status":"closed","template":"","meta":[],"yst_prominent_words":[4422,4423,4420,4546,4543,4424,4421,4538,4539,4540,3782,4475,4470,4544,4474,4469,4430,4541],"_links":{"self":[{"href":"http:\/\/142.11.238.239\/es\/wp-json\/wp\/v2\/pages\/14660"}],"collection":[{"href":"http:\/\/142.11.238.239\/es\/wp-json\/wp\/v2\/pages"}],"about":[{"href":"http:\/\/142.11.238.239\/es\/wp-json\/wp\/v2\/types\/page"}],"author":[{"embeddable":true,"href":"http:\/\/142.11.238.239\/es\/wp-json\/wp\/v2\/users\/85"}],"replies":[{"embeddable":true,"href":"http:\/\/142.11.238.239\/es\/wp-json\/wp\/v2\/comments?post=14660"}],"version-history":[{"count":16,"href":"http:\/\/142.11.238.239\/es\/wp-json\/wp\/v2\/pages\/14660\/revisions"}],"predecessor-version":[{"id":17346,"href":"http:\/\/142.11.238.239\/es\/wp-json\/wp\/v2\/pages\/14660\/revisions\/17346"}],"wp:attachment":[{"href":"http:\/\/142.11.238.239\/es\/wp-json\/wp\/v2\/media?parent=14660"}],"wp:term":[{"taxonomy":"yst_prominent_words","embeddable":true,"href":"http:\/\/142.11.238.239\/es\/wp-json\/wp\/v2\/yst_prominent_words?post=14660"}],"curies":[{"name":"wp","href":"https:\/\/api.w.org\/{rel}","templated":true}]}}