{"id":14672,"date":"2020-07-08T14:12:54","date_gmt":"2020-07-08T21:12:54","guid":{"rendered":"https:\/\/www.passy-muir.com\/?page_id=14672"},"modified":"2021-05-19T12:24:12","modified_gmt":"2021-05-19T19:24:12","slug":"chwisconsin","status":"publish","type":"page","link":"http:\/\/142.11.238.239\/es\/chwisconsin\/","title":{"rendered":"Children\u2019s Hospital of Wisconsin"},"content":{"rendered":"<div class=\"l2-header-con  no-banner\">\n<div class=\"l3-header-icon\">\n\t\t<img decoding=\"async\"  src=\"\/wp-content\/uploads\/2017\/05\/COE_1.jpg\" alt=\"products\" \/>\n\t<\/div>\n<div class=\"l3-header-text\" >\n\t\t\tCentros de Excelencia\n                         <\/div>\n<\/p><\/div>\n<div style=\"clear:both\"><\/div>\n<h2>Children\u2019s Hospital of Wisconsin<\/h2>\n<div style=\"clear:both\"><\/div>\n<p><img decoding=\"async\" alt=\"Children's Hospital of Wisconsin team\" class=\"image_float\" src=\"\/wp-content\/uploads\/2021\/01\/CHW_team_2-resized.jpg\"\/><\/p>\n<p class=\"page_paragraph\">Children's Hospital of Wisconsin (CHW), un centro de atenci\u00f3n pedi\u00e1trica cuaternaria afiliado a una facultad de medicina, estableci\u00f3 su programa de traqueotom\u00eda y ventilaci\u00f3n en el hogar en 1984 y ha atendido a m\u00e1s de 800 ni\u00f1os que dependen de la traqueostom\u00eda. Su enfoque multidisciplinario y su compromiso con la m\u00e1s alta calidad de atenci\u00f3n hacen que su programa sea, el programa principal de traqueotom\u00eda y ventilaci\u00f3n domiciliaria en la regi\u00f3n. Como programa principal en la regi\u00f3n, atendieron a 206 ni\u00f1os con traqueotom\u00edas en 2016, el 50% de los cuales depend\u00eda de la ventilaci\u00f3n mec\u00e1nica domiciliaria (HMV). Estos datos de 2016 son representativos de la atenci\u00f3n que brindan a los ni\u00f1os con traqueotom\u00edas cada a\u00f1o.<\/p>\n<p class=\"page_paragraph translation-block\">Su equipo multidisciplinario est\u00e1 formado por neum\u00f3logos, otorrinolaring\u00f3logos, terapeutas respiratorios, enfermeras de pr\u00e1ctica avanzada, enfermeras cl\u00ednicas, enfermeras registradas, pat\u00f3logos del habla y el lenguaje, nutricionistas y trabajadores sociales. La V\u00e1lvula <span class=\"pm_ws\"><span class=\"pm_ws\">Passy Muir<\/span><\/span><sup>\u00ae<\/sup> (PMV) ha sido parte del cuidado de los ni\u00f1os en CHW durante m\u00e1s de 15 a\u00f1os. Hist\u00f3ricamente, la PMV se limitaba a los ni\u00f1os que ten\u00edan un collar de traqueotom\u00eda. En 2014, el programa CHW expandi\u00f3 su pr\u00e1ctica para incluir PMV para ni\u00f1os con ventilaci\u00f3n mec\u00e1nica domiciliaria (HMV), a cual el escenario cumpli\u00f3 con los criterios de Pol\u00edtica y Procedimiento para el uso de PMV en l\u00ednea con la ventilaci\u00f3n mec\u00e1nica. En 2015, un proyecto de mejora de la calidad (QI) de PMV demostr\u00f3 que la tasa de evaluaciones de PMV que se realizaron antes del alta hospitalaria inicial fue del 90%. Las intervenciones para mejorar el uso de PMV incluyeron la educaci\u00f3n intensiva del personal de la UCIP y la discusi\u00f3n de las evaluaciones de PMV en las rondas multidisciplinarias que se realizan antes del alta hospitalaria inicial.<\/p>\n<p class=\"page_paragraph\"> El programa de traqueostom\u00eda y ventilaci\u00f3n domiciliaria de CHW incluye m\u00e9dicos clasificados a nivel nacional y miembros del equipo multidisciplinario que brindan atenci\u00f3n hospitalaria, as\u00ed como tratamiento ambulatorio en cl\u00ednicas dedicadas de traqueostom\u00eda y ventilaci\u00f3n. Se brinda educaci\u00f3n a los ni\u00f1os y a sus familias, as\u00ed como a los proveedores m\u00e9dicos, a nivel local y nacional. CHW lleva a cabo programas de educaci\u00f3n comunitaria y capacitaci\u00f3n profesional, incluidas clases de traqueotom\u00eda pedi\u00e1trica y certificaciones de ventilaci\u00f3n.<\/p>\n<p class=\"page_paragraph\"> CHW participa en organizaciones locales e internacionales que promueven la atenci\u00f3n de calidad de la traqueotom\u00eda para ni\u00f1os. Sus esfuerzos de QI y de investigaci\u00f3n dedicados a mejorar la atenci\u00f3n de los ni\u00f1os con traqueotom\u00edas se han presentado en conferencias nacionales y se han publicado en revistas revisadas por pares. El Programa de Traqueostom\u00eda y Ventilador en el Hogar es parte de la Divisi\u00f3n de Medicina Pedi\u00e1trica Pulmonar y del Sue\u00f1o, que ha sido nombrada entre las mejores de la naci\u00f3n en el informe de U.S. News &amp; World Report Best Children's Hospital.<\/p>\n<h2 class=\"seminars_header\">Historias de \u00e9xito<\/h2>\n<div class=\"row\">\n<div class=\"col-sm-6\">\n<div style=\"max-width: 600px; margin-left: auto; margin-right: auto;\">\n<style>.codegena{position:relative;width:100%;height:0;padding-bottom:56.27198%;}.codegena iframe{position:absolute;top:0;left:0;width:100%;height:100%;}\/*Youtube Embed Code : Created with Codegena.com *\/<\/style>\n<div class=\"codegena\"><iframe loading=\"lazy\" src=\"https:\/\/www.youtube.com\/embed\/kmKEJRaqrdM?rel=0\" width=\"320\" height=\"215\" frameborder=\"0\" allowfullscreen=\"allowfullscreen\"><\/iframe><\/div>\n<\/div>\n<\/div>\n<div class=\"col-sm-6\">\n<div style=\"max-width: 600px; margin-left: auto; margin-right: auto;\">\n<style>.codegena{position:relative;width:100%;height:0;padding-bottom:56.27198%;}.codegena iframe{position:absolute;top:0;left:0;width:100%;height:100%;}\/*Youtube Embed Code : Created with Codegena.com *\/<\/style>\n<div class=\"codegena\"><iframe loading=\"lazy\" src=\"https:\/\/www.youtube.com\/embed\/PgFRMXsKqTU?rel=0\" width=\"320\" height=\"215\" frameborder=\"0\" allowfullscreen=\"allowfullscreen\"><\/iframe><\/div>\n<\/div>\n<\/div>\n<\/div>\n<p>&nbsp;<\/p>\n<h2 class=\"seminars_header\">Pol\u00edticas y Procedimientos<\/h2>\n<p class=\"page_paragraph\"><a href=\"\/wp-content\/uploads\/2020\/12\/CHW_1265EN-speaking-valve-teaching-sheet.pdf\">Children\u2019s Hospital and Health System Patient Care Policy and Procedure<\/a><\/p>\n<h2 class=\"seminars_header\">Additional Documents<\/h2>\n<p class=\"page_paragraph\"><a href=\"\/wp-content\/uploads\/2020\/12\/CHW_1265EN-speaking-valve-teaching-sheet.pdf\">Children&#8217;s Hospital of Wisconsin PMV Teaching Sheet<\/a><\/p>\n<p class=\"page_paragraph\"><a href=\"\/wp-content\/uploads\/2020\/12\/Speaking-Valve-Education-Slides-1.pdf\">Children\u2019s Hospital of Wisconsin PMV Education Slides<\/a><\/p>\n<p class=\"page_paragraph\"><a href=\"\/wp-content\/uploads\/2020\/12\/PMV-Process-Flow-Chart-PICU-1.pdf\">PMV Process Flowchart<\/a><\/p>","protected":false},"excerpt":{"rendered":"Centers of Excellence Children\u2019s Hospital of Wisconsin Children\u2019s Hospital of Wisconsin (CHW), a medical college-affiliated quaternary pediatric care center, established its Tracheostomy and Home Ventilator Program in 1984 and has served over 800 children who are tracheostomy-dependent. Their multidisciplinary approach and commitment to the highest quality of care makes their program the premier tracheostomy and [&hellip;]","protected":false},"author":85,"featured_media":0,"parent":0,"menu_order":0,"comment_status":"closed","ping_status":"closed","template":"","meta":[],"yst_prominent_words":[4485,4484,3747,4451,4486,4481,3744,3743,4490,4488,4487,4483,4480,4489,3856,3745],"_links":{"self":[{"href":"http:\/\/142.11.238.239\/es\/wp-json\/wp\/v2\/pages\/14672"}],"collection":[{"href":"http:\/\/142.11.238.239\/es\/wp-json\/wp\/v2\/pages"}],"about":[{"href":"http:\/\/142.11.238.239\/es\/wp-json\/wp\/v2\/types\/page"}],"author":[{"embeddable":true,"href":"http:\/\/142.11.238.239\/es\/wp-json\/wp\/v2\/users\/85"}],"replies":[{"embeddable":true,"href":"http:\/\/142.11.238.239\/es\/wp-json\/wp\/v2\/comments?post=14672"}],"version-history":[{"count":11,"href":"http:\/\/142.11.238.239\/es\/wp-json\/wp\/v2\/pages\/14672\/revisions"}],"predecessor-version":[{"id":16296,"href":"http:\/\/142.11.238.239\/es\/wp-json\/wp\/v2\/pages\/14672\/revisions\/16296"}],"wp:attachment":[{"href":"http:\/\/142.11.238.239\/es\/wp-json\/wp\/v2\/media?parent=14672"}],"wp:term":[{"taxonomy":"yst_prominent_words","embeddable":true,"href":"http:\/\/142.11.238.239\/es\/wp-json\/wp\/v2\/yst_prominent_words?post=14672"}],"curies":[{"name":"wp","href":"https:\/\/api.w.org\/{rel}","templated":true}]}}