{"id":14678,"date":"2020-07-08T15:07:35","date_gmt":"2020-07-08T22:07:35","guid":{"rendered":"https:\/\/www.passy-muir.com\/?page_id=14678"},"modified":"2021-05-19T12:28:40","modified_gmt":"2021-05-19T19:28:40","slug":"nwths","status":"publish","type":"page","link":"http:\/\/142.11.238.239\/es\/nwths\/","title":{"rendered":"Northwest Texas Healthcare System"},"content":{"rendered":"<div class=\"l3-header-con  no-banner\">\n<div class=\"l3-header-icon\">\n\t\t<img decoding=\"async\"  src=\"\/wp-content\/uploads\/2017\/05\/COE_1.jpg\" alt=\"products\" \/>\n\t<\/div>\n<div class=\"l3-header-text no-banner\" >\n\t\t\tCentros de Excelencia\n                         <\/div>\n<\/p><\/div>\n<div style=\"clear:both\"><\/div>\n<h2>Northwest Texas Healthcare System<\/h2>\n<p><img decoding=\"async\" alt=\"Northwest Texas Healthcare System team\" class=\"image_float\" src=\"\/wp-content\/uploads\/2021\/01\/RT_team_NWTHS-resized.jpg\" \/><\/p>\n<p class=\"page_paragraph translation-block\">Northwest Texas Healthcare System (NWTHS) en Amarillo, TX, es un centro m\u00e9dico y de cuidados intensivos con 495 camas, y es el primer centro de cuidados intensivos y traumatolog\u00eda que se convierte en un Centro de Excelencia de <span class=\"pm_ws\"><span class=\"pm_ws\">Passy Muir<\/span><\/span><sup>\u00ae<\/sup> . NWTHS atiende a los residentes dentro de un radio de 160 millas que cubre 26 condados en un territorio de Texas y partes de Nuevo M\u00e9xico, Oklahoma, Colorado y Kansas.<\/p>\n<p class=\"page_paragraph\">El equipo interdisciplinario de traqueotom\u00eda (traqueostom\u00eda) dirigido por m\u00e9dicos en NWTHS incluye pat\u00f3logos del habla y el lenguaje, terapeutas respiratorios, terapeutas f\u00edsicos y ocupacionales, enfermeras, educadores y l\u00edderes de enfermer\u00eda, trabajadores sociales, administradores de casos y un equipo especializado en el cuidado de heridas. El equipo de traqueostom\u00eda en NWTHS brinda educaci\u00f3n verbal y escrita a los pacientes y sus familias sobre la traqueotom\u00eda. Adem\u00e1s de las terapias individualizadas, el equipo de traqueostom\u00eda realiza visitas semanales a los pacientes para evaluar una variedad de par\u00e1metros. El equipo de traqueostom\u00eda tambi\u00e9n contin\u00faa desarrollando protocolos y oportunidades educativas.<\/p>\n<p><img decoding=\"async\" alt=\"Northwest Texas Healthcare System team\" class=\"image_float_right\" src=\"\/wp-content\/uploads\/2021\/01\/speech-team_NWTHS-resized.jpg\" \/><\/p>\n<p class=\"page_paragraph translation-block\">Junto con la designaci\u00f3n como Centro de Excelencia, el Equipo de Traqueotom\u00eda en NWTHS brinda atenci\u00f3n colaborativa. Realizan estudios de investigaci\u00f3n y recopilan datos relacionados con las traqueostom\u00edas y el uso de la v\u00e1lvula <span class=\"pm_ws\"><span class=\"pm_ws\">Passy Muir<\/span><\/span><sup>\u00ae<\/sup> (PMV). Desde que comenz\u00f3 el Equipo de Traqueolog\u00eda en Octubre de 2016, han visto un aumento en la atenci\u00f3n colaborativa y un aumento dram\u00e1tico en los resultados de los pacientes. Los resultados demuestran que las evaluaciones y el uso de PMV se realizan un promedio de 3 d\u00edas antes que antes de tener un equipo de traqueostom\u00eda. A trav\u00e9s de este programa integral y la implementaci\u00f3n de la V\u00e1lvula, el an\u00e1lisis de datos sobre las estancias de los pacientes revela que ha habido una disminuci\u00f3n en la UCI y la duraci\u00f3n total de la estancia hospitalaria en un 50%. Los pacientes se desconectan con \u00e9xito del ventilador un 50% m\u00e1s r\u00e1pido que antes de la implementaci\u00f3n de este programa. Tambi\u00e9n se ha encontrado que la progresi\u00f3n a la alimentaci\u00f3n oral ha aumentado en un 83% y las tasas de decanulaci\u00f3n (eliminaci\u00f3n de la traqueotom\u00eda) han mejorado en un 50%. M\u00e1s del 50% de los pacientes son dados de alta a casa desde el entorno de cuidados intensivos, mientras que otros pacientes son dados de alta para rehabilitaci\u00f3n aguda para abordar la decanulaci\u00f3n antes del alta domiciliaria. Antes del equipo de traqueostom\u00eda, el uso de la PMV era m\u00ednimo.<\/p>\n<p class=\"page_paragraph translation-block\">El equipo de NWTHS comparte que los pacientes, las familias y el personal est\u00e1n muy agradecidos de que la V\u00e1lvula <span class=\"pm_ws\"><span class=\"pm_ws\">Passy Muir<\/span><\/span> sea una opci\u00f3n y que est\u00e9 disponible para mejorar el tratamiento y la calidad de vida en sus instalaciones.<\/p>\n<h2 class=\"seminars_header\">Historias de \u00e9xito<\/h2>\n<div class=\"row\">\n<div class=\"col-sm-6\">\n<div style=\"max-width: 600px; margin-left: auto; margin-right: auto;\">\n<style>.codegena{position:relative;width:100%;height:0;padding-bottom:56.27198%;}.codegena iframe{position:absolute;top:0;left:0;width:100%;height:100%;}\/*Youtube Embed Code : Created with Codegena.com *\/<\/style>\n<div class=\"codegena\"><iframe loading=\"lazy\" src=\"https:\/\/www.youtube.com\/embed\/wMm4sADK_v8?rel=0\" width=\"320\" height=\"215\" frameborder=\"0\" allowfullscreen=\"allowfullscreen\"><\/iframe><\/div>\n<\/div>\n<\/div>\n<div class=\"col-sm-6\">\n<div style=\"max-width: 600px; margin-left: auto; margin-right: auto;\">\n<style>.codegena{position:relative;width:100%;height:0;padding-bottom:56.27198%;}.codegena iframe{position:absolute;top:0;left:0;width:100%;height:100%;}\/*Youtube Embed Code : Created with Codegena.com *\/<\/style>\n<div class=\"codegena\"><iframe loading=\"lazy\" src=\"https:\/\/www.youtube.com\/embed\/--2O13HYp5c?rel=0\" width=\"320\" height=\"215\" frameborder=\"0\" allowfullscreen=\"allowfullscreen\"><\/iframe><\/div>\n<\/div>\n<\/div>\n<\/div>\n<p>&nbsp;<\/p>\n<h2 class=\"seminars_header\">Pol\u00edticas y Procedimientos<\/h2>\n<p class=\"page_paragraph\"><a href=\"\/wp-content\/uploads\/2020\/12\/NWTHS_PMV-policy-procedure.pdf\">Northwest Texas Healthcare System Policies and Procedures<\/a><\/p>\n<p class=\"page_paragraph\"><a href=\"\/wp-content\/uploads\/2020\/12\/PP-Trach-Team.pdf\">Northwest Texas Healthcare System Tracheostomy Team Policies and Procedures<\/a><\/p>\n<p class=\"page_paragraph\"><a href=\"\/wp-content\/uploads\/2020\/12\/Tracheosotmy-Tube-weaning-rt-PP-revised.doc2-1.pdf\">Northwest Texas Healthcare System Tracheostomy Tube Weaning Procedure<\/a><\/p>\n<h2 class=\"seminars_header\">Additional Documents<\/h2>\n<p class=\"page_paragraph\"><a href=\"\/wp-content\/uploads\/2020\/12\/NWTHS_PP-Trach-Team-revision-4-2019.pdf\">Northwest Texas Healthcare System Tracheostomy Team<\/a><\/p>\n<p class=\"page_paragraph\"><a href=\"\/wp-content\/uploads\/2020\/12\/NWTHS_TRACH-CARE-TEAM-ROUNDS.pdf\">Tracheostomy Team Rounds<\/a><\/p>\n<p class=\"page_paragraph\"><a href=\"\/wp-content\/uploads\/2020\/12\/HOB-sign.pdf\">HOB Sign<\/a><\/p>","protected":false},"excerpt":{"rendered":"Centers of Excellence Northwest Texas Healthcare System Northwest Texas Healthcare System (NWTHS) in Amarillo, TX, is a 495-bed acute care facility and medical center, and is the first acute care, trauma center to become a <span class=\"pm_ws\">Passy Muir<\/span> Center of Excellence. NWTHS serves residents within a 160-mile radius covering 26 counties throughout the panhandle of Texas, [&hellip;]","protected":false},"author":85,"featured_media":0,"parent":0,"menu_order":0,"comment_status":"closed","ping_status":"closed","template":"","meta":[],"yst_prominent_words":[338,3545,4509,4507,4505,4504,72,1203,4513,4508,4506,4512],"_links":{"self":[{"href":"http:\/\/142.11.238.239\/es\/wp-json\/wp\/v2\/pages\/14678"}],"collection":[{"href":"http:\/\/142.11.238.239\/es\/wp-json\/wp\/v2\/pages"}],"about":[{"href":"http:\/\/142.11.238.239\/es\/wp-json\/wp\/v2\/types\/page"}],"author":[{"embeddable":true,"href":"http:\/\/142.11.238.239\/es\/wp-json\/wp\/v2\/users\/85"}],"replies":[{"embeddable":true,"href":"http:\/\/142.11.238.239\/es\/wp-json\/wp\/v2\/comments?post=14678"}],"version-history":[{"count":12,"href":"http:\/\/142.11.238.239\/es\/wp-json\/wp\/v2\/pages\/14678\/revisions"}],"predecessor-version":[{"id":16301,"href":"http:\/\/142.11.238.239\/es\/wp-json\/wp\/v2\/pages\/14678\/revisions\/16301"}],"wp:attachment":[{"href":"http:\/\/142.11.238.239\/es\/wp-json\/wp\/v2\/media?parent=14678"}],"wp:term":[{"taxonomy":"yst_prominent_words","embeddable":true,"href":"http:\/\/142.11.238.239\/es\/wp-json\/wp\/v2\/yst_prominent_words?post=14678"}],"curies":[{"name":"wp","href":"https:\/\/api.w.org\/{rel}","templated":true}]}}