{"id":14686,"date":"2020-07-08T15:18:54","date_gmt":"2020-07-08T22:18:54","guid":{"rendered":"https:\/\/www.passy-muir.com\/?page_id=14686"},"modified":"2021-05-19T12:30:05","modified_gmt":"2021-05-19T19:30:05","slug":"pamvegas","status":"publish","type":"page","link":"http:\/\/142.11.238.239\/es\/pamvegas\/","title":{"rendered":"Post Acute Medical Specialty Hospital of Vegas"},"content":{"rendered":"<div class=\"l2-header-con  no-banner\">\n<div class=\"l3-header-icon\">\n\t\t<img decoding=\"async\"  src=\"\/wp-content\/uploads\/2017\/05\/COE_1.jpg\" alt=\"products\" \/>\n\t<\/div>\n<div class=\"l3-header-text\" >\n\t\t\tCentros de Excelencia\n                         <\/div>\n<\/p><\/div>\n<div style=\"clear:both\"><\/div>\n<h2>Post Acute Medical Specialty Hospital of Vegas<\/h2>\n<div style=\"clear:both\"><\/div>\n<p><img decoding=\"async\" alt=\"Post Acute Medical Specialty Hospital of Las Vegas team\" class=\"image_float\" src=\"\/wp-content\/uploads\/2021\/01\/PAM-vegas_team-resized.jpg\"\/><\/p>\n<p class=\"page_paragraph\">Post Acute Medical Specialty Hospital de Las Vegas, Nevada (anteriormente, Complex Care Hospital at Tenaya) es un hospital de cuidados agudos a largo plazo con licencia de 70 camas (LTACH) que proporciona servicios post-agudos de alta calidad que fomentan una mejora y recuperaci\u00f3n significativas para las personas con lesiones, enfermedades y discapacidades. Su hospital est\u00e1 certificado por Medicare y acreditado por Joint Commission. Est\u00e1n reconocidos por la Asociaci\u00f3n Estadounidense de Cuidado Respiratorio (AARC) para el Cuidado Respiratorio de Calidad (QRCR). Este premio coloca a su instalaci\u00f3n en el 15% de los hospitales de Estados Unidos que han recibido este honor.<\/p>\n<p class=\"page_paragraph\">Les apasiona brindar a sus pacientes m\u00e9dicamente complejos la mejor oportunidad de recuperaci\u00f3n al brindarles una intervenci\u00f3n temprana y agresiva en el entorno de cuidados cr\u00edticos. Su equipo incluye m\u00e9dicos, enfermeras, farmac\u00e9uticos, dietistas, fisioterapia, terapia ocupacional, terapia del habla, terapia respiratoria y terapia psicol\u00f3gica. Creen que este enfoque transdisciplinario ayuda en el proceso de recuperaci\u00f3n y que cada paciente es visto como un individuo con necesidades espec\u00edficas para lograr una recuperaci\u00f3n \u00f3ptima.<\/p>\n<p class=\"page_paragraph translation-block\">Sus pacientes requieren cuidados intensivos las 24 horas durante un per\u00edodo prolongado. Muchos de sus pacientes requieren la atenci\u00f3n de un pat\u00f3logo del habla y el lenguaje, incluido un gran n\u00famero de pacientes con ventilaci\u00f3n y sin ventilaci\u00f3n. Su instalaci\u00f3n ha estado utilizando la V\u00e1lvula  <span class=\"pm_ws\"><span class=\"pm_ws\"><span class=\"pm_ws\">Passy Muir<\/span><\/span><\/span><sup>\u00ae<\/sup> desde su inauguraci\u00f3n en 1999. El equipo de SLP ha establecido una gran relaci\u00f3n con sus terapeutas respiratorios y neum\u00f3logos, haciendo que el proceso de destete y decanulaci\u00f3n del ventilador sea exitoso. Creen que es importante conseguir que los pacientes que sean adecuados utilicen la V\u00e1lvula  <span class=\"pm_ws\"><span class=\"pm_ws\"><span class=\"pm_ws\">Passy Muir<\/span><\/span><\/span> para promover una comunicaci\u00f3n eficaz, desconectar el ventilador, desconectar la traqueotom\u00eda y mejorar la funci\u00f3n de degluci\u00f3n; y ayuda al bienestar general de los pacientes en su proceso de recuperaci\u00f3n.<\/p>\n<p class=\"page_paragraph\">Su equipo respiratorio, pat\u00f3logos del habla y el lenguaje y neum\u00f3logos se re\u00fanen diariamente para discutir el progreso del paciente e identificar sus necesidades para el \u00e9xito. Su hospital tiene una tasa promedio de \u00e9xito en el destete del respiradero del 85%.<\/p>\n<h2 class=\"seminars_header\">Historia de \u00c9xito<\/h2>\n<style>.embed-container { position: relative; padding-bottom: 56.25%; height: 0; overflow: hidden; max-width: 100%; } .embed-container iframe, .embed-container object, .embed-container embed { position: absolute; top: 0; left: 0; width: 100%; height: 100%; }<\/style>\n<div class='embed-container'><iframe src='https:\/\/www.youtube.com\/embed\/9_3xPY-jO7A?rel=0' frameborder='0' allowfullscreen><\/iframe><\/div>\n<p>&nbsp;<\/p>\n<h2 class=\"seminars_header\">Pol\u00edticas y Procedimientos<\/h2>\n<p class=\"page_paragraph\"><a href=\"\/wp-content\/uploads\/2020\/12\/PAM_Speaking-Valve-With-and-Without-Ventilation-1-1.pdf\">Post Acute Medical Specialty Hospital of Las Vegas Policies and Procedures <\/a><\/p>","protected":false},"excerpt":{"rendered":"Centers of Excellence Post Acute Medical Specialty Hospital of Vegas Post Acute Medical Specialty Hospital of Las Vegas, Nevada (formerly, Complex Care Hospital at Tenaya) is a 70 licensed bed long term acute care hospital (LTACH) that provides high-quality post-acute services that foster meaningful improvement and recovery for people with injuries, illness, and disabilities. Their [&hellip;]","protected":false},"author":85,"featured_media":0,"parent":0,"menu_order":0,"comment_status":"closed","ping_status":"closed","template":"","meta":[],"yst_prominent_words":[4521,4519,4518,345,4522,4520,1203,4528,4527,4526,4525,4531,603,1295],"_links":{"self":[{"href":"http:\/\/142.11.238.239\/es\/wp-json\/wp\/v2\/pages\/14686"}],"collection":[{"href":"http:\/\/142.11.238.239\/es\/wp-json\/wp\/v2\/pages"}],"about":[{"href":"http:\/\/142.11.238.239\/es\/wp-json\/wp\/v2\/types\/page"}],"author":[{"embeddable":true,"href":"http:\/\/142.11.238.239\/es\/wp-json\/wp\/v2\/users\/85"}],"replies":[{"embeddable":true,"href":"http:\/\/142.11.238.239\/es\/wp-json\/wp\/v2\/comments?post=14686"}],"version-history":[{"count":12,"href":"http:\/\/142.11.238.239\/es\/wp-json\/wp\/v2\/pages\/14686\/revisions"}],"predecessor-version":[{"id":16302,"href":"http:\/\/142.11.238.239\/es\/wp-json\/wp\/v2\/pages\/14686\/revisions\/16302"}],"wp:attachment":[{"href":"http:\/\/142.11.238.239\/es\/wp-json\/wp\/v2\/media?parent=14686"}],"wp:term":[{"taxonomy":"yst_prominent_words","embeddable":true,"href":"http:\/\/142.11.238.239\/es\/wp-json\/wp\/v2\/yst_prominent_words?post=14686"}],"curies":[{"name":"wp","href":"https:\/\/api.w.org\/{rel}","templated":true}]}}