{"id":14691,"date":"2020-07-09T09:58:39","date_gmt":"2020-07-09T16:58:39","guid":{"rendered":"https:\/\/www.passy-muir.com\/?page_id=14691"},"modified":"2021-05-19T12:13:57","modified_gmt":"2021-05-19T19:13:57","slug":"stmarys","status":"publish","type":"page","link":"http:\/\/142.11.238.239\/es\/stmarys\/","title":{"rendered":"St. Mary&#8217;s Hospital for Children"},"content":{"rendered":"<div class=\"l2-header-con  no-banner\">\n<div class=\"l3-header-icon\">\n\t\t<img decoding=\"async\"  src=\"\/wp-content\/uploads\/2017\/05\/COE_1.jpg\" alt=\"products\" \/>\n\t<\/div>\n<div class=\"l3-header-text\" >\n\t\t\tCentros de Excelencia\n                         <\/div>\n<\/p><\/div>\n<div style=\"clear:both\"><\/div>\n<h2>St. Mary&#8217;s Hospital for Children<\/h2>\n<div style=\"clear:both\"><\/div>\n<p><img decoding=\"async\" alt=\"St Marys team photo Passy Muir Center of Excellence\" class=\"image_float\" src=\"\/wp-content\/uploads\/2021\/01\/Teamphoto_St-Marys-resized.jpg\"\/><\/p>\n<p class=\"page_paragraph\">St. Mary's Hospital for Children es un centro de rehabilitaci\u00f3n pedi\u00e1trica y atenci\u00f3n a largo plazo con 97 camas ubicado en el estado de Nueva York en Bayside, Queens. En esta instalaci\u00f3n, brindan atenci\u00f3n a ni\u00f1os desde el nacimiento hasta los 21 a\u00f1os de edad con m\u00faltiples complejidades m\u00e9dicas. Una raz\u00f3n por la que los ni\u00f1os son remitidos a St. Mary's es para recibir asistencia respiratoria \/ ventilador y para el destete. Son el proveedor de cuidados a largo plazo m\u00e1s grande y con m\u00e1s experiencia de Nueva York para ni\u00f1os con afecciones m\u00e9dicamente complejas y el \u00fanico centro de cuidados para ni\u00f1os en situaciones de aguda de la ciudad de Nueva York. Son reconocidos en todo el mundo por la amplitud de sus servicios y la profundidad de su compromiso.<\/p>\n<p class=\"page_paragraph translation-block\">El equipo interdisciplinario de St. Mary's que atiende a estos ni\u00f1os incluye un neum\u00f3logo pedi\u00e1trico, un otorrinolaring\u00f3logo pedi\u00e1trico, un pediatra, un terapeuta respiratorio, enfermeras y pat\u00f3logos del habla y el lenguaje. Juntos, eval\u00faan a los ni\u00f1os con traqueostom\u00edas para una posible candidatura de la V\u00e1lvula <span class=\"pm_ws\"><span class=\"pm_ws\">Passy Muir<\/span><\/span><sup>\u00ae<\/sup> (PMV), incluidos los ni\u00f1os con dependencia del ventilador mec\u00e1nico y los que tienen collar de traqueostom\u00eda. Los pacientes que son m\u00e9dicamente apropiados son evaluados para el uso de PMV y luego colocados en un programa con el departamento de SLP para atenci\u00f3n y monitoreo continuos. El departamento de SLP monitorea a cada paciente hasta que usan la V\u00e1lvula por un m\u00ednimo de una hora. Una vez que el ni\u00f1o alcanza este marcador, se produce la transici\u00f3n al uso del personal de enfermer\u00eda para que el ni\u00f1o comience a usar la PMV durante todas las horas de vigilia.<\/p>\n<p class=\"page_paragraph\">El \u00e9xito en St. Mary's est\u00e1 directamente relacionado con el excelente trabajo transdisciplinario que se brinda y con la contribuci\u00f3n de todos los departamentos hacia la transferencia y la implementaci\u00f3n de los objetivos relacionados con el destete respiratorio y el uso de PMV. En St. Mary's, el equipo se esfuerza por brindar el m\u00e1s alto nivel de atenci\u00f3n a sus pacientes y se esfuerza por ser el mejor en su trabajo cl\u00ednico. El equipo logra esto a trav\u00e9s de la educaci\u00f3n en todo el establecimiento para el personal cl\u00ednico y de enfermer\u00eda sobre la seguridad, el uso, la educaci\u00f3n y el apoyo de PMV para los cuidadores. Tambi\u00e9n organizan educaci\u00f3n continua en toda la instalaci\u00f3n sobre el uso de PMV y c\u00f3mo la v\u00e1lvula puede beneficiar a\u00fan m\u00e1s a la poblaci\u00f3n pedi\u00e1trica acomplejados m\u00e9dicamente.<\/p>\n<h2 class=\"seminars_header\">Historia de \u00c9xito<\/h2>\n<style>.embed-container { position: relative; padding-bottom: 56.25%; height: 0; overflow: hidden; max-width: 100%; } .embed-container iframe, .embed-container object, .embed-container embed { position: absolute; top: 0; left: 0; width: 100%; height: 100%; }<\/style>\n<div class='embed-container'><iframe src='https:\/\/www.youtube.com\/embed\/s92i2xEMzB8?rel=0' frameborder='0' allowfullscreen><\/iframe><\/div>\n<h2 class=\"seminars_header\">Pol\u00edticas y Procedimientos<\/h2>\n<p class=\"page_paragraph\"><a href=\"\/wp-content\/uploads\/2020\/12\/Application-of-a-PMSV-2016_St-Marys.doc.pdf\">St. Mary&#8217;s Hospital for Children Policies and Procedures<\/a><\/p>","protected":false},"excerpt":{"rendered":"Centers of Excellence St. Mary&#8217;s Hospital for Children St. Mary\u2019s Hospital for Children is a 97-bed pediatric rehabilitation and long-term care facility located in New York state in Bayside, Queens. At this facility, they provide care for children from birth-21 years of age with multiple medical complexities. One reason children are referred to St. Mary\u2019s [&hellip;]","protected":false},"author":85,"featured_media":0,"parent":0,"menu_order":0,"comment_status":"closed","ping_status":"closed","template":"","meta":[],"yst_prominent_words":[290,4534,1405,56,314,350,1403,4533,1404,1402,4536,348,1407,466,51,1203,4535,1411,289,81],"_links":{"self":[{"href":"http:\/\/142.11.238.239\/es\/wp-json\/wp\/v2\/pages\/14691"}],"collection":[{"href":"http:\/\/142.11.238.239\/es\/wp-json\/wp\/v2\/pages"}],"about":[{"href":"http:\/\/142.11.238.239\/es\/wp-json\/wp\/v2\/types\/page"}],"author":[{"embeddable":true,"href":"http:\/\/142.11.238.239\/es\/wp-json\/wp\/v2\/users\/85"}],"replies":[{"embeddable":true,"href":"http:\/\/142.11.238.239\/es\/wp-json\/wp\/v2\/comments?post=14691"}],"version-history":[{"count":8,"href":"http:\/\/142.11.238.239\/es\/wp-json\/wp\/v2\/pages\/14691\/revisions"}],"predecessor-version":[{"id":16290,"href":"http:\/\/142.11.238.239\/es\/wp-json\/wp\/v2\/pages\/14691\/revisions\/16290"}],"wp:attachment":[{"href":"http:\/\/142.11.238.239\/es\/wp-json\/wp\/v2\/media?parent=14691"}],"wp:term":[{"taxonomy":"yst_prominent_words","embeddable":true,"href":"http:\/\/142.11.238.239\/es\/wp-json\/wp\/v2\/yst_prominent_words?post=14691"}],"curies":[{"name":"wp","href":"https:\/\/api.w.org\/{rel}","templated":true}]}}