{"id":1477,"date":"2018-05-29T20:47:38","date_gmt":"2018-05-29T20:47:38","guid":{"rendered":"http:\/\/localhost:8080\/mywordpress\/?page_id=1477"},"modified":"2023-06-21T09:54:16","modified_gmt":"2023-06-21T16:54:16","slug":"home-page","status":"publish","type":"page","link":"http:\/\/142.11.238.239\/es\/","title":{"rendered":"Home | Welcome to Passy Muir"},"content":{"rendered":"<div class=\"slideshowContainer\"><img decoding=\"async\" loading=\"lazy\" alt=\"spacer bar\" style=\"vertical-align: bottom;\" src=\"\/wp-content\/uploads\/2017\/07\/branding_bar_top_new.jpg\" width=\"100%\" height=\"20px\" \/><\/div>\n<section class=\"block block-block clearfix\">\n<div class=\"row preface_row\">\n<div class=\"col-sm-1\"><\/div>\n<div class=\"col-sm-9\">\n<p class=\"passy-quote translation-block\"><em class=\"quotation\">En <span class=\"pm_ws\">Passy Muir<\/span> creemos que la comunicaci\u00f3n es la esencia del esp\u00edritu humano; es esencial para los derechos individuales y la dignidad. Estamos comprometidos en nuestros esfuerzos por ofrecer a los pacientes traqueostomizados y dependientes de un ventilador un paso hacia la independencia y la dignidad a trav\u00e9s del habla.<\/em><\/p>\n<p style=\"text-align: right;\"><img decoding=\"async\" style=\"width: 200px; height: 80px;\" src=\"\/wp-content\/uploads\/2018\/01\/PEP_sig.png\" alt=\"signature\" \/><\/p>\n<\/div>\n<\/div>\n<\/section>\n<div class=\"row\">\n<div class=\"col-lg-4 col-sm-4 col-xs-12 card-holder2\">\n<div class=\"l2-card-head-short\">\n<div class=\"card_header\">\n<h3 class=\" translation-block\">V\u00e1lvulas <span class=\"pm_ws\">Passy Muir<\/span><sup>\u00ae<\/sup><\/h3>\n<\/div>\n<\/div>\n<div class=\"l2-card-img\"><a href=\"http:\/\/142.11.238.239\/es\/valves_page\/\"><img decoding=\"async\" loading=\"lazy\" class=\"alignnone\" src=\"\/wp-content\/uploads\/2019\/01\/PMV2001_revised_233x175.jpg\" alt=\"PMV 2001 Passy Muir Speaking Valve\" width=\"233\" height=\"175\" \/><\/a><\/div>\n<div class=\"l2-card-desc translation-block\">Inventada por un paciente, la V\u00e1lvula de Habla y de Degluci\u00f3n para Traqueostom\u00eda y Ventilador <span class=\"pm_ws\">Passy Muir<\/span><sup>\u00ae<\/sup> es un dispositivo m\u00e9dico simple que cambia la vida.<\/div>\n<\/div>\n<div class=\"col-lg-4 col-sm-4 col-xs-12 card-holder2\">\n<div class=\"l2-card-head-short\">\n<div class=\"card_header\">\n<h3>Educaci\u00f3n<\/h3>\n<\/div>\n<\/div>\n<div class=\"l2-card-img\"><a href=\"http:\/\/142.11.238.239\/es\/education\/\"><img decoding=\"async\" loading=\"lazy\" class=\"alignnone\" src=\"\/wp-content\/uploads\/2018\/01\/Webinars_IconNEW.png\" alt=\"ceu education\" width=\"175\" height=\"175\" \/><\/a><\/div>\n<div class=\"l2-card-desc translation-block\">Educaci\u00f3n continua proporcionada por <span class=\"pm_ws\">Passy Muir<\/span> a\ntrav\u00e9s de webinars y capacitaci\u00f3n grabados en vivo.<\/div>\n<\/div>\n<div class=\"col-lg-4 col-sm-4 col-xs-12 card-holder2\">\n<div class=\"l2-card-head-short\">\n<div class=\"card_header\">\n<h3>Seminarios<\/h3>\n<\/div>\n<\/div>\n<div class=\"l2-card-img\"><a href=\"http:\/\/142.11.238.239\/es\/2023-workshops-seminars\/\"><img decoding=\"async\" loading=\"lazy\" class=\"alignnone\" src=\"\/wp-content\/uploads\/2019\/10\/Seminars_banner.jpg\" alt=\"ceu events seminars\" width=\"175\" height=\"175\" \/><\/a><a href=\"http:\/\/142.11.238.239\/es\/remote-live-inservices\/\"><img decoding=\"async\" loading=\"lazy\" class=\"alignnone\" src=\"\/wp-content\/uploads\/2020\/03\/RLI_text.png\" alt=\"ceu real live inservice\" width=\"175\" height=\"175\" style=\"margin-top: 10px; display:none;\"\/><\/a><\/div>\n<div class=\"l2-card-desc\" style=\"padding-left: 15px;\">This course is designed for healthcare professionals who work with patients with tracheostomy.<\/div>\n<\/div>\n<\/div>\n<p><!--End first row--><\/p>\n<div class=\"row\">\n<div class=\"col-lg-4 col-sm-4 col-xs-12 card-holder2\">\n<div class=\"l2-card-head-short\">\n<div class=\"card_header\">\n<h3>Eventos en vivo<\/h3>\n<\/div>\n<\/div>\n<div class=\"l2-card-img\"><a href=\"http:\/\/142.11.238.239\/es\/remote-live-inservices\/\"><img decoding=\"async\" loading=\"lazy\" class=\"alignnone\" src=\"\/wp-content\/uploads\/2020\/03\/RLI_text.png\" alt=\"ceu events remote live inservices\" width=\"175\" height=\"175\" \/><\/a><a href=\"http:\/\/142.11.238.239\/es\/remote-live-inservices\/\"><img decoding=\"async\" loading=\"lazy\" class=\"alignnone\" src=\"\/wp-content\/uploads\/2020\/03\/RLI_text.png\" alt=\"ceu real live inservice\" width=\"175\" height=\"175\" style=\"margin-top: 10px; display:none;\"\/><\/a>\n<\/div>\n<div class=\"l2-card-desc translation-block\" style=\"padding-left: 15px;\">Eventos y seminarios de CEU en vivo proporcionados por el personal cl\u00ednico de <span class=\"pm_ws\">Passy Muir<\/span> y oradores invitados.<\/div>\n<\/div>\n<div class=\"col-lg-4 col-sm-4 col-xs-12 card-holder2\">\n<div class=\"l2-card-head-short\">\n<div class=\"card_header\">\n<h3>Our Podcast<\/h3>\n<\/div>\n<\/div>\n<div class=\"l2-card-img\"><a href=\"http:\/\/142.11.238.239\/es\/podcast\/\"><img decoding=\"async\" class=\"alignnone\" src=\"\/wp-content\/uploads\/2022\/01\/podcast-icon_small.jpg\" alt=\"anatomical models\"  \/><\/a><\/div>\n<div class=\"l2-card-desc\">Join speech-language pathologist, Dr. Kristin King, as she interviews healthcare professionals who work with this medically complex patient population.<\/div>\n<\/div>\n<div class=\"col-lg-4 col-sm-4 col-xs-12 card-holder2\">\n<div class=\"l2-card-head-short\">\n<div class=\"card_header\">\n<h3>Conozca a la familia<\/h3>\n<\/div>\n<\/div>\n<div class=\"l2-card-img\"><a href=\"http:\/\/142.11.238.239\/es\/products_edu\/\"><img decoding=\"async\" loading=\"lazy\" alt=\"Passy Muir Educational Models\" class=\"alignnone\" src=\"\/wp-content\/uploads\/2019\/01\/toms3_262x175.jpg\" width=\"262\" height=\"175\" \/><\/a><\/div>\n<div class=\"l2-card-desc\">Nuestra familia de modelos anat\u00f3micos se utiliza en todo\nel mundo para proporcionar educaci\u00f3n sobre v\u00e1lvulas de\nhabla y traqueostom\u00eda a pacientes y m\u00e9dicos.<\/div>\n<\/div>\n<\/div>\n<p><!--End 2nd row--><\/p>\n<p><!--\n\n\n<div class=\"l2-card-img\">\n<a href=\"\/aspire-pm-seminar\/\"><img decoding=\"async\" loading=\"lazy\" class=\"alignnone\" src=\"\/wp-content\/uploads\/2019\/10\/Seminars_banner.jpg\" alt=\"ceu events seminars\" width=\"175\" height=\"175\" \/><\/a><a href=\"\/remote-live-inservices\/\"><img decoding=\"async\" loading=\"lazy\" class=\"alignnone\" src=\"\/wp-content\/uploads\/2020\/03\/RLI_text.png\" alt=\"ceu real live inservice\" width=\"175\" height=\"175\" style=\"margin-top: 10px; display:none;\"\/><\/a>\n<\/div>\n\n\n--><\/p>\n<h1 class=\" translation-block\">\u00bfQu\u00e9 es la V\u00e1lvula de Habla <span class=\"pm_ws\">Passy Muir<\/span>?<\/h1>\n<p class=\" translation-block\">Inventado por un paciente llamado <a href=\"\/es\/david-muirs-story\" target=\"_self\">David Muir<\/a>, la V\u00e1lvula\nde Habla y de Degluci\u00f3n para Traqueostom\u00eda y Ventilador\n<span class=\"pm_ws\">Passy Muir<\/span><sup>\u00ae<\/sup> es un dispositivo m\u00e9dico simple que cambia\nla vida y es usado por pacientes con traqueostom\u00eda y\nventiladores. Cuando se coloca en el centro del tubo de\ntraqueostom\u00eda o directo con el circuito del ventilador, la\nV\u00e1lvula <span class=\"pm_ws\">Passy Muir<\/span><sup>\u00ae<\/sup> redirige el flujo de aire a trav\u00e9s de\nlas cuerdas vocales, la boca y la nariz, lo que permite el\nhabla y mejora la comunicaci\u00f3n. A\u00f1os de investigaci\u00f3n\nbasada en la evidencia han demostrado que la V\u00e1lvula\n<span class=\"pm_ws\">Passy Muir<\/span><sup>\u00ae<\/sup> ofrece a los pacientes numerosos beneficios\ncl\u00ednicos m\u00e1s all\u00e1 de la comunicaci\u00f3n, que incluyen:<\/p>\n<div class=\"row\">\n<div class=\"col-md-3 col-sm-6\">\n<ul>\n<li>Producci\u00f3n de voz \/ habla<\/li>\n<li>Mejora la degluci\u00f3n<\/li>\n<li>Manejo de secreciones<\/li>\n<li>Oxigenaci\u00f3n<\/li>\n<li>Restaura la presi\u00f3n positiva de las v\u00edas respiratorias.<\/li>\n<li>Uso e Intercambiabilidad Directa del Ventilador<\/li>\n<\/ul>\n<\/div>\n<div class=\"col-md-3 col-sm-6 second_bullets\">\n<ul>\n<li>Desconexi\u00f3n del ventilador<\/li>\n<li>Decanulaci\u00f3n<\/li>\n<li>Olfacci\u00f3n<\/li>\n<li>Control de infecciones<\/li>\n<li>Desarrollo pedi\u00e1trico del habla \/ lenguaje<\/li>\n<li>Calidad de Vida<\/li>\n<\/ul>\n<\/div>\n<div class=\"col-md-3 col-sm-6 homepage-image\">\n<p><img decoding=\"async\" class=\"alignnone\" src=\"\/wp-content\/uploads\/2019\/01\/Passy-Muir-Speaking-Valve_250x205.jpg\" alt=\"speaking valve\" \/><\/p>\n<\/div>\n<div class=\"col-md-3 col-sm-6 homepage-image\">\n<figure><a href=\"http:\/\/142.11.238.239\/es\/david-muirs-story\/\"><img decoding=\"async\" class=\"alignnone\" src=\"\/wp-content\/uploads\/2019\/01\/David_PMV2001.jpg\" alt=\"David Muir inventor of the Passy Muir speaking valve\"  \/><\/a><figcaption class=\"main-fig translation-block\">David A. Muir<br>Inventor de la V\u00e1lvula <span class=\"pm_ws\"><span class=\"pm_ws\">Passy Muir<\/span><\/span><sup>\u00ae<\/sup><\/figcaption><\/figure>\n<\/div>\n<\/div>\n<p class=\"centered_title benefits_pmv translation-block\">Beneficios de la V\u00e1lvula de Habla y de Degluci\u00f3n para\nTraqueostom\u00eda y Ventilador <span class=\"pm_ws\">Passy Muir<\/span><sup>\u00ae<\/sup><\/p>\n<div class=\"row\">\n<div class=\"col-sm-6 col-md-3\">\n<div style=\"max-width: 600px; margin-left: auto; margin-right: auto;\">\n<div class=\"youtube-player\" style=\"width: 100%; display: block; position: relative; cursor: pointer; max-height: 360px; height: 100%; overflow: hidden; padding-bottom: 56.25%; margin: 0 auto;\" data-id=\"IUvfAsBnn9g\" data-related=\"0\" data-control=\"1\" data-info=\"1\" data-fullscreen=\"1\">\n<p><img decoding=\"async\" alt=\"Normal Respiration and Swallow\" style=\"bottom: -100%; display: block; left: 0; margin: auto; max-width: 100%; width: 100%; height: auto; position: absolute; right: 0; top: -100%;\" src=\"\/wp-content\/uploads\/2019\/01\/normal.jpg\" \/><\/p>\n<div style=\"height: 72px; width: 72px; left: 50%; top: 50%; margin-left: -36px; margin-top: -36px; position: absolute; background: url('\/wp-content\/uploads\/2019\/01\/TxzC70f.png') no-repeat;\"><\/div>\n<\/div>\n<\/div>\n<p>&nbsp;<\/p>\n<\/div>\n<div class=\"col-sm-6 col-md-3\">\n<div style=\"max-width: 600px; margin-left: auto; margin-right: auto;\">\n<div class=\"youtube-player\" style=\"width: 100%; display: block; position: relative; cursor: pointer; max-height: 360px; height: 100%; overflow: hidden; padding-bottom: 56.25%; margin: 0 auto;\" data-id=\"nO0ujnF6EXQ\" data-related=\"0\" data-control=\"1\" data-info=\"1\" data-fullscreen=\"1\">\n<p><img decoding=\"async\" alt=\"Clinical Complications of Tracheostomy\" style=\"bottom: -100%; display: block; left: 0; margin: auto; max-width: 100%; width: 100%; height: auto; position: absolute; right: 0; top: -100%;\" src=\"\/wp-content\/uploads\/2019\/01\/complications.jpg\" \/><\/p>\n<div style=\"height: 72px; width: 72px; left: 50%; top: 50%; margin-left: -36px; margin-top: -36px; position: absolute; background: url('\/wp-content\/uploads\/2019\/01\/TxzC70f.png') no-repeat;\"><\/div>\n<\/div>\n<\/div>\n<p>&nbsp;<\/p>\n<\/div>\n<div class=\"col-sm-6 col-md-3\">\n<div style=\"max-width: 600px; margin-left: auto; margin-right: auto;\">\n<div class=\"youtube-player\" style=\"width: 100%; display: block; position: relative; cursor: pointer; max-height: 360px; height: 100%; overflow: hidden; padding-bottom: 56.25%; margin: 0 auto;\" data-id=\"VCC-tcLhuYU\" data-related=\"0\" data-control=\"1\" data-info=\"1\" data-fullscreen=\"1\">\n<p><img decoding=\"async\" alt=\"Passy Muir Valve Placement\" style=\"bottom: -100%; display: block; left: 0; margin: auto; max-width: 100%; width: 100%; height: auto; position: absolute; right: 0; top: -100%;\" src=\"\/wp-content\/uploads\/2019\/01\/placement.jpg\" \/><\/p>\n<div style=\"height: 72px; width: 72px; left: 50%; top: 50%; margin-left: -36px; margin-top: -36px; position: absolute; background: url('\/wp-content\/uploads\/2019\/01\/TxzC70f.png') no-repeat;\"><\/div>\n<\/div>\n<\/div>\n<p>&nbsp;<\/p>\n<\/div>\n<div class=\"col-sm-6 col-md-3\">\n<div style=\"max-width: 600px; margin-left: auto; margin-right: auto;\">\n<div class=\"youtube-player\" style=\"width: 100%; display: block; position: relative; cursor: pointer; max-height: 360px; height: 100%; overflow: hidden; padding-bottom: 56.25%; margin: 0 auto;\" data-id=\"MKjlhyQjcwg\" data-related=\"0\" data-control=\"1\" data-info=\"1\" data-fullscreen=\"1\">\n<p><img decoding=\"async\" alt=\"Clinical Benefits of the Passy Muir Valve\" style=\"bottom: -100%; display: block; left: 0; margin: auto; max-width: 100%; width: 100%; height: auto; position: absolute; right: 0; top: -100%;\" src=\"\/wp-content\/uploads\/2019\/01\/clinical_benefits.jpg\" \/><\/p>\n<div style=\"height: 72px; width: 72px; left: 50%; top: 50%; margin-left: -36px; margin-top: -36px; position: absolute; background: url('\/wp-content\/uploads\/2019\/01\/TxzC70f.png') no-repeat;\"><\/div>\n<\/div>\n<\/div>\n<p>&nbsp;<\/p>\n<\/div>\n<\/div>\n<div class=\"card_header\">\n<h2>\u00bfPor qu\u00e9 usar una v\u00e1lvula de habla?<\/h2>\n<\/div>\n<p>Cuando un profesional de la salud los eval\u00faa y coloca\nadecuadamente, las v\u00e1lvulas de habla permiten que los\npacientes de traqueostom\u00eda se comuniquen.<\/p>\n<p><img decoding=\"async\" class=\"alignnone\" style=\"width: 250px; height: 361x; float: right; padding: 15px;\" src=\"\/wp-content\/uploads\/2019\/01\/Sebastian_phone_220x220.jpg\" alt=\"passy muir speaking valve\"\/><\/p>\n<div class=\"card_header\">\n<h2 class=\" translation-block\">\u00bfPor qu\u00e9 elegir una V\u00e1lvula de Habla <span class=\"pm_ws\">Passy Muir<\/span>?<\/h2>\n<\/div>\n<p><span class=\"pm_ws\">Passy Muir<\/span> Tracheostomy &amp; Ventilator Swallowing and Speaking Valves (<span class=\"\">PMV<\/span><sup>\u00ae<\/sup>Muir ofrecen a los pacientes numerosos beneficios cl\u00ednicos. Adem\u00e1s de la producci\u00f3n de voz y habla, <span class=\"pmv_ws\"><span class=\"pm_ws\"><span class=\"pm_ws\">Passy Muir<\/span><\/span> Valves<\/span> improve swallow, secretion management, and the sense of smell and taste. The Valves may reduce aspiration and assist with infection control, ventilator weaning, and decannulation. Many PMV users have reported that use of the <span class=\"pmv_ws\"><span class=\"pm_ws\"><span class=\"pm_ws\">Passy Muir<\/span><\/span> Valve<\/span> ha tenido un impacto positivo significativo en su calidad de vida. <span class=\"pmv_ws\"><span class=\"pm_ws\"><span class=\"pm_ws\">Passy Muir<\/span><\/span> Valves<\/span> se pueden utilizar en pacientes pedi\u00e1tricos y adultos y se conectan f\u00e1cilmente a un conector de tubo de traqueotom\u00eda est\u00e1ndar. Todas <span class=\"pmv_ws\"><span class=\"pm_ws\"><span class=\"pm_ws\">Passy Muir<\/span><\/span> Valves<\/span> se fabrican con orgullo en los Estados Unidos.<\/p>","protected":false},"excerpt":{"rendered":"We at <span class=\"pm_ws\">Passy Muir<\/span> believe that communication is the essence of the human spirit; it is essential to individual rights and dignity. We are committed in our efforts to offer tracheostomized and ventilator-dependent patients a step towards independence and dignity through speech.","protected":false},"author":6,"featured_media":559,"parent":0,"menu_order":0,"comment_status":"closed","ping_status":"closed","template":"","meta":[],"yst_prominent_words":[1342,1340,72,74,1349,1187,71,198,1341,1339,1338,191,1352,202,923,154,149,138,143,141],"_links":{"self":[{"href":"http:\/\/142.11.238.239\/es\/wp-json\/wp\/v2\/pages\/1477"}],"collection":[{"href":"http:\/\/142.11.238.239\/es\/wp-json\/wp\/v2\/pages"}],"about":[{"href":"http:\/\/142.11.238.239\/es\/wp-json\/wp\/v2\/types\/page"}],"author":[{"embeddable":true,"href":"http:\/\/142.11.238.239\/es\/wp-json\/wp\/v2\/users\/6"}],"replies":[{"embeddable":true,"href":"http:\/\/142.11.238.239\/es\/wp-json\/wp\/v2\/comments?post=1477"}],"version-history":[{"count":94,"href":"http:\/\/142.11.238.239\/es\/wp-json\/wp\/v2\/pages\/1477\/revisions"}],"predecessor-version":[{"id":18910,"href":"http:\/\/142.11.238.239\/es\/wp-json\/wp\/v2\/pages\/1477\/revisions\/18910"}],"wp:featuredmedia":[{"embeddable":true,"href":"http:\/\/142.11.238.239\/es\/wp-json\/wp\/v2\/media\/559"}],"wp:attachment":[{"href":"http:\/\/142.11.238.239\/es\/wp-json\/wp\/v2\/media?parent=1477"}],"wp:term":[{"taxonomy":"yst_prominent_words","embeddable":true,"href":"http:\/\/142.11.238.239\/es\/wp-json\/wp\/v2\/yst_prominent_words?post=1477"}],"curies":[{"name":"wp","href":"https:\/\/api.w.org\/{rel}","templated":true}]}}