{"id":176,"date":"2016-07-29T17:21:27","date_gmt":"2016-07-29T17:21:27","guid":{"rendered":"http:\/\/localhost:8080\/mywordpress\/information-for-patients\/"},"modified":"2020-08-20T08:32:27","modified_gmt":"2020-08-20T15:32:27","slug":"patient","status":"publish","type":"page","link":"http:\/\/142.11.238.239\/es\/patient\/","title":{"rendered":"Pacientes"},"content":{"rendered":"<div class=\"banner_container\">\n<h1 class=\"banner_header\">Pacientes<\/h1>\n<div class=\"slideshowContainer\"><img decoding=\"async\" alt=\"passy muir branding bar\" class=\"gradient-top\" style=\"vertical-align: bottom;\" src=\"\/wp-content\/uploads\/2017\/07\/branding_bar_top_new.jpg\" \/><\/div>\n<\/div>\n<section id=\"block-block-86\" class=\"block block-block clearfix\">\u00a0<\/section>\n<p class=\"page_paragraph translation-block\">La V\u00e1lvula <span class=\"pm_ws\">Passy Muir<\/span><sup>\u00ae<\/sup> ha devuelto el don de la voz a\nmillones de pacientes y ha ayudado a pacientes de todas\nlas edades con traqueostom\u00eda y ventilaci\u00f3n mec\u00e1nica a\nmejorar su calidad de vida a trav\u00e9s de la mejora del\nhabla, la degluci\u00f3n y m\u00e1s. En <span class=\"pm_ws\">Passy Muir<\/span> estamos\ncomprometidos con proporcionar productos y soporte de\nla m\u00e1s alta calidad.<\/p>\n<div class=\"slideshowGradientbarContainer\"><img decoding=\"async\" alt=\"passy muir branding bar\" class=\"l2-card-img--imgbranding_bar gradient-bottom\" src=\"\/wp-content\/uploads\/2017\/07\/branding_bar_top_new.jpg\" \/><\/div>\n<p>&nbsp;<\/p>\n<section id=\"block-block-71\" class=\"block block-block clearfix\">\n<div class=\"small_spacer\"><\/div>\n<div class=\"row\">\n<div class=\"col-sm-2\"><\/div>\n<\/div>\n<div class=\"container\">\n<div class=\"col-lg-3 col-sm-6 col-xs-12 card-holder2\">\n<div class=\"l2-card-head-short\">\n<div class=\"card_header\">\n<h2>Historias de Pacientes<\/h2>\n<\/div>\n<\/div>\n<div class=\"l2-card-img\"><a href=\"http:\/\/142.11.238.239\/es\/patient_stories\/\"><img decoding=\"async\" alt=\"clinician placing the Passy Muir pmv 007 on patient\" class=\"\" src=\"\/wp-content\/uploads\/2019\/01\/Patient-Stories-WEBSITE_175x175.jpg\" \/><\/a><\/div>\n<div class=\"l2-card-desc\">Mire videos de pacientes usuarios de PMV que aprenden\na hablar y tragar adecuadamente.\nComparta su historia<\/div>\n<\/div>\n<div class=\"col-lg-3 col-sm-6 col-xs-12 card-holder2\">\n<div class=\"l2-card-head-short\">\n<div class=\"card_header\">\n<h2>Comparta su historia<\/h2>\n<\/div>\n<\/div>\n<div class=\"l2-card-img\"><a href=\"http:\/\/142.11.238.239\/es\/share-your-story\/\"><img decoding=\"async\" alt=\"patient using Passy Muir pmv 007\" class=\"alignnone\" src=\"\/wp-content\/uploads\/2019\/02\/Frank-Lomardo_2480.jpg\" \/><\/a><\/div>\n<div class=\"l2-card-desc\">\u00bfLa PMV ha cambiado la vida de usted o de su familiar\npara mejor? \u00a1Compara su historia!<\/div>\n<\/div>\n<div class=\"col-lg-3 col-sm-6 col-xs-12 card-holder2\">\n<div class=\"l2-card-head-short\">\n<div class=\"card_header\">\n<h2>Terapia<\/h2>\n<\/div>\n<\/div>\n<div class=\"l2-card-img\"><a href=\"http:\/\/142.11.238.239\/es\/therapy\/\"><img decoding=\"async\" alt=\"patient using passy muir valve with handbike\" class=\"\" src=\"\/wp-content\/uploads\/2019\/01\/therapy-WEBSITE_175x175.jpg\" \/><\/a><\/div>\n<div class=\"l2-card-desc translation-block\">La V\u00e1lvula <span class=\"pm_ws\">Passy Muir<\/span> juega un papel muy cr\u00edtico en la\nrehabilitaci\u00f3n de pacientes con traqueostom\u00eda.<\/div>\n<div class=\"l2-card-button\"><\/div>\n<\/div>\n<div class=\"col-lg-3 col-sm-6 col-xs-12 card-holder2\">\n<div class=\"l2-card-head-short\">\n<div class=\"card_header\">\n<h2>Los ni\u00f1os de toby<\/h2>\n<\/div>\n<\/div>\n<div class=\"l2-card-img\"><a href=\"http:\/\/142.11.238.239\/es\/tobykids\/\"><img decoding=\"async\" alt=\"child with passy muir valve and toby tracheasaurus\" class=\"\" src=\"\/wp-content\/uploads\/2019\/01\/toby-kids-WEBSITE_175x175.jpg\" \/><\/a><\/div>\n<div class=\"l2-card-desc\">Cuando te unas a nuestro programa Toby, recibir\u00e1s tu\npropio peluche de Toby.<\/div>\n<div class=\"l2-card-button\"><\/div>\n<\/div>\n<\/div>\n<\/section>\n<hr>\n<div class=\"card_header\">\n<h2>Aspectos destacados del paciente<\/h2>\n<\/div>\n<div class=\"row\">\n<div class=\"col-sm-6 col-md-3\">\n<div style=\"max-width: 600px; margin-left: auto; margin-right: auto;\">\n<div class=\"youtube-player\" style=\"width: 100%; display: block; position: relative; cursor: pointer; max-height: 360px; height: 100%; overflow: hidden; padding-bottom: 56.25%; margin: 0 auto;\" data-id=\"nrzU0IFdzvI\" data-related=\"0\" data-control=\"1\" data-info=\"1\" data-fullscreen=\"1\">\n<p><img decoding=\"async\" alt=\"Mabry, Passy Muir Valve user\" style=\"bottom: -100%; display: block; left: 0; margin: auto; max-width: 100%; width: 100%; height: auto; position: absolute; right: 0; top: -100%;\" src=\"\/wp-content\/uploads\/2019\/05\/mabry_icon.jpg\" \/><\/p>\n<div style=\"height: 72px; width: 72px; left: 50%; top: 50%; margin-left: -36px; margin-top: -36px; position: absolute; background: url('\/wp-content\/uploads\/2019\/01\/TxzC70f.png') no-repeat;\"><\/div>\n<\/div>\n<\/div>\n<p>&nbsp;<\/p>\n<\/div>\n<div class=\"col-sm-6 col-md-3\">\n<div style=\"max-width: 600px; margin-left: auto; margin-right: auto;\">\n<div class=\"youtube-player\" style=\"width: 100%; display: block; position: relative; cursor: pointer; max-height: 360px; height: 100%; overflow: hidden; padding-bottom: 56.25%; margin: 0 auto;\" data-id=\"8kDjKOhC2oM\" data-related=\"0\" data-control=\"1\" data-info=\"1\" data-fullscreen=\"1\">\n<p><img decoding=\"async\" alt=\"Luis, PMV2001 user\" style=\"bottom: -100%; display: block; left: 0; margin: auto; max-width: 100%; width: 100%; height: auto; position: absolute; right: 0; top: -100%;\" src=\"\/wp-content\/uploads\/2019\/05\/luis_icon.jpg\" \/><\/p>\n<div style=\"height: 72px; width: 72px; left: 50%; top: 50%; margin-left: -36px; margin-top: -36px; position: absolute; background: url('\/wp-content\/uploads\/2019\/01\/TxzC70f.png') no-repeat;\"><\/div>\n<\/div>\n<\/div>\n<p>&nbsp;<\/p>\n<\/div>\n<div class=\"col-sm-6 col-md-3\">\n<div style=\"max-width: 600px; margin-left: auto; margin-right: auto;\">\n<div class=\"youtube-player\" style=\"width: 100%; display: block; position: relative; cursor: pointer; max-height: 360px; height: 100%; overflow: hidden; padding-bottom: 56.25%; margin: 0 auto;\" data-id=\"ih596Bch1w8\" data-related=\"0\" data-control=\"1\" data-info=\"1\" data-fullscreen=\"1\">\n<p><img decoding=\"async\" alt=\"Ariel speaking with the PMV007\" style=\"bottom: -100%; display: block; left: 0; margin: auto; max-width: 100%; width: 100%; height: auto; position: absolute; right: 0; top: -100%;\" src=\"\/wp-content\/uploads\/2019\/05\/ariel_icon.jpg\" \/><\/p>\n<div style=\"height: 72px; width: 72px; left: 50%; top: 50%; margin-left: -36px; margin-top: -36px; position: absolute; background: url('\/wp-content\/uploads\/2019\/01\/TxzC70f.png') no-repeat;\"><\/div>\n<\/div>\n<\/div>\n<p>&nbsp;<\/p>\n<\/div>\n<div class=\"col-sm-6 col-md-3\">\n<div style=\"max-width: 600px; margin-left: auto; margin-right: auto;\">\n<div class=\"youtube-player\" style=\"width: 100%; display: block; position: relative; cursor: pointer; max-height: 360px; height: 100%; overflow: hidden; padding-bottom: 56.25%; margin: 0 auto;\" data-id=\"bYjLNYob6rs\" data-related=\"0\" data-control=\"1\" data-info=\"1\" data-fullscreen=\"1\">\n<p><img decoding=\"async\" alt=\"Erasmo using the Passy Muir Valve on the ventilator\" style=\"bottom: -100%; display: block; left: 0; margin: auto; max-width: 100%; width: 100%; height: auto; position: absolute; right: 0; top: -100%;\" src=\"\/wp-content\/uploads\/2019\/05\/erasmo-icon.jpg\" \/><\/p>\n<div style=\"height: 72px; width: 72px; left: 50%; top: 50%; margin-left: -36px; margin-top: -36px; position: absolute; background: url('\/wp-content\/uploads\/2019\/01\/TxzC70f.png') no-repeat;\"><\/div>\n<\/div>\n<\/div>\n<p>&nbsp;<\/p>\n<\/div>\n<\/div>","protected":false},"excerpt":{"rendered":"El <span class=\"pm_ws\"><span class=\"pm_ws\">Passy Muir<\/span><\/span><sup>\u00ae<\/sup> Valve has restored the gift of voice to millions of patients and has helped tracheostomized and ventilator-dependent patients of all ages improve their quality of life through improved speech, swallow, and more. At <span class=\"pm_ws\">Passy Muir<\/span>, we never lose sight of our commitment to providing the highest quality products and support.","protected":false},"author":6,"featured_media":10638,"parent":0,"menu_order":0,"comment_status":"closed","ping_status":"closed","template":"","meta":[],"yst_prominent_words":[504,87,86,72,385,209,51,470,2457,2456,2458,589,417,50,81],"_links":{"self":[{"href":"http:\/\/142.11.238.239\/es\/wp-json\/wp\/v2\/pages\/176"}],"collection":[{"href":"http:\/\/142.11.238.239\/es\/wp-json\/wp\/v2\/pages"}],"about":[{"href":"http:\/\/142.11.238.239\/es\/wp-json\/wp\/v2\/types\/page"}],"author":[{"embeddable":true,"href":"http:\/\/142.11.238.239\/es\/wp-json\/wp\/v2\/users\/6"}],"replies":[{"embeddable":true,"href":"http:\/\/142.11.238.239\/es\/wp-json\/wp\/v2\/comments?post=176"}],"version-history":[{"count":19,"href":"http:\/\/142.11.238.239\/es\/wp-json\/wp\/v2\/pages\/176\/revisions"}],"predecessor-version":[{"id":15164,"href":"http:\/\/142.11.238.239\/es\/wp-json\/wp\/v2\/pages\/176\/revisions\/15164"}],"wp:featuredmedia":[{"embeddable":true,"href":"http:\/\/142.11.238.239\/es\/wp-json\/wp\/v2\/media\/10638"}],"wp:attachment":[{"href":"http:\/\/142.11.238.239\/es\/wp-json\/wp\/v2\/media?parent=176"}],"wp:term":[{"taxonomy":"yst_prominent_words","embeddable":true,"href":"http:\/\/142.11.238.239\/es\/wp-json\/wp\/v2\/yst_prominent_words?post=176"}],"curies":[{"name":"wp","href":"https:\/\/api.w.org\/{rel}","templated":true}]}}