{"id":3993,"date":"2018-09-27T12:47:30","date_gmt":"2018-09-27T19:47:30","guid":{"rendered":"http:\/\/pmtest.passy-muir.com\/?page_id=3993"},"modified":"2023-06-02T09:43:13","modified_gmt":"2023-06-02T16:43:13","slug":"keys","status":"publish","type":"page","link":"http:\/\/142.11.238.239\/es\/keys\/","title":{"rendered":"Claves Del \u00c9xito"},"content":{"rendered":"<div class=\"l2-header-con no-banner\">\n<div class=\"l2-header-icon\"><img decoding=\"async\" class=\"\" alt=\"keys to success\" src=\"\/wp-content\/uploads\/2018\/09\/Keys_Success.png\"\/><\/div>\n<div class=\"l2-header-text\">Claves Del \u00c9xito<\/div>\n<\/div>\n\r\n<ul class=\"breadcrumb\">\r\n\t<li class=\"active\">Claves Del \u00c9xito<\/li>\r\n\t<li class=\"dropdown\">\r\n\t\t<a href=\"#\" class=\"dropdown-toggle\" data-toggle=\"dropdown\">See All Articles <b class=\"caret\"><\/b><\/a>\r\n\t\t<ul class=\"dropdown-menu\">\r\n\r\n\t\t\t<li class=\"\"><a href=\"http:\/\/142.11.238.239\/es\/cuff_aspiration\/\">Desinflado del manguito<\/a><\/li>\r\n\r\n\t\t\t<li class=\"\"><a href=\"http:\/\/142.11.238.239\/es\/secretions\/\">Manejo de la Secreciones<\/a><\/li>\r\n\r\n\t\t\t<li class=\"\"><a href=\"http:\/\/142.11.238.239\/es\/size\/\">Tama\u00f1o del tubo de traqueostom\u00eda<\/a><\/li>\r\n\r\n\t\t\t<li class=\"\"><a href=\"http:\/\/142.11.238.239\/es\/vent_weaning\/\">Ventilaci\u00f3n mec\u00e1nica<\/a><\/li>\r\n\r\n\t\t\t<li class=\"\"><a href=\"http:\/\/142.11.238.239\/es\/vent_adjust\/\">Alarmas de Ventilaci\u00f3n mec\u00e1nica<\/a><\/li>\r\n\r\n\t\t<\/ul>\r\n\t<\/li>\r\n<\/ul>\r\n\n<section class=\"page_prefix\">\n<p class=\" translation-block\">Se ha publicado una cantidad significativa de literatura\nque proporciona evidencia de que un enfoque de equipo\nmultidisciplinario es cr\u00edtico para la atenci\u00f3n de los\npacientes con traqueostom\u00eda. Los equipos de\ntraqueostom\u00eda son esenciales para un uso m\u00e1s temprano\ny m\u00e1s consistente de la V\u00e1lvula Passy Muir<sup>\u00ae<\/sup> como una\nintervenci\u00f3n cr\u00edtica para la comunicaci\u00f3n, la degluci\u00f3n, la\nrehabilitaci\u00f3n y la decanulaci\u00f3n, lo que se traduce en una\nreducci\u00f3n del tiempo total de la traqueostom\u00eda, la\nduraci\u00f3n de la estancia, los eventos adversos y el costo\nde la atenci\u00f3n.<\/p>\n<\/section>\n<section class=\"keys_section\">\n<section class=\"keys_section_heading\">\n        <img decoding=\"async\" alt=\"goal\" class=\"keys_icon\" src=\"\/wp-content\/uploads\/2018\/06\/Goal.svg\"><\/p>\n<h2 class=\"keys_title\">Objetivo<\/h2>\n<\/section>\n<div class=\"keys_description\">\n<p class=\"translation-block\">Desarrollar un programa en todas las instalaciones para todos los pacientes con traqueostom\u00eda y ventilaci\u00f3n mec\u00e1nica que se evaluar\u00e1n para candidatura a una V\u00e1lvula <span class=\"pmv_ws\"><span class=\"pm_ws\"><span class=\"pm_ws\">Passy Muir<\/span><\/span> Valve<\/span> dentro de las primeras 24 horas de hospitalizaci\u00f3n, y en momentos apropiados durante su estancia.<\/p>\n<\/p><\/div>\n<\/section>\n<section class=\"keys_section\">\n<section class=\"keys_section_heading\">\n        <img decoding=\"async\" alt=\"team\" class=\"keys_icon\" src=\"\/wp-content\/uploads\/2018\/06\/Team.svg\"><\/p>\n<h2 class=\"keys_title\">Formar un Equipo de Traqueostom\u00eda<\/h2>\n<\/section>\n<div class=\"keys_description\">\n<ul>\n<li><span>Identificar un campe\u00f3n que liderar\u00e1 el equipo. <\/span><\/li>\n<li><span>Involucrar a Personal Cl\u00ednico Clave, incluidos m\u00e9dicos,\npat\u00f3logos del habla y lenguaje, terapeutas respiratorios y\nenfermeras.<\/span><\/li>\n<li><span>Las disciplinas adicionales que deben considerarse son la\ndieta, la terapia f\u00edsica, la terapia ocupacional, la terapia\nrecreativa, la psicolog\u00eda, el administrador de casos, el\ntrabajador social, etc.<\/span><\/li>\n<li><span>Establecer roles y responsabilidades de equipo.<\/span><\/li>\n<li><span class=\"translation-block\">Complete <span class=\"pm_ws\">Passy Muir<\/span> online educational webinar, <a href=\"http:\/\/142.11.238.239\/es\/ceu\/\">click here<\/a>.<\/span><\/li>\n<\/ul><\/div>\n<\/section>\n<section class=\"keys_section\">\n<section class=\"keys_section_heading\">\n        <img decoding=\"async\" alt=\"education\" class=\"keys_icon\" src=\"\/wp-content\/uploads\/2018\/06\/Education_program_0.svg\"><\/p>\n<h2 class=\"keys_title\">Desarrollar un programa educativo<\/h2>\n<\/section>\n<div class=\"keys_description\">\n<ul>\n<li class=\" translation-block\">Seminarios Web Educativos de <span class=\"pm_ws\"><span class=\"pm_ws\">Passy Muir<\/span><\/span> Completos <a href=\"\/es\/ceu\" target=\"_self\">aqu\u00ed.<\/a><\/li>\n<li><span class=\"translation-block\">Revisar la investigaci\u00f3n basada en la evidencia para apoyar los beneficios de la V\u00e1lvula <span class=\"pm_ws\"><span class=\"pm_ws\">Passy Muir<\/span><\/span> y para abordar preguntas y problemas.<\/span><\/li>\n<li class=\" translation-block\">Contactar a un Especialista Cl\u00ednico de Passy Muir para\ndiscutir la programaci\u00f3n de una capacitaci\u00f3n in-situ para\nsus instalaciones.<\/li>\n<\/ul><\/div>\n<\/section>\n<section class=\"keys_section\">\n<section class=\"keys_section_heading\">\n        <img decoding=\"async\" alt=\"policies\" class=\"keys_icon\" src=\"\/wp-content\/uploads\/2018\/06\/Policies_Procedures.svg\"><\/p>\n<h2 class=\"keys_title\">Establecer pol\u00edticas y procedimientos.<\/h2>\n<\/section>\n<div class=\"keys_description\">\n<ul>\n<li><span class=\"translation-block\">Incorporar la V\u00e1lvula <span class=\"pm_ws\"><span class=\"pm_ws\">Passy Muir<\/span><\/span> en las pol\u00edticas y procedimientos de desconexi\u00f3n y decanulaci\u00f3n del ventilador.<\/span><\/li>\n<li><span>Se encuentran disponibles ejemplos de pol\u00edticas y\nprocedimientos, incluidos los de nuestros Centros de\nExcelencia.<\/span><\/li>\n<li><span>Implementar competencias para todo el personal cl\u00ednico.<\/span><\/li>\n<\/ul><\/div>\n<\/section>\n<section class=\"keys_section\">\n<section class=\"keys_section_heading\">\n        <img decoding=\"async\" alt=\"success\" class=\"keys_icon\" src=\"\/wp-content\/uploads\/2018\/06\/Success.svg\"><\/p>\n<h2 class=\"keys_title\">Asegurar su \u00e9xito<\/h2>\n<\/section>\n<div class=\"keys_description\">\n<p class=\"translation-block\"><span class=\"pm_ws\">Passy Muir<\/span> Clinical Specialists are available for virtual bedside consult during trial placements. To schedule, please call 800-634-5397.<\/p>\n<\/p><\/div>\n<\/section>\n<p><center><\/p>\n<h1><strong>Abordar estas barreras comunes<\/strong><\/h1>\n<p><\/center><\/p>\n<div class=\"container\">\n<div class=\"col-md-4 col-sm-6 col-xs-12 card-holder2\">\n<div class=\"l2-card-head-short\">Ideas err\u00f3neas del manguito<\/div>\n<div class=\"l2-card-img\"><a href=\"http:\/\/142.11.238.239\/es\/cuff_aspiration\/\"><img decoding=\"async\" alt=\"Cuff Misconceptions\" src=\"\/wp-content\/uploads\/2020\/08\/Aspiration_copyright1-s.jpg\" \/><\/a><\/div>\n<div class=\"l2-card-desc\">Los m\u00e9dicos a menudo tienen una idea err\u00f3nea de que el\nmanguito de traqueostom\u00eda impide la aspiraci\u00f3n.<\/div>\n<\/p><\/div>\n<div class=\"col-md-4 col-sm-6 col-xs-12 card-holder2\">\n<div class=\"l2-card-head-short\">Manejo de la Secreciones<\/div>\n<div class=\"l2-card-img\"><a href=\"http:\/\/142.11.238.239\/es\/secretions\/\"><img decoding=\"async\" class=\"\" alt=\"Secretion Management\" src=\"\/wp-content\/uploads\/2020\/08\/secretions-square-s.jpg\"><\/a><\/div>\n<div class=\"l2-card-desc\">Los m\u00e9dicos a veces asumen que la V\u00e1lvula no se puede\nusar porque el paciente tiene demasiadas secreciones.<\/div>\n<\/p><\/div>\n<div class=\"col-md-4 col-sm-6 col-xs-12 card-holder2\">\n<div class=\"l2-card-head-short\">Tama\u00f1o del tubo de traqueostom\u00eda<\/div>\n<div class=\"l2-card-img\"><a href=\"http:\/\/142.11.238.239\/es\/size\/\"><img decoding=\"async\" class=\"\" alt=\"Tracheostomy Tube Size\" src=\"\/wp-content\/uploads\/2020\/08\/TRACH-TUBES-SQUARE-s.jpg\" \/><\/a><\/div>\n<div class=\"l2-card-desc\">Muchos m\u00e9dicos no saben que los tubos de\ntraqueostom\u00eda m\u00e1s grandes pueden causar resistencia al\nflujo de aire.<\/div>\n<\/p><\/div>\n<div class=\"col-md-6 col-sm-6 col-xs-12 card-holder2\">\n<div class=\"l2-card-head-short\">Ventilaci\u00f3n mec\u00e1nica<\/div>\n<div class=\"l2-card-img\"><a href=\"http:\/\/142.11.238.239\/es\/vent_weaning\/\"><img decoding=\"async\" alt=\"Mechanical Ventilation\" class=\"\" src=\"\/wp-content\/uploads\/2020\/08\/Makeitha-Torres_0-Square-s.jpg\" \/><\/a><\/div>\n<div class=\"l2-card-desc\">Muchos m\u00e9dicos creen que es necesario esperar hasta\nque el paciente sea desconectado de la ventilaci\u00f3n\nmec\u00e1nica.<\/div>\n<\/p><\/div>\n<div class=\"col-md-6 col-md-offset-0 col-sm-offset-3 col-sm-6 col-xs-12 card-holder2\">\n<div class=\"l2-card-head-short\">Alarmas de Ventilaci\u00f3n mec\u00e1nica<\/div>\n<div class=\"l2-card-img\"><a href=\"http:\/\/142.11.238.239\/es\/vent_adjust\/\"><img decoding=\"async\" class=\"\" alt=\"Ventilator Alarms\" src=\"\/wp-content\/uploads\/2020\/08\/Ventilator-image_square-s.jpg\" \/><\/a><\/div>\n<div class=\"l2-card-desc\">Los m\u00e9dicos a menudo no est\u00e1n seguros de c\u00f3mo\nrealizar los ajustes adecuados del ventilador para el\ndesinflado del manguito.<\/div>\n<\/p><\/div>\n<\/div>","protected":false},"excerpt":{"rendered":"Keys to Success A significant amount of literature has been published providing evidence that a multidisciplinary team approach is critical to the care of patients with tracheostomy. Tracheostomy teams are essential to earlier and more consistent use of the <span class=\"pm_ws\"><span class=\"pm_ws\">Passy Muir<\/span><\/span><sup>\u00ae<\/sup> Valve as a critical intervention for communication, swallowing, rehabilitation, and decannulation, which results in [&hellip;]","protected":false},"author":7,"featured_media":1268,"parent":0,"menu_order":0,"comment_status":"closed","ping_status":"closed","template":"","meta":[],"yst_prominent_words":[1207,1211,1206,1202,1200,444,87,1210,1208,1205,65,1209,86,72,543,1204,1201,62,1203,50],"_links":{"self":[{"href":"http:\/\/142.11.238.239\/es\/wp-json\/wp\/v2\/pages\/3993"}],"collection":[{"href":"http:\/\/142.11.238.239\/es\/wp-json\/wp\/v2\/pages"}],"about":[{"href":"http:\/\/142.11.238.239\/es\/wp-json\/wp\/v2\/types\/page"}],"author":[{"embeddable":true,"href":"http:\/\/142.11.238.239\/es\/wp-json\/wp\/v2\/users\/7"}],"replies":[{"embeddable":true,"href":"http:\/\/142.11.238.239\/es\/wp-json\/wp\/v2\/comments?post=3993"}],"version-history":[{"count":19,"href":"http:\/\/142.11.238.239\/es\/wp-json\/wp\/v2\/pages\/3993\/revisions"}],"predecessor-version":[{"id":18817,"href":"http:\/\/142.11.238.239\/es\/wp-json\/wp\/v2\/pages\/3993\/revisions\/18817"}],"wp:featuredmedia":[{"embeddable":true,"href":"http:\/\/142.11.238.239\/es\/wp-json\/wp\/v2\/media\/1268"}],"wp:attachment":[{"href":"http:\/\/142.11.238.239\/es\/wp-json\/wp\/v2\/media?parent=3993"}],"wp:term":[{"taxonomy":"yst_prominent_words","embeddable":true,"href":"http:\/\/142.11.238.239\/es\/wp-json\/wp\/v2\/yst_prominent_words?post=3993"}],"curies":[{"name":"wp","href":"https:\/\/api.w.org\/{rel}","templated":true}]}}