{"id":561,"date":"2017-01-06T00:33:52","date_gmt":"2017-01-06T00:33:52","guid":{"rendered":"http:\/\/localhost:8080\/mywordpress\/the-pmv-2000-clear\/"},"modified":"2020-08-19T15:16:12","modified_gmt":"2020-08-19T22:16:12","slug":"pmv2000","status":"publish","type":"page","link":"http:\/\/142.11.238.239\/es\/pmv2000\/","title":{"rendered":"PMV\u00ae 2000 (clear) Tracheostomy Ventilator Speaking Valve"},"content":{"rendered":"<div class=\"l3-header-con no-banner\">\n<h1 class=\"l3-header-text\">PMV<sup>\u00ae<\/sup> 2000 (clear)<\/h1>\n<\/div>\n<div class=\"row\">\n<div class=\"col-sm-8\">\n<figure class=\"product_image\"><img decoding=\"async\" src=\"\/wp-content\/uploads\/2017\/05\/pmv2000.png\" alt=\"PMV 2000 (Clear Color)\" title=\"The PMV 2000 Tracheostomy &amp; Ventilator Swallowing and Speaking Valve (15mm I.D., 23mm O.D.)\" \/><\/figure>\n<div class=\"\">\n<p class=\" translation-block\">La PMV 2000 (15mm ID, 23mm OD) se conecta a un tubo\nde traqueostom\u00eda est\u00e1ndar de 15mm. Esta v\u00e1lvula de\nhabla y de degluci\u00f3n para traqueostom\u00eda y ventilador es\nliviana, de perfil bajo y fabricada con materiales\ntransparentes para que sea menos perceptible. Se puede\nsuministrar ox\u00edgeno suplementario de bajo flujo a trav\u00e9s\nde la v\u00e1lvula uniendo el Adaptador de oxigeno PMA<sup>\u00ae<\/sup>\n2000. La v\u00e1lvula de habla PMV 2000 se puede conectar a\nun ventilador con el PMV<sup>\u00ae<\/sup> AD22 u otros adaptadores de\nsilicona flexibles de 22mm. La PMV 2000 est\u00e1\nempaquetada con un Cinta de Sujeci\u00f3n Secure-It<sup>\u00ae<\/sup> que\nconecta la v\u00e1lvula a un lazo de traqueostom\u00eda para\nayudar a prevenir la p\u00e9rdida. Sin l\u00e1tex. Hecha en los\nEstados Unidos.<\/p>\n<p class=\" translation-block\">\u00bfNo est\u00e1 seguro\/a de cu\u00e1l V\u00e1lvula Passy Muir\u00ae pedir?\n<a href=\"\/choosingguide\" title=\"Go to our Choosing Guide\" target=\"_self\">Para ayudarle a determinar qu\u00e9 v\u00e1lvula se adapta a su\naplicaci\u00f3n, haga clic aqu\u00ed.<\/a><\/p>\n<\/p><\/div>\n<div><a title=\"C\u00f3mo ordenar\" href=\"http:\/\/142.11.238.239\/es\/order\/\"><span class=\"order-now-header\">C\u00d3MO ORDENAR<\/span><\/a><\/div>\n<\/p><\/div>\n<div class=\"col-sm-4\">\n<p>Beneficios de la v\u00e1lvula de habla PMV 2000:<\/p>\n<ul>\n<li>Restaura la comunicaci\u00f3n<\/li>\n<li>Mejora la degluci\u00f3n y puede reducir la aspiraci\u00f3n<\/li>\n<li>Restaura la presi\u00f3n natural positiva de la v\u00eda a\u00e9rea<\/li>\n<li>Facilita el manejo de las secreciones<\/li>\n<li>Puede mejorar la oxigenaci\u00f3n<\/li>\n<li>Acelera la desconexi\u00f3n del ventilador y la decanulaci\u00f3n<\/li>\n<li>Facilita el control de infecciones<\/li>\n<li>Mejora el olfato, el gusto y la sensaci\u00f3n<\/li>\n<\/ul><\/div>\n<\/div>","protected":false},"excerpt":{"rendered":"<span class=\"\">PMV<\/span><sup>\u00ae<\/sup> 2000 (clear) The PMV 2000 (15mm I.D., 23mm O.D.) attaches to a standard 15mm tracheostomy tube hub. This Tracheostomy &amp; Ventilator Swallowing and Speaking Valve is lightweight, low profile, and manufactured from clear materials to be less noticeable. Supplemental low-flow oxygen may be delivered through the Valve by attaching the PMA\u00ae 2000 Oxygen Adapter. [&hellip;]","protected":false},"author":6,"featured_media":91,"parent":0,"menu_order":0,"comment_status":"closed","ping_status":"closed","template":"","meta":[],"yst_prominent_words":[481,552,483,1673,1675,560,561,97,484,51,48,555,1672,1674,516,202,384,50,81,312],"_links":{"self":[{"href":"http:\/\/142.11.238.239\/es\/wp-json\/wp\/v2\/pages\/561"}],"collection":[{"href":"http:\/\/142.11.238.239\/es\/wp-json\/wp\/v2\/pages"}],"about":[{"href":"http:\/\/142.11.238.239\/es\/wp-json\/wp\/v2\/types\/page"}],"author":[{"embeddable":true,"href":"http:\/\/142.11.238.239\/es\/wp-json\/wp\/v2\/users\/6"}],"replies":[{"embeddable":true,"href":"http:\/\/142.11.238.239\/es\/wp-json\/wp\/v2\/comments?post=561"}],"version-history":[{"count":12,"href":"http:\/\/142.11.238.239\/es\/wp-json\/wp\/v2\/pages\/561\/revisions"}],"predecessor-version":[{"id":15153,"href":"http:\/\/142.11.238.239\/es\/wp-json\/wp\/v2\/pages\/561\/revisions\/15153"}],"wp:featuredmedia":[{"embeddable":true,"href":"http:\/\/142.11.238.239\/es\/wp-json\/wp\/v2\/media\/91"}],"wp:attachment":[{"href":"http:\/\/142.11.238.239\/es\/wp-json\/wp\/v2\/media?parent=561"}],"wp:term":[{"taxonomy":"yst_prominent_words","embeddable":true,"href":"http:\/\/142.11.238.239\/es\/wp-json\/wp\/v2\/yst_prominent_words?post=561"}],"curies":[{"name":"wp","href":"https:\/\/api.w.org\/{rel}","templated":true}]}}