{"id":562,"date":"2017-01-06T00:35:51","date_gmt":"2017-01-06T00:35:51","guid":{"rendered":"http:\/\/localhost:8080\/mywordpress\/the-pmv-007-aqua-color\/"},"modified":"2020-08-19T15:15:31","modified_gmt":"2020-08-19T22:15:31","slug":"pmv007","status":"publish","type":"page","link":"http:\/\/142.11.238.239\/es\/pmv007\/","title":{"rendered":"PMV\u00ae 007 (Aqua Color\u2122) Speaking Valve"},"content":{"rendered":"<div class=\"l3-header-con no-banner\">\n<h1 class=\"l3-header-text\">PMV<sup>\u00ae<\/sup> 007 (Aqua Color\u2122)<\/h1>\n<\/div>\n<div class=\"row\">\n<div class=\"col-sm-8\">\n<figure class=\"product_image\"><img decoding=\"async\" src=\"\/wp-content\/uploads\/2016\/07\/pmv007.png\" alt=\"PMV 007 (Aqua Color)\" title=\"The PMV 007 Tracheostomy &amp; Ventilator Swallowing and Speaking Valve (15mm I.D., 22mm O.D.)\" \/><\/figure>\n<div class=\"\">\n<p class=\" translation-block\">La v\u00e1lvula de habla y de degluci\u00f3n para traqueostom\u00eda y\nventilador PMV 007 (15mm ID, 22mm OD) est\u00e1 dise\u00f1ada\npara insertarse en un tubo est\u00e1ndar desechable en un\ncircuito de ventilaci\u00f3n mec\u00e1nica. La PMV 007 se puede\nconectar a un tubo de traqueostom\u00eda est\u00e1ndar de 15mm o\nse puede conectar a un sistema de succi\u00f3n directa\nmediante el uso de un PMV<sup>\u00ae<\/sup> AD1522 u otro adaptador\nreductor de 15mm x 22mm. La v\u00e1lvula de habla PMV 007\nes de color aguamarina y puede usarse con o sin el\nventilador. No es compatible con Cintas de Sujeci\u00f3n\nSecure-It<sup>\u00ae<\/sup> o Adaptador de oxigeno PMA<sup>\u00ae<\/sup> 2000. Sin l\u00e1tex.\nHecha en los Estados Unidos.<\/p>\n<p class=\" translation-block\">\u00bfNo est\u00e1 seguro\/a de cu\u00e1l V\u00e1lvula Passy Muir\u00ae pedir?\n<a href=\"\/choosingguide\" title=\"Go to our Choosing Guide\" target=\"_self\">Para ayudarle a determinar qu\u00e9 v\u00e1lvula se adapta a su\naplicaci\u00f3n, haga clic aqu\u00ed.<\/a><\/p>\n<\/p><\/div>\n<div><a title=\"C\u00f3mo ordenar\" href=\"http:\/\/142.11.238.239\/es\/order\/\"><span class=\"order-now-header\">C\u00d3MO ORDENAR<\/span><\/a><\/div>\n<\/p><\/div>\n<div class=\"col-sm-4\">\n<p>Beneficios de la v\u00e1lvula de habla PMV 007:<\/p>\n<ul>\n<li>Restaura la comunicaci\u00f3n<\/li>\n<li>Mejora la degluci\u00f3n y puede reducir la aspiraci\u00f3n<\/li>\n<li>Restaura la presi\u00f3n natural positiva de la v\u00eda a\u00e9rea<\/li>\n<li>Facilita el manejo de las secreciones<\/li>\n<li>Puede mejorar la oxigenaci\u00f3n<\/li>\n<li>Acelera la desconexi\u00f3n del ventilador y la decanulaci\u00f3n<\/li>\n<li>Facilita el control de infecciones<\/li>\n<li>Mejora el olfato, el gusto y la sensaci\u00f3n<\/li>\n<\/ul><\/div>\n<\/div>","protected":false},"excerpt":{"rendered":"<span class=\"\">PMV<\/span><sup>\u00ae<\/sup> 007 (Aqua Color\u2122) The PMV 007 Tracheostomy &amp; Ventilator Swallowing and Speaking Valve (15mm I.D., 22mm O.D.) is designed to be inserted into standard disposable tubing in a ventilator circuit. The PMV 007 may be attached to a standard 15mm tracheostomy tube hub or connected to an in-line suction system through the use of [&hellip;]","protected":false},"author":6,"featured_media":89,"parent":0,"menu_order":0,"comment_status":"closed","ping_status":"closed","template":"","meta":[],"yst_prominent_words":[551,1671,1670,552,554,486,553,97,51,48,550,1669,1668,516,202,556,384,50,81,312],"_links":{"self":[{"href":"http:\/\/142.11.238.239\/es\/wp-json\/wp\/v2\/pages\/562"}],"collection":[{"href":"http:\/\/142.11.238.239\/es\/wp-json\/wp\/v2\/pages"}],"about":[{"href":"http:\/\/142.11.238.239\/es\/wp-json\/wp\/v2\/types\/page"}],"author":[{"embeddable":true,"href":"http:\/\/142.11.238.239\/es\/wp-json\/wp\/v2\/users\/6"}],"replies":[{"embeddable":true,"href":"http:\/\/142.11.238.239\/es\/wp-json\/wp\/v2\/comments?post=562"}],"version-history":[{"count":10,"href":"http:\/\/142.11.238.239\/es\/wp-json\/wp\/v2\/pages\/562\/revisions"}],"predecessor-version":[{"id":15151,"href":"http:\/\/142.11.238.239\/es\/wp-json\/wp\/v2\/pages\/562\/revisions\/15151"}],"wp:featuredmedia":[{"embeddable":true,"href":"http:\/\/142.11.238.239\/es\/wp-json\/wp\/v2\/media\/89"}],"wp:attachment":[{"href":"http:\/\/142.11.238.239\/es\/wp-json\/wp\/v2\/media?parent=562"}],"wp:term":[{"taxonomy":"yst_prominent_words","embeddable":true,"href":"http:\/\/142.11.238.239\/es\/wp-json\/wp\/v2\/yst_prominent_words?post=562"}],"curies":[{"name":"wp","href":"https:\/\/api.w.org\/{rel}","templated":true}]}}