{"id":564,"date":"2017-01-06T00:56:46","date_gmt":"2017-01-06T00:56:46","guid":{"rendered":"http:\/\/localhost:8080\/mywordpress\/pmv-005-white\/"},"modified":"2020-08-19T15:17:00","modified_gmt":"2020-08-19T22:17:00","slug":"pmv005","status":"publish","type":"page","link":"http:\/\/142.11.238.239\/es\/pmv005\/","title":{"rendered":"PMV\u00ae 005 (white) Tracheostomy Ventilator Speaking Valve"},"content":{"rendered":"<div class=\"l3-header-con no-banner\">\n<h1 class=\"l3-header-text\">PMV<sup>\u00ae<\/sup> 005 (white)<\/h1>\n<\/div>\n<div class=\"row\">\n<div class=\"col-sm-8\">\n<figure class=\"product_image\"><img decoding=\"async\" class=\"\" src=\"\/wp-content\/uploads\/2017\/01\/pmv005.png\" alt=\"PMV 005 (White Color)\"  title=\"The PMV 005 Tracheostomy &amp; Ventilator Swallowing and Speaking Valve (15mm I.D., 23mm O.D.) is the original Passy Muir Valve.\" \/><\/figure>\n<div class=\"\">\n<p class=\" translation-block\">La V\u00e1lvula de Habla y de Degluci\u00f3n para Traquetom\u00eda y\nVentilador PMV 005 (15mm ID, 23mm OD) es la V\u00e1lvula\n<span class=\"pm_ws\">Passy Muir<\/span> original. La PMV 005 se puede conectar a un\ntubo de traqueostom\u00eda est\u00e1ndar de 15mm o se puede\nconectar a un ventilador mediante el uso de un PMV<sup>\u00ae<\/sup>\nAD22 u otros adaptadores de silicona flexibles de 22mm.\nNo es compatible con Cintas de Sujeci\u00f3n Secure-It<sup>\u00ae<\/sup> o\nAdaptador de Ox\u00edgeno PMA<sup>\u00ae<\/sup> 2000. Sin l\u00e1tex. Hecha en\nlos Estados Unidos.<\/p>\n<p class=\" translation-block\">\u00bfNo est\u00e1 seguro\/a de cu\u00e1l V\u00e1lvula Passy Muir\u00ae pedir?\n<a href=\"\/choosingguide\" title=\"Go to our Choosing Guide\" target=\"_self\">Para ayudarle a determinar qu\u00e9 v\u00e1lvula se adapta a su\naplicaci\u00f3n, haga clic aqu\u00ed.<\/a><\/p>\n<\/p><\/div>\n<div><a title=\"C\u00f3mo ordenar\" href=\"http:\/\/142.11.238.239\/es\/order\/\"><span class=\"order-now-header\">C\u00d3MO ORDENAR<\/span><\/a><\/div>\n<\/p><\/div>\n<div class=\"col-sm-4\">\n<p>Beneficios de la V\u00e1lvula de Habla PMV 005:<\/p>\n<ul>\n<li>Restaura la comunicaci\u00f3n<\/li>\n<li>Mejora la degluci\u00f3n y puede reducir la aspiraci\u00f3n<\/li>\n<li>Restaura la presi\u00f3n natural positiva de la v\u00eda a\u00e9rea<\/li>\n<li>Facilita el manejo de las secreciones<\/li>\n<li>Puede mejorar la oxigenaci\u00f3n<\/li>\n<li>Acelera la desconexi\u00f3n del ventilador y la decanulaci\u00f3n<\/li>\n<li>Facilita el control de infecciones<\/li>\n<li>Mejora el olfato, el gusto y la sensaci\u00f3n<\/li>\n<\/ul><\/div>\n<\/div>","protected":false},"excerpt":{"rendered":"<span class=\"\">PMV<\/span><sup>\u00ae<\/sup> 005 (white) The PMV 005 Tracheostomy &amp; Ventilator Swallowing and Speaking Valve (15mm I.D., 23mm O.D.) is the original <span class=\"pmv_ws\"><span class=\"pm_ws\"><span class=\"pm_ws\">Passy Muir<\/span><\/span> Valve<\/span>. The PMV 005 may be attached to a standard 15mm tracheostomy tube hub or connected to a ventilator through the use of a <span class=\"\">PMV<\/span><sup>\u00ae<\/sup> AD22 or other 22mm flexible silicone adapters. Not [&hellip;]","protected":false},"author":6,"featured_media":563,"parent":0,"menu_order":0,"comment_status":"closed","ping_status":"closed","template":"","meta":[],"yst_prominent_words":[1199,552,559,558,87,97,86,72,51,48,1198,557,516,202,384,50,81,312],"_links":{"self":[{"href":"http:\/\/142.11.238.239\/es\/wp-json\/wp\/v2\/pages\/564"}],"collection":[{"href":"http:\/\/142.11.238.239\/es\/wp-json\/wp\/v2\/pages"}],"about":[{"href":"http:\/\/142.11.238.239\/es\/wp-json\/wp\/v2\/types\/page"}],"author":[{"embeddable":true,"href":"http:\/\/142.11.238.239\/es\/wp-json\/wp\/v2\/users\/6"}],"replies":[{"embeddable":true,"href":"http:\/\/142.11.238.239\/es\/wp-json\/wp\/v2\/comments?post=564"}],"version-history":[{"count":11,"href":"http:\/\/142.11.238.239\/es\/wp-json\/wp\/v2\/pages\/564\/revisions"}],"predecessor-version":[{"id":15154,"href":"http:\/\/142.11.238.239\/es\/wp-json\/wp\/v2\/pages\/564\/revisions\/15154"}],"wp:featuredmedia":[{"embeddable":true,"href":"http:\/\/142.11.238.239\/es\/wp-json\/wp\/v2\/media\/563"}],"wp:attachment":[{"href":"http:\/\/142.11.238.239\/es\/wp-json\/wp\/v2\/media?parent=564"}],"wp:term":[{"taxonomy":"yst_prominent_words","embeddable":true,"href":"http:\/\/142.11.238.239\/es\/wp-json\/wp\/v2\/yst_prominent_words?post=564"}],"curies":[{"name":"wp","href":"https:\/\/api.w.org\/{rel}","templated":true}]}}