{"id":565,"date":"2017-01-06T00:58:04","date_gmt":"2017-01-06T00:58:04","guid":{"rendered":"http:\/\/localhost:8080\/mywordpress\/pmv-2020-clear\/"},"modified":"2020-08-19T15:18:12","modified_gmt":"2020-08-19T22:18:12","slug":"pmv2020","status":"publish","type":"page","link":"http:\/\/142.11.238.239\/es\/pmv2020\/","title":{"rendered":"PMV\u00ae 2020 (clear) Tracheostomy Ventilator Speaking Valve"},"content":{"rendered":"<div class=\"l3-header-con no-banner\">\n<h1 class=\"l3-header-text\">PMV<sup>\u00ae<\/sup> 2020 (clear)<\/h1>\n<\/div>\n<div class=\"row\">\n<div class=\"col-sm-8\">\n<figure class=\"product_image\"><img decoding=\"async\" class=\"\" src=\"\/wp-content\/uploads\/2017\/05\/pmv2020_1.png\" alt=\"PMV 2020 (Clear Color)\" title=\"The PMV 2020 Tracheostomy &amp; Ventilator Swallowing and Speaking Valve (15mm I.D., 23mm O.D.)\" \/><\/figure>\n<div class=\"\">\n<p class=\" translation-block\">La V\u00e1lvula de Habla y de Degluci\u00f3n para Traqueostom\u00eda\ny Ventilador PMV 2020 (15mm ID, 23mm OD) est\u00e1\ndise\u00f1ada para acoplarse a un tubo de traqueostom\u00eda\nJackson mejorado (tama\u00f1os equivalentes a 4 o 6)\nmediante el uso de un Adaptador PMA\u00ae 2020-S. La PMV\n2020 est\u00e1 empaquetada con un Adaptador PMA\u00ae 2020-S\ny una Cinta de Sujeci\u00f3n Secure-It\u00ae que conecta la v\u00e1lvula\na un lazo de traqueostom\u00eda para ayudar a prevenir\np\u00e9rdidas. La v\u00e1lvula de habla PMV 2020 no se puede\nusar directamente con un ventilador mec\u00e1nico. Sin l\u00e1tex.\nHecha en los Estados Unidos.<\/p>\n<p class=\" translation-block\">\u00bfNo est\u00e1 seguro\/a de cu\u00e1l V\u00e1lvula Passy Muir\u00ae pedir?\n<a href=\"\/choosingguide\" title=\"Go to our Choosing Guide\" target=\"_self\">Para ayudarle a determinar qu\u00e9 v\u00e1lvula se adapta a su\naplicaci\u00f3n, haga clic aqu\u00ed.<\/a><\/p>\n<\/p><\/div>\n<div><a title=\"C\u00f3mo ordenar\" href=\"http:\/\/142.11.238.239\/es\/order\/\"><span class=\"order-now-header\">C\u00d3MO ORDENAR<\/span><\/a><\/div>\n<\/p><\/div>\n<div class=\"col-sm-4\">\n<p>Beneficios de la V\u00e1lvula de Habla PMV 2020:<\/p>\n<ul>\n<li>Restaura la comunicaci\u00f3n<\/li>\n<li>Mejora la degluci\u00f3n y puede reducir la aspiraci\u00f3n<\/li>\n<li>Restaura la presi\u00f3n natural positiva de la v\u00eda a\u00e9rea<\/li>\n<li>Facilita el manejo de las secreciones<\/li>\n<li>Puede mejorar la oxigenaci\u00f3n<\/li>\n<li>Acelera la desconexi\u00f3n del ventilador y la decanulaci\u00f3n<\/li>\n<li>Facilita el control de infecciones<\/li>\n<li>Mejora el olfato, el gusto y la sensaci\u00f3n<\/li>\n<\/ul><\/div>\n<\/div>","protected":false},"excerpt":{"rendered":"<span class=\"\">PMV<\/span><sup>\u00ae<\/sup> 2020 (clear) The PMV 2020 Tracheostomy &amp; Ventilator Swallowing and Speaking Valve (15mm I.D., 23mm O.D.) is designed to attach to a metal Jackson Improved tracheostomy tube (Sizes 4, 5, and 6) through the use of a PMA\u00ae 2020-S Adapter. The PMV 2020 is packaged with one PMA\u00ae 2020-S Adapter and one Secure-It\u00ae that [&hellip;]","protected":false},"author":6,"featured_media":1408,"parent":0,"menu_order":0,"comment_status":"closed","ping_status":"closed","template":"","meta":[],"yst_prominent_words":[1356,1336,1222,1679,1678,1221,485,1337,1335,1334,51,1278,1677,1676,516,202,384,50,81,312],"_links":{"self":[{"href":"http:\/\/142.11.238.239\/es\/wp-json\/wp\/v2\/pages\/565"}],"collection":[{"href":"http:\/\/142.11.238.239\/es\/wp-json\/wp\/v2\/pages"}],"about":[{"href":"http:\/\/142.11.238.239\/es\/wp-json\/wp\/v2\/types\/page"}],"author":[{"embeddable":true,"href":"http:\/\/142.11.238.239\/es\/wp-json\/wp\/v2\/users\/6"}],"replies":[{"embeddable":true,"href":"http:\/\/142.11.238.239\/es\/wp-json\/wp\/v2\/comments?post=565"}],"version-history":[{"count":14,"href":"http:\/\/142.11.238.239\/es\/wp-json\/wp\/v2\/pages\/565\/revisions"}],"predecessor-version":[{"id":15155,"href":"http:\/\/142.11.238.239\/es\/wp-json\/wp\/v2\/pages\/565\/revisions\/15155"}],"wp:featuredmedia":[{"embeddable":true,"href":"http:\/\/142.11.238.239\/es\/wp-json\/wp\/v2\/media\/1408"}],"wp:attachment":[{"href":"http:\/\/142.11.238.239\/es\/wp-json\/wp\/v2\/media?parent=565"}],"wp:term":[{"taxonomy":"yst_prominent_words","embeddable":true,"href":"http:\/\/142.11.238.239\/es\/wp-json\/wp\/v2\/yst_prominent_words?post=565"}],"curies":[{"name":"wp","href":"https:\/\/api.w.org\/{rel}","templated":true}]}}