{"id":566,"date":"2017-01-06T00:59:37","date_gmt":"2017-01-06T00:59:37","guid":{"rendered":"http:\/\/localhost:8080\/mywordpress\/pma-2000-clear\/"},"modified":"2019-08-02T12:38:11","modified_gmt":"2019-08-02T19:38:11","slug":"pma2000","status":"publish","type":"page","link":"http:\/\/142.11.238.239\/es\/pma2000\/","title":{"rendered":"PMA\u00ae 2000 (clear) Oxygen Speaking Valve Adapter"},"content":{"rendered":"<div class=\"l3-header-con no-banner\">\n<h1 class=\"l3-header-text\">PMA<sup>\u00ae<\/sup> 2000 (clear)<\/h1>\n<\/div>\n<div class=\"row\">\n<div class=\"col-sm-8\">\n<figure class=\"product_image\"><img decoding=\"async\" class=\"\" src=\"\/wp-content\/uploads\/2017\/05\/pma2000.png\" alt=\"PMA 2000 Oxygen Adapter\" title=\"The PMA 2000 Oxygen Adapter is a small, lightweight adapter designed to deliver low-flow oxygen\" \/><\/figure>\n<p class=\" translation-block\">El adaptador de ox\u00edgeno PMA 2000 es un adaptador\npeque\u00f1o y liviano dise\u00f1ado para suministrar ox\u00edgeno de\nbajo flujo (hasta 6L \/ min) a la cara frontal de la V\u00e1lvula\nPassy Muir. El adaptador de v\u00e1lvula de habla encaja\nf\u00e1cilmente en la PMV\u00ae 2000 y PMV\u00ae 2001, que\nproporciona un m\u00e9todo port\u00e1til y c\u00f3modo para suministrar\nox\u00edgeno de bajo flujo a pacientes con traqueostom\u00eda. Sin\nl\u00e1tex. Hecho en los Estados Unidos.<\/p>\n<p class=\" translation-block\">Para obtener m\u00e1s informaci\u00f3n sobre el uso de este\nadaptador de v\u00e1lvula de habla, consulte nuestra <a href=\"\/wp-content\/uploads\/2018\/11\/connectaccessguide-s.pdf\" target=\"_self\">Gu\u00eda de\naccesorios y conexiones.<\/a><\/p>\n<div><a title=\"C\u00f3mo ordenar\" href=\"http:\/\/142.11.238.239\/es\/order\/\"><span class=\"order-now-header\">C\u00d3MO ORDENAR<\/span><\/a><\/div>\n<\/p><\/div>\n<div class=\"row col-sm-4\">\n<style>.embed-container { position: relative; padding-bottom: 56.25%; height: 0; overflow: hidden; max-width: 100%; } .embed-container iframe, .embed-container object, .embed-container embed { position: absolute; top: 0; left: 0; width: 100%; height: 100%; }<\/style>\n<div class=\"embed-container\"><iframe src=\"https:\/\/www.youtube.com\/embed\/zg217x87ynY?rel=0\" frameborder=\"0\" allowfullscreen=\"allowfullscreen\"><\/iframe><\/div>\n<\/p><\/div>\n<\/div>","protected":false},"excerpt":{"rendered":"PMA\u00ae 2000 (clear) The PMA 2000 Oxygen Adapter is a small, lightweight adapter designed to deliver low-flow oxygen (up to 6L\/min) to the face of the <span class=\"pmv_ws\"><span class=\"pm_ws\"><span class=\"pm_ws\">Passy Muir<\/span><\/span> Valve<\/span>. The speaking valve adapter easily snaps onto the <span class=\"\">PMV<\/span><sup>\u00ae<\/sup> 2000 and <span class=\"\">PMV<\/span><sup>\u00ae<\/sup> 2001, providing a portable and comfortable method of delivering low-flow oxygen to patients with [&hellip;]","protected":false},"author":6,"featured_media":92,"parent":0,"menu_order":0,"comment_status":"closed","ping_status":"closed","template":"","meta":[],"yst_prominent_words":[481,483,486,487,482,484,485,51,48,516,202,81],"_links":{"self":[{"href":"http:\/\/142.11.238.239\/es\/wp-json\/wp\/v2\/pages\/566"}],"collection":[{"href":"http:\/\/142.11.238.239\/es\/wp-json\/wp\/v2\/pages"}],"about":[{"href":"http:\/\/142.11.238.239\/es\/wp-json\/wp\/v2\/types\/page"}],"author":[{"embeddable":true,"href":"http:\/\/142.11.238.239\/es\/wp-json\/wp\/v2\/users\/6"}],"replies":[{"embeddable":true,"href":"http:\/\/142.11.238.239\/es\/wp-json\/wp\/v2\/comments?post=566"}],"version-history":[{"count":15,"href":"http:\/\/142.11.238.239\/es\/wp-json\/wp\/v2\/pages\/566\/revisions"}],"predecessor-version":[{"id":13054,"href":"http:\/\/142.11.238.239\/es\/wp-json\/wp\/v2\/pages\/566\/revisions\/13054"}],"wp:featuredmedia":[{"embeddable":true,"href":"http:\/\/142.11.238.239\/es\/wp-json\/wp\/v2\/media\/92"}],"wp:attachment":[{"href":"http:\/\/142.11.238.239\/es\/wp-json\/wp\/v2\/media?parent=566"}],"wp:term":[{"taxonomy":"yst_prominent_words","embeddable":true,"href":"http:\/\/142.11.238.239\/es\/wp-json\/wp\/v2\/yst_prominent_words?post=566"}],"curies":[{"name":"wp","href":"https:\/\/api.w.org\/{rel}","templated":true}]}}