{"id":571,"date":"2017-01-06T01:03:46","date_gmt":"2017-01-06T01:03:46","guid":{"rendered":"http:\/\/localhost:8080\/mywordpress\/pmv-ad22-flexible-silicone-adapter\/"},"modified":"2019-08-02T13:02:50","modified_gmt":"2019-08-02T20:02:50","slug":"pmv-ad22","status":"publish","type":"page","link":"http:\/\/142.11.238.239\/es\/pmv-ad22\/","title":{"rendered":"PMV\u00ae AD22 Flexible Silicone Adapter"},"content":{"rendered":"<div class=\"l3-header-con no-banner\">\n<h1 class=\"l3-header-text\"><span class=\"\">PMV<\/span><sup>\u00ae<\/sup> AD22 Flexible Silicone Adapter<\/h1>\n<\/div>\n<div class=\"row\">\n<div class=\"col-sm-8\">\n<figure class=\"product_image\"><img decoding=\"async\" class=\"\" src=\"\/wp-content\/uploads\/2019\/01\/pm-22mm_adapter_222x168.png\" alt=\"PMV AD22 Flexible Silicone Adapter\" title=\"The PMV AD22 Flexible Silicone Adapter is designed for a variety of uses within a ventilator circuit.\" \/><\/figure>\n<p class=\" translation-block\">El adaptador flexible de silicona PMV AD22 de <span class=\"pm_ws\">Passy Muir<\/span> est\u00e1 dise\u00f1ado para una variedad de usos dentro de un circuito de ventilador. Codificados por colores para usarse con la PMV 2001 (Purple Color\u2122). Tambi\u00e9n se puede utilizar con la PMV 2000 y la PMV 005<sup>\u00ae<\/sup>. El adaptador proporciona una conexi\u00f3n segura entre una V\u00e1lvula <span class=\"pm_ws\">Passy Muir<\/span> y tubos de respiraci\u00f3n, sistemas de succi\u00f3n cerrados u otros adaptadores. Se estira para ajustarse a 22mm. Viene en un paquete resellable de 3 unidades. Sin l\u00e1tex. Hecho en los Estados Unidos.<\/p>\n<p class=\" translation-block\">Para obtener m\u00e1s informaci\u00f3n sobre el uso de este\nadaptador, consulte nuestra <a href=\"\/wp-content\/uploads\/2018\/11\/connectaccessguide-s.pdf\" target=\"_self\">Gu\u00eda de accesorios y\nconexiones.<\/a><\/p>\n<div><a title=\"C\u00f3mo ordenar\" href=\"http:\/\/142.11.238.239\/es\/order\/\"><span class=\"order-now-header\">C\u00d3MO ORDENAR<\/span><\/a><\/div>\n<\/p><\/div>\n<\/div>","protected":false},"excerpt":{"rendered":"<span class=\"\">PMV<\/span><sup>\u00ae<\/sup> AD22 Flexible Silicone Adapter The PMV AD22 Flexible Silicone Adapter is designed for a variety of uses within a ventilator circuit. Color-coded for use with the PMV 2001 (Purple Color\u2122). May also be used with the PMV 2000 and the PMV 005\u00ae. The adapter provides a secure connection between a <span class=\"pmv_ws\"><span class=\"pm_ws\"><span class=\"pm_ws\">Passy Muir<\/span><\/span> Valve<\/span> and [&hellip;]","protected":false},"author":6,"featured_media":570,"parent":0,"menu_order":0,"comment_status":"closed","ping_status":"closed","template":"","meta":[],"yst_prominent_words":[1369,1372,1370,363,486,1375,1373,1371,51,1376,1374,312],"_links":{"self":[{"href":"http:\/\/142.11.238.239\/es\/wp-json\/wp\/v2\/pages\/571"}],"collection":[{"href":"http:\/\/142.11.238.239\/es\/wp-json\/wp\/v2\/pages"}],"about":[{"href":"http:\/\/142.11.238.239\/es\/wp-json\/wp\/v2\/types\/page"}],"author":[{"embeddable":true,"href":"http:\/\/142.11.238.239\/es\/wp-json\/wp\/v2\/users\/6"}],"replies":[{"embeddable":true,"href":"http:\/\/142.11.238.239\/es\/wp-json\/wp\/v2\/comments?post=571"}],"version-history":[{"count":9,"href":"http:\/\/142.11.238.239\/es\/wp-json\/wp\/v2\/pages\/571\/revisions"}],"predecessor-version":[{"id":13064,"href":"http:\/\/142.11.238.239\/es\/wp-json\/wp\/v2\/pages\/571\/revisions\/13064"}],"wp:featuredmedia":[{"embeddable":true,"href":"http:\/\/142.11.238.239\/es\/wp-json\/wp\/v2\/media\/570"}],"wp:attachment":[{"href":"http:\/\/142.11.238.239\/es\/wp-json\/wp\/v2\/media?parent=571"}],"wp:term":[{"taxonomy":"yst_prominent_words","embeddable":true,"href":"http:\/\/142.11.238.239\/es\/wp-json\/wp\/v2\/yst_prominent_words?post=571"}],"curies":[{"name":"wp","href":"https:\/\/api.w.org\/{rel}","templated":true}]}}