{"id":601,"date":"2017-05-05T15:47:34","date_gmt":"2017-05-05T15:47:34","guid":{"rendered":"http:\/\/localhost:8080\/mywordpress\/education\/"},"modified":"2023-07-18T07:51:55","modified_gmt":"2023-07-18T14:51:55","slug":"education","status":"publish","type":"page","link":"http:\/\/142.11.238.239\/es\/education\/","title":{"rendered":"Educaci\u00f3n"},"content":{"rendered":"<div class=\"slideshowContainer\"><img decoding=\"async\" loading=\"lazy\" alt=\"passy muir branding bar\" style=\"vertical-align: bottom;\" src=\"\/wp-content\/uploads\/2017\/07\/branding_bar_top_new.jpg\" width=\"100%\" height=\"20px\" \/><\/div>\n<section id=\"block-block-92\" class=\"block block-block clearfix\"><\/section>\n<div class=\"l2-header-con banner\">\n<div class=\"l2-header-icon\"><img decoding=\"async\" src=\"\/wp-content\/uploads\/2019\/01\/Education_100x100.jpg\" alt=\"products\" \/><\/div>\n<div class=\"l2-header-text\">\n<h1 class=\"header_nobanner_nostyle\">Education &#038; CEU<spand style=\"text-transform: lowercase;\">s<\/span><\/h1>\n<\/div>\n<\/div>\n<div style=\"clear: both;\"><\/div>\n<div class=\"section_descl2\">\n<p class=\" translation-block\">Passy-Muir, Inc. est\u00e1 comprometido en mejorar la calidad\nde vida de los pacientes con traqueostom\u00edas y\ndependencia del ventilador mec\u00e1nico. Toda la educaci\u00f3n\nen l\u00ednea de <span class=\"pm_ws\">Passy Muir<\/span> es gratuita y se ofrece para\ncr\u00e9ditos de educaci\u00f3n continua.<\/p>\n<div class=\"row\">\n<h2 class=\"col-sm-12\">Servicios en vivo a trav\u00e9s del Internet<\/h2>\n<\/div>\n<div class=\"row\">\n<div class=\"col-sm-3\"><a href=\"http:\/\/142.11.238.239\/es\/remote-live-inservices\/\"><img decoding=\"async\" alt=\"Passy Muir Remote Live Inservices\" class=\"left_img\" src=\"\/wp-content\/uploads\/2020\/03\/RLI_alt.jpg\" \/><\/a><\/div>\n<div class=\"col-sm-9\">\n<p><span class=\"pm_ws\">Passy Muir<\/span> is offering free Remote Live In-Service Webinars in order to get our education out to those who need it quickly and conveniently. We are pleased to assist you with maintaining the requirements for your certifications and licensures through free continuing education. These free courses are being offered through a remote live in-service format, from which you get both the education and time to speak to a clinician with your questions. View the weekly meeting schedule on the <a href=\"http:\/\/142.11.238.239\/es\/remote-live-inservices\/\">Servicios en vivo a trav\u00e9s del Internet<\/a> , o cont\u00e1ctenos para programar una.<\/p>\n<div><a href=\"http:\/\/142.11.238.239\/es\/remote-live-inservices\/\"><br \/>\n<span class=\"order-now-header\">Aprende M\u00e1s \u2013 Servicios en vivo a trav\u00e9s de Zoom<\/span><br \/>\n<\/a><\/div>\n<\/div>\n<\/div>\n<hr \/>\n<div class=\"row\">\n<h2 class=\"col-sm-12 margin\">Seminarios En L\u00ednea de Autoaprendizaje Gratuitos<\/h2>\n<\/div>\n<div class=\"row\">\n<div class=\"col-sm-3\"><a href=\"http:\/\/142.11.238.239\/es\/ceu\/\"><img decoding=\"async\" alt=\"ceus from Passy Muir\" class=\"left_img\" src=\"\/wp-content\/uploads\/2019\/05\/CEUs-Keyboard.jpg\" \/><\/a><\/div>\n<div class=\"col-sm-9\">\n<p class=\" translation-block\">Passy-Muir\u00ae ofrece actualmente una amplia selecci\u00f3n de cursos de autoaprendizaje gratuitos basados en la web que cubren conceptos b\u00e1sicos y avanzados para la evaluaci\u00f3n y aplicaci\u00f3n de la v\u00e1lvula <span class=\"pm_ws\"><span class=\"pm_ws\">Passy Muir<\/span><\/span><sup>\u00ae<\/sup>. Estos cursos sirven como una excelente introducci\u00f3n y brindan un nivel b\u00e1sico de conocimiento y ser\u00e1n \u00fatiles para su equipo en caso de que aprovechen la educaci\u00f3n m\u00e1s avanzada proporcionada durante una visita in situ.<\/p>\n<div><a href=\"http:\/\/142.11.238.239\/es\/ceu\/\"><br \/>\n<span class=\"order-now-header\">Aprende M\u00e1s \u2013 Seminarios En L\u00ednea de Autoaprendizaje Gratuitos<\/span><br \/>\n<\/a><\/div>\n<\/div>\n<\/div>\n<hr \/>\n<div class=\"row\">\n<h2 class=\"col-sm-12\">Seminarios<\/h2>\n<\/div>\n<div class=\"row\">\n<div class=\"col-sm-3\"><a href=\"http:\/\/142.11.238.239\/es\/seminars\/\"><img decoding=\"async\" alt=\"Passy Muir seminars\" class=\"left_img\" src=\"\/wp-content\/uploads\/2019\/01\/Hands-on-Seminars_263x263.jpg\" \/><\/a><\/div>\n<div class=\"col-sm-9\">\n<p>Dise\u00f1ados para proporcionar informaci\u00f3n cl\u00ednica sobre los aspectos b\u00e1sicos de una traqueostom\u00eda, incluido el impacto fisiol\u00f3gico de la traqueotom\u00eda en las funciones respiratoria, del habla y de degluci\u00f3n de un paciente.  Estos eventos en vivo presentan estrategias paso a paso para la evaluaci\u00f3n y aplicaci\u00f3n de una v\u00e1lvula de habla sin fugas, para restablecer la comunicaci\u00f3n, mejorar el manejo de la degluci\u00f3n y secreciones. Ofrecidos para cr\u00e9dito de educaci\u00f3n continua (CEU), estos talleres integrales brindan informaci\u00f3n detallada sobre la traqueotom\u00eda y cuentan con aprendizaje pr\u00e1ctico, estudios de casos, videos y discusiones grupales.<\/p>\n<div><a href=\"http:\/\/142.11.238.239\/es\/seminars\/\"><br \/>\n<span class=\"order-now-header\">Aprende M\u00e1s \u2013 Seminarios<\/span><br \/>\n<\/a><\/div>\n<\/div>\n<\/div>\n<hr \/>\n<div class=\"row\">\n<h2 class=\"col-sm-12\">Seminarios Web Grupales<\/h2>\n<\/div>\n<div class=\"row\">\n<div class=\"col-sm-3\"><a href=\"http:\/\/142.11.238.239\/es\/group-webinars\/\"><img decoding=\"async\" alt=\"CEUs from Passy Muir\" class=\"left_img\" src=\"\/wp-content\/uploads\/2020\/11\/Group_webinar_263x263.jpg\" \/><\/a><\/div>\n<div class=\"col-sm-9\">\n<p class=\" translation-block\">Si ha realizado nuestros seminarios web de autoaprendizaje y desea que todo su equipo multidisciplinario reciba la informaci\u00f3n proporcionada en los seminarios web, uno de nuestros especialistas cl\u00ednicos puede programar y organizar un seminario web en vivo para su instalaci\u00f3n. Estos seminarios web grupales est\u00e1n dise\u00f1ados para satisfacer las necesidades individuales de sus instalaciones y los ventiladores que utiliza. La interacci\u00f3n en vivo con un M\u00e9dico de <span class=\"pm_ws\"><span class=\"pm_ws\">Passy Muir<\/span><\/span><sup>\u00ae<\/sup>\n\u00ae brinda la oportunidad de hacer preguntas y respuestas, y facilita la creaci\u00f3n de equipos y el desarrollo de competencias para su grupo.<\/p>\n<div><a href=\"http:\/\/142.11.238.239\/es\/group-webinars\/\"><br \/>\n<span class=\"order-now-header\">Aprende M\u00e1s \u2013 Seminarios Web Grupales<\/span><br \/>\n<\/a><\/div>\n<\/div>\n<\/div>\n<hr \/>\n<div class=\"row\">\n<h2 class=\"col-sm-12\">Formaci\u00f3n<\/h2>\n<\/div>\n<div class=\"row\">\n<div class=\"col-sm-3\"><a href=\"http:\/\/142.11.238.239\/es\/inservice\/\"><img decoding=\"async\" alt=\"learn about Passy Muir inservices\" class=\"left_img\" src=\"\/wp-content\/uploads\/2019\/01\/Inservice-Website_263x263.jpg\" \/><\/a><\/div>\n<div class=\"col-sm-9\">\n<p>Las capacitaciones in-situ comienzan con una\npresentaci\u00f3n sobre los beneficios y la aplicaci\u00f3n de la\nV\u00e1lvula Passy Muir\u00ae. Revisamos la fisiolog\u00eda del tracto\naerodigestivo superior, incluido el impacto de una\ntraqueostom\u00eda en la comunicaci\u00f3n, la degluci\u00f3n y m\u00e1s.\nLos servicios internos tambi\u00e9n brindan informaci\u00f3n sobre\nlos muchos beneficios cl\u00ednicos basados en la evidencia de\nla V\u00e1lvula Passy Muir\u00ae, incluido el impacto positivo en la\ncomunicaci\u00f3n, las mejoras con la degluci\u00f3n, el retorno del\nolfato y el gusto, la gesti\u00f3n mejorada de las secreciones y\nla decanulaci\u00f3n y desconexi\u00f3n gradual del ventilador m\u00e1s\ntemprano. Para obtener m\u00e1s informaci\u00f3n sobre lo que\nproporcionamos y c\u00f3mo tener una capacitaci\u00f3n in-situ en\nsus instalaciones, haga clic en el siguiente enlace. <span class=\"pm_ws\">Passy Muir<\/span><sup>\u00ae<\/sup> Valve. We review the physiology of the upper aerodigestive tract, including the impact of a tracheostomy on communication, swallowing, and more. The in-services also provide information on the many evidence-based, clinical benefits of the <span class=\"pm_ws\"><span class=\"pm_ws\">Passy Muir<\/span><\/span><sup>\u00ae<\/sup> Valve, including the positive impact on communication, improvements with swallowing, return of smell and taste, improved secretion management, and earlier decannulation and weaning. To learn more about what we provide and how to have an in-service for your facility, click on the link below.<\/p>\n<div><a href=\"http:\/\/142.11.238.239\/es\/inservice\/\"><br \/>\n<span class=\"order-now-header\">Aprende M\u00e1s \u2013 Formaci\u00f3n<\/span><br \/>\n<\/a><\/div>\n<\/div>\n<\/div>\n<hr \/>\n<div class=\"row ceu_row\">\n<div class=\"col-md-3 col-sm-3 text-center\"><img decoding=\"async\" src=\"\/wp-content\/uploads\/2022\/05\/ASHA-Brand-Block_vert.jpg\" style=\"max-width:250px; padding:10px 24px;\" alt=\"ASHA brand block\"  \/><\/div>\n<div class=\"col-md-9 col-sm-9\">\n<p class=\"font20\">Passy-Muir, Inc. est\u00e1 aprobada por la Junta Continua de\nla Asociaci\u00f3n Estadounidense de Audici\u00f3n-Habla-\nLenguaje (ASHA) para proporcionar actividades de\neducaci\u00f3n continua en patolog\u00eda del habla-lenguaje y\naudiolog\u00eda.<\/p>\n<\/div>\n<\/div>\n<div class=\"row ceu_row\">\n<div class=\"col-md-3 col-sm-3 text-center\"><img decoding=\"async\" src=\"\/wp-content\/uploads\/2017\/05\/AARC_0.jpg\" style=\"max-width:120px; padding:10px 24px;\" alt=\"AARC\" \/><\/div>\n<div class=\"col-md-9 col-sm-9\">\n<p class=\"font20\">Passy-Muir, Inc. es un proveedor aprobado de educaci\u00f3n\ncontinua por el sistema de Educaci\u00f3n Continua de\nCuidado Respiratorio (CRCE) de la Asociaci\u00f3n Americana\nde Cuidado Respiratorio (AARC).<\/p>\n<\/div>\n<\/div>\n<div class=\"row ceu_row\">\n<div class=\"col-md-3 col-sm-3 text-center\"><img decoding=\"async\" src=\"\/wp-content\/uploads\/2017\/05\/brn_2_10.jpg\" style=\"max-width:120px; padding:10px 24px;\" alt=\"CBRN logo\" \/><\/div>\n<div class=\"col-md-9 col-sm-9\">\n<p class=\"font20\">Passy-Muir, Inc. es un proveedor aprobado de educaci\u00f3n\ncontinua por la Junta de Enfermer\u00eda Registrada de\nCalifornia (Proveedor #CEP112390).<\/p>\n<\/div>\n<\/div>\n<p class=\"font20\">Por favor revise las sesiones educativas individuales para\nconocer la cantidad de Cr\u00e9ditos de Educaci\u00f3n Continua\naprobados.<\/p>\n<p>To contact Passy-Muir or a clinical specialist with questions, please email <a href=\"mailto:info@passymuir.com\">info@passymuir.com<\/a><\/p>\n<\/div>","protected":false},"excerpt":{"rendered":"Education &#038; CEUs Passy-Muir, Inc. is committed to improving the quality of life of patients with tracheostomies and ventilator-dependence. All of <span class=\"pm_ws\">Passy Muir<\/span>\u2019s online education is free and is offered for continuing education credits. Remote Live In-Service Webinars <span class=\"pm_ws\">Passy Muir<\/span> is offering free Remote Live In-Service Webinars in order to get our education out to [&hellip;]","protected":false},"author":6,"featured_media":585,"parent":0,"menu_order":0,"comment_status":"closed","ping_status":"closed","template":"","meta":[],"yst_prominent_words":[188,187,2304,194,56,204,4651,4648,4650,72,191,193,196,189,4053,4079,4649,195,197,190],"_links":{"self":[{"href":"http:\/\/142.11.238.239\/es\/wp-json\/wp\/v2\/pages\/601"}],"collection":[{"href":"http:\/\/142.11.238.239\/es\/wp-json\/wp\/v2\/pages"}],"about":[{"href":"http:\/\/142.11.238.239\/es\/wp-json\/wp\/v2\/types\/page"}],"author":[{"embeddable":true,"href":"http:\/\/142.11.238.239\/es\/wp-json\/wp\/v2\/users\/6"}],"replies":[{"embeddable":true,"href":"http:\/\/142.11.238.239\/es\/wp-json\/wp\/v2\/comments?post=601"}],"version-history":[{"count":35,"href":"http:\/\/142.11.238.239\/es\/wp-json\/wp\/v2\/pages\/601\/revisions"}],"predecessor-version":[{"id":19126,"href":"http:\/\/142.11.238.239\/es\/wp-json\/wp\/v2\/pages\/601\/revisions\/19126"}],"wp:featuredmedia":[{"embeddable":true,"href":"http:\/\/142.11.238.239\/es\/wp-json\/wp\/v2\/media\/585"}],"wp:attachment":[{"href":"http:\/\/142.11.238.239\/es\/wp-json\/wp\/v2\/media?parent=601"}],"wp:term":[{"taxonomy":"yst_prominent_words","embeddable":true,"href":"http:\/\/142.11.238.239\/es\/wp-json\/wp\/v2\/yst_prominent_words?post=601"}],"curies":[{"name":"wp","href":"https:\/\/api.w.org\/{rel}","templated":true}]}}