{"id":6743,"date":"2021-05-19T11:00:11","date_gmt":"2021-05-19T18:00:11","guid":{"rendered":"http:\/\/pmtest.passy-muir.com\/?page_id=6743"},"modified":"2021-05-19T10:07:41","modified_gmt":"2021-05-19T17:07:41","slug":"privacy","status":"publish","type":"page","link":"http:\/\/142.11.238.239\/es\/privacy\/","title":{"rendered":"Privacy"},"content":{"rendered":"<div class=\"l3-header-con no-banner\">\n<div class=\"l3-header-icon\">\n\t\t<img decoding=\"async\"  src=\"\/wp-content\/uploads\/2018\/02\/Privacy-Policy.jpg\" alt=\"privacy\" \/>\n\t<\/div>\n<div class=\"l3-header-text\">\n\t\t\t\tPol\u00edtica de privacidad\n                         <\/div>\n<\/p><\/div>\n<div style=\"clear:both\"><\/div>\n<div class=\"container\">\n<div class=\"row\">\n<div class=\"col-sm-3\">\n<\/div>\n<div class=\"col-sm-9\">\n<h1>Pol\u00edtica de privacidad<\/h1>\n<p class=\"page_paragraph\">\n  Passy-Muir, Inc.<br \/>\n  Actualizado el 2 de enero de 2019\n<\/p>\n<p class=\"page_paragraph translation-block\"><strong>1. Nuestro compromiso con la privacidad.<\/strong> <span class=\"pm_ws\">Passy Muir<\/span> se compromete a proteger la privacidad de los visitantes de su sitio web, clientes y pacientes que utilizan productos Passy Muir. Nuestra Pol\u00edtica de privacidad est\u00e1 dise\u00f1ada para orientarle sobre c\u00f3mo recopilamos, usamos y protegemos la informaci\u00f3n personal que se proporciona. Al visitar este sitio web, usted acepta los t\u00e9rminos descritos en esta Pol\u00edtica de privacidad. Si tiene alguna pregunta sobre nuestra Pol\u00edtica de privacidad, p\u00f3ngase en contacto con nuestro Administrador de privacidad en <a href=\"mailto:privacyadministrator@PassyMuir.com\" target=\"_top\" rel=\"noopener noreferrer\">privacyadministrator@PassyMuir.com<\/a>.<\/p>\n<\/div>\n<\/div>\n<p><!--ends row--><\/p>\n<div class=\"row\">\n<div class=\"col-sm-3\">\n<p class=\"centered\">ESTE SITIO WEB EST\u00c1 CUBIERTO POR NUESTRA\nPOL\u00cdTICA DE PRIVACIDAD<\/p>\n<p><img decoding=\"async\" alt=\"privacy policy icon\" class=\"margin_auto\" src=\"\/wp-content\/uploads\/2018\/11\/general_info.jpg\">\n<\/div>\n<div class=\"col-sm-9\">\n<p class=\"page_paragraph translation-block\"><strong>2. Este sitio web est\u00e1 cubierto por nuestra pol\u00edtica de privacidad.<\/strong> Esta Pol\u00edtica de Privacidad cubre nuestro sitio web. Si bien puede encontrar enlaces a otros sitios web como Facebook, YouTube, Centros de Excelencia y distribuidores internacionales, tenga en cuenta que esos sitios web son sitios web de terceros que no est\u00e1n controlados ni operados por <span class=\"pm_ws\">Passy Muir<\/span>. Las pr\u00e1cticas de privacidad e informaci\u00f3n de esos terceros no est\u00e1n cubiertas por esta Pol\u00edtica de privacidad. Para obtener m\u00e1s informaci\u00f3n sobre las pol\u00edticas de terceros, le recomendamos que lea y revise las pol\u00edticas de privacidad de cada servicio de terceros al que se vincula durante su visita a nuestro sitio web. Esta Pol\u00edtica de privacidad se aplica solo a la informaci\u00f3n recopilada o utilizada por <span class=\"pm_ws\">Passy Muir<\/span> y no a la informaci\u00f3n que proporcione a terceros fuera de nuestro sitio web.<\/p>\n<\/div>\n<\/div>\n<p><!--ends row--><\/p>\n<div class=\"row\">\n<div class=\"col-sm-3\">\n<p class=\"centered\">QU\u00c9 INFORMACI\u00d3N SE RECOGE Y C\u00d3MO SE UTILIZA<\/p>\n<p><img decoding=\"async\" alt=\"icon information collected\" class=\"margin_auto\" src=\"\/wp-content\/uploads\/2018\/11\/info_collected-250x304.jpg\"\" \/>\n<\/div>\n<div class=\"col-sm-9\">\n<p class=\"page_paragraph\">\n <strong>3. Qu\u00e9 informaci\u00f3n personal se recopila y c\u00f3mo se utiliza.<\/strong><span class=\"translation-block\"> Como visitante de nuestro sitio web, puede participar en muchas actividades sin proporcionarnos informaci\u00f3n personal. Si proporciona informaci\u00f3n personal a <span class=\"pm_ws\">Passy Muir<\/span> a trav\u00e9s de nuestro sitio web o correo electr\u00f3nico, podemos usar o recopilar la informaci\u00f3n como se indica en esta Pol\u00edtica de privacidad. La informaci\u00f3n que recopilamos se utiliza para administrar nuestras actividades comerciales. Ocasionalmente, podemos usar la informaci\u00f3n para notificarle sobre cambios en nuestro sitio web, nuevos servicios, nuevos productos, oportunidades educativas u otras ofertas especiales. Hay muchas situaciones en las que los usuarios pueden proporcionarnos su informaci\u00f3n personal. Estas situaciones incluyen:<\/span>\n  <\/p>\n<\/div>\n<\/div>\n<div class=\"row\">\n<div class=\"col-sm-3\">\n<\/div>\n<div class=\"col-sm-9\">\n<p class=\"page_paragraph indented\">\n<strong>a. Solicitudes de informaci\u00f3n del producto.<\/strong><span class=\"translation-block\"> Recopilamos informaci\u00f3n que usted ingresa en nuestro sitio web o env\u00eda por correo electr\u00f3nico solicitando que le proporcionemos informaci\u00f3n sobre nuestros productos. Por ejemplo, usaremos su nombre y direcci\u00f3n, o direcci\u00f3n de correo electr\u00f3nico, para cumplir con su solicitud. Podemos enviarle informaci\u00f3n adicional sobre el producto o oportunidades educativas, a menos que nos solicite que no le enviemos m\u00e1s informaci\u00f3n.<\/span>\n  <\/p>\n<p class=\"page_paragraph indented\">\n <strong>b. Compras de productos.<\/strong><span class=\"translation-block\"> Es posible que se le solicite que proporcione informaci\u00f3n personal cuando realice un pedido de nuestros productos o servicios. Recopilamos informaci\u00f3n que las personas ingresan en nuestro sitio web y brindan a trav\u00e9s de correos electr\u00f3nicos, cartas y llamadas telef\u00f3nicas, en relaci\u00f3n con la compra de un producto o servicio. Por ejemplo, si compra un producto educativo, como un Pocket TOM\u00ae a trav\u00e9s de nuestro sitio web, usaremos su nombre y direcci\u00f3n para completar la solicitud, y podremos enviarle informaci\u00f3n adicional sobre el producto o la oportunidad educativa, a menos que nos solicite que no le enviemos m\u00e1s informaci\u00f3n.<\/span><\/p>\n<p class=\"page_paragraph indented\">\n<strong>c. Carrito de compras en l\u00ednea.<\/strong><span class=\"translation-block\"> Utilizamos Weebly como un servicio de p\u00e1gina web de carrito de compras en l\u00ednea. Si ingresa informaci\u00f3n personal, como informaci\u00f3n de tarjeta de cr\u00e9dito, en nuestro carrito de compras en l\u00ednea para pagar nuestro producto o servicio, utilizaremos la informaci\u00f3n a trav\u00e9s de Weebly para cobrar el pago y realizar la compra. Puede ver la pol\u00edtica de privacidad de Weebly en https:\/\/www.weebly.com\/privacy.<\/span><\/p>\n<p class=\"page_paragraph indented\">\n<strong>d. Comentarios de los clientes.<\/strong><span class=\"translation-block\"> Tambi\u00e9n utilizamos y almacenamos los comentarios de los clientes. Podemos utilizar la informaci\u00f3n de contacto personal para responder a un cliente. Tambi\u00e9n utilizaremos esta informaci\u00f3n cuando sea necesario para cumplir con nuestras obligaciones legales.<\/p>\n<p class=\"page_paragraph indented\">\n<strong>e. Comunicaciones generales.<\/strong><span class=\"translation-block\"> Tambi\u00e9n recopilamos, almacenamos y utilizamos la informaci\u00f3n que nos proporciona a trav\u00e9s de correos electr\u00f3nicos, cartas, tarjetas de respuesta al cliente y llamadas telef\u00f3nicas. Podemos usar esta informaci\u00f3n para enviarle anuncios de productos o de oportunidades educativas, a menos que nos solicite que no le enviemos anuncios.<\/span><\/p>\n<p class=\"page_paragraph indented\">\n<strong>f. Educaci\u00f3n Continua.<\/strong><span class=\"translation-block\"> Our continuing education courses require that you provide <span class=\"pm_ws\">Passy Muir<\/span> with personal information including, but not limited to, your first and last name, mailing address, email address, telephone number, and fax number. We also request that you complete a short survey about the education we provided. We may use this information to provide you with information about further educational opportunities or product offerings. In addition, if you participate in our continuing education courses for approved CEU credit, your identity, contact information, and confirmation of information relating to your completed courses may be supplied to: (i) the agency authorizing us to provide the continuing education credits to you (such as ASHA or AARC), or (ii) a government licensing agency when we have a legal obligation to do so. The contact addresses of ASHA and AARC are provided below. If you do not provide some of the requested personal information, you will not be able to receive continuing education credit and may not be able to view the online courses.<\/span>\n<\/p>\n<p class=\"page_paragraph indented\">\nAmerican Association for Respiratory Care (AARC)<br \/>\n9425 N. MacArthur Blvd, Suite 100<br \/>\nIrving TX 75063-4706<br \/>\nUSA<br \/>\nTel\u00e9fono: (972) 243-2272<br \/>\nFax: (972) 484-2720<br \/>\nEmail: <a href=\"mailto:info@AARC.org\" target=\"_top\" rel=\"noopener noreferrer\">info@AARC.org<\/a>\n<\/p>\n<p class=\"page_paragraph indented\">\nAmerican Speech-Language-Hearing Association (ASHA)<br \/>\nNational Office<br \/>\n2200 Research Boulevard<br \/>\nRockville, MD 20850-3289<br \/>\nUSA<br \/>\nMiembros: (800) 498-2071<br \/>\nNo miembro: (800) 638-8255<br \/>\nEmail: <a href=\"mailto:concerns@ASHA.org\" target=\"_top\" rel=\"noopener noreferrer\">concerns@ASHA.org<\/a>\n<\/p>\n<p class=\"page_paragraph indented\">\n<strong>g. TRACHTOOLS\u2122.<\/strong><span class=\"translation-block\"> No recopilamos la informaci\u00f3n personal de nuestros usuarios de la aplicaci\u00f3n TRACHTOOLS\u2122. Supervisamos el n\u00famero de descargas y el n\u00famero de usos de la aplicaci\u00f3n de forma an\u00f3nima. Si visita este sitio web a trav\u00e9s de nuestra aplicaci\u00f3n TRACHTOOLS\u2122, se aplicar\u00e1 esta Pol\u00edtica de privacidad.<\/span>\n<\/p>\n<p class=\"page_paragraph indented\">\n<strong>h. Informaci\u00f3n Autom\u00e1tica.<\/strong><span class=\"translation-block\"> Cuando visita un sitio web, divulga informaci\u00f3n como su direcci\u00f3n de Protocolo de Internet (IP) y la hora de su visita. El sitio web de <span class=\"pm_ws\">Passy Muir<\/span>, al igual que muchos otros sitios, registra informaci\u00f3n b\u00e1sica sobre las visitas a nuestro sitio web, como las p\u00e1ginas que se ven y el n\u00famero de visitas.<\/span>\n<\/p>\n<p class=\"page_paragraph indented\">\n<strong>i. No hay decisiones automatizadas.<\/strong><span class=\"translation-block\"> No utilizamos su informaci\u00f3n personal para tomar decisiones automatizadas.<\/span>\n<\/p>\n<p class=\"page_paragraph indented\">\n<strong>j. \u201cCookies.\u201d<\/strong><span class=\"translation-block\"> Las cookies son piezas de informaci\u00f3n que se transfieren a su computadora desde un servidor de sitio web. Se requiere el uso de cookies para utilizar nuestros cursos de educaci\u00f3n continua. Las cookies son peque\u00f1as cantidades de datos transferidos a su computadora para rastrear su visita. Las cookies almacenan informaci\u00f3n importante para el usuario, como sus ID de usuario y sesi\u00f3n, que nuestro servidor de sitio web necesita para atribuir correctamente la informaci\u00f3n que usted proporciona a su cuenta. La mayor\u00eda de los navegadores est\u00e1n configurados para aceptar cookies, pero puede cambiar su configuraci\u00f3n para que su navegador le notifique cuando reciba una nueva cookie o rechazar la aceptaci\u00f3n de cookies en su sistema. Consulte la informaci\u00f3n de su propio navegador para determinar su configuraci\u00f3n de cookies y privacidad.<\/span><\/p>\n<p class=\"page_paragraph indented\">\n<strong>k. No transferimos su informaci\u00f3n fuera de los Estados Unidos.<\/strong><span class=\"translation-block\"> NO transferimos su informaci\u00f3n personal a otros pa\u00edses. Si ha tomado nuestros cursos de Educaci\u00f3n Continua para obtener cr\u00e9ditos y desea que se le env\u00ede una confirmaci\u00f3n fuera de los Estados Unidos, comun\u00edquese con nuestro Administrador de Privacidad al <a href=\"mailto:privacyadministrator@PassyMuir.com\">privacyadministrator@PassyMuir.com<\/a> o en nuestra direcci\u00f3n de correo a continuaci\u00f3n.<\/span><\/p>\n<p class=\"page_paragraph indented\"\">\n<strong>l. Informaci\u00f3n sensible.<\/strong><span class=\"translation-block\"> Nuestro sitio web no recopila ni procesa datos confidenciales relacionados con la raza o el origen \u00e9tnico, opiniones pol\u00edticas, creencias religiosas o filos\u00f3ficas, afiliaciones sindicales, datos gen\u00e9ticos o biom\u00e9tricos, salud o mortalidad, vida sexual u orientaci\u00f3n sexual.<\/span><\/p>\n<p class=\"page_paragraph indented\"\">\n<strong>m. Seguimiento de terceros.<\/strong><span class=\"translation-block\"> Con la excepci\u00f3n del reporte de cr\u00e9ditos de Educaci\u00f3n Continua a ASHA y AARC como se indica anteriormente, los terceros no reciben ni recopilan informaci\u00f3n de identificaci\u00f3n personal sobre las actividades en l\u00ednea de un usuario individual en nuestro sitio web.<\/span>\n<\/p>\n<\/div>\n<\/div>\n<div class=\"row\">\n<div class=\"col-sm-3\">\n<p class=\"centered\">C\u00d3MO PROTEGEMOS SU INFORMACI\u00d3N<\/p>\n<p><img decoding=\"async\" alt=\"icon protected information\" class=\"margin_auto\" src=\"\/wp-content\/uploads\/2018\/11\/protect_info-250x327.jpg\" \/>\n<\/div>\n<div class=\"col-sm-9\">\n<p class=\"page_paragraph\">\n<strong>4. C\u00f3mo protegemos su informaci\u00f3n.<\/strong><span class=\"translation-block\"> Utilizamos software de seguridad para proteger la confidencialidad de su informaci\u00f3n personal. Adem\u00e1s, nuestras pr\u00e1cticas comerciales se revisan peri\u00f3dicamente para el cumplimiento de las pol\u00edticas y procedimientos que rigen la seguridad y confidencialidad de nuestras bases de datos y nuestros sistemas inform\u00e1ticos. Nuestras pr\u00e1cticas comerciales limitan el acceso de nuestros empleados a su informaci\u00f3n confidencial y limitan el uso y la divulgaci\u00f3n de dicha informaci\u00f3n a personas autorizadas. Su acceso a algunos de nuestros servicios y contenido est\u00e1 protegido por contrase\u00f1a. Le recomendamos encarecidamente que NO divulgue su contrase\u00f1a a nadie. Adem\u00e1s, le recomendamos que cierre la sesi\u00f3n de los servicios protegidos con contrase\u00f1a al final de cada sesi\u00f3n.<\/span><\/p>\n<\/div>\n<\/div>\n<div class=\"row\">\n<div class=\"col-sm-3\">\n<\/div>\n<div class=\"col-sm-9\">\n<p class=\"page_paragraph indented\">\n<strong>a. Terceros.<\/strong><span class=\"translation-block\"> La privacidad y protecci\u00f3n de su informaci\u00f3n es importante para nosotros. No ponemos ninguna informaci\u00f3n personal a disposici\u00f3n de terceros sin su permiso. Mientras utiliza nuestro sitio web, puede encontrar enlaces a otros sitios web como Facebook, YouTube, Centros de Excelencia y distribuidores internacionales. Esos sitios web son sitios web de terceros que no est\u00e1n controlados ni operados por <span class=\"pm_ws\">Passy Muir<\/span> y las pr\u00e1cticas de privacidad e informaci\u00f3n de esos terceros no est\u00e1n cubiertas por esta Pol\u00edtica de privacidad. Para obtener m\u00e1s informaci\u00f3n sobre la privacidad de terceros, le recomendamos que lea y revise las pol\u00edticas de privacidad de cada servicio de terceros que puede vincular y utilizar en relaci\u00f3n con su visita a nuestro sitio web.<\/span><\/p>\n<p class=\"page_paragraph indented\">\n<strong>b. Divulgaci\u00f3n de cr\u00e9ditos de educaci\u00f3n continua a ASHA y AARC.<\/strong><span class=\"translation-block\"> If you participate in our continuing education courses for approved CEU credit, your identity, contact information, and confirmation of information relating to your completed courses may be supplied to: (i) the agency authorizing us to provide the continuing education credits to you (such as ASHA or AARC), or (ii) a government licensing agency when we have a legal obligation to do so. The contact addresses of ASHA and AARC are provided above. If you do not provide some of the requested personal information, you will not be able to receive continuing education credit and may not be able to view the online courses.<\/span><\/p>\n<p class=\"page_paragraph indented\">\n<strong>c. Informaci\u00f3n que usted divulga a sitios web de terceros.<\/strong><span class=\"translation-block\"> Le recomendamos que piense detenidamente antes de decidir poner cualquier cosa en Internet. Tenemos enlaces a otros sitios web que no son administrados o controlados por nosotros. Tenga cuidado al proporcionar informaci\u00f3n a esos sitios web. Por ejemplo, si usted divulga voluntariamente informaci\u00f3n personal o im\u00e1genes en las redes sociales, esa informaci\u00f3n podr\u00eda ser vista y utilizada por otros y podr\u00eda resultar en mensajes no solicitados de otros. No somos responsables de la informaci\u00f3n de identificaci\u00f3n personal que usted env\u00ede en estos foros p\u00fablicos u otros sitios web de terceros. Para solicitar la eliminaci\u00f3n de su informaci\u00f3n personal de nuestras publicaciones de redes sociales, comun\u00edquese con nuestro Administrador de Internet a la direcci\u00f3n que figura a continuaci\u00f3n. Si controlamos un sitio de redes sociales, eliminaremos la informaci\u00f3n si es posible y le informaremos los resultados de nuestros esfuerzos.<\/span><\/p>\n<p class=\"page_paragraph indented\">\n<strong>d. Qui\u00e9n tiene acceso a la informaci\u00f3n del usuario.<\/strong><span class=\"translation-block\"> La informaci\u00f3n acerca de nuestros usuarios es importante para nosotros. No venderemos ni divulgaremos ninguna informaci\u00f3n de identificaci\u00f3n individual a ning\u00fan tercero privado sin antes recibir el permiso de ese usuario. Divulgamos informaci\u00f3n sobre cr\u00e9ditos de educaci\u00f3n continua a ASHA y AARC seg\u00fan lo dispuesto en este documento. Proporcionaremos informaci\u00f3n a las agencias gubernamentales cuando estemos legalmente obligados a proporcionarla.<\/span>\n<\/p>\n<\/div>\n<\/div>\n<div class=\"row\">\n<div class=\"col-sm-3\">\n<p class=\"centered\">NI\u00d1OS<\/p>\n<p><img decoding=\"async\" alt=\"icon children\" class=\"margin_auto\" src=\"\/wp-content\/uploads\/2018\/11\/children-250x342.jpg\"\/>\n<\/div>\n<div class=\"col-sm-9\">\n<p class=\"page_paragraph\">\n<strong>5. Ni\u00f1os.<\/strong><span class=\"translation-block\"> Nuestro sitio web no proporciona servicios o productos a ni\u00f1os menores de 18 a\u00f1os. Si tiene menos de 18, puede usar este sitio web solo con la participaci\u00f3n de un padre o tutor. Parte de la informaci\u00f3n contenida en este sitio web se relaciona con traqueostom\u00edas y procedimientos m\u00e9dicos relacionados, y puede considerarse gr\u00e1fica o inadecuada para menores. Solicitamos que los m\u00e9dicos, padres y tutores vean de forma privada una p\u00e1gina web antes de permitir que los ni\u00f1os la vean. Si nos enteramos de que hemos obtenido informaci\u00f3n de una persona menor de 18 a\u00f1os, eliminaremos dicha informaci\u00f3n.<\/span>\n<\/p>\n<\/div>\n<\/div>\n<div class=\"row\">\n<div class=\"col-sm-3\">\n<p class=\"centered\">C\u00d3MO CAMBIAR SUS CONFIGURACIONES DE\nPRIVACIDAD<\/p>\n<p><img decoding=\"async\" alt=\"icon privacy settings\" class=\"margin_auto\" src=\"\/wp-content\/uploads\/2018\/11\/change_settings-250x250.jpg\"  \/>\n<\/div>\n<div class=\"col-sm-9\">\n<p class=\"page_paragraph\">\n<strong>6. C\u00f3mo acceder y cambiar su informaci\u00f3n y preferencias.<\/strong><span class=\"translation-block\"> Puede acceder, cambiar y modificar su configuraci\u00f3n de privacidad, informaci\u00f3n personal y optar por no recibir ofertas de correo electr\u00f3nico como se indica a continuaci\u00f3n.<\/span><\/p>\n<p class=\"page_paragraph indented\">\n<strong>a. C\u00f3mo puede acceder, cambiar o modificar su informaci\u00f3n personal.<\/strong><span class=\"translation-block\"> Puede acceder a toda su informaci\u00f3n de identificaci\u00f3n personal enviando un correo electr\u00f3nico a nuestro Administrador de Privacidad a <a href=\"mailto:privacyadministrator@PassyMuir.com\">privacyadministrator@PassyMuir.com<\/a>. Tambi\u00e9n puede enviarnos un correo electr\u00f3nico a la direcci\u00f3n que se proporciona a continuaci\u00f3n.<\/span><\/p>\n<p class=\"page_paragraph indented\">\n<strong>b. Optar por no recibir promociones por correo electr\u00f3nico.<\/strong><span class=\"translation-block\"> Cuando reciba un correo electr\u00f3nico relacionado con ofertas educativas o de productos y no desee recibir dichos correos electr\u00f3nicos en el futuro, puede notificarnos haciendo clic en el enlace \"unsubscribe\" adjunto a cada correo electr\u00f3nico.<\/span><\/p>\n<p class=\"page_paragraph\">\n<strong>7. Consentimiento.<\/strong><span class=\"translation-block\"> Al utilizar nuestro sitio web, usted acepta la recopilaci\u00f3n y el uso de su informaci\u00f3n personal tal como se describe en esta Pol\u00edtica de privacidad.<\/span>\n<\/p>\n<\/div>\n<\/div>\n<div class=\"row\">\n<div class=\"col-sm-3\">\n<p class=\"centered\">POL\u00cdTICA DE NO RASTREAR<\/p>\n<p><img decoding=\"async\" alt=\"icon no tracking\" class=\"margin_auto\" src=\"\/wp-content\/uploads\/2018\/11\/no_tracking-250x225.jpg\" \/>\n<\/div>\n<div class=\"col-sm-9\">\n<p class=\"page_paragraph\">\n<strong>8. Pol\u00edtica de No Rastrear.<\/strong><span class=\"translation-block\"> Nuestra empresa no utiliza el rastreo para proporcionar publicidad dirigida, o para realizar un seguimiento de la informaci\u00f3n de otros sitios web que visita. Respondemos a cualquier se\u00f1al de \"no rastrear\" al no rastrear a los usuarios. No permitimos a terceros realizar un seguimiento de los datos del sitio web del usuario. Hacemos un seguimiento del n\u00famero de veces que se accede a nuestro sitio web y varias p\u00e1ginas, y no se almacena informaci\u00f3n personal a menos que el usuario la ingrese.<\/span><\/p>\n<p><span class=\"translation-block\"> C\u00f3digo Com. &amp; Prof. \u00a7 22575 de Calif.<\/span><\/p>\n<p><span class=\"translation-block\"> Requiere que el operador de un sitio web comercial o servicio en l\u00ednea divulgue en su pol\u00edtica de privacidad c\u00f3mo responde a la se\u00f1al de \"No rastrear\" del navegador web o mecanismos similares que brinden a los consumidores la posibilidad de elegir el seguimiento en l\u00ednea de su informaci\u00f3n personal en todos los sitios o Servicios, y en el tiempo. Tambi\u00e9n requiere que el operador revele si terceros est\u00e1n o pueden estar realizando dicho seguimiento en el sitio o servicio del operador.\n<\/span><\/p>\n<p class=\"page_paragraph\">\n<strong>9. Actualizaremos esta pol\u00edtica.<\/strong><span class=\"translation-block\"> De vez en cuando actualizaremos nuestra Pol\u00edtica de Privacidad. Cuando nuestra Pol\u00edtica de privacidad cambie, inmediatamente publicaremos dichos cambios en nuestro sitio web de Internet. Le solicitamos que revise esta p\u00e1gina web para buscar actualizaciones.<\/span>\n<\/p>\n<p class=\"page_paragraph\">\n<strong>10. Preguntas o Inquietudes.<\/strong><span class=\"translation-block\"> Si tiene alguna pregunta o inquietud, no dude en ponerse en contacto con nuestro Administrador de Privacidad en <a href=\"mailto:privacyadministrator@PassyMuir.com\">privacyadministrator@PassyMuir.com<\/a>. Tambi\u00e9n puede enviar una carta a:<\/span><br \/>\n<br \/>\nPassy-Muir, Inc.<br \/>\nAttn: Privacy Administrator<br \/>\nPMB 273, 4521 Campus Drive | Irvine, CA 92612 USA<br \/>\nT 949.833.8255 | F 949.833.8299<br \/>\nwww.passymuir.com<\/p>\n<p>Fecha efectiva. Esta Pol\u00edtica de Privacidad entra en\nvigencia a partir del 2 de enero de 2019.\n<\/p>\n<\/div>\n<\/div>\n<\/div>\n<p><!--container end--><\/p>","protected":false},"excerpt":{"rendered":"Privacy Policy Privacy Policy Passy-Muir, Inc. Updated January 2, 2019 1. Our Commitment to Privacy. <span class=\"pm_ws\">Passy Muir<\/span> is committed to protecting the privacy of visitors to its website, customers, and patients who use <span class=\"pm_ws\">Passy Muir<\/span> products. Our Privacy Policy is designed to advise you about how we collect, use, and protect the personal information that [&hellip;]","protected":false},"author":6,"featured_media":929,"parent":0,"menu_order":0,"comment_status":"closed","ping_status":"closed","template":"","meta":[],"yst_prominent_words":[4017,582,194,577,4018,578,586,4016,587,585,72,570,588,575,572,571,581,580,584,579],"_links":{"self":[{"href":"http:\/\/142.11.238.239\/es\/wp-json\/wp\/v2\/pages\/6743"}],"collection":[{"href":"http:\/\/142.11.238.239\/es\/wp-json\/wp\/v2\/pages"}],"about":[{"href":"http:\/\/142.11.238.239\/es\/wp-json\/wp\/v2\/types\/page"}],"author":[{"embeddable":true,"href":"http:\/\/142.11.238.239\/es\/wp-json\/wp\/v2\/users\/6"}],"replies":[{"embeddable":true,"href":"http:\/\/142.11.238.239\/es\/wp-json\/wp\/v2\/comments?post=6743"}],"version-history":[{"count":20,"href":"http:\/\/142.11.238.239\/es\/wp-json\/wp\/v2\/pages\/6743\/revisions"}],"predecessor-version":[{"id":16248,"href":"http:\/\/142.11.238.239\/es\/wp-json\/wp\/v2\/pages\/6743\/revisions\/16248"}],"wp:featuredmedia":[{"embeddable":true,"href":"http:\/\/142.11.238.239\/es\/wp-json\/wp\/v2\/media\/929"}],"wp:attachment":[{"href":"http:\/\/142.11.238.239\/es\/wp-json\/wp\/v2\/media?parent=6743"}],"wp:term":[{"taxonomy":"yst_prominent_words","embeddable":true,"href":"http:\/\/142.11.238.239\/es\/wp-json\/wp\/v2\/yst_prominent_words?post=6743"}],"curies":[{"name":"wp","href":"https:\/\/api.w.org\/{rel}","templated":true}]}}