{"id":707,"date":"2017-05-05T15:52:57","date_gmt":"2017-05-05T15:52:57","guid":{"rendered":"http:\/\/localhost:8080\/mywordpress\/centers-of-excellence\/"},"modified":"2022-08-02T11:50:00","modified_gmt":"2022-08-02T18:50:00","slug":"coe","status":"publish","type":"page","link":"http:\/\/142.11.238.239\/es\/coe\/","title":{"rendered":"Centros de Excelencia"},"content":{"rendered":"<div class=\"slideshowContainer\"><img decoding=\"async\" loading=\"lazy\" style=\"vertical-align: bottom;\" src=\"\/wp-content\/uploads\/2017\/07\/branding_bar_top_new.jpg\" alt=\"passy muir branding bar\" width=\"100%\" height=\"20px\" \/><\/div>\n<div class=\"l2-header-con banner\">\n<div class=\"l2-header-icon\"><img decoding=\"async\" src=\"\/wp-content\/uploads\/2019\/01\/COE_1_100x100.jpg\" alt=\"centers of excellence\" \/><\/div>\n<div class=\"l2-header-text no-banner\">Centros de Excelencia<\/div>\n<\/div>\n<div style=\"clear: both;\"><\/div>\n<p class=\" translation-block\">En vista de que las V\u00e1lvulas <span class=\"pm_ws\">Passy Muir<\/span><sup>\u00ae<\/sup> disminuyen el\ntiempo de recuperaci\u00f3n y mejoran la calidad de vida de\nlos pacientes, <span class=\"pm_ws\">Passy Muir<\/span> honra las instalaciones que, a\nlo largo de los a\u00f1os, han utilizado V\u00e1lvulas <span class=\"pm_ws\">Passy Muir<\/span>\ncomo su est\u00e1ndar de atenci\u00f3n para sus pacientes con\ntraqueostom\u00eda y dependencia al ventilador. El Programa\nde Centros de Excelencia de <span class=\"pm_ws\">Passy Muir<\/span> fue desarrollado\npara mostrar algunas de estas incre\u00edbles historias de\n\u00e9xito.<\/p>\n<p><img decoding=\"async\" style=\"width: 200px; height: 200px; float: right;\" title=\"Passy Muir Center of Excellence Seal\" src=\"\/wp-content\/uploads\/2019\/01\/COE.svg\" alt=\"Passy Muir Center of Excellence Seal\" \/><\/p>\n<p class=\" translation-block\">Si desea descargar y ver las Pol\u00edticas y procedimientos de cada centro, por favor haga <a href=\"\/es\/policiesandprocedures\" target=\"_self\">clic aqu\u00ed<\/a>. Si desea ser considerado para nuestro Programa de Centros de Excelencia, haga clic a continuaci\u00f3n para obtener m\u00e1s informaci\u00f3n.<\/p>\n<div><a href=\"http:\/\/142.11.238.239\/es\/coe_reqs\/\"><span class=\"order-now-header\">Learn More &#8211; Centers of Excellence<\/span><\/a><\/div>\n<h3 class=\"normal translation-block\">El Programa de Centros de Excelencia de <span class=\"pm_ws\">Passy Muir<\/span>\nofrece la oportunidad de:<\/h3>\n<ul>\n<li class=\" translation-block\">Reconocer y honrar las instalaciones que utilizan las\nV\u00e1lvulas <span class=\"pm_ws\">Passy Muir<\/span><sup>\u00ae<\/sup> como su est\u00e1ndar de cuidado.<\/li>\n<li>Conocer a los equipos y leer las descripciones de su\nfilosof\u00eda de cuidado.<\/li>\n<li>Revisar y descargar sus protocolos y procedimientos,\ninvestigaciones y publicaciones.<\/li>\n<li>Aprender de los videos de historias de \u00e9xito y pr\u00e1cticas a\nlo largo de la atenci\u00f3n continua<\/li>\n<\/ul>\n<p><!--\n\n\n<div class=\"spacer\"><\/div>\n\n\n--><\/p>\n<div class=\"row\">\n<h2 class=\"col-sm-12 margin\"><a href=\"http:\/\/142.11.238.239\/es\/ambassador\/\">Ambassador Health<\/a><\/h2>\n<\/div>\n<div class=\"row\">\n<div class=\"col-sm-3\"><a href=\"http:\/\/142.11.238.239\/es\/ambassador\/\"><img decoding=\"async\" title=\"Ambassador Health\" src=\"\/wp-content\/uploads\/2019\/01\/ambassador-tao_0_263x.jpg\" alt=\"Ambassador Health Staff\" \/><\/a><\/div>\n<div class=\"col-sm-9\">\n<p class=\" translation-block\">Ambassador Health de Lincoln brinda atenci\u00f3n pulmonar especializada para \nadultos y pedi\u00e1tricos que son traqueostomizados o dependientes de un ventilador. Utilizando los \u00faltimos equipos respiratorios y tratamientos de especialidad como la v\u00e1lvula <span class=\"pm_ws\"><span class=\"pm_ws\">Passy Muir<\/span><\/span><sup>\u00ae<\/sup>, Ambassador Health se especializa en el cuidado del ventilador mec\u00e1nico y la traqueotom\u00eda para el tratamiento de condiciones que van desde lesiones cerebrales hasta procesos de enfermedades neuromusculares.<\/p>\n<\/div>\n<\/div>\n<hr \/>\n<div class=\"row\">\n<h2 class=\"col-sm-12\"><a href=\"http:\/\/142.11.238.239\/es\/barlow\/\">Barlow Respiratory Hospital<\/a><\/h2>\n<\/div>\n<div class=\"row\">\n<div class=\"col-sm-3\"><a href=\"http:\/\/142.11.238.239\/es\/barlow\/\"><img decoding=\"async\" title=\"Barlow Respiratory Hospital\" src=\"\/wp-content\/uploads\/2019\/01\/group_shot2_263x.jpg\" alt=\"Barlow Respiratory Hospital Staff\" \/><\/a><\/div>\n<div class=\"col-sm-9\">\n<p class=\" translation-block\">El hospital Barlow Respiratory, se especializa en el destete del ventilador, la rehabilitaci\u00f3n pulmonar y la atenci\u00f3n de pacientes acomplejados m\u00e9dicamente, cumple su misi\u00f3n de ayudar a los pacientes a respirar mejor. Como hospital de cuidados agudos a largo plazo (LTAC), se conf\u00eda ampliamente en Barlow por la atenci\u00f3n especializada que se ofrece a los pacientes con enfermedades cr\u00f3nicas y en estado cr\u00edtico en el entorno posterior a la unidad de cuidados intensivos (UCI). El hospital Barlow Respiratory incorpora el uso de la V\u00e1lvula <span class=\"pm_ws\"><span class=\"pm_ws\">Passy Muir<\/span><\/span> en cada oportunidad para mejorar la experiencia de desconexi\u00f3n del ventilador y mejorar los resultados de la decanulaci\u00f3n.<\/p>\n<\/div>\n<\/div>\n<hr \/>\n<div class=\"row\">\n<h2 class=\"col-sm-12\"><a href=\"http:\/\/142.11.238.239\/es\/brian_center\/\">The Brian Center<\/a><\/h2>\n<\/div>\n<div class=\"row\">\n<div class=\"col-sm-3\"><a href=\"http:\/\/142.11.238.239\/es\/brian_center\/\"><img decoding=\"async\" title=\"The Brian Center\" src=\"\/wp-content\/uploads\/2019\/01\/brian_center_group_263x.jpg\" alt=\"The Brian Center Staff\" \/><\/a><\/div>\n<div class=\"col-sm-9\">\n<p class=\" translation-block\">The Brian Center es una unidad de ventilaci\u00f3n a largo plazo con \u00e9nfasis en el destete y la decanulaci\u00f3n. Los m\u00e9dicos de The Brian Center se enorgullecen de ofrecer una instalaci\u00f3n dedicada a la poblaci\u00f3n ventilada y atribuyen gran parte del \u00e9xito de su programa al esfuerzo de su equipo colaborativo y al uso de la V\u00e1lvula <span class=\"pm_ws\"><span class=\"pm_ws\">Passy Muir<\/span><\/span>.<\/p>\n<\/div>\n<\/div>\n<hr \/>\n<div class=\"row\">\n<h2 class=\"col-sm-12\"><a href=\"http:\/\/142.11.238.239\/es\/trinitas\/\">CareOne Long Term Acute Care Hospital at Trinitas Regional Medical Center<\/a><\/h2>\n<\/div>\n<div class=\"row\">\n<div class=\"col-sm-3\"><a href=\"http:\/\/142.11.238.239\/es\/trinitas\/\"><img decoding=\"async\" title=\"CareOne Long Term Acute Care Hospital at Trinitas Regional Medical Center\" src=\"\/wp-content\/uploads\/2021\/01\/Trinitas-Team-resized20.jpg\" alt=\"CareOne Long Term Acute Care Hospital at Trinitas Regional Medical Center Staff\" \/><\/a><\/div>\n<div class=\"col-sm-9\">\n<p class=\" translation-block\">CareOne Long Term Acute Care Hospital at Trinitas Regional Medical Center es una unidad especializada que se centra principalmente en la medicina pulmonar. Con su tecnolog\u00eda avanzada y sus profesionales altamente capacitados atienden espec\u00edficamente a los complejos de pacientes que requieren terapias avanzadas. Se centran en el destete del ventilador y reconocen los beneficios de incluir la V\u00e1lvula <span class=\"pm_ws\"><span class=\"pm_ws\">Passy Muir<\/span><\/span> como un paso importante en el proceso de destete.<\/p>\n<\/div>\n<\/div>\n<hr \/>\n<div class=\"row\">\n<h2 class=\"col-sm-12\"><a href=\"http:\/\/142.11.238.239\/es\/childrenscenter\/\">Bethany Children\u2019s Health Center<\/a><\/h2>\n<\/div>\n<div class=\"row\">\n<div class=\"col-sm-3\"><a href=\"http:\/\/142.11.238.239\/es\/childrenscenter\/\"><img decoding=\"async\" title=\"Bethany Children\u2019s Health Center\" src=\"\/wp-content\/uploads\/2021\/01\/ChildrensCenter_-Team-Photo-resized.jpg\" alt=\"The Children\u2019s Center Rehabilitation Hospital Staff\" \/><\/a><\/div>\n<div class=\"col-sm-9\">\n<p>Bethany Children\u2019s Health Center is a pediatric specialty hospital that offers a wide range of medical services, rehabilitative care, social services, and education to children and teenagers with complex medical needs, including tracheostomy and ventilator dependency. The <span class=\"pmv_ws\"><span class=\"pm_ws\"><span class=\"pm_ws\">Passy Muir<\/span><\/span> Valve<\/span> plays a daily role to provide care for patients who have experienced traumatic brain injuries, spinal cord injuries, or extended hospitalization due to injury or illness.<\/p>\n<\/div>\n<\/div>\n<hr \/>\n<div class=\"row\">\n<h2 class=\"col-sm-12\"><a href=\"http:\/\/142.11.238.239\/es\/chwisconsin\/\">Children\u2019s Hospital of Wisconsin<\/a><\/h2>\n<\/div>\n<div class=\"row\">\n<div class=\"col-sm-3\"><a href=\"http:\/\/142.11.238.239\/es\/chwisconsin\/\"><img decoding=\"async\" title=\"Children\u2019s Hospital of Wisconsin\" src=\"\/wp-content\/uploads\/2021\/01\/CHW_team_2-resized.jpg\" alt=\"Children\u2019s Hospital of Wisconsin Staff\" \/><\/a><\/div>\n<div class=\"col-sm-9\">\n<p class=\" translation-block\">Children's Hospital of Wisconsin es afiliado a la universidad, centro de atenci\u00f3n m\u00e9dica pedi\u00e1trica cuaternaria y ha establecido su programa de traqueotom\u00eda \/ ventilador domiciliario para brindar atenci\u00f3n hospitalaria y ambulatoria a ni\u00f1os con traqueostom\u00eda y dependencia del ventilador. Enfatizan la educaci\u00f3n y la capacitaci\u00f3n para mejorar el uso de la V\u00e1lvula <span class=\"pm_ws\"><span class=\"pm_ws\">Passy Muir<\/span><\/span> en todas las etapas de la atenci\u00f3n, incluida la Unidad de Cuidados Intensivos Pedi\u00e1tricos.<\/p>\n<\/div>\n<\/div>\n<hr \/>\n<div class=\"row\">\n<h2 class=\"col-sm-12\"><a href=\"http:\/\/142.11.238.239\/es\/gaylord\/\">Gaylord Specialty Healthcare<\/a><\/h2>\n<\/div>\n<div class=\"row\">\n<div class=\"col-sm-3\"><a href=\"http:\/\/142.11.238.239\/es\/gaylord\/\"><img decoding=\"async\" title=\"Gaylord Specialty Healthcare\" src=\"\/wp-content\/uploads\/2019\/01\/gaylord-photo-small_263x.jpg\" alt=\"Gaylord Specialty Healthcare Staff\" \/><\/a><\/div>\n<div class=\"col-sm-9\">\n<p>Gaylord Specialty Healthcare es un proveedor l\u00edder de servicios hospitalarios de cuidados intensivos a largo plazo. El programa pulmonar de Gaylord es un programa integral que brinda terapia y capacitaci\u00f3n a personas con diversas afecciones y enfermedades respiratorias, tanto a nivel de atenci\u00f3n hospitalaria como ambulatoria. A trav\u00e9s de su programa integral de decanulaci\u00f3n, muchos pacientes que dependen del ventilador son destetados con la supervisi\u00f3n y el apoyo de su equipo pulmonar.<\/p>\n<\/div>\n<\/div>\n<hr \/>\n<p><!--\n\n\n<div class=\"row\">\n\n\n<h2 class=\"col-sm-12\"><a href=\"\/grace\">Grace Hospital<\/a><\/h2>\n\n\n<\/div>\n\n\n\n\n<div class=\"row\">\n\n\n<div class=\"col-sm-3\"><a href=\"\/grace\"><img decoding=\"async\" src=\"\/wp-content\/uploads\/2019\/01\/grace_team_263x.jpg\" alt=\"Grace Hospital Staff\" title=\"Grace Hospital\" \/><\/a><\/div>\n\n\n\n\n<div class=\"col-sm-9\">\n\nGrace Hospital is a community hospital founded in 1910. It is a 501(c)3 not-for-profit charitable organization. For the past 101 years, Grace Hospital has continuously provided healthcare services to Greater Cleveland. In 1995, Grace Hospital began to specialize in Long-Term Acute Care (LTAC), which provides care for medically-complex patients requiring extended periods of hospitalization.<\/div>\n\n\n<\/div>\n\n\n\n\n\n<hr \/>\n\n\n\n--><\/p>\n<div class=\"row\">\n<h2 class=\"col-sm-12\"><a href=\"http:\/\/142.11.238.239\/es\/houstonmethodist\/\">Houston Methodist Continuing Care Hospital &#8211; Katy<\/a><\/h2>\n<\/div>\n<div class=\"row\">\n<div class=\"col-sm-3\"><a href=\"http:\/\/142.11.238.239\/es\/houstonmethodist\/\"><img decoding=\"async\" loading=\"lazy\" width=\"250\" height=\"167\" class=\"alignnone size-medium wp-image-17757\" src=\"https:\/\/www.passy-muir.com\/wp-content\/uploads\/2022\/08\/HMCCH-Katy_TeamPhoto-250x167.jpg\" alt=\"Houston Methodist Continuing Care Hospital - Katy Team\" srcset=\"http:\/\/142.11.238.239\/wp-content\/uploads\/2022\/08\/HMCCH-Katy_TeamPhoto-250x167.jpg 250w, http:\/\/142.11.238.239\/wp-content\/uploads\/2022\/08\/HMCCH-Katy_TeamPhoto-700x467.jpg 700w, http:\/\/142.11.238.239\/wp-content\/uploads\/2022\/08\/HMCCH-Katy_TeamPhoto-768x512.jpg 768w, http:\/\/142.11.238.239\/wp-content\/uploads\/2022\/08\/HMCCH-Katy_TeamPhoto-1536x1024.jpg 1536w, http:\/\/142.11.238.239\/wp-content\/uploads\/2022\/08\/HMCCH-Katy_TeamPhoto-2048x1365.jpg 2048w, http:\/\/142.11.238.239\/wp-content\/uploads\/2022\/08\/HMCCH-Katy_TeamPhoto-18x12.jpg 18w, http:\/\/142.11.238.239\/wp-content\/uploads\/2022\/08\/HMCCH-Katy_TeamPhoto-120x80.jpg 120w\" sizes=\"(max-width: 250px) 100vw, 250px\" \/><\/a><\/div>\n<div class=\"col-sm-9\">\n<p>Houston Methodist Continuing Care Hospital (HMCCH) is a long-term acute care hospital (LTACH) that focuses on the needs of medically complex patients who require extended hospitalization. The diagnoses of these patients includes respiratory compromise resulting from complex medical comorbidities such as coma, advanced cancer, cardiac issues, transplant status, neurological insult, postoperative sequelae, and many others. HMCCH strives to ensure patients have a functional means of communication and the opportunity to utilize their voices to speak with the medical staff and their family. Using their <span class=\"pm_ws\"><span class=\"pm_ws\">Passy Muir<\/span><\/span><sup>\u00ae<\/sup> Valve (PMV) protocol, they provide patients a means of engaging in their care, helping to ensure patient autonomy and safety.<\/p>\n<\/div>\n<\/div>\n<hr \/>\n<div class=\"row\">\n<h2 class=\"col-sm-12\"><a href=\"http:\/\/142.11.238.239\/es\/laketaylor\/\">Lake Taylor Transitional Care Hospital<\/a><\/h2>\n<\/div>\n<div class=\"row\">\n<div class=\"col-sm-3\"><a href=\"http:\/\/142.11.238.239\/es\/laketaylor\/\"><img decoding=\"async\" title=\"Lake Taylor Transitional Care Hospital\" src=\"\/wp-content\/uploads\/2019\/01\/PMV-photo_LT_Virginia_10.2016_263x.jpg\" alt=\"Lake Taylor Transitional Care Hospital Staff\" \/><\/a><\/div>\n<div class=\"col-sm-9\">\n<p class=\" translation-block\">Lake Taylor Transitional Care Hospital es un hospital independiente de atenci\u00f3n transicional y de cuidados intensivos a largo plazo que gestiona pacientes acomplejados m\u00e9dicamente que requieren ventilaci\u00f3n mec\u00e1nica y pacientes que requieren tiempos de recuperaci\u00f3n prolongados. La V\u00e1lvula <span class=\"pm_ws\"><span class=\"pm_ws\">Passy Muir<\/span><\/span> se utiliza como parte de un enfoque integrado para tratar esta poblaci\u00f3n y apoyar el habla, la degluci\u00f3n y el destete del ventilador.<\/p>\n<\/div>\n<\/div>\n<hr \/>\n<div class=\"row\">\n<h2 class=\"col-sm-12\"><a href=\"http:\/\/142.11.238.239\/es\/madonna\/\">Madonna Rehabilitation Hospital<\/a><\/h2>\n<\/div>\n<div class=\"row\">\n<div class=\"col-sm-3\"><a href=\"http:\/\/142.11.238.239\/es\/madonna\/\"><img decoding=\"async\" title=\"Madonna Rehabilitation Hospital\" src=\"\/wp-content\/uploads\/2019\/01\/madonna_group_0_263x.jpg\" alt=\"Madonna Rehabilitation Hospital Staff\" \/><\/a><\/div>\n<div class=\"col-sm-9\">\n<p class=\" translation-block\">El hospital Madonna Rehabilitation es una de las instalaciones m\u00e1s importantes del pa\u00eds para la investigaci\u00f3n y la rehabilitaci\u00f3n m\u00e9dica. Madonna es l\u00edder nacional en programas de rehabilitaci\u00f3n especializados para lesiones cerebrales traum\u00e1ticas, lesiones de la m\u00e9dula espinal, derrames cerebrales y condiciones pulmonares para adultos y ni\u00f1os de todas las edades. Su modelo de equipo multidisciplinario incorpora el uso de la V\u00e1lvula <span class=\"pm_ws\"><span class=\"pm_ws\">Passy Muir<\/span><\/span> para facilitar el destete del ventilador y la decanulaci\u00f3n de la traqueostom\u00eda en esta poblaci\u00f3n de pacientes.<\/p>\n<\/div>\n<\/div>\n<hr \/>\n<div class=\"row\">\n<h2 class=\"col-sm-12\"><a href=\"http:\/\/142.11.238.239\/es\/nationwide\/\">Nationwide Children\u2019s Hospital<\/a><\/h2>\n<\/div>\n<div class=\"row\">\n<div class=\"col-sm-3\"><a href=\"http:\/\/142.11.238.239\/es\/nationwide\/\"><img decoding=\"async\" title=\"Nationwide Children\u2019s Hospital\" src=\"\/wp-content\/uploads\/2019\/01\/nationwide_photo_263x.jpg\" alt=\"Nationwide Children\u2019s Hospital Staff\" \/><\/a><\/div>\n<div class=\"col-sm-9\">\n<p class=\" translation-block\">Nationwide Children's Hospital es el hospital infantil e instituto pedi\u00e1trico m\u00e1s grande de EE. UU. Su equipo multidisciplinario incorpora el uso de la V\u00e1lvula <span class=\"pm_ws\"><span class=\"pm_ws\">Passy Muir<\/span><\/span> para mejorar los resultados del desarrollo de pacientes de todas las edades. La V\u00e1lvula se utiliza en la unidad de cuidados intensivos neonatales, la unidad de rehabilitaci\u00f3n y todos sus pisos de cuidados intensivos. Los pacientes tambi\u00e9n pueden ser evaluados para el uso de la V\u00e1lvula de forma ambulatoria a trav\u00e9s de la Cl\u00ednica de Otorrinolaringolog\u00eda o la Cl\u00ednica de V\u00edas Respiratorias.<\/p>\n<\/div>\n<\/div>\n<hr \/>\n<div class=\"row\">\n<h2 class=\"col-sm-12\"><a href=\"http:\/\/142.11.238.239\/es\/nwths\/\">Northwest Texas Hospital System<\/a><\/h2>\n<\/div>\n<div class=\"row\">\n<div class=\"col-sm-3\"><a href=\"http:\/\/142.11.238.239\/es\/nwths\/\"><img decoding=\"async\" title=\"Northwest Texas Hospital System\" src=\"\/wp-content\/uploads\/2021\/01\/RT_team_NWTHS-resized.jpg\" alt=\"Northwest Texas Hospital System Staff\" \/><\/a><\/div>\n<div class=\"col-sm-9\">\n<p class=\" translation-block\">Northwest Texas Healthcare System es una instalaci\u00f3n de cuidados intensivos y un centro de traumatolog\u00eda con un equipo de traqueotom\u00eda interdisciplinario dirigido por m\u00e9dicos que utiliza la V\u00e1lvula <span class=\"pm_ws\"><span class=\"pm_ws\">Passy Muir<\/span><\/span> para brindar atenci\u00f3n colaborativa a pacientes con traqueotom\u00eda y que requieren ventilaci\u00f3n mec\u00e1nica. Realizan estudios de investigaci\u00f3n y recopilan datos relacionados con las traqueotom\u00edas y el uso de la V\u00e1lvula <span class=\"pm_ws\"><span class=\"pm_ws\">Passy Muir<\/span><\/span>.<\/p>\n<\/div>\n<\/div>\n<hr \/>\n<div class=\"row\">\n<h2 class=\"col-sm-12\"><a href=\"http:\/\/142.11.238.239\/es\/phs\/\">Pediatric Home Service<\/a><\/h2>\n<\/div>\n<div class=\"row\">\n<div class=\"col-sm-3\"><a href=\"http:\/\/142.11.238.239\/es\/phs\/\"><img decoding=\"async\" title=\"Pediatric Home Service\" src=\"\/wp-content\/uploads\/2019\/01\/phs_group2_0_263x.jpg\" alt=\"Pediatric Home Service Staff\" \/><\/a><\/div>\n<div class=\"col-sm-9\">\n<p class=\" translation-block\">Pediatric Home Service es una empresa independiente de atenci\u00f3n m\u00e9dica domiciliaria especializada en ni\u00f1os. Atienden a beb\u00e9s, ni\u00f1os y adolescentes con traqueotom\u00eda o requieren ventilaci\u00f3n mec\u00e1nica. Utilizan un enfoque interdisciplinario para brindar apoyo, recursos y tecnolog\u00eda, incluido el uso de la V\u00e1lvula <span class=\"pm_ws\"><span class=\"pm_ws\">Passy Muir<\/span><\/span> para enfocar la comunicaci\u00f3n, la degluci\u00f3n, la decanulaci\u00f3n y el destete del ventilador.<\/p>\n<\/div>\n<\/div>\n<hr \/>\n<div class=\"row\">\n<h2 class=\"col-sm-12\"><a href=\"http:\/\/142.11.238.239\/es\/pamvegas\/\">Post Acute Medical Specialty Hospital of Vegas<\/a><\/h2>\n<\/div>\n<div class=\"row\">\n<div class=\"col-sm-3\"><a href=\"http:\/\/142.11.238.239\/es\/pamvegas\/\"><img decoding=\"async\" title=\"Post Acute Medical Specialty Hospital of Vegas\" src=\"\/wp-content\/uploads\/2021\/01\/PAM-vegas_team-resized.jpg\" alt=\"Post Acute Medical Specialty Hospital of Vegas Staff\" \/><\/a><\/div>\n<div class=\"col-sm-9\">\n<p class=\" translation-block\">Post Acute Medical Specialty Hospital of Vegas es un hospital de cuidados agudos a largo plazo (LTACH) que ofrece servicios post-agudos de alta calidad que fomentan una mejor\u00eda y recuperaciones significativas para las personas con lesiones, enfermedades y discapacidades. Su equipo es un apasionado de brindar a los pacientes m\u00e9dicamente acomplejados la mejor oportunidad de recuperaci\u00f3n al brindar una intervenci\u00f3n temprana y agresiva en el entorno de cuidados cr\u00edticos, que incluye el uso de intervenci\u00f3n temprana de la V\u00e1lvula <span class=\"pm_ws\"><span class=\"pm_ws\">Passy Muir<\/span><\/span> para promover la comunicaci\u00f3n efectiva, el destete del ventilador y la traqueotom\u00eda y una mejor funci\u00f3n de degluci\u00f3n.<\/p>\n<\/div>\n<\/div>\n<hr \/>\n<div class=\"row\">\n<h2 class=\"col-sm-12\"><a href=\"http:\/\/142.11.238.239\/es\/silvercrest\/\">Silvercrest Center for Nursing and Rehabilitation<\/a><\/h2>\n<\/div>\n<div class=\"row\">\n<div class=\"col-sm-3\"><a href=\"http:\/\/142.11.238.239\/es\/silvercrest\/\"><img decoding=\"async\" title=\"Silvercrest Center for Nursing and Rehabilitation\" src=\"\/wp-content\/uploads\/2019\/01\/group_silvercrest_263x.jpg\" alt=\"Silvercrest Center for Nursing and Rehabilitation Staff\" \/><\/a><\/div>\n<div class=\"col-sm-9\">\n<p class=\" translation-block\">Silvercrest Center for Nursing and Rehabilitation es un centro de atenci\u00f3n ambulatoria, a largo plazo y subagudo. La V\u00e1lvula <span class=\"pm_ws\"><span class=\"pm_ws\">Passy Muir<\/span><\/span> se utiliza como parte de un enfoque interdisciplinario para mejorar la comunicaci\u00f3n, la degluci\u00f3n y la calidad de vida en pacientes acomplejados m\u00e9dicamente con traqueotom\u00eda o que requieren ventilaci\u00f3n mec\u00e1nica. Tambi\u00e9n utilizan la V\u00e1lvula como parte del proceso de destete y decanulaci\u00f3n.<\/p>\n<\/div>\n<\/div>\n<hr \/>\n<div class=\"row\">\n<h2 class=\"col-sm-12\"><a href=\"http:\/\/142.11.238.239\/es\/silverlake\/\">Silver Lake Specialized Care Center<\/a><\/h2>\n<\/div>\n<div class=\"row\">\n<div class=\"col-sm-3\"><a href=\"http:\/\/142.11.238.239\/es\/silverlake\/\"><img decoding=\"async\" title=\"Silver Lake Specialized Care Center\" src=\"\/wp-content\/uploads\/2019\/01\/silverlake_staff_0_263x.jpg\" alt=\"Silver Lake Specialized Care Center Staff\" \/><\/a><\/div>\n<div class=\"col-sm-9\">\n<p class=\" translation-block\">Silver Lake Specialized Care Center es un centro de enfermer\u00eda especializada en Nueva York que desarroll\u00f3 la primera unidad de ventilaci\u00f3n para atender a pacientes con traqueotom\u00edas y para aquellos que requieren ventilaci\u00f3n mec\u00e1nica en este tipo de entorno. Silver Lake se compromete a rehabilitar a todos los pacientes a su m\u00e1ximo potencial, y la V\u00e1lvula <span class=\"pm_ws\"><span class=\"pm_ws\">Passy Muir<\/span><\/span> ha sido una parte integral de su programa para facilitar el destete del ventilador, aumentar la comunicaci\u00f3n y la degluci\u00f3n, y mejorar la calidad de vida.<\/p>\n<\/div>\n<\/div>\n<hr \/>\n<div class=\"row\">\n<h2 class=\"col-sm-12\"><a href=\"http:\/\/142.11.238.239\/es\/stmarys\/\">St. Mary&#8217;s Hospital for Children<\/a><\/h2>\n<\/div>\n<div class=\"row\">\n<div class=\"col-sm-3\"><a href=\"http:\/\/142.11.238.239\/es\/stmarys\/\"><img decoding=\"async\" title=\"St. Mary's Hospital for Children\" src=\"\/wp-content\/uploads\/2021\/01\/Teamphoto_St-Marys-resized.jpg\" alt=\"St. Mary's Hospital for Children Staff\" \/><\/a><\/div>\n<div class=\"col-sm-9\">\n<p class=\" translation-block\">St. Mary's Hospital for Children es un centro de rehabilitaci\u00f3n pedi\u00e1trica y atenci\u00f3n a largo plazo que brinda atenci\u00f3n a ni\u00f1os desde el nacimiento hasta los 21 a\u00f1os de edad con m\u00faltiples complejidades m\u00e9dicas. Su equipo interdisciplinario utiliza la V\u00e1lvula <span class=\"pm_ws\"><span class=\"pm_ws\">Passy Muir<\/span><\/span> (PMV) para tratar a ni\u00f1os con traqueotom\u00edas y dependencia ventilatoria con el objetivo de destete y decanulaci\u00f3n. Tambi\u00e9n organizan educaci\u00f3n continua en toda la instalaci\u00f3n sobre el uso de PMV y c\u00f3mo la V\u00e1lvula puede beneficiar a\u00fan m\u00e1s a la poblaci\u00f3n pedi\u00e1trica m\u00e9dicamente acomplejada.<\/p>\n<\/div>\n<\/div>\n<hr \/>\n<div class=\"row\">\n<h2 class=\"col-sm-12\"><a href=\"http:\/\/142.11.238.239\/es\/swiss_paraplegic\/\">Swiss Paraplegic Centre<\/a><\/h2>\n<\/div>\n<div class=\"row\">\n<div class=\"col-sm-3\"><a href=\"http:\/\/142.11.238.239\/es\/swiss_paraplegic\/\"><img decoding=\"async\" title=\"Swiss Paraplegic Centre\" src=\"\/wp-content\/uploads\/2019\/01\/swiss_paraplegic_0_263x.jpg\" alt=\"Swiss Paraplegic Centre Staff\" \/><\/a><\/div>\n<div class=\"col-sm-9\">\n<p class=\" translation-block\">El Swiss Paraplegic Center en Nottwil, Suiza, brinda atenci\u00f3n de por vida a pacientes con lesiones de la m\u00e9dula espinal y enfermedades neurol\u00f3gicas similares. Su equipo interdisciplinario fomenta el uso temprano de la V\u00e1lvula <span class=\"pm_ws\"><span class=\"pm_ws\">Passy Muir<\/span><\/span> en el proceso de rehabilitaci\u00f3n para mejorar la comunicaci\u00f3n, la degluci\u00f3n, el destete y decanulaci\u00f3n del ventilador y la calidad de vida. La V\u00e1lvula tambi\u00e9n se utiliza en el tratamiento de pacientes con un destete prolongado o fallido del ventilador.<\/p>\n<\/div>\n<\/div>","protected":false},"excerpt":{"rendered":"Centers of Excellence Because <span class=\"pm_ws\"><span class=\"pm_ws\">Passy Muir<\/span><\/span><sup>\u00ae<\/sup> Valves decrease recovery time and enhance the quality of life of patients, <span class=\"pm_ws\">Passy Muir<\/span> honors the facilities that, over the years, have utilized <span class=\"pmv_ws\"><span class=\"pm_ws\"><span class=\"pm_ws\">Passy Muir<\/span><\/span> Valves<\/span> as their standard of care for their patients with tracheostomy and ventilator dependence. The <span class=\"pm_ws\">Passy Muir<\/span> Centers of Excellence Program was developed in [&hellip;]","protected":false},"author":6,"featured_media":690,"parent":0,"menu_order":0,"comment_status":"closed","ping_status":"closed","template":"","meta":[],"yst_prominent_words":[338,4468,4422,290,345,4423,4420,4424,4421,273,414,3812,275,65,72,274,62,272,1991],"_links":{"self":[{"href":"http:\/\/142.11.238.239\/es\/wp-json\/wp\/v2\/pages\/707"}],"collection":[{"href":"http:\/\/142.11.238.239\/es\/wp-json\/wp\/v2\/pages"}],"about":[{"href":"http:\/\/142.11.238.239\/es\/wp-json\/wp\/v2\/types\/page"}],"author":[{"embeddable":true,"href":"http:\/\/142.11.238.239\/es\/wp-json\/wp\/v2\/users\/6"}],"replies":[{"embeddable":true,"href":"http:\/\/142.11.238.239\/es\/wp-json\/wp\/v2\/comments?post=707"}],"version-history":[{"count":31,"href":"http:\/\/142.11.238.239\/es\/wp-json\/wp\/v2\/pages\/707\/revisions"}],"predecessor-version":[{"id":17761,"href":"http:\/\/142.11.238.239\/es\/wp-json\/wp\/v2\/pages\/707\/revisions\/17761"}],"wp:featuredmedia":[{"embeddable":true,"href":"http:\/\/142.11.238.239\/es\/wp-json\/wp\/v2\/media\/690"}],"wp:attachment":[{"href":"http:\/\/142.11.238.239\/es\/wp-json\/wp\/v2\/media?parent=707"}],"wp:term":[{"taxonomy":"yst_prominent_words","embeddable":true,"href":"http:\/\/142.11.238.239\/es\/wp-json\/wp\/v2\/yst_prominent_words?post=707"}],"curies":[{"name":"wp","href":"https:\/\/api.w.org\/{rel}","templated":true}]}}