{"id":7103,"date":"2018-12-03T10:55:28","date_gmt":"2018-12-03T18:55:28","guid":{"rendered":"http:\/\/pmtest.passy-muir.com\/?page_id=7103"},"modified":"2023-05-11T06:14:24","modified_gmt":"2023-05-11T13:14:24","slug":"deutsch","status":"publish","type":"page","link":"http:\/\/142.11.238.239\/es\/deutsch\/","title":{"rendered":"Alem\u00e1n"},"content":{"rendered":"<div class=\"slideshowContainer\"><img decoding=\"async\" alt=\"branding bar\" class=\"gradient-top\" style=\"vertical-align: bottom;\" src=\"\/wp-content\/uploads\/2017\/07\/branding_bar_top_new.jpg\"\/><\/div>\n<div class=\"l3-header-con banner\">\n<div class=\"l3-header-icon\">\n\t\t<img decoding=\"async\"  src=\"\/wp-content\/uploads\/2018\/09\/International.png\" alt=\"international\" \/>\n\t<\/div>\n<div class=\"l3-header-text\">INTERNATIONALE H\u00c4NDLER<\/div>\n<\/div>\n<h3><span class=\"pm_ws\">Passy Muir<\/span><sup>\u00ae<\/sup> Tracheotomie &#038; Ventilator Schluck- und Sprechventile<\/h3>\n<div class=\"i18n_preface_dutch i18n_preface\">\n\t<span class=\"i18n_preface_dutch i18n_preface\"><span class=\"pm_ws\">Passy Muir<\/span> Tracheotomie &#038; Ventilator Schluck- und Sprechventile wurden entwickelt, um die Notwendigkeit eines Fingerverschlusses bei Patienten mit Tracheostomiekan\u00fclen zu beseitigen und gleichzeitig die verbale Kommunikation des Patienten zu erm\u00f6glichen. <span class=\"pm_ws\">Passy Muir<\/span> Ventile wurden entwickelt, um Patienten mit Tracheotomien und Abh\u00e4ngigkeit von Beatmungsger\u00e4ten es zu erlauben normaler sprechen zu k\u00f6nnen. Die Forschung hat jedoch weitere wichtige Vorteile bei der Verwendung des Ventils best\u00e4tigt:<\/span>\n<\/div>\n<div class=\"\">\n<div class=\"row\">\n<div class=\"col-lg-6\">\n<ul class=\"i18n_benefits_dutch i18n_benefits\">\n<li>Positiver Verschluss ohne Leckage<\/li>\n<li>Stellt ein geschlossenes Atmungssystem wieder her<\/li>\n<li>Verbessert die Sprachproduktion<\/li>\n<li>Verbessert das Schlucken und kann die Aspiration reduzieren<\/li>\n<li>Erleichtert das Sekretmanagement<\/li>\n<li>Erleichtert das Entw\u00f6hnen<\/li>\n<li>Beschleunigt die Dekannulation<\/li>\n<li>Verbessert den Geruchssinn<\/li>\n<li>F\u00f6rdert eine bessere Hygiene<\/li>\n<li>Ventilatoranwendung<\/li>\n<\/ul>\n<h3>Weitere Informationen:<\/h3>\n<div class=\"i18n_contact-info_dutch i18n_contact-info\">\n\t\t\t\tTelefon: 001 (949) 833-8255<br \/>\n\t\t\t\tTelefax: 001 (949) 833-8299<br \/>\n\t\t\t\tE-Mail: info@passymuir.com\n\t\t\t<\/div>\n<h3>Internationale Anleitungen:<\/h3>\n<p>\t\t\t<a href=\"\/wp-content\/uploads\/2023\/03\/IBV-I-R0718-1.pdf#page=16\"><\/p>\n<div class=\"i18n_container\">\n<div class=\"i18n_pdf-image\">\n\t\t\t\t\t\t<img decoding=\"async\" alt=\"PDF icon\" src=\"\/wp-content\/uploads\/2018\/12\/pdf_icon-e1543962462296.png\"\/>\n\t\t\t\t\t<\/div>\n<div class=\"i18n_pdf\">\n\t\t\t\t\t\tAnleitungsheft f\u00fcr PMV 005, 007, 2000, 2001\n\t\t\t\t\t<\/div>\n<\/p><\/div>\n<p>\t\t\t<\/a><br \/>\n\t\t\t<a href=\"\/wp-content\/uploads\/2023\/03\/PMA-2000-I-R0718-1_comp_alt.pdf#page=14\"><\/p>\n<div class=\"i18n_container\">\n<div class=\"i18n_pdf-image\">\n\t\t\t\t\t\t<img decoding=\"async\" alt=\"PDF icon\" src=\"\/wp-content\/uploads\/2018\/12\/pdf_icon-e1543962462296.png\"\/>\n\t\t\t\t\t<\/div>\n<div class=\"i18n_pdf\">\n\t\t\t\t\t\tAnleitungsheft f\u00fcr PMA 2000\n\t\t\t\t\t<\/div>\n<\/p><\/div>\n<p>\t\t\t<\/a>\n\t\t<\/div>\n<p>\t\t\t<a href=\"\/wp-content\/uploads\/2023\/03\/IB-2020-I-R0718-1.pdf#page=5\"><\/p>\n<div class=\"i18n_container\">\n<div class=\"i18n_pdf-image\">\n\t\t\t\t\t\t<img decoding=\"async\" alt=\"PDF icon\" src=\"\/wp-content\/uploads\/2018\/12\/pdf_icon-e1543962462296.png\"\/>\n\t\t\t\t\t<\/div>\n<div class=\"i18n_pdf\">\n\t\t\t\t\t\tAnleitungsheft f\u00fcr PMV 2020\n\t\t\t\t\t<\/div>\n<\/p><\/div>\n<p>\t\t\t<\/a>\n\t\t<\/div>\n<div class=\"col-md-6\">\n<div class=\"iframe-container\">\n\t\t\t\t<iframe loading=\"lazy\" title=\"Normal Physiology-Respiration and Swallow\" width=\"900\" height=\"506\" src=\"https:\/\/www.youtube.com\/embed\/IUvfAsBnn9g?list=PL5EC242553F765921\" frameborder=\"0\" allow=\"accelerometer; autoplay; clipboard-write; encrypted-media; gyroscope; picture-in-picture; web-share\" allowfullscreen><\/iframe>\n\t\t\t<\/div>\n<\/p><\/div>\n<\/p><\/div>\n<\/div>","protected":false},"excerpt":{"rendered":"Distribuidores internacionales","protected":false},"author":6,"featured_media":4152,"parent":0,"menu_order":0,"comment_status":"closed","ping_status":"closed","template":"","meta":[],"yst_prominent_words":[874,851,875,848,873,876,72,871,869,866,867,864,862,861,870,868,865,863,847,844],"_links":{"self":[{"href":"http:\/\/142.11.238.239\/es\/wp-json\/wp\/v2\/pages\/7103"}],"collection":[{"href":"http:\/\/142.11.238.239\/es\/wp-json\/wp\/v2\/pages"}],"about":[{"href":"http:\/\/142.11.238.239\/es\/wp-json\/wp\/v2\/types\/page"}],"author":[{"embeddable":true,"href":"http:\/\/142.11.238.239\/es\/wp-json\/wp\/v2\/users\/6"}],"replies":[{"embeddable":true,"href":"http:\/\/142.11.238.239\/es\/wp-json\/wp\/v2\/comments?post=7103"}],"version-history":[{"count":18,"href":"http:\/\/142.11.238.239\/es\/wp-json\/wp\/v2\/pages\/7103\/revisions"}],"predecessor-version":[{"id":18744,"href":"http:\/\/142.11.238.239\/es\/wp-json\/wp\/v2\/pages\/7103\/revisions\/18744"}],"wp:featuredmedia":[{"embeddable":true,"href":"http:\/\/142.11.238.239\/es\/wp-json\/wp\/v2\/media\/4152"}],"wp:attachment":[{"href":"http:\/\/142.11.238.239\/es\/wp-json\/wp\/v2\/media?parent=7103"}],"wp:term":[{"taxonomy":"yst_prominent_words","embeddable":true,"href":"http:\/\/142.11.238.239\/es\/wp-json\/wp\/v2\/yst_prominent_words?post=7103"}],"curies":[{"name":"wp","href":"https:\/\/api.w.org\/{rel}","templated":true}]}}