{"id":7118,"date":"2018-12-03T12:17:03","date_gmt":"2018-12-03T20:17:03","guid":{"rendered":"http:\/\/pmtest.passy-muir.com\/?page_id=7118"},"modified":"2023-04-10T11:30:19","modified_gmt":"2023-04-10T18:30:19","slug":"espanol","status":"publish","type":"page","link":"http:\/\/142.11.238.239\/es\/espanol\/","title":{"rendered":"Espa\u00f1ol"},"content":{"rendered":"<div class=\"slideshowContainer\"><img decoding=\"async\" alt=\"branding bar\" class=\"gradient-top\" style=\"vertical-align: bottom;\" src=\"\/wp-content\/uploads\/2017\/07\/branding_bar_top_new.jpg\"\/><\/div>\n<div class=\"l3-header-con banner\">\n<div class=\"l3-header-icon\">\n\t\t<img decoding=\"async\"  src=\"\/wp-content\/uploads\/2018\/09\/International.png\" alt=\"international\" \/>\n\t<\/div>\n<div class=\"l3-header-text\">DISTRIBUIDORES INTERNACIONALES<\/div>\n<\/div>\n<h3>V\u00e1lvulas <span class=\"pm_ws\">Passy Muir<\/span><sup>\u00ae<\/sup> para tragar y hablar con traqueotom\u00eda y ventilador<\/h3>\n<div class=\"i18n_preface_spanish i18n_preface\">\n\t<span class=\"i18n_preface_spanish i18n_preface\">Las v\u00e1lvulas <span class=\"pm_ws\">Passy Muir<\/span> para tragar y hablar con traqueotom\u00eda y ventilador est\u00e1n dise\u00f1adas para eliminar la necesidad de oclusi\u00f3n con los dedos para pacientes con un tubo de traqueotom\u00eda a la vez que permiten la comunicaci\u00f3n verbal del paciente. Las v\u00e1lvulas <span class=\"pm_ws\">Passy Muir<\/span> se desarrollaron para permitir que los pacientes con traqueotom\u00eda y dependientes de ventilador hablaran con mayor normalidad. Sin embargo, los estudios han validado beneficios importantes adicionales con el uso de la v\u00e1lvula:<\/span>\n<\/div>\n<div class=\"\">\n<div class=\"row\">\n<div class=\"col-lg-6\">\n<ul class=\"i18n_benefits_spanish i18n_benefits\">\n<li>Dise\u00f1o de cierre positivo sin fugas<\/li>\n<li>Restablecimiento de un sistema respiratorio cerrado<\/li>\n<li>Mejora de la producci\u00f3n de habla<\/li>\n<li>Mejora de la degluci\u00f3n y posible reducci\u00f3n de la aspiraci\u00f3n<\/li>\n<li>Facilita el control de las secreciones<\/li>\n<li>Facilita la alimentaci\u00f3n con s\u00f3lidos<\/li>\n<li>Acelera la descanulizaci\u00f3n<\/li>\n<li>Mejora el olfato<\/li>\n<li>Promueve una mejor higiene<\/li>\n<li>Aplicaci\u00f3n del ventilador<\/li>\n<\/ul>\n<h3>M\u00e1s informaci\u00f3n:<\/h3>\n<div class=\"i18n_contact-info_spanish i18n_contact-info\">\n\t\t\t\tTel\u00e9fono: +1 (949) 833-8255<br \/>\n\t\t\t\tFax: +1 (949) 833-8299<br \/>\n\t\t\t\tCorreo electr\u00f3nico: info@passymuir.com\n\t\t\t<\/div>\n<h3>Instrucciones internacionales:<\/h3>\n<p>\t\t\t<a href=\"\/wp-content\/uploads\/2023\/03\/IBV-I-R0718-1.pdf#page=23\"><\/p>\n<div class=\"i18n_container\">\n<div class=\"i18n_pdf-image\">\n\t\t\t\t\t\t<img decoding=\"async\" alt=\"PDF icon\" src=\"\/wp-content\/uploads\/2018\/12\/pdf_icon-e1543962462296.png\"\/>\n\t\t\t\t\t<\/div>\n<div class=\"i18n_pdf\">\n\t\t\t\t\t\tFolleto instructivo para PMV 005, 007, 2000, 2001\n\t\t\t\t\t<\/div>\n<\/p><\/div>\n<p>\t\t\t<\/a><br \/>\n<a href=\"\/wp-content\/uploads\/2023\/03\/PMA-2000-I-R0718-1_comp_alt.pdf#page=6\"><\/p>\n<div class=\"i18n_container\">\n<div class=\"i18n_pdf-image\">\n\t\t\t\t\t\t<img decoding=\"async\" alt=\"PDF icon\" src=\"\/wp-content\/uploads\/2018\/12\/pdf_icon-e1543962462296.png\"\/>\n\t\t\t\t\t<\/div>\n<div class=\"i18n_pdf\">\n\t\t\t\t\t\tFolleto instructivo para PMA 2000\n\t\t\t\t\t<\/div>\n<\/p><\/div>\n<p>\t\t\t<\/a><br \/>\n\t\t\t<a href=\"\/wp-content\/uploads\/2023\/03\/IB-2020-I-R0718-1.pdf#page=20\"><\/p>\n<div class=\"i18n_container\">\n<div class=\"i18n_pdf-image\">\n\t\t\t\t\t\t<img decoding=\"async\" alt=\"PDF icon\" src=\"\/wp-content\/uploads\/2018\/12\/pdf_icon-e1543962462296.png\"\/>\n\t\t\t\t\t<\/div>\n<div class=\"i18n_pdf\">\n\t\t\t\t\t\tFolleto instructivo para PMV 2020\n\t\t\t\t\t<\/div>\n<\/p><\/div>\n<p>\t\t\t<\/a>\n\t\t<\/div>\n<div class=\"col-lg-6\">\n<div class=\"iframe-container\">\n\t\t\t\t<iframe loading=\"lazy\" title=\"Normal Physiology-Respiration and Swallow\" width=\"900\" height=\"506\" src=\"https:\/\/www.youtube.com\/embed\/IUvfAsBnn9g?list=PL5EC242553F765921\" frameborder=\"0\" allow=\"accelerometer; autoplay; clipboard-write; encrypted-media; gyroscope; picture-in-picture; web-share\" allowfullscreen><\/iframe>\n\t\t\t<\/div>\n<\/p><\/div>\n<\/p><\/div>\n<\/div>","protected":false},"excerpt":{"rendered":"Distribuidores internacionales","protected":false},"author":6,"featured_media":4152,"parent":0,"menu_order":0,"comment_status":"closed","ping_status":"closed","template":"","meta":[],"yst_prominent_words":[982,980,962,993,986,979,975,988,981,983,976,972,984,977,973,987,989,985,978,974],"_links":{"self":[{"href":"http:\/\/142.11.238.239\/es\/wp-json\/wp\/v2\/pages\/7118"}],"collection":[{"href":"http:\/\/142.11.238.239\/es\/wp-json\/wp\/v2\/pages"}],"about":[{"href":"http:\/\/142.11.238.239\/es\/wp-json\/wp\/v2\/types\/page"}],"author":[{"embeddable":true,"href":"http:\/\/142.11.238.239\/es\/wp-json\/wp\/v2\/users\/6"}],"replies":[{"embeddable":true,"href":"http:\/\/142.11.238.239\/es\/wp-json\/wp\/v2\/comments?post=7118"}],"version-history":[{"count":14,"href":"http:\/\/142.11.238.239\/es\/wp-json\/wp\/v2\/pages\/7118\/revisions"}],"predecessor-version":[{"id":18587,"href":"http:\/\/142.11.238.239\/es\/wp-json\/wp\/v2\/pages\/7118\/revisions\/18587"}],"wp:featuredmedia":[{"embeddable":true,"href":"http:\/\/142.11.238.239\/es\/wp-json\/wp\/v2\/media\/4152"}],"wp:attachment":[{"href":"http:\/\/142.11.238.239\/es\/wp-json\/wp\/v2\/media?parent=7118"}],"wp:term":[{"taxonomy":"yst_prominent_words","embeddable":true,"href":"http:\/\/142.11.238.239\/es\/wp-json\/wp\/v2\/yst_prominent_words?post=7118"}],"curies":[{"name":"wp","href":"https:\/\/api.w.org\/{rel}","templated":true}]}}