{"id":7123,"date":"2018-12-03T12:46:53","date_gmt":"2018-12-03T20:46:53","guid":{"rendered":"http:\/\/pmtest.passy-muir.com\/?page_id=7123"},"modified":"2023-04-10T11:33:30","modified_gmt":"2023-04-10T18:33:30","slug":"french","status":"publish","type":"page","link":"http:\/\/142.11.238.239\/es\/french\/","title":{"rendered":"Franc\u00e9s"},"content":{"rendered":"<div class=\"slideshowContainer\"><img decoding=\"async\" alt=\"branding bar\" class=\"gradient-top\" style=\"vertical-align: bottom;\" src=\"\/wp-content\/uploads\/2017\/07\/branding_bar_top_new.jpg\" \/><\/div>\n<div class=\"l3-header-con banner\">\n<div class=\"l3-header-icon\"><img decoding=\"async\" src=\"\/wp-content\/uploads\/2018\/09\/International.png\" alt=\"international\" \/><\/div>\n<div class=\"l3-header-text\">DISTRIBUTEURS INTERNATIONAUX<\/div>\n<\/div>\n<h3>Les valves <span class=\"pm_ws\">Passy Muir<\/span><sup>\u00ae<\/sup> de d\u00e9glutition et de phonation pour Trach\u00e9ostomie et Ventilateur<\/h3>\n<div class=\"i18n_preface_french i18n_preface\"><span class=\"i18n_preface_french i18n_preface\">Les valves <span class=\"pm_ws\">Passy Muir<\/span> de d\u00e9glutition et de phonation pour Trach\u00e9ostomie et Ventilateur sont con\u00e7ues pour \u00e9liminer la n\u00e9cessit\u00e9 d\u2019une occlusion digitale chez les patients composant avec une canule de trach\u00e9ostomie tout en leurs permettant de la communication verbale. Les valves Passy-Muir ont \u00e9t\u00e9 con\u00e7ues pour permettre aux patients trach\u00e9otomis\u00e9s et d\u00e9pendant de l\u2019assistance ventilatoire de parler plus normalement. Cependant, la recherche a valid\u00e9 d\u2019autres avantages importants avec l\u2019utilisation de la Valve:<\/span><\/div>\n<div class=\"\">\n<div class=\"row\">\n<div class=\"col-lg-6\">\n<ul class=\"i18n_benefits_french i18n_benefits\">\n<li>Conception \u00e0 fermeture positive sans fuites<\/li>\n<li>Restaure un syst\u00e8me respiratoire ferm\u00e9<\/li>\n<li>Am\u00e9liore la production vocale<\/li>\n<li>Am\u00e9liore la d\u00e9glutition et peut r\u00e9duire l\u2019aspiration<\/li>\n<li>Favorise la prise en charge des secr\u00e9tions<\/li>\n<li>Favorise le sevrage<\/li>\n<li>Acc\u00e9l\u00e8re la d\u00e9canulation<\/li>\n<li>Am\u00e9liore l\u2019olfaction<\/li>\n<li>Stimule une meilleure hygi\u00e8ne<\/li>\n<li>Dispositif pour Ventilateur<\/li>\n<\/ul>\n<h3>Pour plus d\u2019informations:<\/h3>\n<div class=\"i18n_contact-info_french i18n_contact-info\">T\u00e9l\u00e9phone: +1.949.833.8255<br \/>\nT\u00e9l\u00e9copie: +1.949.833.8299<br \/>\nCourrier \u00e9lectronique: info@passymuir.com<\/div>\n<h3>Directives internationales:<\/h3>\n<p>&nbsp;<br \/>\n<a href=\"\/wp-content\/uploads\/2023\/03\/IBV-I-R0718-1.pdf#page=10\"><\/p>\n<div class=\"i18n_container\">\n<div class=\"i18n_pdf-image\"><img decoding=\"async\" alt=\"PDF icon\" src=\"\/wp-content\/uploads\/2018\/12\/pdf_icon-e1543962462296.png\" \/><\/div>\n<div class=\"i18n_pdf\">Livret p\u00e9dagogique pour PMV 005, 007, 2000, 2001<\/div>\n<\/div>\n<p><\/a><br \/>\n&nbsp;<br \/>\n<a href=\"\/wp-content\/uploads\/2023\/03\/IB-2020-I-R0718-1.pdf#page=8\"><\/p>\n<div class=\"i18n_container\">\n<div class=\"i18n_pdf-image\"><img decoding=\"async\" alt=\"PDF icon\" src=\"\/wp-content\/uploads\/2018\/12\/pdf_icon-e1543962462296.png\" \/><\/div>\n<div class=\"i18n_pdf\">Livret p\u00e9dagogique pour PMV 2020<\/div>\n<\/div>\n<p><\/a><br \/>\n&nbsp;<br \/>\n<a href=\"\/wp-content\/uploads\/2023\/03\/PMA-2000-I-R0718-1_comp_alt.pdf#page=3\"><\/p>\n<div class=\"i18n_container\">\n<div class=\"i18n_pdf-image\"><img decoding=\"async\" alt=\"PDF icon\" src=\"\/wp-content\/uploads\/2018\/12\/pdf_icon-e1543962462296.png\" \/><\/div>\n<div class=\"i18n_pdf\">Livret p\u00e9dagogique pour PMA 2000<\/div>\n<\/div>\n<p><\/a><br \/>\n&nbsp;\n<\/div>\n<div class=\"col-lg-6\">\n<div class=\"iframe-container\">\n<p><iframe loading=\"lazy\" title=\"Normal Physiology-Respiration and Swallow\" width=\"900\" height=\"506\" src=\"https:\/\/www.youtube.com\/embed\/IUvfAsBnn9g?list=PL5EC242553F765921\" frameborder=\"0\" allow=\"accelerometer; autoplay; clipboard-write; encrypted-media; gyroscope; picture-in-picture; web-share\" allowfullscreen><\/iframe><\/p>\n<\/div>\n<\/div>\n<\/div>\n<\/div>","protected":false},"excerpt":{"rendered":"Distribuidores internacionales","protected":false},"author":6,"featured_media":4152,"parent":0,"menu_order":0,"comment_status":"closed","ping_status":"closed","template":"","meta":[],"yst_prominent_words":[1031,1029,1028,1126,1123,1120,1032,1030,1118,1033,1122,1119,1015,1014,1040,1039,1124,1121,1125,1016],"_links":{"self":[{"href":"http:\/\/142.11.238.239\/es\/wp-json\/wp\/v2\/pages\/7123"}],"collection":[{"href":"http:\/\/142.11.238.239\/es\/wp-json\/wp\/v2\/pages"}],"about":[{"href":"http:\/\/142.11.238.239\/es\/wp-json\/wp\/v2\/types\/page"}],"author":[{"embeddable":true,"href":"http:\/\/142.11.238.239\/es\/wp-json\/wp\/v2\/users\/6"}],"replies":[{"embeddable":true,"href":"http:\/\/142.11.238.239\/es\/wp-json\/wp\/v2\/comments?post=7123"}],"version-history":[{"count":24,"href":"http:\/\/142.11.238.239\/es\/wp-json\/wp\/v2\/pages\/7123\/revisions"}],"predecessor-version":[{"id":18589,"href":"http:\/\/142.11.238.239\/es\/wp-json\/wp\/v2\/pages\/7123\/revisions\/18589"}],"wp:featuredmedia":[{"embeddable":true,"href":"http:\/\/142.11.238.239\/es\/wp-json\/wp\/v2\/media\/4152"}],"wp:attachment":[{"href":"http:\/\/142.11.238.239\/es\/wp-json\/wp\/v2\/media?parent=7123"}],"wp:term":[{"taxonomy":"yst_prominent_words","embeddable":true,"href":"http:\/\/142.11.238.239\/es\/wp-json\/wp\/v2\/yst_prominent_words?post=7123"}],"curies":[{"name":"wp","href":"https:\/\/api.w.org\/{rel}","templated":true}]}}