{"id":767,"date":"2017-05-09T16:37:52","date_gmt":"2017-05-09T16:37:52","guid":{"rendered":"http:\/\/localhost:8080\/mywordpress\/seminars\/"},"modified":"2023-06-28T13:22:10","modified_gmt":"2023-06-28T20:22:10","slug":"seminars","status":"publish","type":"page","link":"http:\/\/142.11.238.239\/es\/seminars\/","title":{"rendered":"Seminarios"},"content":{"rendered":"<div class=\"l2-header-con no-banner\">\n<div class=\"l2-header-icon\"><img decoding=\"async\" title=\"Passy Muir 2019 Seminars\" src=\"\/wp-content\/uploads\/2019\/01\/Seminars_100x100.png\" alt=\"seminar\" \/><\/div>\n<div class=\"l2-header-text test no-banner\">\n<h1 class=\"header_nobanner_nostyle\">Seminarios<\/h1>\n<\/div>\n<\/div>\n<div style=\"clear: both;\"><\/div>\n<div id=\"content_spacer\">\n\n<\/div>\n<h2><span class=\"pm_ws\">Passy Muir<\/span> Seminarios En Vivo<\/h2>\n<p class=\"education_description\">Offered for CEU credit, and hosted by our expert clinical specialists, these live seminars provide clinical information regarding tracheostomy, including the physiologic impact of tracheostomy on a patient\u2019s respiratory, speech, and swallowing functions. Clinicians will learn step-by-step strategies to assess for the use of a no-leak speaking Valve to restore communication, improve swallowing, improve secretion management, and restore subglottic pressure in adults and children who require a tracheostomy. The basics for successful assessment and placement of a no-leak speaking Valve in-line during mechanical ventilation will be demonstrated, and the impact on communication, swallowing, secretion management, and subglottic pressure will be discussed. These workshops feature hands-on training sessions, case studies, patient videos, and group discussion.<\/p>\n<p class=\"education_description\"><em>Se ofrecer\u00e1 Educacion Continua para Terapeutas\nRespiratorios, Pat\u00f3logos del Habla y Lenguaje y\nEnfermeras en los Estados Unidos. Todos los dem\u00e1s\nrecibir\u00e1n un certificado de asistencia.<\/em><\/p>\n<blockquote><p><em>\"Indiscutiblemente el mejor curso de Educaci\u00f3n Continua\nal que he asistido en mucho tiempo\".<\/em><\/p><\/blockquote>\n<blockquote><p><em>\"He trabajado con la poblaci\u00f3n de traqueostom\u00eda y\nventiladores mec\u00e1nicos por muchos a\u00f1os, pero cada vez\nque tomo sus cursos, siempre tomo no uno, sino varios,\ndatos de informaci\u00f3n para llevar a mi personal e\nimplementar lo antes posible\"<\/em><\/p><\/blockquote>\n<blockquote><p><em>\"Podr\u00e9 usar la informaci\u00f3n que aprend\u00ed hoy durante una\nsesi\u00f3n de terapia con uno de mis pacientes de cuidados\nagudos ma\u00f1ana\".<\/em><\/p><\/blockquote>\n<div class=\"container\">\n<div class=\"store_button\"><a href=\"http:\/\/142.11.238.239\/es\/seminarresources\/\"><span class=\"order-now-header-aqua\">Recursos para seminarios<\/span><\/a><\/div>\n<p><a href=\"http:\/\/142.11.238.239\/es\/2023-workshops-seminars\/\"><\/p>\n<h3>NEW 2023 workshops and seminars are available! (click here to view courses)<\/h3>\n<p><\/a><\/p>\n<h3><strong>Coming Soon!<\/strong><\/h3>\n<ul>\n<li> In-person seminars TBA<\/li>\n<\/ul>\n<p><!--\n\n\n<div class=\"col-sm-6\">\n\t\t<a href=\"\/seminar-raleigh\">\n\n\n<h2 class=\"sem_title\"><span>Strategies for Assessment & Treatment Following Tracheostomy: An Interactive Seminar<\/span><\/h2>\n\n\n\n\n<div class=\"image_relative\">\n\n\n<div class=\"seminar_cities\">Raleigh, NC<\/div>\n\n\n\n\n<div class=\"drawing_text\" style=\"position: absolute; color: white; top: 10%; text-align: center; width: 100%; margin-top: 85px; padding-left:15px; padding-right:15px; line-height:16px;\"><\/div>\n\n\n<img decoding=\"async\" src=\"\/wp-content\/uploads\/2020\/01\/Raleigh_skyline-resized.jpg\">\n\n\n<div class=\"learn_button\">Learn More<\/div>\n\n\n<\/div>\n\n\n<\/a><a href=\"\/seminar-baltimore\"><\/a>\n\n\n<h4>North Carolina Heart & Vascular Hospital\nOctober 16, 2021 - Raleigh, NC<\/h4>\n\n\n<\/div>\n\n\n\n\n<div style=\"clear:both;\"><\/div>\n\n\n<\/div>\n\n\n\n\n<div class=\"col-sm-6\">\n\t\t<a href=\"\/seminar-nyu\">\n\n\n<h2 class=\"sem_title\"><span>From Infants to Adults: Use of a No-Leak Speaking Valve to Improve Communication & Swallowing for Tracheostomy and Ventilator Patients<\/span><\/h2>\n\n\n\n\n<div class=\"image_relative\">\n\n\n<h3 class=\"seminar_cities\">New York, NY<\/h3>\n\n\n<img decoding=\"async\" src=\"\/wp-content\/uploads\/2019\/11\/NY-seminar.jpg\">\n\n\n<div class=\"learn_button\">Learn More<\/div>\n\n\n<\/div>\n\n\n<\/a><a href=\"\/seminar-nyu\">\t\t<\/a>\n\n\n<h4>NYU Langone Health, Tisch Hospital\nSaturday, January 25 & Sunday, January 26, 2020\nNew York, NY<\/h4>\n\n\n<\/div>\n\n\n\n\n<div class=\"col-sm-6\">\n\t\t<a href=\"\/seminar-fortwayne\">\n\n\n<h2 class=\"sem_title\"><span>Strategies for Assessment & Treatment Following Tracheostomy: An Interactive Seminar<\/span><\/h2>\n\n\n\n\n<div class=\"image_relative\">\n\n\n<h3 class=\"seminar_cities\">Fort Wayne, IN<\/h3>\n\n\n<img decoding=\"async\" src=\"\/wp-content\/uploads\/2019\/12\/Fort-Wayne1.jpg\">\n\n\n<div class=\"learn_button\">Learn More<\/div>\n\n\n<\/div>\n\n\n<\/a><a href=\"\/seminar-fortwayne\">\t\t<\/a>\n\n\n<h4>Lutheran Hospital\nSaturday, February 22, 2020\nFort Wayne, IN<\/h4>\n\n\n<\/div>\n\n\n\n\n<div class=\"col-sm-6\">\n\t\t<a href=\"\/seminar-fremont\">\n\n\n<h2 class=\"sem_title\"><span>From Infants to Adults: Improving Communication & Swallowing for Patients with Tracheostomies<\/span><\/h2>\n\n\n\n\n<div class=\"image_relative\">\n\n\n<h3 class=\"seminar_cities\">Fremont,CA<\/h3>\n\n\n\n\n<div class=\"drawing_text\" style=\"position: absolute; color: white; top: 10%; text-align: center; width: 100%; margin-top: 85px; padding-left:15px; padding-right:15px; line-height:16px;\">\n<span style=\"font-size:3em; font-weight:bold; line-height:20px;\">CANCELLED<\/span><\/div>\n\n\n<img decoding=\"async\" src=\"\/wp-content\/uploads\/2019\/11\/Freemont-Seminar.jpg\">\n\n\n<div class=\"learn_button\">Learn More<\/div>\n\n\n<\/div>\n\n\n<\/a><a href=\"\/seminar-fremont\">\t\t<\/a>\n\n\n<h4>Washington Hospital Healthcare\n<font color=\"red\">This seminar has been cancelled<\/font> - Fremont, CA<\/h4>\n\n\n<\/div>\n\n\n\n\n<div class=\"col-sm-6\">\n\t\t<a href=\"\/seminar-amarillo\">\n\n\n<h2 class=\"sem_title\"><span>From Infants to Adults: Improving Communication & Swallowing for Patients with Tracheostomies<\/span><\/h2>\n\n\n\n\n<div class=\"image_relative\">\n\n\n<h3 class=\"seminar_cities\">Amarillo,TX<\/h3>\n\n\n\n\n<div class=\"drawing_text\" style=\"position: absolute; color: white; top: 10%; text-align: center; width: 100%; margin-top: 85px; padding-left:15px; padding-right:15px; line-height:16px;\">\n<span style=\"font-size:3em; font-weight:bold; line-height:20px;\">CANCELLED<\/span><\/div>\n\n\n<img decoding=\"async\" src=\"\/wp-content\/uploads\/2019\/11\/Amarillo-Seminar.jpg\">\n\n\n<div class=\"learn_button\">Learn More<\/div>\n\n\n<\/div>\n\n\n<\/a><a href=\"\/seminar-amarillo\">\t\t<\/a>\n\n\n<h4>Northwest Texas Health System\n<font color=\"red\">This seminar has been cancelled<\/font> - Amarillo, TX<\/h4>\n\n\n<\/div>\n\n\n\n\n<div style=\"clear:both;\"><\/div>\n\n\n\n\n<div class=\"col-sm-6\">\n\t\t<a href=\"\/seminar-nashville\">\n\n\n<h2 class=\"sem_title\"><span>From Infants to Adults: Improving Communication & Swallowing for Patients with Tracheostomies<\/span><\/h2>\n\n\n\n\n<div class=\"image_relative\">\n\n\n<h3 class=\"seminar_cities\">Nashville,TN<\/h3>\n\n\n\n\n<div class=\"drawing_text\" style=\"position: absolute; color: white; top: 10%; text-align: center; width: 100%; margin-top: 85px; padding-left:15px; padding-right:15px; line-height:16px;\">\n<span style=\"font-size:3em; font-weight:bold; line-height:20px;\">CANCELLED<\/span><\/div>\n\n\n<img decoding=\"async\" src=\"\/wp-content\/uploads\/2019\/12\/Nashville_night.jpg\">\n\n\n<div class=\"learn_button\">Learn More<\/div>\n\n\n<\/div>\n\n\n<\/a><a href=\"\/seminar-nashville\">\t\t<\/a>\n\n\n<h4>Vanderbilt University Hospital\n<font color=\"red\">This seminar has been cancelled<\/font> - Nashville, TN<\/h4>\n\n\n<\/div>\n\n\n\n\n<div class=\"col-sm-6\">\n\t\t<a href=\"\/seminar-hollywoodfl\">\n\n\n<h2 class=\"sem_title\"><span>From Infants to Adults: Improving Communication & Swallowing for Patients with Tracheostomies<\/span><\/h2>\n\n\n\n\n<div class=\"image_relative\">\n\n\n<div class=\"seminar_cities\">Hollywood, FL<\/div>\n\n\n\n\n<div class=\"drawing_text\" style=\"position: absolute; color: white; top: 10%; text-align: center; width: 100%; margin-top: 85px; padding-left:15px; padding-right:15px; line-height:16px;\">\n<span style=\"font-size:3em; font-weight:bold; line-height:20px;\">CANCELLED<\/span><\/div>\n\n\n<img decoding=\"async\" src=\"\/wp-content\/uploads\/2020\/02\/HollywoodFL-seminar.jpg\">\n\n\n<div class=\"learn_button\">Learn More<\/div>\n\n\n<\/div>\n\n\n<\/a><a href=\"\/seminar-hollywoodfl\">\t\t<\/a>\n\n\n<h4>Memorial Regional Hospital\n<font color=\"red\">This seminar has been cancelled<\/font> - Hollywood, FL<\/h4>\n\n\n<\/div>\n\n\n\n\n<div style=\"clear:both;\"><\/div>\n\n\n\n\n<div class=\"col-sm-6\">\n\t\t<a href=\"\/seminar-lincoln\">\n\n\n<h2 class=\"sem_title\"><span>From Infants to Adults: Improving Communication & Swallowing for Patients with Tracheostomies<\/span><\/h2>\n\n\n\n\n<div class=\"image_relative\">\n\n\n<div class=\"seminar_cities\">Lincoln, NE<\/div>\n\n\n\n\n<div class=\"drawing_text\" style=\"position: absolute; color: white; top: 10%; text-align: center; width: 100%; margin-top: 85px; padding-left:15px; padding-right:15px; line-height:16px;\">\n<span style=\"font-size:3em; font-weight:bold; line-height:20px;\">CANCELLED<\/span><\/div>\n\n\n<img decoding=\"async\" src=\"\/wp-content\/uploads\/2019\/11\/Lincoln-Seminar.jpg\">\n\n\n<div class=\"learn_button\">Learn More<\/div>\n\n\n<\/div>\n\n\n<\/a><a href=\"\/seminar-lincoln\">\t\t<\/a>\n\n\n<h4>Madonna Rehabilitation Hospital\n<font color=\"red\">This seminar has been cancelled<\/font> - Lincoln, NE<\/h4>\n\n\n<\/div>\n\n\n\n\n<div class=\"col-sm-6\">\n\t\t<a href=\"\/seminar-tampa\">\n\n\n<h2 class=\"sem_title\"><span>From Infants to Adults: Improving Communication & Swallowing for Patients with Tracheostomies<\/span><\/h2>\n\n\n\n\n<div class=\"image_relative\">\n\n\n<div class=\"seminar_cities\">Tampa, FL<\/div>\n\n\n\n\n<div class=\"drawing_text\" style=\"position: absolute; color: white; top: 10%; text-align: center; width: 100%; margin-top: 85px; padding-left:15px; padding-right:15px; line-height:16px;\">\n<span style=\"font-size:3em; font-weight:bold; line-height:20px;\">CANCELLED<\/span><\/div>\n\n\n<img decoding=\"async\" src=\"\/wp-content\/uploads\/2020\/03\/TampaFlorida.jpg\">\n\n\n<div class=\"learn_button\">Learn More<\/div>\n\n\n<\/div>\n\n\n<\/a><a href=\"\/seminar-baltimore\"><\/a>\n\n\n<h4>Tampa General Hospital Rehabilitation Center\n<font color=\"red\">This seminar has been cancelled<\/font> - Tampa, FL<\/h4>\n\n\n<\/div>\n\n\n\n\n<div style=\"clear:both;\"><\/div>\n\n\n\n\n<div class=\"col-sm-6\">\n\t\t<a href=\"\/seminar-baltimore\">\n\n\n<h2 class=\"sem_title\"><span>From Infants to Adults: Improving Communication & Swallowing for Patients with Tracheostomies<\/span><\/h2>\n\n\n\n\n<div class=\"image_relative\">\n\n\n<div class=\"seminar_cities\">Baltimore, MD<\/div>\n\n\n\n\n<div class=\"drawing_text\" style=\"position: absolute; color: white; top: 10%; text-align: center; width: 100%; margin-top: 85px; padding-left:15px; padding-right:15px; line-height:16px;\">\n<span style=\"font-size:3em; font-weight:bold; line-height:20px;\">CANCELLED<\/span><\/div>\n\n\n<img decoding=\"async\" src=\"\/wp-content\/uploads\/2019\/11\/Baltimore-Seminar.jpg\">\n\n\n<div class=\"learn_button\">Learn More<\/div>\n\n\n<\/div>\n\n\n<\/a><a href=\"\/seminar-baltimore\"><\/a>\n\n\n<h4>Medstar Harbor Hospital\n<font color=\"red\">This seminar has been cancelled<\/font> - Baltimore, MD<\/h4>\n\n\n<\/div>\n\n\n--><\/p>\n<p><!--End col-md-6 box--><\/p>\n<p><!-- End Container --><br \/>\n<!--\n\n\n<h2>More seminar dates and locations to come. Please check back soon!<\/h2>\n\n\n--><\/p>\n<div style=\"clear: both;\"><\/div>\n<\/div>","protected":false},"excerpt":{"rendered":"Nuestros seminarios est\u00e1n dise\u00f1ados para proporcionar\ninformaci\u00f3n cl\u00ednica sobre los aspectos b\u00e1sicos de una\ntraqueostom\u00eda, incluido el impacto fisiol\u00f3gico de la\ntraqueostom\u00eda en las funciones respiratorias, del habla y\nde degluci\u00f3n de un paciente. Los m\u00e9dicos aprender\u00e1n\nestrategias paso a paso para evaluar el uso de una\nv\u00e1lvula de habla \u201ca prueba de fugas\u201d para restablecer la\ncomunicaci\u00f3n, mejorar la degluci\u00f3n, mejorar el manejo de\nlas secreciones y restaurar la presi\u00f3n subgl\u00f3tica en\npacientes que requieren una traqueostom\u00eda.","protected":false},"author":6,"featured_media":5110,"parent":0,"menu_order":0,"comment_status":"closed","ping_status":"closed","template":"","meta":[],"yst_prominent_words":[210,217,1767,1134,211,517,201,192,1300,2658,203,2657,516,202,3312,384,50,81],"_links":{"self":[{"href":"http:\/\/142.11.238.239\/es\/wp-json\/wp\/v2\/pages\/767"}],"collection":[{"href":"http:\/\/142.11.238.239\/es\/wp-json\/wp\/v2\/pages"}],"about":[{"href":"http:\/\/142.11.238.239\/es\/wp-json\/wp\/v2\/types\/page"}],"author":[{"embeddable":true,"href":"http:\/\/142.11.238.239\/es\/wp-json\/wp\/v2\/users\/6"}],"replies":[{"embeddable":true,"href":"http:\/\/142.11.238.239\/es\/wp-json\/wp\/v2\/comments?post=767"}],"version-history":[{"count":157,"href":"http:\/\/142.11.238.239\/es\/wp-json\/wp\/v2\/pages\/767\/revisions"}],"predecessor-version":[{"id":18943,"href":"http:\/\/142.11.238.239\/es\/wp-json\/wp\/v2\/pages\/767\/revisions\/18943"}],"wp:featuredmedia":[{"embeddable":true,"href":"http:\/\/142.11.238.239\/es\/wp-json\/wp\/v2\/media\/5110"}],"wp:attachment":[{"href":"http:\/\/142.11.238.239\/es\/wp-json\/wp\/v2\/media?parent=767"}],"wp:term":[{"taxonomy":"yst_prominent_words","embeddable":true,"href":"http:\/\/142.11.238.239\/es\/wp-json\/wp\/v2\/yst_prominent_words?post=767"}],"curies":[{"name":"wp","href":"https:\/\/api.w.org\/{rel}","templated":true}]}}