{"id":7749,"date":"2018-12-13T12:30:30","date_gmt":"2018-12-13T20:30:30","guid":{"rendered":"http:\/\/pmtest.passy-muir.com\/?page_id=7749"},"modified":"2023-07-17T11:25:09","modified_gmt":"2023-07-17T18:25:09","slug":"inservice-form","status":"publish","type":"page","link":"http:\/\/142.11.238.239\/es\/inservice-form\/","title":{"rendered":"In-Service Request Form"},"content":{"rendered":"<div class=\"l2-header-con no-banner\">\n<div class=\"l2-header-icon\">\n\t\t<img decoding=\"async\"  src=\"\/wp-content\/uploads\/2017\/05\/Inservice_rev.png\" alt=\"inservices\" \/>\n\t<\/div>\n<div class=\"l2-header-text\">\n\t\t\t\t Formaci\u00f3n\n                         <\/div>\n<\/p><\/div>\n<div style=\"clear:both;\"><\/div>\n<div class=\"wpforms-container wpforms-container-full\" id=\"wpforms-7722\"><form id=\"wpforms-form-7722\" class=\"wpforms-validate wpforms-form\" data-formid=\"7722\" method=\"post\" enctype=\"multipart\/form-data\" action=\"\/es\/wp-json\/wp\/v2\/pages\/7749\" data-token=\"3520c9a26611ee387b41da5e37b13740\" data-trp-original-action=\"\/es\/wp-json\/wp\/v2\/pages\/7749\"><noscript class=\"wpforms-error-noscript\">Por favor, activa JavaScript en tu navegador para completar este formulario.<\/noscript><div class=\"wpforms-field-container\"><div id=\"wpforms-7722-field_0-container\" class=\"wpforms-field wpforms-field-name\" data-field-id=\"0\"><label class=\"wpforms-field-label\" for=\"wpforms-7722-field_0\">Nombre <span class=\"wpforms-required-label\">*<\/span><\/label><div class=\"wpforms-field-row wpforms-field-medium\"><div class=\"wpforms-field-row-block wpforms-first wpforms-one-half\"><input type=\"text\" id=\"wpforms-7722-field_0\" class=\"wpforms-field-name-first wpforms-field-required\" name=\"wpforms[fields][0][first]\" required><label for=\"wpforms-7722-field_0\" class=\"wpforms-field-sublabel after\">Nombre<\/label><\/div><div class=\"wpforms-field-row-block wpforms-one-half\"><input type=\"text\" id=\"wpforms-7722-field_0-last\" class=\"wpforms-field-name-last wpforms-field-required\" name=\"wpforms[fields][0][last]\" required><label for=\"wpforms-7722-field_0-last\" class=\"wpforms-field-sublabel after\">Apellidos<\/label><\/div><\/div><\/div><div id=\"wpforms-7722-field_4-container\" class=\"wpforms-field wpforms-field-number\" data-field-id=\"4\"><label class=\"wpforms-field-label\" for=\"wpforms-7722-field_4\">Tel\u00e9fono<\/label><input type=\"number\" pattern=\"\\d*\" id=\"wpforms-7722-field_4\" class=\"wpforms-field-medium\" name=\"wpforms[fields][4]\" ><\/div><div id=\"wpforms-7722-field_1-container\" class=\"wpforms-field wpforms-field-email\" data-field-id=\"1\"><label class=\"wpforms-field-label\" for=\"wpforms-7722-field_1\">Correo electr\u00f3nico <span class=\"wpforms-required-label\">*<\/span><\/label><input type=\"email\" id=\"wpforms-7722-field_1\" class=\"wpforms-field-medium wpforms-field-required\" name=\"wpforms[fields][1]\" spellcheck=\"false\" required><\/div><div id=\"wpforms-7722-field_18-container\" class=\"wpforms-field wpforms-field-text\" data-field-id=\"18\"><label class=\"wpforms-field-label\" for=\"wpforms-7722-field_18\">Instalaci\u00f3n<\/label><input type=\"text\" id=\"wpforms-7722-field_18\" class=\"wpforms-field-medium\" name=\"wpforms[fields][18]\" ><\/div><div id=\"wpforms-7722-field_20-container\" class=\"wpforms-field wpforms-field-address\" data-field-id=\"20\"><label class=\"wpforms-field-label\" for=\"wpforms-7722-field_20\">Direcci\u00f3n<\/label><div class=\"wpforms-field-row wpforms-field-medium\"><div ><input type=\"text\" id=\"wpforms-7722-field_20\" class=\"wpforms-field-address-address1\" name=\"wpforms[fields][20][address1]\" ><label for=\"wpforms-7722-field_20\" class=\"wpforms-field-sublabel after\">Direcci\u00f3n (l\u00ednea 1)<\/label><\/div><\/div><div class=\"wpforms-field-row wpforms-field-medium\"><div ><input type=\"text\" id=\"wpforms-7722-field_20-address2\" class=\"wpforms-field-address-address2\" name=\"wpforms[fields][20][address2]\" ><label for=\"wpforms-7722-field_20-address2\" class=\"wpforms-field-sublabel after\">Direcci\u00f3n 2<\/label><\/div><\/div><div class=\"wpforms-field-row wpforms-field-medium\"><div class=\"wpforms-field-row-block wpforms-one-half wpforms-first\"><input type=\"text\" id=\"wpforms-7722-field_20-city\" class=\"wpforms-field-address-city\" name=\"wpforms[fields][20][city]\" ><label for=\"wpforms-7722-field_20-city\" class=\"wpforms-field-sublabel after\">Ciudad<\/label><\/div><div class=\"wpforms-field-row-block wpforms-one-half\"><select id=\"wpforms-7722-field_20-state\" class=\"wpforms-field-address-state\" name=\"wpforms[fields][20][state]\" ><option value=\"AL\" >Alabama<\/option><option value=\"AK\" >Alaska<\/option><option value=\"AZ\" >Arizona<\/option><option value=\"AR\" >Arkansas<\/option><option value=\"CA\" >California<\/option><option value=\"CO\" >Colorado<\/option><option value=\"CT\" >Connecticut<\/option><option value=\"DE\" >Delaware<\/option><option value=\"DC\" >Distrito de Columbia<\/option><option value=\"FL\" >Florida<\/option><option value=\"GA\" >Georgia<\/option><option value=\"HI\" >Hawai<\/option><option value=\"ID\" >Idaho<\/option><option value=\"IL\" >Illinois<\/option><option value=\"IN\" >Indiana<\/option><option value=\"IA\" >Iowa<\/option><option value=\"KS\" >Kansas<\/option><option value=\"KY\" >Kentucky<\/option><option value=\"LA\" >Luisiana<\/option><option value=\"ME\" >Maine<\/option><option value=\"MD\" >Maryland<\/option><option value=\"MA\" >Massachusetts<\/option><option value=\"MI\" >M\u00edchigan<\/option><option value=\"MN\" >Minnesota<\/option><option value=\"MS\" >Misisip\u00ed<\/option><option value=\"MO\" >Misuri<\/option><option value=\"MT\" >Montana<\/option><option value=\"NE\" >Nebraska<\/option><option value=\"NV\" >Nevada<\/option><option value=\"NH\" >Nuevo Hampshire<\/option><option value=\"NJ\" >Nueva Jersey<\/option><option value=\"NM\" >Nuevo M\u00e9xico<\/option><option value=\"NY\" >Nueva York<\/option><option value=\"NC\" >Carolina del norte<\/option><option value=\"ND\" >Dakota del norte<\/option><option value=\"OH\" >Ohio<\/option><option value=\"OK\" >Oklahoma<\/option><option value=\"OR\" >Oreg\u00f3n<\/option><option value=\"PA\" >Pensilvania<\/option><option value=\"RI\" >Rhode Island<\/option><option value=\"SC\" >Carolina del Sur<\/option><option value=\"SD\" >Dakota del Sur<\/option><option value=\"TN\" >Tennessee<\/option><option value=\"TX\" >Texas<\/option><option value=\"UT\" >Utah<\/option><option value=\"VT\" >Vermont<\/option><option value=\"VA\" >Virginia<\/option><option value=\"WA\" >Washington<\/option><option value=\"WV\" >Virginia Occidental<\/option><option value=\"WI\" >Wisconsin<\/option><option value=\"WY\" >Wyoming<\/option><\/select><label for=\"wpforms-7722-field_20-state\" class=\"wpforms-field-sublabel after\">Estado<\/label><\/div><\/div><div class=\"wpforms-field-row wpforms-field-medium\"><div class=\"wpforms-field-row-block wpforms-one-half wpforms-first\"><input type=\"text\" id=\"wpforms-7722-field_20-postal\" class=\"wpforms-field-address-postal wpforms-masked-input\" data-inputmask-mask=\"(99999)|(99999-9999)\" data-inputmask-keepstatic=\"true\" data-rule-inputmask-incomplete=\"1\" name=\"wpforms[fields][20][postal]\" ><label for=\"wpforms-7722-field_20-postal\" class=\"wpforms-field-sublabel after\">C\u00f3digo Postal<\/label><\/div><\/div><\/div><div id=\"wpforms-7722-field_3-container\" class=\"wpforms-field wpforms-field-checkbox\" data-field-id=\"3\"><label class=\"wpforms-field-label\" for=\"wpforms-7722-field_3\">Disciplina<\/label><ul id=\"wpforms-7722-field_3\"><li class=\"choice-1 depth-1\"><input type=\"checkbox\" id=\"wpforms-7722-field_3_1\" name=\"wpforms[fields][3][]\" value=\"MD\"  ><label class=\"wpforms-field-label-inline\" for=\"wpforms-7722-field_3_1\">MD<\/label><\/li><li class=\"choice-2 depth-1\"><input type=\"checkbox\" id=\"wpforms-7722-field_3_2\" name=\"wpforms[fields][3][]\" value=\"OT\"  ><label class=\"wpforms-field-label-inline\" for=\"wpforms-7722-field_3_2\">OT<\/label><\/li><li class=\"choice-3 depth-1\"><input type=\"checkbox\" id=\"wpforms-7722-field_3_3\" name=\"wpforms[fields][3][]\" value=\"PT\"  ><label class=\"wpforms-field-label-inline\" for=\"wpforms-7722-field_3_3\">PT<\/label><\/li><li class=\"choice-4 depth-1\"><input type=\"checkbox\" id=\"wpforms-7722-field_3_4\" name=\"wpforms[fields][3][]\" value=\"RN\"  ><label class=\"wpforms-field-label-inline\" for=\"wpforms-7722-field_3_4\">RN<\/label><\/li><li class=\"choice-5 depth-1\"><input type=\"checkbox\" id=\"wpforms-7722-field_3_5\" name=\"wpforms[fields][3][]\" value=\"RT\"  ><label class=\"wpforms-field-label-inline\" for=\"wpforms-7722-field_3_5\">RT<\/label><\/li><li class=\"choice-6 depth-1\"><input type=\"checkbox\" id=\"wpforms-7722-field_3_6\" name=\"wpforms[fields][3][]\" value=\"SLP\"  ><label class=\"wpforms-field-label-inline\" for=\"wpforms-7722-field_3_6\">SLP<\/label><\/li><li class=\"choice-7 depth-1\"><input type=\"checkbox\" id=\"wpforms-7722-field_3_7\" name=\"wpforms[fields][3][]\" value=\"NA\"  ><label class=\"wpforms-field-label-inline\" for=\"wpforms-7722-field_3_7\">NA<\/label><\/li><\/ul><\/div><div id=\"wpforms-7722-field_5-container\" class=\"wpforms-field wpforms-field-checkbox\" data-field-id=\"5\"><label class=\"wpforms-field-label\" for=\"wpforms-7722-field_5\">\u00bfQu\u00e9 tipo de v\u00e1lvulas de habla usa?<\/label><ul id=\"wpforms-7722-field_5\"><li class=\"choice-1 depth-1\"><input type=\"checkbox\" id=\"wpforms-7722-field_5_1\" name=\"wpforms[fields][5][]\" value=\"PMV\u00ae 007 (Aqua Color\u2122)\"  ><label class=\"wpforms-field-label-inline\" for=\"wpforms-7722-field_5_1\">PMV\u00ae 007 (Aqua Color\u2122)<\/label><\/li><li class=\"choice-2 depth-1\"><input type=\"checkbox\" id=\"wpforms-7722-field_5_2\" name=\"wpforms[fields][5][]\" value=\"PMV\u00ae 2001 (Purple Color\u2122)\"  ><label class=\"wpforms-field-label-inline\" for=\"wpforms-7722-field_5_2\">PMV\u00ae 2001 (Purple Color\u2122)<\/label><\/li><li class=\"choice-3 depth-1\"><input type=\"checkbox\" id=\"wpforms-7722-field_5_3\" name=\"wpforms[fields][5][]\" value=\"PMV\u00ae 2000 (clear)\"  ><label class=\"wpforms-field-label-inline\" for=\"wpforms-7722-field_5_3\">PMV\u00ae 2000 (clear)<\/label><\/li><li class=\"choice-4 depth-1\"><input type=\"checkbox\" id=\"wpforms-7722-field_5_4\" name=\"wpforms[fields][5][]\" value=\"PMV\u00ae 005 (white)\"  ><label class=\"wpforms-field-label-inline\" for=\"wpforms-7722-field_5_4\">PMV\u00ae 005 (white)<\/label><\/li><li class=\"choice-5 depth-1\"><input type=\"checkbox\" id=\"wpforms-7722-field_5_5\" name=\"wpforms[fields][5][]\" value=\"Other\"  ><label class=\"wpforms-field-label-inline\" for=\"wpforms-7722-field_5_5\">Otro<\/label><\/li><\/ul><\/div><div id=\"wpforms-7722-field_6-container\" class=\"wpforms-field wpforms-field-text\" data-field-id=\"6\"><label class=\"wpforms-field-label\" for=\"wpforms-7722-field_6\">Si su instalaci\u00f3n utiliza una v\u00e1lvula de habla diferente,\nespecifique:<\/label><input type=\"text\" id=\"wpforms-7722-field_6\" class=\"wpforms-field-medium\" name=\"wpforms[fields][6]\" ><\/div><div id=\"wpforms-7722-field_7-container\" class=\"wpforms-field wpforms-field-checkbox\" data-field-id=\"7\"><label class=\"wpforms-field-label\" for=\"wpforms-7722-field_7\">\u00bfMotivo de solicitud de capacitaci\u00f3n?<\/label><ul id=\"wpforms-7722-field_7\"><li class=\"choice-1 depth-1\"><input type=\"checkbox\" id=\"wpforms-7722-field_7_1\" name=\"wpforms[fields][7][]\" value=\"To increase ventilator application\"  ><label class=\"wpforms-field-label-inline\" for=\"wpforms-7722-field_7_1\">Para aumentar la aplicaci\u00f3n del ventilador<\/label><\/li><li class=\"choice-2 depth-1\"><input type=\"checkbox\" id=\"wpforms-7722-field_7_2\" name=\"wpforms[fields][7][]\" value=\"To improve safety\"  ><label class=\"wpforms-field-label-inline\" for=\"wpforms-7722-field_7_2\">Para mejorar la seguridad<\/label><\/li><li class=\"choice-3 depth-1\"><input type=\"checkbox\" id=\"wpforms-7722-field_7_3\" name=\"wpforms[fields][7][]\" value=\"To develop a tracheostomy team\"  ><label class=\"wpforms-field-label-inline\" for=\"wpforms-7722-field_7_3\">Para desarrollar un equipo de traqueostom\u00eda<\/label><\/li><li class=\"choice-4 depth-1\"><input type=\"checkbox\" id=\"wpforms-7722-field_7_4\" name=\"wpforms[fields][7][]\" value=\"To get help with protocol development\"  ><label class=\"wpforms-field-label-inline\" for=\"wpforms-7722-field_7_4\">Para obtener ayuda con el desarrollo del protocolo<\/label><\/li><li class=\"choice-5 depth-1\"><input type=\"checkbox\" id=\"wpforms-7722-field_7_5\" name=\"wpforms[fields][7][]\" value=\"Other\"  ><label class=\"wpforms-field-label-inline\" for=\"wpforms-7722-field_7_5\">Otro<\/label><\/li><\/ul><\/div><div id=\"wpforms-7722-field_8-container\" class=\"wpforms-field wpforms-field-text\" data-field-id=\"8\"><label class=\"wpforms-field-label\" for=\"wpforms-7722-field_8\">En otro caso, por favor especifique:<\/label><input type=\"text\" id=\"wpforms-7722-field_8\" class=\"wpforms-field-medium\" name=\"wpforms[fields][8]\" ><\/div><div id=\"wpforms-7722-field_22-container\" class=\"wpforms-field wpforms-field-text\" data-field-id=\"22\"><label class=\"wpforms-field-label\" for=\"wpforms-7722-field_22\">Preferred day(s) and times of day. Please provide several options.<\/label><input type=\"text\" id=\"wpforms-7722-field_22\" class=\"wpforms-field-medium\" name=\"wpforms[fields][22]\" ><\/div><div id=\"wpforms-7722-field_11-container\" class=\"wpforms-field wpforms-field-text\" data-field-id=\"11\"><label class=\"wpforms-field-label\" for=\"wpforms-7722-field_11\">\u00bfCu\u00e1ntos pacientes de traqueostom\u00eda tienen en promedio\nsus instalaciones diariamente?<\/label><input type=\"text\" id=\"wpforms-7722-field_11\" class=\"wpforms-field-medium\" name=\"wpforms[fields][11]\" ><\/div><div id=\"wpforms-7722-field_12-container\" class=\"wpforms-field wpforms-field-text\" data-field-id=\"12\"><label class=\"wpforms-field-label\" for=\"wpforms-7722-field_12\">\u00bfCu\u00e1ntos pacientes de traqueostom\u00eda con ventilaci\u00f3n\nmec\u00e1nica tienen en promedio sus instalaciones\ndiariamente?<\/label><input type=\"text\" id=\"wpforms-7722-field_12\" class=\"wpforms-field-medium\" name=\"wpforms[fields][12]\" ><\/div><div id=\"wpforms-7722-field_13-container\" class=\"wpforms-field wpforms-field-radio\" data-field-id=\"13\"><label class=\"wpforms-field-label\" for=\"wpforms-7722-field_13\">\u00bfSi tiene pacientes con ventilador, \u00bfutiliza la v\u00e1lvula\nmientras su paciente est\u00e1 en ventilaci\u00f3n mec\u00e1nica?<\/label><ul id=\"wpforms-7722-field_13\"><li class=\"choice-1 depth-1\"><input type=\"radio\" id=\"wpforms-7722-field_13_1\" name=\"wpforms[fields][13]\" value=\"Never\"  ><label class=\"wpforms-field-label-inline\" for=\"wpforms-7722-field_13_1\">Nunca<\/label><\/li><li class=\"choice-2 depth-1\"><input type=\"radio\" id=\"wpforms-7722-field_13_2\" name=\"wpforms[fields][13]\" value=\"Occasionally\"  ><label class=\"wpforms-field-label-inline\" for=\"wpforms-7722-field_13_2\">De vez en cuando<\/label><\/li><li class=\"choice-3 depth-1\"><input type=\"radio\" id=\"wpforms-7722-field_13_3\" name=\"wpforms[fields][13]\" value=\"Frequently\"  ><label class=\"wpforms-field-label-inline\" for=\"wpforms-7722-field_13_3\">A menudo<\/label><\/li><li class=\"choice-4 depth-1\"><input type=\"radio\" id=\"wpforms-7722-field_13_4\" name=\"wpforms[fields][13]\" value=\"N\/A\"  ><label class=\"wpforms-field-label-inline\" for=\"wpforms-7722-field_13_4\">N\/A<\/label><\/li><\/ul><\/div><div id=\"wpforms-7722-field_17-container\" class=\"wpforms-field wpforms-field-radio\" data-field-id=\"17\"><label class=\"wpforms-field-label\" for=\"wpforms-7722-field_17\">\u00bfC\u00f3mo categorizar\u00eda el trabajo en equipo de su\ninstalaci\u00f3n con respecto a la traqueostom\u00eda?<\/label><ul id=\"wpforms-7722-field_17\"><li class=\"choice-1 depth-1\"><input type=\"radio\" id=\"wpforms-7722-field_17_1\" name=\"wpforms[fields][17]\" value=\"No teamwork\"  ><label class=\"wpforms-field-label-inline\" for=\"wpforms-7722-field_17_1\">No hay trabajo en equipo<\/label><\/li><li class=\"choice-2 depth-1\"><input type=\"radio\" id=\"wpforms-7722-field_17_2\" name=\"wpforms[fields][17]\" value=\"Two clinicians work together to place valve\"  ><label class=\"wpforms-field-label-inline\" for=\"wpforms-7722-field_17_2\">Dos m\u00e9dicos trabajan juntos para colocar la v\u00e1lvula<\/label><\/li><li class=\"choice-3 depth-1\"><input type=\"radio\" id=\"wpforms-7722-field_17_3\" name=\"wpforms[fields][17]\" value=\"Multidisciplinary team with rounding\"  ><label class=\"wpforms-field-label-inline\" for=\"wpforms-7722-field_17_3\">Equipo multidisciplinario con redondeo<\/label><\/li><\/ul><\/div><div id=\"wpforms-7722-field_16-container\" class=\"wpforms-field wpforms-field-checkbox\" data-field-id=\"16\"><label class=\"wpforms-field-label\" for=\"wpforms-7722-field_16\">Disciplinas que estar\u00edan involucradas en una presentaci\u00f3n\nde Passy Muir<\/span>:<\/label><ul id=\"wpforms-7722-field_16\"><li class=\"choice-1 depth-1\"><input type=\"checkbox\" id=\"wpforms-7722-field_16_1\" name=\"wpforms[fields][16][]\" value=\"MD\"  ><label class=\"wpforms-field-label-inline\" for=\"wpforms-7722-field_16_1\">MD<\/label><\/li><li class=\"choice-2 depth-1\"><input type=\"checkbox\" id=\"wpforms-7722-field_16_2\" name=\"wpforms[fields][16][]\" value=\"OT\"  ><label class=\"wpforms-field-label-inline\" for=\"wpforms-7722-field_16_2\">OT<\/label><\/li><li class=\"choice-3 depth-1\"><input type=\"checkbox\" id=\"wpforms-7722-field_16_3\" name=\"wpforms[fields][16][]\" value=\"PT\"  ><label class=\"wpforms-field-label-inline\" for=\"wpforms-7722-field_16_3\">PT<\/label><\/li><li class=\"choice-4 depth-1\"><input type=\"checkbox\" id=\"wpforms-7722-field_16_4\" name=\"wpforms[fields][16][]\" value=\"RN\"  ><label class=\"wpforms-field-label-inline\" for=\"wpforms-7722-field_16_4\">RN<\/label><\/li><li class=\"choice-5 depth-1\"><input type=\"checkbox\" id=\"wpforms-7722-field_16_5\" name=\"wpforms[fields][16][]\" value=\"RT\"  ><label class=\"wpforms-field-label-inline\" for=\"wpforms-7722-field_16_5\">RT<\/label><\/li><li class=\"choice-6 depth-1\"><input type=\"checkbox\" id=\"wpforms-7722-field_16_6\" name=\"wpforms[fields][16][]\" value=\"SLP\"  ><label class=\"wpforms-field-label-inline\" for=\"wpforms-7722-field_16_6\">SLP<\/label><\/li><li class=\"choice-7 depth-1\"><input type=\"checkbox\" id=\"wpforms-7722-field_16_7\" name=\"wpforms[fields][16][]\" value=\"NA\"  ><label class=\"wpforms-field-label-inline\" for=\"wpforms-7722-field_16_7\">NA<\/label><\/li><\/ul><\/div><div id=\"wpforms-7722-field_15-container\" class=\"wpforms-field wpforms-field-text\" data-field-id=\"15\"><label class=\"wpforms-field-label\" for=\"wpforms-7722-field_15\">Asistencia esperada para la presentaci\u00f3n:<\/label><input type=\"text\" id=\"wpforms-7722-field_15\" class=\"wpforms-field-medium\" name=\"wpforms[fields][15]\" ><\/div><div id=\"wpforms-7722-field_14-container\" class=\"wpforms-field wpforms-field-radio\" data-field-id=\"14\"><label class=\"wpforms-field-label\" for=\"wpforms-7722-field_14\">\u00bfTiene una pol\u00edtica\/procedimiento para el uso de la\nv\u00e1lvula de habla?<\/label><ul id=\"wpforms-7722-field_14\"><li class=\"choice-1 depth-1\"><input type=\"radio\" id=\"wpforms-7722-field_14_1\" name=\"wpforms[fields][14]\" value=\"No, we have no policy and procedure\"  ><label class=\"wpforms-field-label-inline\" for=\"wpforms-7722-field_14_1\">No, no tenemos pol\u00edtica ni procedimiento.<\/label><\/li><li class=\"choice-2 depth-1\"><input type=\"radio\" id=\"wpforms-7722-field_14_2\" name=\"wpforms[fields][14]\" value=\"Yes, we have a policy and procedure for non-vented application\"  ><label class=\"wpforms-field-label-inline\" for=\"wpforms-7722-field_14_2\">S\u00ed, tenemos una pol\u00edtica y un procedimiento para la\naplicaci\u00f3n sin ventilaci\u00f3n mec\u00e1nica<\/label><\/li><li class=\"choice-3 depth-1\"><input type=\"radio\" id=\"wpforms-7722-field_14_3\" name=\"wpforms[fields][14]\" value=\"Yes, we have a policy and procedure that includes ventilator application\"  ><label class=\"wpforms-field-label-inline\" for=\"wpforms-7722-field_14_3\">S\u00ed, tenemos una pol\u00edtica y un procedimiento que incluye la\naplicaci\u00f3n del ventilador<\/label><\/li><\/ul><\/div><div id=\"wpforms-7722-field_2-container\" class=\"wpforms-field wpforms-field-textarea\" data-field-id=\"2\"><label class=\"wpforms-field-label\" for=\"wpforms-7722-field_2\">Proporcione una descripci\u00f3n detallada de sus\ninquietudes, preguntas, temas y problemas espec\u00edficos\nque deben ser abordados por nuestros especialistas\ncl\u00ednicos * <span class=\"wpforms-required-label\">*<\/span><\/label><textarea id=\"wpforms-7722-field_2\" class=\"wpforms-field-medium wpforms-field-required\" name=\"wpforms[fields][2]\" required><\/textarea><\/div><\/div><!-- .wpforms-field-container --><div class=\"wpforms-field wpforms-field-hp\"><label for=\"wpforms-7722-field-hp\" class=\"wpforms-field-label\">Nombre<\/label><input type=\"text\" name=\"wpforms[hp]\" id=\"wpforms-7722-field-hp\" class=\"wpforms-field-medium\"><\/div><div class=\"wpforms-submit-container\" ><input type=\"hidden\" name=\"wpforms[id]\" value=\"7722\"><input type=\"hidden\" name=\"wpforms[author]\" value=\"7\"><button type=\"submit\" name=\"wpforms[submit]\" id=\"wpforms-submit-7722\" class=\"wpforms-submit\" data-alt-text=\"Sending...\" data-submit-text=\"Submit\" aria-live=\"assertive\" value=\"wpforms-submit\">Enviar<\/button><\/div><input type=\"hidden\" name=\"trp-form-language\" value=\"es\"\/><\/form><\/div>  <!-- .wpforms-container -->","protected":false},"excerpt":{"rendered":"Formaci\u00f3n","protected":false},"author":7,"featured_media":1069,"parent":0,"menu_order":0,"comment_status":"closed","ping_status":"closed","template":"","meta":[],"yst_prominent_words":[836,832,789,1363,314,1361,1367,1368,209,1364,1365,1360,1366,516,202,50,1362,81,312,785],"_links":{"self":[{"href":"http:\/\/142.11.238.239\/es\/wp-json\/wp\/v2\/pages\/7749"}],"collection":[{"href":"http:\/\/142.11.238.239\/es\/wp-json\/wp\/v2\/pages"}],"about":[{"href":"http:\/\/142.11.238.239\/es\/wp-json\/wp\/v2\/types\/page"}],"author":[{"embeddable":true,"href":"http:\/\/142.11.238.239\/es\/wp-json\/wp\/v2\/users\/7"}],"replies":[{"embeddable":true,"href":"http:\/\/142.11.238.239\/es\/wp-json\/wp\/v2\/comments?post=7749"}],"version-history":[{"count":2,"href":"http:\/\/142.11.238.239\/es\/wp-json\/wp\/v2\/pages\/7749\/revisions"}],"predecessor-version":[{"id":19105,"href":"http:\/\/142.11.238.239\/es\/wp-json\/wp\/v2\/pages\/7749\/revisions\/19105"}],"wp:featuredmedia":[{"embeddable":true,"href":"http:\/\/142.11.238.239\/es\/wp-json\/wp\/v2\/media\/1069"}],"wp:attachment":[{"href":"http:\/\/142.11.238.239\/es\/wp-json\/wp\/v2\/media?parent=7749"}],"wp:term":[{"taxonomy":"yst_prominent_words","embeddable":true,"href":"http:\/\/142.11.238.239\/es\/wp-json\/wp\/v2\/yst_prominent_words?post=7749"}],"curies":[{"name":"wp","href":"https:\/\/api.w.org\/{rel}","templated":true}]}}